{"id":88,"date":"2018-04-11T08:32:01","date_gmt":"2018-04-11T08:32:01","guid":{"rendered":"https:\/\/iedib.wordpress.com\/?page_id=88"},"modified":"2025-12-19T14:51:04","modified_gmt":"2025-12-19T13:51:04","slug":"preparacio-selectivitatpbau","status":"publish","type":"page","link":"https:\/\/iedib.net\/wordpress\/?page_id=88","title":{"rendered":"Preparaci\u00f3 selectivitat (PAU)"},"content":{"rendered":"<p><a href=\"https:\/\/iedib.net\/wordpress\/?attachment_id=1687\" rel=\"attachment wp-att-1687\"><img data-recalc-dims=\"1\" loading=\"lazy\" decoding=\"async\" data-attachment-id=\"1687\" data-permalink=\"https:\/\/iedib.net\/wordpress\/?attachment_id=1687\" data-orig-file=\"https:\/\/i0.wp.com\/iedib.net\/wordpress\/wp-content\/uploads\/2019\/06\/batxillerat-4.png?fit=1200%2C300&amp;ssl=1\" data-orig-size=\"1200,300\" data-comments-opened=\"0\" data-image-meta=\"{&quot;aperture&quot;:&quot;0&quot;,&quot;credit&quot;:&quot;&quot;,&quot;camera&quot;:&quot;&quot;,&quot;caption&quot;:&quot;&quot;,&quot;created_timestamp&quot;:&quot;0&quot;,&quot;copyright&quot;:&quot;&quot;,&quot;focal_length&quot;:&quot;0&quot;,&quot;iso&quot;:&quot;0&quot;,&quot;shutter_speed&quot;:&quot;0&quot;,&quot;title&quot;:&quot;&quot;,&quot;orientation&quot;:&quot;0&quot;}\" data-image-title=\"batxillerat (4)\" data-image-description=\"\" data-image-caption=\"\" data-large-file=\"https:\/\/i0.wp.com\/iedib.net\/wordpress\/wp-content\/uploads\/2019\/06\/batxillerat-4.png?fit=800%2C200&amp;ssl=1\" class=\"aligncenter size-full wp-image-1687\" src=\"https:\/\/i0.wp.com\/iedib.net\/wordpress\/wp-content\/uploads\/2019\/06\/batxillerat-4.png?resize=800%2C200&#038;ssl=1\" alt=\"\" width=\"800\" height=\"200\" srcset=\"https:\/\/i0.wp.com\/iedib.net\/wordpress\/wp-content\/uploads\/2019\/06\/batxillerat-4.png?w=1200&amp;ssl=1 1200w, https:\/\/i0.wp.com\/iedib.net\/wordpress\/wp-content\/uploads\/2019\/06\/batxillerat-4.png?resize=300%2C75&amp;ssl=1 300w, https:\/\/i0.wp.com\/iedib.net\/wordpress\/wp-content\/uploads\/2019\/06\/batxillerat-4.png?resize=768%2C192&amp;ssl=1 768w, https:\/\/i0.wp.com\/iedib.net\/wordpress\/wp-content\/uploads\/2019\/06\/batxillerat-4.png?resize=1024%2C256&amp;ssl=1 1024w\" sizes=\"auto, (max-width: 800px) 100vw, 800px\" \/><\/a><\/p>\n<ul>\n<li style=\"text-align: justify;\">Aquest curs va dirigit a persones que tenen el t\u00edtol de batxillerat i de cicle formatiu de grau superior,\u00a0 que estan interessades a preparar-se per fer la prova\u00a0 d&#8217;acc\u00e9s, a la Universitat de les Illes Balears (UIB) o alumnes de batxillerat que no estan cursant la mat\u00e8ria i la volen preparar o repassar.<\/li>\n<li style=\"text-align: justify;\">Es poden cursar totes aquelles mat\u00e8ries de segon de batxillerat que ponderen per a la prova PAU.<\/li>\n<li style=\"text-align: justify;\">A trav\u00e9s del curs <strong>Preparaci\u00f3 per a la prova de batxillerat d&#8217;acc\u00e9s a la universitat (PAU)<\/strong> l&#8217;alumne podr\u00e0 obtenir un material te\u00f2ric digital de cada mat\u00e8ria, unes activitats online que seran relacionades amb la prova d&#8217;acc\u00e9s a la Universitat i que seran\u00a0 corregides i avaluades. A m\u00e9s, tindr\u00e0 un tutor i una aula de tutoria, on podr\u00e0 consultar totes les informacions relacionades amb la prova que seran publicades peri\u00f2dicament i fer consultes sobre el curs i sobre la prova d&#8217;acc\u00e9s.<\/li>\n<\/ul>\n<p style=\"padding-left: 90px;\" align=\"justify\"><a href=\"https:\/\/iedib.net\/wordpress\/?page_id=216\" target=\"_blank\" rel=\"noopener\">Mat\u00e8ries ofertades<\/a> (*totes les possibles a la PAU)<\/p>\n<p align=\"justify\">Per obtenir informaci\u00f3 de com matricular-te consulta el men\u00fa <a href=\"https:\/\/iedib.net\/wordpress\/?page_id=91\">matr\u00edcula\/preparaci\u00f3 PAU<\/a><\/p>\n","protected":false},"excerpt":{"rendered":"<p>Aquest curs va dirigit a persones que tenen el t\u00edtol de batxillerat i de cicle formatiu de grau superior,\u00a0 que estan interessades a preparar-se per fer la prova\u00a0 d&#8217;acc\u00e9s, a &#8230;<\/p>\n","protected":false},"author":1,"featured_media":0,"parent":0,"menu_order":0,"comment_status":"closed","ping_status":"closed","template":"","meta":{"footnotes":""},"class_list":["post-88","page","type-page","status-publish","hentry"],"jetpack_sharing_enabled":false,"jetpack_shortlink":"https:\/\/wp.me\/Pa5Owj-1q","jetpack-related-posts":[{"id":879,"url":"https:\/\/iedib.net\/wordpress\/?page_id=879","url_meta":{"origin":88,"position":0},"title":"Preparaci\u00f3 per a l&#8217;acc\u00e9s a la Universitat per a majors de 25 anys","author":"wp_admin","date":"12 febrer, 2019","format":false,"excerpt":"Aquest curs de preparaci\u00f3 va dirigit a persones que volen accedir a la Universitat i compleixen 25 anys l'any de la prova.A trav\u00e9s del curs de\u00a0Preparaci\u00f3 per a l'acc\u00e9s a la Universitat per a majors de 25 anys\u00a0l'alumne podr\u00e0 obtenir un material te\u00f2ric digital de cada mat\u00e8ria i unes activitats\u2026","rel":"","context":"Entrada similar","block_context":{"text":"Entrada similar","link":""},"img":{"alt_text":"","src":"https:\/\/i0.wp.com\/iedib.net\/wordpress\/wp-content\/uploads\/2019\/06\/batxillerat-8.png?resize=350%2C200&ssl=1","width":350,"height":200,"srcset":"https:\/\/i0.wp.com\/iedib.net\/wordpress\/wp-content\/uploads\/2019\/06\/batxillerat-8.png?resize=350%2C200&ssl=1 1x, https:\/\/i0.wp.com\/iedib.net\/wordpress\/wp-content\/uploads\/2019\/06\/batxillerat-8.png?resize=525%2C300&ssl=1 1.5x, https:\/\/i0.wp.com\/iedib.net\/wordpress\/wp-content\/uploads\/2019\/06\/batxillerat-8.png?resize=700%2C400&ssl=1 2x, https:\/\/i0.wp.com\/iedib.net\/wordpress\/wp-content\/uploads\/2019\/06\/batxillerat-8.png?resize=1050%2C600&ssl=1 3x"},"classes":[]},{"id":1463,"url":"https:\/\/iedib.net\/wordpress\/?page_id=1463","url_meta":{"origin":88,"position":1},"title":"Requisits acc\u00e9s cicle formatiu de grau superior","author":"wp_admin","date":"31 mar\u00e7, 2019","format":false,"excerpt":"Per accedir als cicles formatius de grau superior, cal complir almenys un dels requisits seg\u00fcents: Tenir el t\u00edtol de T\u00e8cnic de grau mitj\u00e0 de formaci\u00f3 professional o el t\u00edtol de T\u00e8cnic d'arts pl\u00e0stiques i disseny. Tenir el t\u00edtol de Batxillerat. Haver superat una oferta formativa de grau C inclosa en\u2026","rel":"","context":"Entrada similar","block_context":{"text":"Entrada similar","link":""},"img":{"alt_text":"","src":"","width":0,"height":0},"classes":[]},{"id":1458,"url":"https:\/\/iedib.net\/wordpress\/?page_id=1458","url_meta":{"origin":88,"position":2},"title":"Requisits acc\u00e9s cicle formatiu grau mitj\u00e0","author":"wp_admin","date":"31 mar\u00e7, 2019","format":false,"excerpt":"Per accedir als cicles formatius de grau mitj\u00e0, cal complir almenys un dels requisits seg\u00fcents: Tenir el t\u00edtol de graduat en Educaci\u00f3 Secund\u00e0ria Obligat\u00f2ria (ESO). Disposar del t\u00edtol de T\u00e8cnic b\u00e0sic o T\u00e8cnic. Haver superat una oferta formativa de grau C vinculada al cicle formatiu al qual es vol accedir.\u2026","rel":"","context":"Entrada similar","block_context":{"text":"Entrada similar","link":""},"img":{"alt_text":"","src":"","width":0,"height":0},"classes":[]},{"id":91,"url":"https:\/\/iedib.net\/wordpress\/?page_id=91","url_meta":{"origin":88,"position":3},"title":"Matr\u00edcula preparaci\u00f3 de selectivitat (PAU)","author":"wp_admin","date":"11 abril, 2018","format":false,"excerpt":"Proc\u00e9s d'admissi\u00f3 i matr\u00edcula pel curs 2025-2026 del 2 al 8 de febrer Us aconsellam mirar la seg\u00fcent guia de matr\u00edcula o el seg\u00fcent videotutorial per saber com funciona el proc\u00e9s de matr\u00edcula en tres passes. Hi ha dos processos possibles: PROC\u00c9S D'AUTENTICACI\u00d3 AMB CLAU GESTIB O SISTEMA CL@VE Aquest\u2026","rel":"","context":"Entrada similar","block_context":{"text":"Entrada similar","link":""},"img":{"alt_text":"","src":"https:\/\/i0.wp.com\/iedib.net\/wordpress\/wp-content\/uploads\/2019\/06\/batxillerat-3-1.png?resize=350%2C200&ssl=1","width":350,"height":200,"srcset":"https:\/\/i0.wp.com\/iedib.net\/wordpress\/wp-content\/uploads\/2019\/06\/batxillerat-3-1.png?resize=350%2C200&ssl=1 1x, https:\/\/i0.wp.com\/iedib.net\/wordpress\/wp-content\/uploads\/2019\/06\/batxillerat-3-1.png?resize=525%2C300&ssl=1 1.5x, https:\/\/i0.wp.com\/iedib.net\/wordpress\/wp-content\/uploads\/2019\/06\/batxillerat-3-1.png?resize=700%2C400&ssl=1 2x, https:\/\/i0.wp.com\/iedib.net\/wordpress\/wp-content\/uploads\/2019\/06\/batxillerat-3-1.png?resize=1050%2C600&ssl=1 3x"},"classes":[]},{"id":47,"url":"https:\/\/iedib.net\/wordpress\/?page_id=47","url_meta":{"origin":88,"position":4},"title":"Matr\u00edcula preparaci\u00f3 per a l&#8217;acc\u00e9s a la Universitat per a majors de 25 anys","author":"wp_admin","date":"5 abril, 2018","format":false,"excerpt":"Proc\u00e9s d'admissi\u00f3 i matr\u00edcula pel curs 2025-2026 de l\u20191 al 31 de juliol i de l\u20191 al 19 de setembre. Us aconsellam mirar la seg\u00fcent\u00a0guia de matr\u00edcula\u00a0o el\u00a0seg\u00fcent videotutorial\u00a0per saber com funciona el proc\u00e9s de matr\u00edcula en tres passes. Hi ha dos processos possibles: PROC\u00c9S D'AUTENTICACI\u00d3 AMB CLAU GESTIB O\u2026","rel":"","context":"Entrada similar","block_context":{"text":"Entrada similar","link":""},"img":{"alt_text":"","src":"https:\/\/i0.wp.com\/iedib.net\/wordpress\/wp-content\/uploads\/2019\/06\/batxillerat-3-1.png?resize=350%2C200&ssl=1","width":350,"height":200,"srcset":"https:\/\/i0.wp.com\/iedib.net\/wordpress\/wp-content\/uploads\/2019\/06\/batxillerat-3-1.png?resize=350%2C200&ssl=1 1x, https:\/\/i0.wp.com\/iedib.net\/wordpress\/wp-content\/uploads\/2019\/06\/batxillerat-3-1.png?resize=525%2C300&ssl=1 1.5x, https:\/\/i0.wp.com\/iedib.net\/wordpress\/wp-content\/uploads\/2019\/06\/batxillerat-3-1.png?resize=700%2C400&ssl=1 2x, https:\/\/i0.wp.com\/iedib.net\/wordpress\/wp-content\/uploads\/2019\/06\/batxillerat-3-1.png?resize=1050%2C600&ssl=1 3x"},"classes":[]},{"id":42,"url":"https:\/\/iedib.net\/wordpress\/?page_id=42","url_meta":{"origin":88,"position":5},"title":"Programa xarxa","author":"wp_admin","date":"5 abril, 2018","format":false,"excerpt":"FUNCIONS Permetre cursar mat\u00e8ries de batxillerat que no es cursen als centres d\u2019origen.Permetre cursar mat\u00e8ries que per raons organitzatives (hor\u00e0ries o altres) no es poden fer als centres d\u2019origen.Permetre cursar les mat\u00e8ries de primer quan un alumne de segon fa un canvi de modalitat. S\u2019ofereixen totes les mat\u00e8ries de totes\u2026","rel":"","context":"Entrada similar","block_context":{"text":"Entrada similar","link":""},"img":{"alt_text":"","src":"https:\/\/i0.wp.com\/iedib.net\/wordpress\/wp-content\/uploads\/2019\/06\/batxillerat-2.png?resize=350%2C200&ssl=1","width":350,"height":200,"srcset":"https:\/\/i0.wp.com\/iedib.net\/wordpress\/wp-content\/uploads\/2019\/06\/batxillerat-2.png?resize=350%2C200&ssl=1 1x, https:\/\/i0.wp.com\/iedib.net\/wordpress\/wp-content\/uploads\/2019\/06\/batxillerat-2.png?resize=525%2C300&ssl=1 1.5x, https:\/\/i0.wp.com\/iedib.net\/wordpress\/wp-content\/uploads\/2019\/06\/batxillerat-2.png?resize=700%2C400&ssl=1 2x, https:\/\/i0.wp.com\/iedib.net\/wordpress\/wp-content\/uploads\/2019\/06\/batxillerat-2.png?resize=1050%2C600&ssl=1 3x"},"classes":[]}],"_links":{"self":[{"href":"https:\/\/iedib.net\/wordpress\/index.php?rest_route=\/wp\/v2\/pages\/88","targetHints":{"allow":["GET"]}}],"collection":[{"href":"https:\/\/iedib.net\/wordpress\/index.php?rest_route=\/wp\/v2\/pages"}],"about":[{"href":"https:\/\/iedib.net\/wordpress\/index.php?rest_route=\/wp\/v2\/types\/page"}],"author":[{"embeddable":true,"href":"https:\/\/iedib.net\/wordpress\/index.php?rest_route=\/wp\/v2\/users\/1"}],"replies":[{"embeddable":true,"href":"https:\/\/iedib.net\/wordpress\/index.php?rest_route=%2Fwp%2Fv2%2Fcomments&post=88"}],"version-history":[{"count":10,"href":"https:\/\/iedib.net\/wordpress\/index.php?rest_route=\/wp\/v2\/pages\/88\/revisions"}],"predecessor-version":[{"id":5700,"href":"https:\/\/iedib.net\/wordpress\/index.php?rest_route=\/wp\/v2\/pages\/88\/revisions\/5700"}],"wp:attachment":[{"href":"https:\/\/iedib.net\/wordpress\/index.php?rest_route=%2Fwp%2Fv2%2Fmedia&parent=88"}],"curies":[{"name":"wp","href":"https:\/\/api.w.org\/{rel}","templated":true}]}}