{"id":59,"date":"2018-04-05T09:19:00","date_gmt":"2018-04-05T09:19:00","guid":{"rendered":"https:\/\/iedib.wordpress.com\/?page_id=59"},"modified":"2024-06-06T18:26:44","modified_gmt":"2024-06-06T16:26:44","slug":"matricula-2","status":"publish","type":"page","link":"https:\/\/iedib.net\/wordpress\/?page_id=59","title":{"rendered":"Matr\u00edcula"},"content":{"rendered":"\n<p><span style=\"font-size: 14pt;\">Has de seleccionar la matr\u00edcula de l&#8217;estudi corresponent&nbsp;si vols informaci\u00f3:<\/span><strong><br><\/strong><\/p>\n\n\n\n<p><strong><a href=\"https:\/\/iedib.net\/wordpress\/?page_id=36\" target=\"_blank\" rel=\"noopener\">Matr\u00edcula batxillerat<\/a><\/strong><\/p>\n\n\n\n<p><strong><a href=\"https:\/\/iedib.net\/wordpress\/?page_id=45\" target=\"_blank\" rel=\"noopener\">Matr\u00edcula programa xarxa<\/a><\/strong><\/p>\n\n\n\n<p><strong><a href=\"https:\/\/iedib.net\/wordpress\/?page_id=91\" target=\"_blank\" rel=\"noopener\">Matr\u00edcula preparaci\u00f3 PBAU (Selectivitat)<\/a><\/strong><\/p>\n\n\n\n<p><strong><a href=\"https:\/\/iedib.net\/wordpress\/?page_id=47\" target=\"_blank\" rel=\"noopener\">Matr\u00edcula preparaci\u00f3 per a l&#8217;acc\u00e9s a la Universitat per a majors de 25 anys<\/a><\/strong><\/p>\n\n\n\n<p><strong><a href=\"https:\/\/iedib.net\/wordpress\/?page_id=122\" target=\"_blank\" rel=\"noopener\">Matr\u00edcula formaci\u00f3 professional<\/a><\/strong><\/p>\n\n\n\n<p><strong><a href=\"https:\/\/iedib.net\/wordpress\/?page_id=1440\" target=\"_blank\" rel=\"noopener\">Matr\u00edcula EOI a dist\u00e0ncia (idiomes)<\/a><\/strong><\/p>\n\n\n\n<p><a href=\"https:\/\/iedib.net\/wordpress\/?page_id=3234\" target=\"_blank\" rel=\"noreferrer noopener\"><strong>Matr\u00edcula curs d&#8217;especialitzaci\u00f3 en intel\u00b7lig\u00e8ncia artificial i big data<\/strong><\/a><\/p>\n\n\n\n<div class=\"wp-block-buttons is-layout-flex wp-block-buttons-is-layout-flex\"><\/div>\n","protected":false},"excerpt":{"rendered":"<p>Has de seleccionar la matr\u00edcula de l&#8217;estudi corresponent&nbsp;si vols informaci\u00f3: Matr\u00edcula batxillerat Matr\u00edcula programa xarxa Matr\u00edcula preparaci\u00f3 PBAU (Selectivitat) Matr\u00edcula preparaci\u00f3 per a l&#8217;acc\u00e9s a la Universitat per a majors &#8230;<\/p>\n","protected":false},"author":1,"featured_media":0,"parent":0,"menu_order":0,"comment_status":"closed","ping_status":"closed","template":"","meta":{"jetpack_post_was_ever_published":false,"footnotes":""},"class_list":["post-59","page","type-page","status-publish","hentry"],"jetpack_sharing_enabled":false,"jetpack_shortlink":"https:\/\/wp.me\/Pa5Owj-X","jetpack-related-posts":[{"id":47,"url":"https:\/\/iedib.net\/wordpress\/?page_id=47","url_meta":{"origin":59,"position":0},"title":"Matr\u00edcula preparaci\u00f3 per a l&#8217;acc\u00e9s a la Universitat per a majors de 25 anys","author":"wp_admin","date":"5 abril, 2018","format":false,"excerpt":"Proc\u00e9s d'admissi\u00f3 i matr\u00edcula pel curs 2025-2026 de l\u20191 al 31 de juliol i de l\u20191 al 19 de setembre. Us aconsellam mirar la seg\u00fcent\u00a0guia de matr\u00edcula\u00a0o el\u00a0seg\u00fcent videotutorial\u00a0per saber com funciona el proc\u00e9s de matr\u00edcula en tres passes. Hi ha dos processos possibles: PROC\u00c9S D'AUTENTICACI\u00d3 AMB CLAU GESTIB O\u2026","rel":"","context":"Entrada similar","block_context":{"text":"Entrada similar","link":""},"img":{"alt_text":"","src":"https:\/\/i0.wp.com\/iedib.net\/wordpress\/wp-content\/uploads\/2019\/06\/batxillerat-3-1.png?resize=350%2C200&ssl=1","width":350,"height":200,"srcset":"https:\/\/i0.wp.com\/iedib.net\/wordpress\/wp-content\/uploads\/2019\/06\/batxillerat-3-1.png?resize=350%2C200&ssl=1 1x, https:\/\/i0.wp.com\/iedib.net\/wordpress\/wp-content\/uploads\/2019\/06\/batxillerat-3-1.png?resize=525%2C300&ssl=1 1.5x, https:\/\/i0.wp.com\/iedib.net\/wordpress\/wp-content\/uploads\/2019\/06\/batxillerat-3-1.png?resize=700%2C400&ssl=1 2x, https:\/\/i0.wp.com\/iedib.net\/wordpress\/wp-content\/uploads\/2019\/06\/batxillerat-3-1.png?resize=1050%2C600&ssl=1 3x"},"classes":[]},{"id":91,"url":"https:\/\/iedib.net\/wordpress\/?page_id=91","url_meta":{"origin":59,"position":1},"title":"Matr\u00edcula preparaci\u00f3 de selectivitat (PAU)","author":"wp_admin","date":"11 abril, 2018","format":false,"excerpt":"Proc\u00e9s d'admissi\u00f3 i matr\u00edcula pel curs 2025-2026 del 2 al 8 de febrer Us aconsellam mirar la seg\u00fcent guia de matr\u00edcula o el seg\u00fcent videotutorial per saber com funciona el proc\u00e9s de matr\u00edcula en tres passes. Hi ha dos processos possibles: PROC\u00c9S D'AUTENTICACI\u00d3 AMB CLAU GESTIB O SISTEMA CL@VE Aquest\u2026","rel":"","context":"Entrada similar","block_context":{"text":"Entrada similar","link":""},"img":{"alt_text":"","src":"https:\/\/i0.wp.com\/iedib.net\/wordpress\/wp-content\/uploads\/2019\/06\/batxillerat-3-1.png?resize=350%2C200&ssl=1","width":350,"height":200,"srcset":"https:\/\/i0.wp.com\/iedib.net\/wordpress\/wp-content\/uploads\/2019\/06\/batxillerat-3-1.png?resize=350%2C200&ssl=1 1x, https:\/\/i0.wp.com\/iedib.net\/wordpress\/wp-content\/uploads\/2019\/06\/batxillerat-3-1.png?resize=525%2C300&ssl=1 1.5x, https:\/\/i0.wp.com\/iedib.net\/wordpress\/wp-content\/uploads\/2019\/06\/batxillerat-3-1.png?resize=700%2C400&ssl=1 2x, https:\/\/i0.wp.com\/iedib.net\/wordpress\/wp-content\/uploads\/2019\/06\/batxillerat-3-1.png?resize=1050%2C600&ssl=1 3x"},"classes":[]},{"id":88,"url":"https:\/\/iedib.net\/wordpress\/?page_id=88","url_meta":{"origin":59,"position":2},"title":"Preparaci\u00f3 selectivitat (PAU)","author":"wp_admin","date":"11 abril, 2018","format":false,"excerpt":"Aquest curs va dirigit a persones que tenen el t\u00edtol de batxillerat i de cicle formatiu de grau superior,\u00a0 que estan interessades a preparar-se per fer la prova\u00a0 d'acc\u00e9s, a la Universitat de les Illes Balears (UIB) o alumnes de batxillerat que no estan cursant la mat\u00e8ria i la volen\u2026","rel":"","context":"Entrada similar","block_context":{"text":"Entrada similar","link":""},"img":{"alt_text":"","src":"https:\/\/i0.wp.com\/iedib.net\/wordpress\/wp-content\/uploads\/2019\/06\/batxillerat-4.png?resize=350%2C200&ssl=1","width":350,"height":200,"srcset":"https:\/\/i0.wp.com\/iedib.net\/wordpress\/wp-content\/uploads\/2019\/06\/batxillerat-4.png?resize=350%2C200&ssl=1 1x, https:\/\/i0.wp.com\/iedib.net\/wordpress\/wp-content\/uploads\/2019\/06\/batxillerat-4.png?resize=525%2C300&ssl=1 1.5x, https:\/\/i0.wp.com\/iedib.net\/wordpress\/wp-content\/uploads\/2019\/06\/batxillerat-4.png?resize=700%2C400&ssl=1 2x, https:\/\/i0.wp.com\/iedib.net\/wordpress\/wp-content\/uploads\/2019\/06\/batxillerat-4.png?resize=1050%2C600&ssl=1 3x"},"classes":[]},{"id":1031,"url":"https:\/\/iedib.net\/wordpress\/?page_id=1031","url_meta":{"origin":59,"position":3},"title":"Preguntes freq\u00fcents(FAQs)","author":"wp_admin","date":"28 febrer, 2019","format":false,"excerpt":"Com s'estudia a l'IEDIB? + Els estudis a l\u2019IEDIB tenen una estructura formada per 8 unitats did\u00e0ctiques digitals. Dins pots trobar els apunts en format de llibre digital i les activitats online. Existeixen 3 tipus d\u2019activitats: d\u2019aprenentatge, avaluables i d\u2019ampliaci\u00f3. Les avaluables s\u00f3n les que compten per a la nota,\u2026","rel":"","context":"Entrada similar","block_context":{"text":"Entrada similar","link":""},"img":{"alt_text":"","src":"","width":0,"height":0},"classes":[]},{"id":879,"url":"https:\/\/iedib.net\/wordpress\/?page_id=879","url_meta":{"origin":59,"position":4},"title":"Preparaci\u00f3 per a l&#8217;acc\u00e9s a la Universitat per a majors de 25 anys","author":"wp_admin","date":"12 febrer, 2019","format":false,"excerpt":"Aquest curs de preparaci\u00f3 va dirigit a persones que volen accedir a la Universitat i compleixen 25 anys l'any de la prova.A trav\u00e9s del curs de\u00a0Preparaci\u00f3 per a l'acc\u00e9s a la Universitat per a majors de 25 anys\u00a0l'alumne podr\u00e0 obtenir un material te\u00f2ric digital de cada mat\u00e8ria i unes activitats\u2026","rel":"","context":"Entrada similar","block_context":{"text":"Entrada similar","link":""},"img":{"alt_text":"","src":"https:\/\/i0.wp.com\/iedib.net\/wordpress\/wp-content\/uploads\/2019\/06\/batxillerat-8.png?resize=350%2C200&ssl=1","width":350,"height":200,"srcset":"https:\/\/i0.wp.com\/iedib.net\/wordpress\/wp-content\/uploads\/2019\/06\/batxillerat-8.png?resize=350%2C200&ssl=1 1x, https:\/\/i0.wp.com\/iedib.net\/wordpress\/wp-content\/uploads\/2019\/06\/batxillerat-8.png?resize=525%2C300&ssl=1 1.5x, https:\/\/i0.wp.com\/iedib.net\/wordpress\/wp-content\/uploads\/2019\/06\/batxillerat-8.png?resize=700%2C400&ssl=1 2x, https:\/\/i0.wp.com\/iedib.net\/wordpress\/wp-content\/uploads\/2019\/06\/batxillerat-8.png?resize=1050%2C600&ssl=1 3x"},"classes":[]},{"id":1327,"url":"https:\/\/iedib.net\/wordpress\/?page_id=1327","url_meta":{"origin":59,"position":5},"title":"EOI-IEDIB  (idiomes a dist\u00e0ncia)","author":"wp_admin","date":"28 mar\u00e7, 2019","format":false,"excerpt":"EOI-IEDIB \u00e9s l\u2019oferta educativa en l\u00ednia de les Escoles Oficials d\u2019Idiomes. RESUM INFORMATIU DELS ESTUDIS D'IDIOMES EN L\u00cdNIA ENSENYAMENT IDIOMESS\u00f3n uns ensenyaments oficials: idiomes de r\u00e8gim especial.La titulaci\u00f3 que s\u2019obt\u00e9 \u00e9s oficial i id\u00e8ntica a la que es podria obtenir en una Escola d\u2019Idiomes (EOI) presencial.L\u2019estructura, organitzaci\u00f3 i avaluaci\u00f3 \u00e9s\u2026","rel":"","context":"Entrada similar","block_context":{"text":"Entrada similar","link":""},"img":{"alt_text":"","src":"https:\/\/i0.wp.com\/iedib.net\/wordpress\/wp-content\/uploads\/2024\/05\/Capcalera-EOI.png?resize=350%2C200&ssl=1","width":350,"height":200,"srcset":"https:\/\/i0.wp.com\/iedib.net\/wordpress\/wp-content\/uploads\/2024\/05\/Capcalera-EOI.png?resize=350%2C200&ssl=1 1x, https:\/\/i0.wp.com\/iedib.net\/wordpress\/wp-content\/uploads\/2024\/05\/Capcalera-EOI.png?resize=525%2C300&ssl=1 1.5x, https:\/\/i0.wp.com\/iedib.net\/wordpress\/wp-content\/uploads\/2024\/05\/Capcalera-EOI.png?resize=700%2C400&ssl=1 2x, https:\/\/i0.wp.com\/iedib.net\/wordpress\/wp-content\/uploads\/2024\/05\/Capcalera-EOI.png?resize=1050%2C600&ssl=1 3x"},"classes":[]}],"_links":{"self":[{"href":"https:\/\/iedib.net\/wordpress\/index.php?rest_route=\/wp\/v2\/pages\/59","targetHints":{"allow":["GET"]}}],"collection":[{"href":"https:\/\/iedib.net\/wordpress\/index.php?rest_route=\/wp\/v2\/pages"}],"about":[{"href":"https:\/\/iedib.net\/wordpress\/index.php?rest_route=\/wp\/v2\/types\/page"}],"author":[{"embeddable":true,"href":"https:\/\/iedib.net\/wordpress\/index.php?rest_route=\/wp\/v2\/users\/1"}],"replies":[{"embeddable":true,"href":"https:\/\/iedib.net\/wordpress\/index.php?rest_route=%2Fwp%2Fv2%2Fcomments&post=59"}],"version-history":[{"count":15,"href":"https:\/\/iedib.net\/wordpress\/index.php?rest_route=\/wp\/v2\/pages\/59\/revisions"}],"predecessor-version":[{"id":4229,"href":"https:\/\/iedib.net\/wordpress\/index.php?rest_route=\/wp\/v2\/pages\/59\/revisions\/4229"}],"wp:attachment":[{"href":"https:\/\/iedib.net\/wordpress\/index.php?rest_route=%2Fwp%2Fv2%2Fmedia&parent=59"}],"curies":[{"name":"wp","href":"https:\/\/api.w.org\/{rel}","templated":true}]}}