{"id":5835,"date":"2026-02-18T18:05:50","date_gmt":"2026-02-18T17:05:50","guid":{"rendered":"https:\/\/iedib.net\/wordpress\/?page_id=5835"},"modified":"2026-02-19T15:32:59","modified_gmt":"2026-02-19T14:32:59","slug":"protocol-dabsentisme","status":"publish","type":"page","link":"https:\/\/iedib.net\/wordpress\/?page_id=5835","title":{"rendered":"Causes de baixa d&#8217;ofici de la matr\u00edcula"},"content":{"rendered":"\n<p>La formaci\u00f3 professional en modalitat virtual precisa d\u2019un acc\u00e9s continu a l\u2019aula virtual. El fet de no realitzar l\u2019esmentat acc\u00e9s pot ocasionar la <strong>baixa d\u2019ofici de la matr\u00edcula<\/strong>. Les circumst\u00e0ncies que ho permeten s\u00f3n:<\/p>\n\n\n\n<ol class=\"wp-block-list\">\n<li>No accedir a l\u2019aula virtual durant els <strong>quinze dies naturals<\/strong> seg\u00fcents a l\u2019inici del curs escolar que s\u2019imparteix virtualment.\u00a0<\/li>\n\n\n\n<li>No fer cap de les activitats programades durant un per\u00edode continuat <strong>d\u2019un mes natural<\/strong> una vegada iniciat el proc\u00e9s d\u2019aprenentatge, sense que consti cap justificaci\u00f3 per la inactivitat.<\/li>\n\n\n\n<li>No fer el 20% o m\u00e9s de les activitats programades que s\u2019estableixin com a obligat\u00f2ries presencials.<\/li>\n\n\n\n<li>Estar matriculat simult\u00e0niament al mateix m\u00f2dul professional d\u2019un grau en modalitat virtual i en modalitat presencial, independentment de si \u00e9s en r\u00e8gim general o intensiu, o b\u00e9 estar matriculat en un m\u00f2dul i presentar-se a la prova lliure que l\u2019avalua.<\/li>\n<\/ol>\n\n\n\n<p>L\u2019alumnat, una vegada feta efectiva la matr\u00edcula, tamb\u00e9 pot anul\u00b7lar de manera volunt\u00e0ria la matr\u00edcula d\u2019un o m\u00e9s m\u00f2duls (<strong>baixa volunt\u00e0ria<\/strong>), com a m\u00e0xim, dins el <strong>primer mes d\u2019inici<\/strong> de les activitats lectives.<\/p>\n\n\n\n<p>Per altra banda, existeix la possibilitat de <strong>renunciar<\/strong> a un o a diversos m\u00f2duls, mitjan\u00e7ant una ren\u00fancia dels m\u00f2duls que no es vulguin avaluar, d\u2019aquesta manera no es tindr\u00e0 en compte com a convocat\u00f2ria. La ren\u00fancia s\u2019ha de sol\u00b7licitar <strong>un mes abans de l\u2019inici dels ex\u00e0mens.<\/strong>&nbsp;<\/p>\n\n\n\n<p>Consulta l&#8217;apartat de <a href=\"https:\/\/iedib.net\/wordpress\/?page_id=5561\" data-type=\"page\" data-id=\"5561\">secretaria<\/a> per con\u00e8ixer el procediment per demanar una anul\u00b7laci\u00f3 de matr\u00edcula o una ren\u00fancia volunt\u00e0ria de la convocat\u00f2ria.<\/p>\n\n\n\n<p><\/p>\n","protected":false},"excerpt":{"rendered":"<p>La formaci\u00f3 professional en modalitat virtual precisa d\u2019un acc\u00e9s continu a l\u2019aula virtual. El fet de no realitzar l\u2019esmentat acc\u00e9s pot ocasionar la baixa d\u2019ofici de la matr\u00edcula. Les circumst\u00e0ncies &#8230;<\/p>\n","protected":false},"author":1,"featured_media":0,"parent":0,"menu_order":0,"comment_status":"closed","ping_status":"closed","template":"","meta":{"jetpack_post_was_ever_published":false,"footnotes":""},"class_list":["post-5835","page","type-page","status-publish","hentry"],"jetpack_sharing_enabled":true,"jetpack_shortlink":"https:\/\/wp.me\/Pa5Owj-1w7","jetpack-related-posts":[{"id":42,"url":"https:\/\/iedib.net\/wordpress\/?page_id=42","url_meta":{"origin":5835,"position":0},"title":"Programa xarxa","author":"wp_admin","date":"5 abril, 2018","format":false,"excerpt":"FUNCIONS Permetre cursar mat\u00e8ries de batxillerat que no es cursen als centres d\u2019origen.Permetre cursar mat\u00e8ries que per raons organitzatives (hor\u00e0ries o altres) no es poden fer als centres d\u2019origen.Permetre cursar les mat\u00e8ries de primer quan un alumne de segon fa un canvi de modalitat. S\u2019ofereixen totes les mat\u00e8ries de totes\u2026","rel":"","context":"Entrada similar","block_context":{"text":"Entrada similar","link":""},"img":{"alt_text":"","src":"https:\/\/i0.wp.com\/iedib.net\/wordpress\/wp-content\/uploads\/2019\/06\/batxillerat-2.png?resize=350%2C200&ssl=1","width":350,"height":200,"srcset":"https:\/\/i0.wp.com\/iedib.net\/wordpress\/wp-content\/uploads\/2019\/06\/batxillerat-2.png?resize=350%2C200&ssl=1 1x, https:\/\/i0.wp.com\/iedib.net\/wordpress\/wp-content\/uploads\/2019\/06\/batxillerat-2.png?resize=525%2C300&ssl=1 1.5x, https:\/\/i0.wp.com\/iedib.net\/wordpress\/wp-content\/uploads\/2019\/06\/batxillerat-2.png?resize=700%2C400&ssl=1 2x, https:\/\/i0.wp.com\/iedib.net\/wordpress\/wp-content\/uploads\/2019\/06\/batxillerat-2.png?resize=1050%2C600&ssl=1 3x"},"classes":[]},{"id":1339,"url":"https:\/\/iedib.net\/wordpress\/?page_id=1339","url_meta":{"origin":5835,"position":1},"title":"Formaci\u00f3 professional","author":"wp_admin","date":"12 mar\u00e7, 2019","format":false,"excerpt":"Estudis d'FP que s'imparteixen a l'IEDIB CFGM d'atenci\u00f3 a persones en situaci\u00f3 de depend\u00e8ncia CFGM\u00a0d\u2019instal\u00b7lacions el\u00e8ctriques i autom\u00e0tiques CFGM d'emerg\u00e8ncies sanit\u00e0ries CFGM de sistemes microinform\u00e0tics i xarxes CFGS d'administraci\u00f3 de sistemes inform\u00e0tics en xarxa CFGS Projectes d'edificacions CFGS Animacions 3D, jocs i entorns interactius CFGS d'integraci\u00f3 social Requisits d'acc\u00e9s Requisits\u2026","rel":"","context":"Entrada similar","block_context":{"text":"Entrada similar","link":""},"img":{"alt_text":"","src":"https:\/\/i0.wp.com\/iedib.net\/wordpress\/wp-content\/uploads\/2019\/06\/batxillerat-3.png?resize=350%2C200&ssl=1","width":350,"height":200,"srcset":"https:\/\/i0.wp.com\/iedib.net\/wordpress\/wp-content\/uploads\/2019\/06\/batxillerat-3.png?resize=350%2C200&ssl=1 1x, https:\/\/i0.wp.com\/iedib.net\/wordpress\/wp-content\/uploads\/2019\/06\/batxillerat-3.png?resize=525%2C300&ssl=1 1.5x, https:\/\/i0.wp.com\/iedib.net\/wordpress\/wp-content\/uploads\/2019\/06\/batxillerat-3.png?resize=700%2C400&ssl=1 2x, https:\/\/i0.wp.com\/iedib.net\/wordpress\/wp-content\/uploads\/2019\/06\/batxillerat-3.png?resize=1050%2C600&ssl=1 3x"},"classes":[]},{"id":45,"url":"https:\/\/iedib.net\/wordpress\/?page_id=45","url_meta":{"origin":5835,"position":2},"title":"Matr\u00edcula programa xarxa","author":"wp_admin","date":"5 abril, 2018","format":false,"excerpt":"MATR\u00cdCULA D\u2019UNA MAT\u00c8RIA O M\u00c9S DE BATXILLERAT A DIST\u00c0NCIA PER ALUMNES D\u2019ALTRES CENTRES (PROGRAMA XARXA)El calendari del curs 2025-2026 \u00e9s el seg\u00fcent: L\u2019alumnat que vulgui cursar una mat\u00e8ria o m\u00e9s a dist\u00e0ncia, haur\u00e0 de formalitzar la matr\u00edcula presentant una sol\u00b7licitud al seu centre d\u2019origen\u00a0(en el qual est\u00e0 matriculat per a\u2026","rel":"","context":"Entrada similar","block_context":{"text":"Entrada similar","link":""},"img":{"alt_text":"","src":"https:\/\/i0.wp.com\/iedib.net\/wordpress\/wp-content\/uploads\/2019\/06\/batxillerat-1-1.png?resize=350%2C200&ssl=1","width":350,"height":200,"srcset":"https:\/\/i0.wp.com\/iedib.net\/wordpress\/wp-content\/uploads\/2019\/06\/batxillerat-1-1.png?resize=350%2C200&ssl=1 1x, https:\/\/i0.wp.com\/iedib.net\/wordpress\/wp-content\/uploads\/2019\/06\/batxillerat-1-1.png?resize=525%2C300&ssl=1 1.5x, https:\/\/i0.wp.com\/iedib.net\/wordpress\/wp-content\/uploads\/2019\/06\/batxillerat-1-1.png?resize=700%2C400&ssl=1 2x, https:\/\/i0.wp.com\/iedib.net\/wordpress\/wp-content\/uploads\/2019\/06\/batxillerat-1-1.png?resize=1050%2C600&ssl=1 3x"},"classes":[]},{"id":41,"url":"https:\/\/iedib.net\/wordpress\/?page_id=41","url_meta":{"origin":5835,"position":3},"title":"Batxillerat","author":"wp_admin","date":"5 abril, 2018","format":false,"excerpt":"DESTINATARIS L\u2019educaci\u00f3 a dist\u00e0ncia est\u00e0 especialment dissenyada per a aquelles persones que, per les seves circumst\u00e0ncies personals, no poden acudir regularment a un centre educatiu. Va adre\u00e7ada a gent major d'edat, aquells que compleixen 18 anys l'any de la matr\u00edcula o a menors d'edat que tinguin circumst\u00e0ncies especials que no\u2026","rel":"","context":"Entrada similar","block_context":{"text":"Entrada similar","link":""},"img":{"alt_text":"","src":"https:\/\/i0.wp.com\/iedib.net\/wordpress\/wp-content\/uploads\/2019\/06\/batxillerat.png?resize=350%2C200&ssl=1","width":350,"height":200,"srcset":"https:\/\/i0.wp.com\/iedib.net\/wordpress\/wp-content\/uploads\/2019\/06\/batxillerat.png?resize=350%2C200&ssl=1 1x, https:\/\/i0.wp.com\/iedib.net\/wordpress\/wp-content\/uploads\/2019\/06\/batxillerat.png?resize=525%2C300&ssl=1 1.5x, https:\/\/i0.wp.com\/iedib.net\/wordpress\/wp-content\/uploads\/2019\/06\/batxillerat.png?resize=700%2C400&ssl=1 2x, https:\/\/i0.wp.com\/iedib.net\/wordpress\/wp-content\/uploads\/2019\/06\/batxillerat.png?resize=1050%2C600&ssl=1 3x"},"classes":[]},{"id":3232,"url":"https:\/\/iedib.net\/wordpress\/?page_id=3232","url_meta":{"origin":5835,"position":4},"title":"Curs d&#8217;especialitzaci\u00f3 en intel\u00b7lig\u00e8ncia artificial i dades massives","author":"wp_admin","date":"13 maig, 2022","format":false,"excerpt":"Funcionament dels m\u00f2duls A la cap\u00e7alera de l\u2019aula virtual trobam l\u2019apartat funcionament del m\u00f2dul on s\u2019explica com funciona cada m\u00f2dul. Tamb\u00e9, s\u2019hi troba tot el material per poder seguir el curs, els recursos en format digital (no hi ha llibres de text, ja que tot est\u00e0 a l\u2019aula virtual) i\u2026","rel":"","context":"Entrada similar","block_context":{"text":"Entrada similar","link":""},"img":{"alt_text":"","src":"https:\/\/i0.wp.com\/iedib.net\/wordpress\/wp-content\/uploads\/2022\/05\/BID-DATA.png?resize=350%2C200&ssl=1","width":350,"height":200,"srcset":"https:\/\/i0.wp.com\/iedib.net\/wordpress\/wp-content\/uploads\/2022\/05\/BID-DATA.png?resize=350%2C200&ssl=1 1x, https:\/\/i0.wp.com\/iedib.net\/wordpress\/wp-content\/uploads\/2022\/05\/BID-DATA.png?resize=525%2C300&ssl=1 1.5x, https:\/\/i0.wp.com\/iedib.net\/wordpress\/wp-content\/uploads\/2022\/05\/BID-DATA.png?resize=700%2C400&ssl=1 2x"},"classes":[]},{"id":3210,"url":"https:\/\/iedib.net\/wordpress\/?page_id=3210","url_meta":{"origin":5835,"position":5},"title":"Acc\u00e9s com a visitant a les aules virtuals","author":"wp_admin","date":"31 mar\u00e7, 2022","format":false,"excerpt":"Algunes aules virtuals de l'IEDIB permeten l'acc\u00e9s com a visitant, \u00e9s a dir, no fa falta estar matriculat com a estudiant. Amb l'acc\u00e9s com a visitant, pots accedir als llibres digitals i tots els seus continguts, per\u00f2 no podr\u00e0s fer activitats ni consultar al professor. La clau per accedir com\u2026","rel":"","context":"Entrada similar","block_context":{"text":"Entrada similar","link":""},"img":{"alt_text":"","src":"https:\/\/i0.wp.com\/iedib.net\/wordpress\/wp-content\/uploads\/2022\/03\/Copia-de-claustre-1.png?resize=350%2C200&ssl=1","width":350,"height":200,"srcset":"https:\/\/i0.wp.com\/iedib.net\/wordpress\/wp-content\/uploads\/2022\/03\/Copia-de-claustre-1.png?resize=350%2C200&ssl=1 1x, https:\/\/i0.wp.com\/iedib.net\/wordpress\/wp-content\/uploads\/2022\/03\/Copia-de-claustre-1.png?resize=525%2C300&ssl=1 1.5x, https:\/\/i0.wp.com\/iedib.net\/wordpress\/wp-content\/uploads\/2022\/03\/Copia-de-claustre-1.png?resize=700%2C400&ssl=1 2x, https:\/\/i0.wp.com\/iedib.net\/wordpress\/wp-content\/uploads\/2022\/03\/Copia-de-claustre-1.png?resize=1050%2C600&ssl=1 3x, https:\/\/i0.wp.com\/iedib.net\/wordpress\/wp-content\/uploads\/2022\/03\/Copia-de-claustre-1.png?resize=1400%2C800&ssl=1 4x"},"classes":[]}],"_links":{"self":[{"href":"https:\/\/iedib.net\/wordpress\/index.php?rest_route=\/wp\/v2\/pages\/5835","targetHints":{"allow":["GET"]}}],"collection":[{"href":"https:\/\/iedib.net\/wordpress\/index.php?rest_route=\/wp\/v2\/pages"}],"about":[{"href":"https:\/\/iedib.net\/wordpress\/index.php?rest_route=\/wp\/v2\/types\/page"}],"author":[{"embeddable":true,"href":"https:\/\/iedib.net\/wordpress\/index.php?rest_route=\/wp\/v2\/users\/1"}],"replies":[{"embeddable":true,"href":"https:\/\/iedib.net\/wordpress\/index.php?rest_route=%2Fwp%2Fv2%2Fcomments&post=5835"}],"version-history":[{"count":2,"href":"https:\/\/iedib.net\/wordpress\/index.php?rest_route=\/wp\/v2\/pages\/5835\/revisions"}],"predecessor-version":[{"id":5857,"href":"https:\/\/iedib.net\/wordpress\/index.php?rest_route=\/wp\/v2\/pages\/5835\/revisions\/5857"}],"wp:attachment":[{"href":"https:\/\/iedib.net\/wordpress\/index.php?rest_route=%2Fwp%2Fv2%2Fmedia&parent=5835"}],"curies":[{"name":"wp","href":"https:\/\/api.w.org\/{rel}","templated":true}]}}