{"id":4981,"date":"2025-02-05T13:12:26","date_gmt":"2025-02-05T12:12:26","guid":{"rendered":"https:\/\/iedib.net\/wordpress\/?page_id=4981"},"modified":"2025-02-05T13:12:27","modified_gmt":"2025-02-05T12:12:27","slug":"centres-collaboradors-destudis-didiomes-a-distancia-eoi-iedib","status":"publish","type":"page","link":"https:\/\/iedib.net\/wordpress\/?page_id=4981","title":{"rendered":"Centres col\u00b7laboradors d&#8217;estudis d&#8217;idiomes a dist\u00e0ncia (EOI-IEDIB)"},"content":{"rendered":"\n<p>Els centres col\u00b7laboradors s\u00f3n els centres on es faran els ex\u00e0mens presencials dels nivells de certificaci\u00f3 dels diferents idiomes.<\/p>\n\n\n\n<figure class=\"wp-block-image size-large\"><img data-recalc-dims=\"1\" loading=\"lazy\" decoding=\"async\" width=\"800\" height=\"567\" data-attachment-id=\"4982\" data-permalink=\"https:\/\/iedib.net\/wordpress\/?attachment_id=4982\" data-orig-file=\"https:\/\/i0.wp.com\/iedib.net\/wordpress\/wp-content\/uploads\/2025\/02\/MALLORCA.png?fit=1748%2C1240&amp;ssl=1\" data-orig-size=\"1748,1240\" data-comments-opened=\"0\" data-image-meta=\"{&quot;aperture&quot;:&quot;0&quot;,&quot;credit&quot;:&quot;&quot;,&quot;camera&quot;:&quot;&quot;,&quot;caption&quot;:&quot;&quot;,&quot;created_timestamp&quot;:&quot;0&quot;,&quot;copyright&quot;:&quot;&quot;,&quot;focal_length&quot;:&quot;0&quot;,&quot;iso&quot;:&quot;0&quot;,&quot;shutter_speed&quot;:&quot;0&quot;,&quot;title&quot;:&quot;&quot;,&quot;orientation&quot;:&quot;0&quot;}\" data-image-title=\"MALLORCA\" data-image-description=\"\" data-image-caption=\"\" data-large-file=\"https:\/\/i0.wp.com\/iedib.net\/wordpress\/wp-content\/uploads\/2025\/02\/MALLORCA.png?fit=800%2C567&amp;ssl=1\" src=\"https:\/\/i0.wp.com\/iedib.net\/wordpress\/wp-content\/uploads\/2025\/02\/MALLORCA.png?resize=800%2C567&#038;ssl=1\" alt=\"\" class=\"wp-image-4982\" srcset=\"https:\/\/i0.wp.com\/iedib.net\/wordpress\/wp-content\/uploads\/2025\/02\/MALLORCA.png?resize=1024%2C726&amp;ssl=1 1024w, https:\/\/i0.wp.com\/iedib.net\/wordpress\/wp-content\/uploads\/2025\/02\/MALLORCA.png?resize=300%2C213&amp;ssl=1 300w, https:\/\/i0.wp.com\/iedib.net\/wordpress\/wp-content\/uploads\/2025\/02\/MALLORCA.png?resize=150%2C106&amp;ssl=1 150w, https:\/\/i0.wp.com\/iedib.net\/wordpress\/wp-content\/uploads\/2025\/02\/MALLORCA.png?resize=768%2C545&amp;ssl=1 768w, https:\/\/i0.wp.com\/iedib.net\/wordpress\/wp-content\/uploads\/2025\/02\/MALLORCA.png?resize=1536%2C1090&amp;ssl=1 1536w, https:\/\/i0.wp.com\/iedib.net\/wordpress\/wp-content\/uploads\/2025\/02\/MALLORCA.png?w=1748&amp;ssl=1 1748w, https:\/\/i0.wp.com\/iedib.net\/wordpress\/wp-content\/uploads\/2025\/02\/MALLORCA.png?w=1600&amp;ssl=1 1600w\" sizes=\"auto, (max-width: 800px) 100vw, 800px\" \/><\/figure>\n","protected":false},"excerpt":{"rendered":"<p>Els centres col\u00b7laboradors s\u00f3n els centres on es faran els ex\u00e0mens presencials dels nivells de certificaci\u00f3 dels diferents idiomes.<\/p>\n","protected":false},"author":1,"featured_media":0,"parent":0,"menu_order":0,"comment_status":"closed","ping_status":"closed","template":"","meta":{"footnotes":""},"class_list":["post-4981","page","type-page","status-publish","hentry"],"jetpack_sharing_enabled":true,"jetpack_shortlink":"https:\/\/wp.me\/Pa5Owj-1il","jetpack-related-posts":[{"id":35,"url":"https:\/\/iedib.net\/wordpress\/?page_id=35","url_meta":{"origin":4981,"position":0},"title":"Centres col\u00b7laboradors","author":"wp_admin","date":"5 abril, 2018","format":false,"excerpt":"A la seu de l'IEDIB, situada al carrer de Salv\u00e0, 14, de Palma, es fan tasques de gesti\u00f3 de matr\u00edcula i d'assessorament presencial. A m\u00e9s, l'IEDIB compta amb el suport de centres col\u00b7laboradors repartits per tot el territori de les Illes Balears, on tamb\u00e9 es fan gestions\u00a0de matr\u00edcula i assessorament\u2026","rel":"","context":"Entrada similar","block_context":{"text":"Entrada similar","link":""},"img":{"alt_text":"","src":"","width":0,"height":0},"classes":[]},{"id":1031,"url":"https:\/\/iedib.net\/wordpress\/?page_id=1031","url_meta":{"origin":4981,"position":1},"title":"Preguntes freq\u00fcents(FAQs)","author":"wp_admin","date":"28 febrer, 2019","format":false,"excerpt":"Com s'estudia a l'IEDIB? + Els estudis a l\u2019IEDIB tenen una estructura formada per 8 unitats did\u00e0ctiques digitals. Dins pots trobar els apunts en format de llibre digital i les activitats online. Existeixen 3 tipus d\u2019activitats: d\u2019aprenentatge, avaluables i d\u2019ampliaci\u00f3. Les avaluables s\u00f3n les que compten per a la nota,\u2026","rel":"","context":"Entrada similar","block_context":{"text":"Entrada similar","link":""},"img":{"alt_text":"","src":"","width":0,"height":0},"classes":[]},{"id":1410,"url":"https:\/\/iedib.net\/wordpress\/?page_id=1410","url_meta":{"origin":4981,"position":2},"title":"Centres col\u00b7laboradors d&#8217;FP","author":"wp_admin","date":"19 mar\u00e7, 2019","format":false,"excerpt":"El centre de refer\u00e8ncia per fer gestions de matr\u00edcula i rebre assessorament individualitzat \u00e9s l'IEDIB. A m\u00e9s,\u00a0tamb\u00e9 teniu els centres col\u00b7laboradors repartits per tot el territori de les Illes Balears, on tamb\u00e9 es fan ex\u00e0mens i pr\u00e0ctiques d\u2019FP pels alumnes d'Eivissa i Menorca. FP2 -centres col\u00b7laboradors de IEDIB","rel":"","context":"Entrada similar","block_context":{"text":"Entrada similar","link":""},"img":{"alt_text":"","src":"","width":0,"height":0},"classes":[]},{"id":1408,"url":"https:\/\/iedib.net\/wordpress\/?page_id=1408","url_meta":{"origin":4981,"position":3},"title":"Centres col\u00b7laboradors de batxillerat","author":"wp_admin","date":"19 mar\u00e7, 2019","format":false,"excerpt":"A la seu de l\u2019IEDIB, situada al carrer de Salv\u00e0, 14, de Palma, es fan tasques de gesti\u00f3 de matr\u00edcula i d\u2019assessorament presencial. A m\u00e9s, l\u2019IEDIB compta amb el suport de centres col\u00b7laboradors repartits per tot el territori de les Illes Balears, on tamb\u00e9 es fan gestions de matr\u00edcula i\u2026","rel":"","context":"Entrada similar","block_context":{"text":"Entrada similar","link":""},"img":{"alt_text":"","src":"","width":0,"height":0},"classes":[]},{"id":42,"url":"https:\/\/iedib.net\/wordpress\/?page_id=42","url_meta":{"origin":4981,"position":4},"title":"Programa xarxa","author":"wp_admin","date":"5 abril, 2018","format":false,"excerpt":"FUNCIONS Permetre cursar mat\u00e8ries de batxillerat que no es cursen als centres d\u2019origen.Permetre cursar mat\u00e8ries que per raons organitzatives (hor\u00e0ries o altres) no es poden fer als centres d\u2019origen.Permetre cursar les mat\u00e8ries de primer quan un alumne de segon fa un canvi de modalitat. S\u2019ofereixen totes les mat\u00e8ries de totes\u2026","rel":"","context":"Entrada similar","block_context":{"text":"Entrada similar","link":""},"img":{"alt_text":"","src":"https:\/\/i0.wp.com\/iedib.net\/wordpress\/wp-content\/uploads\/2019\/06\/batxillerat-2.png?resize=350%2C200&ssl=1","width":350,"height":200,"srcset":"https:\/\/i0.wp.com\/iedib.net\/wordpress\/wp-content\/uploads\/2019\/06\/batxillerat-2.png?resize=350%2C200&ssl=1 1x, https:\/\/i0.wp.com\/iedib.net\/wordpress\/wp-content\/uploads\/2019\/06\/batxillerat-2.png?resize=525%2C300&ssl=1 1.5x, https:\/\/i0.wp.com\/iedib.net\/wordpress\/wp-content\/uploads\/2019\/06\/batxillerat-2.png?resize=700%2C400&ssl=1 2x, https:\/\/i0.wp.com\/iedib.net\/wordpress\/wp-content\/uploads\/2019\/06\/batxillerat-2.png?resize=1050%2C600&ssl=1 3x"},"classes":[]},{"id":1327,"url":"https:\/\/iedib.net\/wordpress\/?page_id=1327","url_meta":{"origin":4981,"position":5},"title":"EOI-IEDIB  (idiomes a dist\u00e0ncia)","author":"wp_admin","date":"28 mar\u00e7, 2019","format":false,"excerpt":"EOI-IEDIB \u00e9s l\u2019oferta educativa en l\u00ednia de les Escoles Oficials d\u2019Idiomes. RESUM INFORMATIU DELS ESTUDIS D'IDIOMES EN L\u00cdNIA ENSENYAMENT IDIOMESS\u00f3n uns ensenyaments oficials: idiomes de r\u00e8gim especial.La titulaci\u00f3 que s\u2019obt\u00e9 \u00e9s oficial i id\u00e8ntica a la que es podria obtenir en una Escola d\u2019Idiomes (EOI) presencial.L\u2019estructura, organitzaci\u00f3 i avaluaci\u00f3 \u00e9s\u2026","rel":"","context":"Entrada similar","block_context":{"text":"Entrada similar","link":""},"img":{"alt_text":"","src":"https:\/\/i0.wp.com\/iedib.net\/wordpress\/wp-content\/uploads\/2024\/05\/Capcalera-EOI.png?resize=350%2C200&ssl=1","width":350,"height":200,"srcset":"https:\/\/i0.wp.com\/iedib.net\/wordpress\/wp-content\/uploads\/2024\/05\/Capcalera-EOI.png?resize=350%2C200&ssl=1 1x, https:\/\/i0.wp.com\/iedib.net\/wordpress\/wp-content\/uploads\/2024\/05\/Capcalera-EOI.png?resize=525%2C300&ssl=1 1.5x, https:\/\/i0.wp.com\/iedib.net\/wordpress\/wp-content\/uploads\/2024\/05\/Capcalera-EOI.png?resize=700%2C400&ssl=1 2x, https:\/\/i0.wp.com\/iedib.net\/wordpress\/wp-content\/uploads\/2024\/05\/Capcalera-EOI.png?resize=1050%2C600&ssl=1 3x"},"classes":[]}],"_links":{"self":[{"href":"https:\/\/iedib.net\/wordpress\/index.php?rest_route=\/wp\/v2\/pages\/4981","targetHints":{"allow":["GET"]}}],"collection":[{"href":"https:\/\/iedib.net\/wordpress\/index.php?rest_route=\/wp\/v2\/pages"}],"about":[{"href":"https:\/\/iedib.net\/wordpress\/index.php?rest_route=\/wp\/v2\/types\/page"}],"author":[{"embeddable":true,"href":"https:\/\/iedib.net\/wordpress\/index.php?rest_route=\/wp\/v2\/users\/1"}],"replies":[{"embeddable":true,"href":"https:\/\/iedib.net\/wordpress\/index.php?rest_route=%2Fwp%2Fv2%2Fcomments&post=4981"}],"version-history":[{"count":1,"href":"https:\/\/iedib.net\/wordpress\/index.php?rest_route=\/wp\/v2\/pages\/4981\/revisions"}],"predecessor-version":[{"id":4983,"href":"https:\/\/iedib.net\/wordpress\/index.php?rest_route=\/wp\/v2\/pages\/4981\/revisions\/4983"}],"wp:attachment":[{"href":"https:\/\/iedib.net\/wordpress\/index.php?rest_route=%2Fwp%2Fv2%2Fmedia&parent=4981"}],"curies":[{"name":"wp","href":"https:\/\/api.w.org\/{rel}","templated":true}]}}