{"id":47,"date":"2018-04-05T09:11:11","date_gmt":"2018-04-05T09:11:11","guid":{"rendered":"https:\/\/iedib.wordpress.com\/?page_id=47"},"modified":"2025-11-24T11:50:31","modified_gmt":"2025-11-24T10:50:31","slug":"matricula-preparacio-prova-acces-cfgs","status":"publish","type":"page","link":"https:\/\/iedib.net\/wordpress\/?page_id=47","title":{"rendered":"Matr\u00edcula preparaci\u00f3 per a l&#8217;acc\u00e9s a la Universitat per a majors de 25 anys"},"content":{"rendered":"<div class=\"wp-block-image\">\n<figure class=\"aligncenter\"><a href=\"https:\/\/iedib.net\/wordpress\/?attachment_id=1699\" rel=\"attachment wp-att-1699\"><img data-recalc-dims=\"1\" loading=\"lazy\" decoding=\"async\" width=\"800\" height=\"200\" data-attachment-id=\"1699\" data-permalink=\"https:\/\/iedib.net\/wordpress\/?attachment_id=1699\" data-orig-file=\"https:\/\/i0.wp.com\/iedib.net\/wordpress\/wp-content\/uploads\/2019\/06\/batxillerat-3-1.png?fit=1200%2C300&amp;ssl=1\" data-orig-size=\"1200,300\" data-comments-opened=\"0\" data-image-meta=\"{&quot;aperture&quot;:&quot;0&quot;,&quot;credit&quot;:&quot;&quot;,&quot;camera&quot;:&quot;&quot;,&quot;caption&quot;:&quot;&quot;,&quot;created_timestamp&quot;:&quot;0&quot;,&quot;copyright&quot;:&quot;&quot;,&quot;focal_length&quot;:&quot;0&quot;,&quot;iso&quot;:&quot;0&quot;,&quot;shutter_speed&quot;:&quot;0&quot;,&quot;title&quot;:&quot;&quot;,&quot;orientation&quot;:&quot;0&quot;}\" data-image-title=\"batxillerat (3)\" data-image-description=\"\" data-image-caption=\"\" data-medium-file=\"https:\/\/i0.wp.com\/iedib.net\/wordpress\/wp-content\/uploads\/2019\/06\/batxillerat-3-1.png?fit=300%2C75&amp;ssl=1\" data-large-file=\"https:\/\/i0.wp.com\/iedib.net\/wordpress\/wp-content\/uploads\/2019\/06\/batxillerat-3-1.png?fit=800%2C200&amp;ssl=1\" src=\"https:\/\/i0.wp.com\/iedib.net\/wordpress\/wp-content\/uploads\/2019\/06\/batxillerat-3-1.png?resize=800%2C200&#038;ssl=1\" alt=\"\" class=\"wp-image-1699\" srcset=\"https:\/\/i0.wp.com\/iedib.net\/wordpress\/wp-content\/uploads\/2019\/06\/batxillerat-3-1.png?w=1200&amp;ssl=1 1200w, https:\/\/i0.wp.com\/iedib.net\/wordpress\/wp-content\/uploads\/2019\/06\/batxillerat-3-1.png?resize=300%2C75&amp;ssl=1 300w, https:\/\/i0.wp.com\/iedib.net\/wordpress\/wp-content\/uploads\/2019\/06\/batxillerat-3-1.png?resize=768%2C192&amp;ssl=1 768w, https:\/\/i0.wp.com\/iedib.net\/wordpress\/wp-content\/uploads\/2019\/06\/batxillerat-3-1.png?resize=1024%2C256&amp;ssl=1 1024w\" sizes=\"auto, (max-width: 800px) 100vw, 800px\" \/><\/a><\/figure>\n<\/div>\n\n\n<p><\/p>\n\n\n\n<p><strong>Proc\u00e9s d&#8217;admissi\u00f3 i matr\u00edcula pel curs 2025-2026 de l\u20191 al 31 de juliol i de l\u20191 al 19 de setembre.<\/strong><\/p>\n\n\n\n<div class=\"wp-block-c4l-tip c4l-tip\"><div class=\"c4l-tip-content\"><p>Us aconsellam mirar la seg\u00fcent\u00a0<a href=\"https:\/\/docs.google.com\/presentation\/d\/e\/2PACX-1vTuXE0iWkfb2wzCqs40kj-Re3wBXFMdVRhlnk-EvafdkRnwhbcYl7yryXe8q_7cxBflt564gYihrtqs\/pub?start=false&amp;loop=false&amp;delayms=3000&amp;slide=id.g2e2f5190b8c_0_14\">guia de matr\u00edcula<\/a>\u00a0o el\u00a0<a href=\"https:\/\/www.youtube.com\/watch?v=eKv2joGeaSw\">seg\u00fcent videotutorial<\/a>\u00a0per saber com funciona el proc\u00e9s de matr\u00edcula en tres passes.<\/p><\/div><\/div>\n\n\n\n<p class=\"has-text-align-center\"><\/p>\n\n\n\n<p>Hi ha dos processos possibles:<\/p>\n\n\n\n<p><strong>PROC\u00c9S D&#8217;AUTENTICACI\u00d3 AMB CLAU GESTIB O SISTEMA <a href=\"https:\/\/clave.gob.es\/clave_Home\/clave.html\">CL@VE<\/a><\/strong><\/p>\n\n\n\n<p>Aquest sistema permet enregistrar la sol\u00b7licitud sense la necessitat de presentar presencialment el justificant de la matr\u00edcula signat<\/p>\n\n\n\n<div class=\"custom-css-block\"><style>#aab_accordion_c020bbf9 {  }<\/style><\/div><div class=\"wp-block-aab-accordion-block aab__accordion_container  accessibilityOn\" style=\"margin-top:0px;margin-bottom:15px;border:1px solid #bcb6b638\" id=\"aab_accordion_c020bbf9\" role=\"button\" aria-expanded=\"false\" tabindex=\"0\"><div class=\"aab__accordion_head aab_right_icon \" style=\"background-color:#00a8ff;border-top:none;border-right:none;border-bottom:none;border-left:none\"><div class=\"aab__accordion_heading aab_right_icon aab_right_link\"><div class=\"head_content_wrapper\"><div class=\"title_wrapper\"><h5 class=\"aab__accordion_title\" style=\"margin:0;color:#424141\">Pas 1\/Assessorament<\/h5><\/div><\/div><\/div><div class=\"aab__accordion_icon\" style=\"border:0px solid transparent\"><span class=\"aab__icon dashicons dashicons-arrow-down\" style=\"font-size:23px\"><\/span><\/div><\/div><div class=\"aab__accordion_body  \" role=\"region\" style=\"display:none;border-top:1px solid #bcb6b638;border-right:none;border-bottom:none;border-left:none\"><div class=\"aab__accordion_component\">\n<p>P<strong>as 1:<\/strong>\u00a0Comprovar tots els requisits d\u2019acc\u00e9s i assessora\u2019t b\u00e9 de les mat\u00e8ries de les quals et vulguis matricular. Tens tota la informaci\u00f3 sobre el curs de preparaci\u00f3 de l\u2019acc\u00e9s a majors de 25 anys a la\u00a0<a href=\"https:\/\/iedib.net\/wordpress\/?page_id=879\">secci\u00f3 Preparaci\u00f3 per a l\u2019acc\u00e9s a la UIB per a majors de 25 anys\u00a0<\/a>. Tamb\u00e9 pots demanar informaci\u00f3 a l\u2019IEDIB per correu (info@iedib.net), tel\u00e8fon (971170650) o presencialment. L\u2019assessorament presencial o telef\u00f2nic es pot fer de dilluns a divendres de 9.00 a 14.00\u202fh, i de dilluns a dimecres de 14.00 a 20.00 h (excepte juliol)<\/p>\n<\/div><\/div><\/div>\n\n\n\n<div class=\"custom-css-block\"><style>#aab_accordion_acd7832a {  }<\/style><\/div><div class=\"wp-block-aab-accordion-block aab__accordion_container  accessibilityOn\" style=\"margin-top:0px;margin-bottom:15px;border:1px solid #bcb6b638\" id=\"aab_accordion_acd7832a\" role=\"button\" aria-expanded=\"false\" tabindex=\"0\"><div class=\"aab__accordion_head aab_right_icon \" style=\"background-color:#00a8ff;border-top:none;border-right:none;border-bottom:none;border-left:none\"><div class=\"aab__accordion_heading aab_right_icon aab_right_link\"><div class=\"head_content_wrapper\"><div class=\"title_wrapper\"><h5 class=\"aab__accordion_title\" style=\"margin:0;color:#424141\">Pas 2\/Pagament<\/h5><\/div><\/div><\/div><div class=\"aab__accordion_icon\" style=\"border:0px solid transparent\"><span class=\"aab__icon dashicons dashicons-arrow-down\" style=\"font-size:23px\"><\/span><\/div><\/div><div class=\"aab__accordion_body  \" role=\"region\" style=\"display:none;border-top:1px solid #bcb6b638;border-right:none;border-bottom:none;border-left:none\"><div class=\"aab__accordion_component\">\n<p><strong>Pas 2<\/strong>: Fer el pagament a trav\u00e9s de transfer\u00e8ncia banc\u00e0ria. Per fer el pagament s\u00f3n necess\u00e0ries les seg\u00fcents dades:<br>1.Beneficiari: IEDIB<br>2.N\u00famero de compte (IBAN):&nbsp;<strong>ES03 2100 0472 0102 0043 2806<\/strong><br>3.Aportaci\u00f3 volunt\u00e0ria:&nbsp;<strong>20\u202f\u20ac<\/strong>.<br>4.Concepte: Nom i llinatges de l\u2019alumne seguit del codi UIB25. Per exemple, per a un alumne que es diu Juan Fern\u00e1ndez P\u00e9rez i que es matricula en la preparaci\u00f3 al curs per a l\u2019acc\u00e9s a la UIB, al concepte de la transfer\u00e8ncia s\u2019hauria de posar: Juan Fern\u00e1ndez P\u00e9rez UIB25<\/p>\n\n\n\n<p>Si tens&nbsp;<strong>reducci\u00f3 o l\u2019exempci\u00f3<\/strong>&nbsp;de les aportacions per activitats escolars s\u2019ha de consultar el seg\u00fcent document i aportar la documentaci\u00f3 requerida quan s\u2019enregistri la sol\u00b7licitud (Pas3):&nbsp;<a href=\"https:\/\/docs.google.com\/document\/d\/1GZZiK_L4PyXUQuIKrVoy5Bcrxhqw_Ng1jfxSuCamDFE\/edit\">bonificacions.<\/a><\/p>\n<\/div><\/div><\/div>\n\n\n\n<div class=\"custom-css-block\"><style>#aab_accordion_d967581f {  }<\/style><\/div><div class=\"wp-block-aab-accordion-block aab__accordion_container  accessibilityOn\" style=\"margin-top:0px;margin-bottom:15px;border:1px solid #bcb6b638\" id=\"aab_accordion_d967581f\" role=\"button\" aria-expanded=\"false\" tabindex=\"0\"><div class=\"aab__accordion_head aab_right_icon \" style=\"background-color:#00a8ff;border-top:none;border-right:none;border-bottom:none;border-left:none\"><div class=\"aab__accordion_heading aab_right_icon aab_right_link\"><div class=\"head_content_wrapper\"><div class=\"title_wrapper\"><h5 class=\"aab__accordion_title\" style=\"margin:0;color:#424141\">Pas 3\/Sol\u00b7licitud<\/h5><\/div><\/div><\/div><div class=\"aab__accordion_icon\" style=\"border:0px solid transparent\"><span class=\"aab__icon dashicons dashicons-arrow-down\" style=\"font-size:23px\"><\/span><\/div><\/div><div class=\"aab__accordion_body  \" role=\"region\" style=\"display:none;border-top:1px solid #bcb6b638;border-right:none;border-bottom:none;border-left:none\"><div class=\"aab__accordion_component\">\n<p><strong>Enregistrar la sol\u00b7licitud telem\u00e0tica de batxillerat<\/strong>, que ser\u00e0 publicada en aquesta web en el moment corresponent. En aquesta sol\u00b7licitud s\u2019hauran d\u2019enregistrar les dades personals, fer una preselecci\u00f3 d\u2019estudis i mat\u00e8ries, triar el centre col\u00b7laborador on es faran els ex\u00e0mens i adjuntar la documentaci\u00f3 requerida:<br>1.C\u00f2pia del DNI o equivalent.<br>2.Justificant de pagament (on ha de figurar el nom i llinatges de l\u2019alumne i el codi UIB25)<br>3.En cas de tenir dret a&nbsp;<a href=\"https:\/\/docs.google.com\/document\/d\/1GZZiK_L4PyXUQuIKrVoy5Bcrxhqw_Ng1jfxSuCamDFE\/edit\">bonificacions<\/a>&nbsp;aportar la documentaci\u00f3 justificativa.<br><br>Acc\u00e9s a la sol\u00b7licitud(tancat)<\/p>\n<\/div><\/div><\/div>\n\n\n\n<hr class=\"wp-block-separator has-alpha-channel-opacity\"\/>\n\n\n\n<p><strong>PROC\u00c9S SENSE AUTENTICACI\u00d3<\/strong><\/p>\n\n\n\n<p>Aquest sistema requereix aportar documentaci\u00f3 d\u2019identificaci\u00f3 i dur la sol\u00b7licitud signada presencialment a IEDIB<\/p>\n\n\n\n<div class=\"custom-css-block\"><style>#aab_accordion_99d36950 {  }<\/style><\/div><div class=\"wp-block-aab-accordion-block aab__accordion_container  accessibilityOn\" style=\"margin-top:0px;margin-bottom:15px;border:1px solid #bcb6b638\" id=\"aab_accordion_99d36950\" role=\"button\" aria-expanded=\"false\" tabindex=\"0\"><div class=\"aab__accordion_head aab_right_icon \" style=\"background-color:#00a8ff;border-top:none;border-right:none;border-bottom:none;border-left:none\"><div class=\"aab__accordion_heading aab_right_icon aab_right_link\"><div class=\"head_content_wrapper\"><div class=\"title_wrapper\"><h5 class=\"aab__accordion_title\" style=\"margin:0;color:#424141\">Pas 1\/Assessorament<\/h5><\/div><\/div><\/div><div class=\"aab__accordion_icon\" style=\"border:0px solid transparent\"><span class=\"aab__icon dashicons dashicons-arrow-down\" style=\"font-size:23px\"><\/span><\/div><\/div><div class=\"aab__accordion_body  \" role=\"region\" style=\"display:none;border-top:1px solid #bcb6b638;border-right:none;border-bottom:none;border-left:none\"><div class=\"aab__accordion_component\">\n<p><strong>as 1:<\/strong>\u00a0Comprovar tots els requisits d\u2019acc\u00e9s i assessora\u2019t b\u00e9 de les mat\u00e8ries de les quals et vulguis matricular. Tens tota la informaci\u00f3 sobre el curs de preparaci\u00f3 de l\u2019acc\u00e9s a majors de 25 anys a la\u00a0<a href=\"https:\/\/iedib.net\/wordpress\/?page_id=879\">secci\u00f3 Preparaci\u00f3 per a l\u2019acc\u00e9s a la UIB per a majors de 25 anys\u00a0<\/a>. Tamb\u00e9 pots demanar informaci\u00f3 a l\u2019IEDIB per correu (info@iedib.net), tel\u00e8fon (971170650) o presencialment. L\u2019assessorament presencial o telef\u00f2nic es pot fer de 9.00 a 14.00\u202fh, i de dilluns a dimecres de 14.00 a 20.00 h (excepte juliol)<\/p>\n<\/div><\/div><\/div>\n\n\n\n<div class=\"custom-css-block\"><style>#aab_accordion_61cef103 {  }<\/style><\/div><div class=\"wp-block-aab-accordion-block aab__accordion_container  accessibilityOn\" style=\"margin-top:0px;margin-bottom:15px;border:1px solid #bcb6b638\" id=\"aab_accordion_61cef103\" role=\"button\" aria-expanded=\"false\" tabindex=\"0\"><div class=\"aab__accordion_head aab_right_icon \" style=\"background-color:#00a8ff;border-top:none;border-right:none;border-bottom:none;border-left:none\"><div class=\"aab__accordion_heading aab_right_icon aab_right_link\"><div class=\"head_content_wrapper\"><div class=\"title_wrapper\"><h5 class=\"aab__accordion_title\" style=\"margin:0;color:#424141\">Pas 2\/Pagament<\/h5><\/div><\/div><\/div><div class=\"aab__accordion_icon\" style=\"border:0px solid transparent\"><span class=\"aab__icon dashicons dashicons-arrow-down\" style=\"font-size:23px\"><\/span><\/div><\/div><div class=\"aab__accordion_body  \" role=\"region\" style=\"display:none;border-top:1px solid #bcb6b638;border-right:none;border-bottom:none;border-left:none\"><div class=\"aab__accordion_component\">\n<p><strong>Pas 2<\/strong>: Fer el pagament a trav\u00e9s de transfer\u00e8ncia banc\u00e0ria. Per fer el pagament s\u00f3n necess\u00e0ries les seg\u00fcents dades:<br>1.Beneficiari: IEDIB<br>2.N\u00famero de compte (IBAN):&nbsp;<strong>ES03 2100 0472 0102 0043 2806<\/strong><br>3.Aportaci\u00f3 volunt\u00e0ria:&nbsp;<strong>20\u202f\u20ac<\/strong>.<br>4.Concepte: Nom i llinatges de l\u2019alumne seguit del codi UIB25. Per exemple, per a un alumne que es diu Juan Fern\u00e1ndez P\u00e9rez i que es matricula en la preparaci\u00f3 al curs per a l\u2019acc\u00e9s a la UIB, al concepte de la transfer\u00e8ncia s\u2019hauria de posar: Juan Fern\u00e1ndez P\u00e9rez UIB25<\/p>\n\n\n\n<p>Si tens&nbsp;<strong>reducci\u00f3 o l\u2019exempci\u00f3<\/strong>&nbsp;de les aportacions per activitats escolars s\u2019ha de consultar el seg\u00fcent document i aportar la documentaci\u00f3 requerida quan s\u2019enregistri la sol\u00b7licitud (Pas3):&nbsp;<a href=\"https:\/\/docs.google.com\/document\/d\/1GZZiK_L4PyXUQuIKrVoy5Bcrxhqw_Ng1jfxSuCamDFE\/edit\">bonificacions.<\/a><\/p>\n<\/div><\/div><\/div>\n\n\n\n<div class=\"custom-css-block\"><style>#aab_accordion_d0c2f95c {  }<\/style><\/div><div class=\"wp-block-aab-accordion-block aab__accordion_container  accessibilityOn\" style=\"margin-top:0px;margin-bottom:15px;border:1px solid #bcb6b638\" id=\"aab_accordion_d0c2f95c\" role=\"button\" aria-expanded=\"false\" tabindex=\"0\"><div class=\"aab__accordion_head aab_right_icon \" style=\"background-color:#00a8ff;border-top:none;border-right:none;border-bottom:none;border-left:none\"><div class=\"aab__accordion_heading aab_right_icon aab_right_link\"><div class=\"head_content_wrapper\"><div class=\"title_wrapper\"><h5 class=\"aab__accordion_title\" style=\"margin:0;color:#424141\">Pas 3\/Sol\u00b7licitud<\/h5><\/div><\/div><\/div><div class=\"aab__accordion_icon\" style=\"border:0px solid transparent\"><span class=\"aab__icon dashicons dashicons-arrow-down\" style=\"font-size:23px\"><\/span><\/div><\/div><div class=\"aab__accordion_body  \" role=\"region\" style=\"display:none;border-top:1px solid #bcb6b638;border-right:none;border-bottom:none;border-left:none\"><div class=\"aab__accordion_component\">\n<p><strong>Enregistrar la sol\u00b7licitud telem\u00e0tica de batxillerat<\/strong>, que ser\u00e0 publicada en aquesta web en el moment corresponent. En aquesta sol\u00b7licitud s\u2019hauran d\u2019enregistrar les dades personals, fer una preselecci\u00f3 d\u2019estudis i mat\u00e8ries, triar el centre col\u00b7laborador on es faran els ex\u00e0mens i adjuntar la documentaci\u00f3 requerida:<br>1.C\u00f2pia del DNI o equivalent.<br>2.Justificant de pagament (on ha de figurar el nom i llinatges de l\u2019alumne i el codi UIB25)<br>3.En cas de tenir dret a&nbsp;<a href=\"https:\/\/docs.google.com\/document\/d\/1GZZiK_L4PyXUQuIKrVoy5Bcrxhqw_Ng1jfxSuCamDFE\/edit\">bonificacions<\/a>&nbsp;aportar la documentaci\u00f3 justificativa.<br><br>Acc\u00e9s a la sol\u00b7licitud(tancat)<\/p>\n<\/div><\/div><\/div>\n\n\n\n<hr class=\"wp-block-separator has-alpha-channel-opacity\"\/>\n\n\n\n<figure class=\"wp-block-table is-style-stripes\"><table><tbody><tr><td>Presentaci\u00f3 telem\u00e0tica per videoconfer\u00e8ncia. (Clicar l\u2019enlla\u00e7 el dia i l\u2019hora)<br><a href=\"https:\/\/meet.google.com\/ucw-jsku-uhb\">https:\/\/meet.google.com\/ucw-jsku-uhb<\/a><\/td><td class=\"has-text-align-center\" data-align=\"center\">30 de setembre, a les 18.00\u202fh<\/td><td><\/td><td><\/td><\/tr><tr><td>Comen\u00e7ament del curs i enviament de contrasenyes de l\u2019aula virtual<\/td><td class=\"has-text-align-center\" data-align=\"center\">1 d&#8217;octubre<\/td><td><\/td><td><\/td><\/tr><\/tbody><\/table><\/figure>\n","protected":false},"excerpt":{"rendered":"<p>Proc\u00e9s d&#8217;admissi\u00f3 i matr\u00edcula pel curs 2025-2026 de l\u20191 al 31 de juliol i de l\u20191 al 19 de setembre. Hi ha dos processos possibles: PROC\u00c9S D&#8217;AUTENTICACI\u00d3 AMB CLAU GESTIB &#8230;<\/p>\n","protected":false},"author":1,"featured_media":0,"parent":0,"menu_order":0,"comment_status":"closed","ping_status":"closed","template":"","meta":{"jetpack_post_was_ever_published":false,"footnotes":""},"class_list":["post-47","page","type-page","status-publish","hentry"],"jetpack_sharing_enabled":true,"jetpack_shortlink":"https:\/\/wp.me\/Pa5Owj-L","jetpack-related-posts":[{"id":45,"url":"https:\/\/iedib.net\/wordpress\/?page_id=45","url_meta":{"origin":47,"position":0},"title":"Matr\u00edcula programa xarxa","author":"wp_admin","date":"5 abril, 2018","format":false,"excerpt":"MATR\u00cdCULA D\u2019UNA MAT\u00c8RIA O M\u00c9S DE BATXILLERAT A DIST\u00c0NCIA PER ALUMNES D\u2019ALTRES CENTRES (PROGRAMA XARXA)El calendari del curs 2025-2026 \u00e9s el seg\u00fcent: L\u2019alumnat que vulgui cursar una mat\u00e8ria o m\u00e9s a dist\u00e0ncia, haur\u00e0 de formalitzar la matr\u00edcula presentant una sol\u00b7licitud al seu centre d\u2019origen\u00a0(en el qual est\u00e0 matriculat per a\u2026","rel":"","context":"Entrada similar","block_context":{"text":"Entrada similar","link":""},"img":{"alt_text":"","src":"https:\/\/i0.wp.com\/iedib.net\/wordpress\/wp-content\/uploads\/2019\/06\/batxillerat-1-1.png?resize=350%2C200&ssl=1","width":350,"height":200,"srcset":"https:\/\/i0.wp.com\/iedib.net\/wordpress\/wp-content\/uploads\/2019\/06\/batxillerat-1-1.png?resize=350%2C200&ssl=1 1x, https:\/\/i0.wp.com\/iedib.net\/wordpress\/wp-content\/uploads\/2019\/06\/batxillerat-1-1.png?resize=525%2C300&ssl=1 1.5x, https:\/\/i0.wp.com\/iedib.net\/wordpress\/wp-content\/uploads\/2019\/06\/batxillerat-1-1.png?resize=700%2C400&ssl=1 2x, https:\/\/i0.wp.com\/iedib.net\/wordpress\/wp-content\/uploads\/2019\/06\/batxillerat-1-1.png?resize=1050%2C600&ssl=1 3x"},"classes":[]},{"id":1440,"url":"https:\/\/iedib.net\/wordpress\/?page_id=1440","url_meta":{"origin":47,"position":1},"title":"Matr\u00edcula EOI-IEDIB  (idiomes a dist\u00e0ncia)","author":"wp_admin","date":"28 mar\u00e7, 2019","format":false,"excerpt":"Calendari de matr\u00edcula curs 2025-2026 MATR\u00cdCULA CURS 25-26 de l'1-31 de juliol i de l'1-19 de setembre \u26a0\ufe0f AV\u00cdS: El proc\u00e9s de matr\u00edcula pels curs 2025-2026 ha finalitzat i est\u00e0 tancat. REQUISITS D'ACC\u00c9S DNI o NIE en vigor. Cal tenir 16 anys l'any de la matr\u00edcula.PAS 1 - NIVELLEl nivell\u2026","rel":"","context":"Entrada similar","block_context":{"text":"Entrada similar","link":""},"img":{"alt_text":"","src":"https:\/\/i0.wp.com\/iedib.net\/wordpress\/wp-content\/uploads\/2019\/06\/batxillerat-4-1.png?resize=350%2C200&ssl=1","width":350,"height":200,"srcset":"https:\/\/i0.wp.com\/iedib.net\/wordpress\/wp-content\/uploads\/2019\/06\/batxillerat-4-1.png?resize=350%2C200&ssl=1 1x, https:\/\/i0.wp.com\/iedib.net\/wordpress\/wp-content\/uploads\/2019\/06\/batxillerat-4-1.png?resize=525%2C300&ssl=1 1.5x, https:\/\/i0.wp.com\/iedib.net\/wordpress\/wp-content\/uploads\/2019\/06\/batxillerat-4-1.png?resize=700%2C400&ssl=1 2x, https:\/\/i0.wp.com\/iedib.net\/wordpress\/wp-content\/uploads\/2019\/06\/batxillerat-4-1.png?resize=1050%2C600&ssl=1 3x"},"classes":[]},{"id":36,"url":"https:\/\/iedib.net\/wordpress\/?page_id=36","url_meta":{"origin":47,"position":2},"title":"Matr\u00edcula batxillerat","author":"wp_admin","date":"5 abril, 2018","format":false,"excerpt":"Proc\u00e9s d'admissi\u00f3 i matr\u00edcula pel curs 2025-2026 de l'1 al 31 de juliol i de l'1 al 19 de setembre. Us aconsellam mirar la seg\u00fcent guia de matr\u00edcula o el seg\u00fcent videotutorial per saber com funciona el proc\u00e9s de matr\u00edcula en tres passes. Hi ha dos processos possibles: PROC\u00c9S D'AUTENTICACI\u00d3\u2026","rel":"","context":"Entrada similar","block_context":{"text":"Entrada similar","link":""},"img":{"alt_text":"","src":"https:\/\/i0.wp.com\/iedib.net\/wordpress\/wp-content\/uploads\/2019\/06\/batxillerat-7.png?resize=350%2C200&ssl=1","width":350,"height":200,"srcset":"https:\/\/i0.wp.com\/iedib.net\/wordpress\/wp-content\/uploads\/2019\/06\/batxillerat-7.png?resize=350%2C200&ssl=1 1x, https:\/\/i0.wp.com\/iedib.net\/wordpress\/wp-content\/uploads\/2019\/06\/batxillerat-7.png?resize=525%2C300&ssl=1 1.5x, https:\/\/i0.wp.com\/iedib.net\/wordpress\/wp-content\/uploads\/2019\/06\/batxillerat-7.png?resize=700%2C400&ssl=1 2x, https:\/\/i0.wp.com\/iedib.net\/wordpress\/wp-content\/uploads\/2019\/06\/batxillerat-7.png?resize=1050%2C600&ssl=1 3x"},"classes":[]},{"id":5015,"url":"https:\/\/iedib.net\/wordpress\/?page_id=5015","url_meta":{"origin":47,"position":3},"title":"Matr\u00edcula FCT (pr\u00e0ctiques finals)","author":"wp_admin","date":"28 abril, 2025","format":false,"excerpt":"El m\u00f2dul de formaci\u00f3 en centres de treball (FCT), \u00e9s un m\u00f2dul presencial on l'alumnat ha de fer 400 hores de pr\u00e0ctiques presencials. Es realitza a centres de treball situats a l'entorn del seu domicili, mitjan\u00e7ant un acord formatiu de col\u00b7laboraci\u00f3 que subscriuen l'institut i l'empresa. Aquestes pr\u00e0ctiques formen part\u2026","rel":"","context":"Entrada similar","block_context":{"text":"Entrada similar","link":""},"img":{"alt_text":"","src":"https:\/\/i0.wp.com\/iedib.net\/wordpress\/wp-content\/uploads\/2020\/07\/Copia-de-batxillerat-3.png?resize=350%2C200&ssl=1","width":350,"height":200,"srcset":"https:\/\/i0.wp.com\/iedib.net\/wordpress\/wp-content\/uploads\/2020\/07\/Copia-de-batxillerat-3.png?resize=350%2C200&ssl=1 1x, https:\/\/i0.wp.com\/iedib.net\/wordpress\/wp-content\/uploads\/2020\/07\/Copia-de-batxillerat-3.png?resize=525%2C300&ssl=1 1.5x, https:\/\/i0.wp.com\/iedib.net\/wordpress\/wp-content\/uploads\/2020\/07\/Copia-de-batxillerat-3.png?resize=700%2C400&ssl=1 2x"},"classes":[]},{"id":3234,"url":"https:\/\/iedib.net\/wordpress\/?page_id=3234","url_meta":{"origin":47,"position":4},"title":"Matr\u00edcula curs d&#8217;especialitzaci\u00f3 en intel\u00b7lig\u00e8ncia artificial i dades massives","author":"wp_admin","date":"13 maig, 2022","format":false,"excerpt":"La preinscripci\u00f3 i matr\u00edcula del curs d'especialitzaci\u00f3 es far\u00e0 tenint en compte els terminis publicats a la\u00a0web\u00a0de la direcci\u00f3 general d\u2019FP que regula tot el proc\u00e9s de la matr\u00edcula. A continuaci\u00f3 teniu un resum del calendari de tot el proc\u00e9s. Calendari curs 25-26 Proc\u00e9sTerminiPas 1 (Presentaci\u00f3 de sol\u00b7licituds):\u00a0hi ha dos\u2026","rel":"","context":"Entrada similar","block_context":{"text":"Entrada similar","link":""},"img":{"alt_text":"","src":"https:\/\/i0.wp.com\/iedib.net\/wordpress\/wp-content\/uploads\/2022\/06\/Informatica-1-1.png?resize=350%2C200&ssl=1","width":350,"height":200,"srcset":"https:\/\/i0.wp.com\/iedib.net\/wordpress\/wp-content\/uploads\/2022\/06\/Informatica-1-1.png?resize=350%2C200&ssl=1 1x, https:\/\/i0.wp.com\/iedib.net\/wordpress\/wp-content\/uploads\/2022\/06\/Informatica-1-1.png?resize=525%2C300&ssl=1 1.5x, https:\/\/i0.wp.com\/iedib.net\/wordpress\/wp-content\/uploads\/2022\/06\/Informatica-1-1.png?resize=700%2C400&ssl=1 2x"},"classes":[]},{"id":91,"url":"https:\/\/iedib.net\/wordpress\/?page_id=91","url_meta":{"origin":47,"position":5},"title":"Matr\u00edcula preparaci\u00f3 de selectivitat (PAU)","author":"wp_admin","date":"11 abril, 2018","format":false,"excerpt":"Proc\u00e9s d'admissi\u00f3 i matr\u00edcula pel curs 2025-2026 del 2 al 8 de febrer Us aconsellam mirar la seg\u00fcent guia de matr\u00edcula o el seg\u00fcent videotutorial per saber com funciona el proc\u00e9s de matr\u00edcula en tres passes. Hi ha dos processos possibles: PROC\u00c9S D'AUTENTICACI\u00d3 AMB CLAU GESTIB O SISTEMA CL@VE Aquest\u2026","rel":"","context":"Entrada similar","block_context":{"text":"Entrada similar","link":""},"img":{"alt_text":"","src":"https:\/\/i0.wp.com\/iedib.net\/wordpress\/wp-content\/uploads\/2019\/06\/batxillerat-3-1.png?resize=350%2C200&ssl=1","width":350,"height":200,"srcset":"https:\/\/i0.wp.com\/iedib.net\/wordpress\/wp-content\/uploads\/2019\/06\/batxillerat-3-1.png?resize=350%2C200&ssl=1 1x, https:\/\/i0.wp.com\/iedib.net\/wordpress\/wp-content\/uploads\/2019\/06\/batxillerat-3-1.png?resize=525%2C300&ssl=1 1.5x, https:\/\/i0.wp.com\/iedib.net\/wordpress\/wp-content\/uploads\/2019\/06\/batxillerat-3-1.png?resize=700%2C400&ssl=1 2x, https:\/\/i0.wp.com\/iedib.net\/wordpress\/wp-content\/uploads\/2019\/06\/batxillerat-3-1.png?resize=1050%2C600&ssl=1 3x"},"classes":[]}],"_links":{"self":[{"href":"https:\/\/iedib.net\/wordpress\/index.php?rest_route=\/wp\/v2\/pages\/47","targetHints":{"allow":["GET"]}}],"collection":[{"href":"https:\/\/iedib.net\/wordpress\/index.php?rest_route=\/wp\/v2\/pages"}],"about":[{"href":"https:\/\/iedib.net\/wordpress\/index.php?rest_route=\/wp\/v2\/types\/page"}],"author":[{"embeddable":true,"href":"https:\/\/iedib.net\/wordpress\/index.php?rest_route=\/wp\/v2\/users\/1"}],"replies":[{"embeddable":true,"href":"https:\/\/iedib.net\/wordpress\/index.php?rest_route=%2Fwp%2Fv2%2Fcomments&post=47"}],"version-history":[{"count":92,"href":"https:\/\/iedib.net\/wordpress\/index.php?rest_route=\/wp\/v2\/pages\/47\/revisions"}],"predecessor-version":[{"id":5556,"href":"https:\/\/iedib.net\/wordpress\/index.php?rest_route=\/wp\/v2\/pages\/47\/revisions\/5556"}],"wp:attachment":[{"href":"https:\/\/iedib.net\/wordpress\/index.php?rest_route=%2Fwp%2Fv2%2Fmedia&parent=47"}],"curies":[{"name":"wp","href":"https:\/\/api.w.org\/{rel}","templated":true}]}}