{"id":41,"date":"2018-04-05T09:07:42","date_gmt":"2018-04-05T09:07:42","guid":{"rendered":"https:\/\/iedib.wordpress.com\/?page_id=37"},"modified":"2025-06-24T11:39:52","modified_gmt":"2025-06-24T09:39:52","slug":"batxillerat","status":"publish","type":"page","link":"https:\/\/iedib.net\/wordpress\/?page_id=41","title":{"rendered":"Batxillerat"},"content":{"rendered":"<div class=\"wp-block-image\">\n<figure class=\"aligncenter\"><a href=\"https:\/\/iedib.net\/wordpress\/?attachment_id=1678\" rel=\"attachment wp-att-1678\"><img data-recalc-dims=\"1\" loading=\"lazy\" decoding=\"async\" width=\"800\" height=\"200\" data-attachment-id=\"1678\" data-permalink=\"https:\/\/iedib.net\/wordpress\/?attachment_id=1678\" data-orig-file=\"https:\/\/i0.wp.com\/iedib.net\/wordpress\/wp-content\/uploads\/2019\/06\/batxillerat.png?fit=1200%2C300&amp;ssl=1\" data-orig-size=\"1200,300\" data-comments-opened=\"0\" data-image-meta=\"{&quot;aperture&quot;:&quot;0&quot;,&quot;credit&quot;:&quot;&quot;,&quot;camera&quot;:&quot;&quot;,&quot;caption&quot;:&quot;&quot;,&quot;created_timestamp&quot;:&quot;0&quot;,&quot;copyright&quot;:&quot;&quot;,&quot;focal_length&quot;:&quot;0&quot;,&quot;iso&quot;:&quot;0&quot;,&quot;shutter_speed&quot;:&quot;0&quot;,&quot;title&quot;:&quot;&quot;,&quot;orientation&quot;:&quot;0&quot;}\" data-image-title=\"batxillerat\" data-image-description=\"\" data-image-caption=\"\" data-large-file=\"https:\/\/i0.wp.com\/iedib.net\/wordpress\/wp-content\/uploads\/2019\/06\/batxillerat.png?fit=800%2C200&amp;ssl=1\" src=\"https:\/\/i0.wp.com\/iedib.net\/wordpress\/wp-content\/uploads\/2019\/06\/batxillerat.png?resize=800%2C200&#038;ssl=1\" alt=\"\" class=\"wp-image-1678\" srcset=\"https:\/\/i0.wp.com\/iedib.net\/wordpress\/wp-content\/uploads\/2019\/06\/batxillerat.png?w=1200&amp;ssl=1 1200w, https:\/\/i0.wp.com\/iedib.net\/wordpress\/wp-content\/uploads\/2019\/06\/batxillerat.png?resize=300%2C75&amp;ssl=1 300w, https:\/\/i0.wp.com\/iedib.net\/wordpress\/wp-content\/uploads\/2019\/06\/batxillerat.png?resize=768%2C192&amp;ssl=1 768w, https:\/\/i0.wp.com\/iedib.net\/wordpress\/wp-content\/uploads\/2019\/06\/batxillerat.png?resize=1024%2C256&amp;ssl=1 1024w\" sizes=\"auto, (max-width: 800px) 100vw, 800px\" \/><\/a><\/figure>\n<\/div>\n\n\n<p><span style=\"color: #333333; font-family: Raleway, Helvetica, Arial, sans-serif; font-size: 1.25rem; font-weight: 600;\">DESTINATARIS<\/span><\/p>\n\n\n\n<p>L\u2019educaci\u00f3 a dist\u00e0ncia est\u00e0 especialment dissenyada per a aquelles persones que, per les seves circumst\u00e0ncies personals, no poden acudir regularment a un centre educatiu. Va adre\u00e7ada a gent major d&#8217;edat, aquells que compleixen 18 anys l&#8217;any de la matr\u00edcula o a menors d&#8217;edat que tinguin circumst\u00e0ncies especials que no els permeten seguir estudis presencials. Els menors d&#8217;edat han de rebre l&#8217;autoritzaci\u00f3 de l&#8217;IEDIB per formalitzar la matr\u00edcula. Excepcionalment, els menors de 16 anys es poden matricular sempre que ho autoritzi la Direcci\u00f3 General de Planificaci\u00f3 i Centres de la Conselleria d&#8217;Educaci\u00f3.<\/p>\n\n\n\n<h3 class=\"wp-block-heading\">ORGANITZACI\u00d3<\/h3>\n\n\n\n<p>L&#8217;IEDIB est\u00e0 integrat per un equip de professors-tutors especialitzats en aquesta modalitat que ofereixen diverses possibilitats&nbsp; d&#8217;orientaci\u00f3:<\/p>\n\n\n\n<div class=\"wp-block-columns is-layout-flex wp-container-core-columns-is-layout-9d6595d7 wp-block-columns-is-layout-flex\">\n<div class=\"wp-block-column is-layout-flow wp-block-column-is-layout-flow\" style=\"flex-basis:100%\">\n<ol class=\"wp-block-list\">\n<li><strong>Tutoria en l\u00ednia<\/strong>: a trav\u00e9s de l&#8217;aula virtual per missatgeria, f\u00f2rums, per videoconfer\u00e8ncia i per tel\u00e8fon. Les consultes poden anar adre\u00e7ades al professor titular de la mat\u00e8ria o al tutor si s\u00f3n de car\u00e0cter general. Per contactar amb el tutor s&#8217;ha d&#8217;accedir a l&#8217;aula virtual de tutoria.<\/li>\n\n\n\n<li><strong>Tutoria presencial<\/strong>: per casos excepcionals, a la seu de l&#8217;IEDIB (situada al carrer Salv\u00e0 14 de Palma).<\/li>\n<\/ol>\n<\/div>\n<\/div>\n\n\n\n<div class=\"wp-block-columns is-layout-flex wp-container-core-columns-is-layout-9d6595d7 wp-block-columns-is-layout-flex\">\n<div class=\"wp-block-column is-layout-flow wp-block-column-is-layout-flow\" style=\"flex-basis:100%\">\n<h3 class=\"wp-block-heading\">FUNCIONAMENT DE LES ASSIGNATURES<\/h3>\n<\/div>\n<\/div>\n\n\n\n<div class=\"wp-block-columns is-layout-flex wp-container-core-columns-is-layout-9d6595d7 wp-block-columns-is-layout-flex\">\n<div class=\"wp-block-column is-layout-flow wp-block-column-is-layout-flow\" style=\"flex-basis:100%\">\n<p>A la cap\u00e7alera de l&#8217;aula virtual trobam l&#8217;apartat <strong>funcionament de la mat\u00e8ria<\/strong> on s&#8217;explica com funciona cada mat\u00e8ria; estan penjades a la cap\u00e7alera de l\u2019<a href=\"https:\/\/iedib.net\/avirtual\/\" target=\"_blank\" rel=\"noreferrer noopener\">Aula Virtual<\/a>. Tamb\u00e9, s&#8217;hi troba tot el material per poder seguir el curs, els recursos en format digital (no hi ha llibres de text, ja que tot est\u00e0 a l&#8217;aula virtual) i les activitats en l\u00ednia, que s\u00f3n entre el 25-35% de la nota final i que s&#8217;han de lliurar peri\u00f2dicament.<\/p>\n<\/div>\n<\/div>\n\n\n\n<p>Aquest batxillerat a dist\u00e0ncia t\u00e9 la mateixa validesa que la del batxillerat presencial o di\u00fcrn. &nbsp;A m\u00e9s a m\u00e9s, l\u2019alumnat no est\u00e0 sotm\u00e8s a la limitaci\u00f3 de convocat\u00f2ries.<\/p>\n\n\n\n<div class=\"wp-block-columns is-layout-flex wp-container-core-columns-is-layout-9d6595d7 wp-block-columns-is-layout-flex\">\n<div class=\"wp-block-column is-layout-flow wp-block-column-is-layout-flow\" style=\"flex-basis:100%\">\n<h3 class=\"wp-block-heading\">MATR\u00cdCULA<\/h3>\n<\/div>\n<\/div>\n\n\n\n<div class=\"wp-block-columns is-layout-flex wp-container-core-columns-is-layout-9d6595d7 wp-block-columns-is-layout-flex\">\n<div class=\"wp-block-column is-layout-flow wp-block-column-is-layout-flow\" style=\"flex-basis:100%\">\n<p>Per obtenir m\u00e9s informaci\u00f3 sobre la matr\u00edcula es pot consultar l&#8217;apartat de <a href=\"https:\/\/iedib.net\/wordpress\/?page_id=36\" target=\"_blank\" rel=\"noopener noreferrer\">matr\u00edcula de batxillerat<\/a> d&#8217;aquesta web.<\/p>\n<\/div>\n<\/div>\n\n\n\n<p>S&#8217;ofereixen totes les modalitats i totes les mat\u00e8ries permeses per la llei. \u00c9s l&#8217;\u00fanic centre de les Illes Balears que t\u00e9 totes les mat\u00e8ries possibles.<\/p>\n\n\n\n<p>A continuaci\u00f3 es poden consultar les mat\u00e8ries de cada modalitat i el nombre de mat\u00e8ries que es poden triar de cada tipus. Algunes mat\u00e8ries de segon requereixen haver cursat pr\u00e8viament la mat\u00e8ria de primer corresponent, a m\u00e9s d&#8217;altres requisits.\u00a0 (<a href=\"https:\/\/iedib.net\/wordpress\/?page_id=200\" target=\"_blank\" rel=\"noopener noreferrer\">Vegeu mat\u00e8ries amb requisits<\/a>)<\/p>\n\n\n\n<ul class=\"wp-block-list\">\n<li><a rel=\"noopener noreferrer\" href=\"https:\/\/iedib.net\/wordpress\/?page_id=207\" target=\"_blank\">Modalitat ci\u00e8ncies<\/a><\/li>\n\n\n\n<li><a rel=\"noopener noreferrer\" href=\"https:\/\/iedib.net\/wordpress\/?page_id=209\" target=\"_blank\">Modalitat human\u00edstic-social<\/a><\/li>\n\n\n\n<li><a rel=\"noopener noreferrer\" href=\"https:\/\/iedib.net\/wordpress\/?page_id=211\" target=\"_blank\">Modalitat arts pl\u00e0stiques<\/a><\/li>\n\n\n\n<li><a rel=\"noreferrer noopener\" href=\"https:\/\/iedib.net\/wordpress\/?page_id=3126\" data-type=\"page\" data-id=\"3126\" target=\"_blank\">Modalitat m\u00fasica i arts esc\u00e8niques<\/a><\/li>\n\n\n\n<li><a rel=\"noreferrer noopener\" href=\"https:\/\/iedib.net\/wordpress\/?page_id=3170\" data-type=\"page\" data-id=\"3170\" target=\"_blank\">Modalitat general<\/a>.<\/li>\n<\/ul>\n\n\n\n<p><\/p>\n","protected":false},"excerpt":{"rendered":"<p>DESTINATARIS L\u2019educaci\u00f3 a dist\u00e0ncia est\u00e0 especialment dissenyada per a aquelles persones que, per les seves circumst\u00e0ncies personals, no poden acudir regularment a un centre educatiu. Va adre\u00e7ada a gent major &#8230;<\/p>\n","protected":false},"author":1,"featured_media":0,"parent":0,"menu_order":0,"comment_status":"closed","ping_status":"closed","template":"","meta":{"jetpack_post_was_ever_published":false,"footnotes":""},"class_list":["post-41","page","type-page","status-publish","hentry"],"jetpack_sharing_enabled":false,"jetpack_shortlink":"https:\/\/wp.me\/Pa5Owj-F","jetpack-related-posts":[{"id":34,"url":"https:\/\/iedib.net\/wordpress\/?page_id=34","url_meta":{"origin":41,"position":0},"title":"Secretaria","author":"wp_admin","date":"5 abril, 2018","format":false,"excerpt":"HORARI DE SECRETARIA L'horari d'atenci\u00f3 al p\u00fablic de la Secretaria de la seu central de l'IEDIB \u00e9s el seg\u00fcent: De dilluns a divendres de 9 a 14 h, i de dilluns a dimecres de 15 a 20 h. INFORMACI\u00d3 I FORMULARIS Us presentem un recull de formularis i informaci\u00f3 que\u2026","rel":"","context":"Entrada similar","block_context":{"text":"Entrada similar","link":""},"img":{"alt_text":"","src":"https:\/\/i0.wp.com\/iedib.net\/wordpress\/wp-content\/uploads\/2020\/07\/Copia-de-batxillerat-3.png?resize=350%2C200&ssl=1","width":350,"height":200,"srcset":"https:\/\/i0.wp.com\/iedib.net\/wordpress\/wp-content\/uploads\/2020\/07\/Copia-de-batxillerat-3.png?resize=350%2C200&ssl=1 1x, https:\/\/i0.wp.com\/iedib.net\/wordpress\/wp-content\/uploads\/2020\/07\/Copia-de-batxillerat-3.png?resize=525%2C300&ssl=1 1.5x, https:\/\/i0.wp.com\/iedib.net\/wordpress\/wp-content\/uploads\/2020\/07\/Copia-de-batxillerat-3.png?resize=700%2C400&ssl=1 2x"},"classes":[]},{"id":5835,"url":"https:\/\/iedib.net\/wordpress\/?page_id=5835","url_meta":{"origin":41,"position":1},"title":"Causes de baixa d&#8217;ofici de la matr\u00edcula","author":"wp_admin","date":"18 febrer, 2026","format":false,"excerpt":"La formaci\u00f3 professional en modalitat virtual precisa d\u2019un acc\u00e9s continu a l\u2019aula virtual. El fet de no realitzar l\u2019esmentat acc\u00e9s pot ocasionar la baixa d\u2019ofici de la matr\u00edcula. Les circumst\u00e0ncies que ho permeten s\u00f3n: No accedir a l\u2019aula virtual durant els quinze dies naturals seg\u00fcents a l\u2019inici del curs escolar\u2026","rel":"","context":"Entrada similar","block_context":{"text":"Entrada similar","link":""},"img":{"alt_text":"","src":"","width":0,"height":0},"classes":[]},{"id":5561,"url":"https:\/\/iedib.net\/wordpress\/?page_id=5561","url_meta":{"origin":41,"position":2},"title":"SECRETARIA","author":"Oficines","date":"19 desembre, 2025","format":false,"excerpt":"HORARI D'ATENCI\u00d3 AL P\u00daBLIC De dilluns a divendres, de 9 a 14 h. \/ De dilluns a dimecres, de 15 a 20 h. Juliol, de 9 a 14 h. Agost, tancat De forma presencial - C\/ de Salv\u00e0, 14 - 07013 Palma Per tel\u00e8fon - 971170650 Per mail - info@iedib.net\u2026","rel":"","context":"Entrada similar","block_context":{"text":"Entrada similar","link":""},"img":{"alt_text":"","src":"https:\/\/i0.wp.com\/iedib.net\/wordpress\/wp-content\/uploads\/2020\/07\/Copia-de-batxillerat-3.png?resize=350%2C200&ssl=1","width":350,"height":200,"srcset":"https:\/\/i0.wp.com\/iedib.net\/wordpress\/wp-content\/uploads\/2020\/07\/Copia-de-batxillerat-3.png?resize=350%2C200&ssl=1 1x, https:\/\/i0.wp.com\/iedib.net\/wordpress\/wp-content\/uploads\/2020\/07\/Copia-de-batxillerat-3.png?resize=525%2C300&ssl=1 1.5x, https:\/\/i0.wp.com\/iedib.net\/wordpress\/wp-content\/uploads\/2020\/07\/Copia-de-batxillerat-3.png?resize=700%2C400&ssl=1 2x"},"classes":[]},{"id":1031,"url":"https:\/\/iedib.net\/wordpress\/?page_id=1031","url_meta":{"origin":41,"position":3},"title":"Preguntes freq\u00fcents(FAQs)","author":"wp_admin","date":"28 febrer, 2019","format":false,"excerpt":"Com s'estudia a l'IEDIB? + Els estudis a l\u2019IEDIB tenen una estructura formada per 8 unitats did\u00e0ctiques digitals. Dins pots trobar els apunts en format de llibre digital i les activitats online. Existeixen 3 tipus d\u2019activitats: d\u2019aprenentatge, avaluables i d\u2019ampliaci\u00f3. Les avaluables s\u00f3n les que compten per a la nota,\u2026","rel":"","context":"Entrada similar","block_context":{"text":"Entrada similar","link":""},"img":{"alt_text":"","src":"","width":0,"height":0},"classes":[]},{"id":47,"url":"https:\/\/iedib.net\/wordpress\/?page_id=47","url_meta":{"origin":41,"position":4},"title":"Matr\u00edcula preparaci\u00f3 per a l&#8217;acc\u00e9s a la Universitat per a majors de 25 anys","author":"wp_admin","date":"5 abril, 2018","format":false,"excerpt":"Proc\u00e9s d'admissi\u00f3 i matr\u00edcula pel curs 2025-2026 de l\u20191 al 31 de juliol i de l\u20191 al 19 de setembre. Us aconsellam mirar la seg\u00fcent\u00a0guia de matr\u00edcula\u00a0o el\u00a0seg\u00fcent videotutorial\u00a0per saber com funciona el proc\u00e9s de matr\u00edcula en tres passes. Hi ha dos processos possibles: PROC\u00c9S D'AUTENTICACI\u00d3 AMB CLAU GESTIB O\u2026","rel":"","context":"Entrada similar","block_context":{"text":"Entrada similar","link":""},"img":{"alt_text":"","src":"https:\/\/i0.wp.com\/iedib.net\/wordpress\/wp-content\/uploads\/2019\/06\/batxillerat-3-1.png?resize=350%2C200&ssl=1","width":350,"height":200,"srcset":"https:\/\/i0.wp.com\/iedib.net\/wordpress\/wp-content\/uploads\/2019\/06\/batxillerat-3-1.png?resize=350%2C200&ssl=1 1x, https:\/\/i0.wp.com\/iedib.net\/wordpress\/wp-content\/uploads\/2019\/06\/batxillerat-3-1.png?resize=525%2C300&ssl=1 1.5x, https:\/\/i0.wp.com\/iedib.net\/wordpress\/wp-content\/uploads\/2019\/06\/batxillerat-3-1.png?resize=700%2C400&ssl=1 2x, https:\/\/i0.wp.com\/iedib.net\/wordpress\/wp-content\/uploads\/2019\/06\/batxillerat-3-1.png?resize=1050%2C600&ssl=1 3x"},"classes":[]},{"id":879,"url":"https:\/\/iedib.net\/wordpress\/?page_id=879","url_meta":{"origin":41,"position":5},"title":"Preparaci\u00f3 per a l&#8217;acc\u00e9s a la Universitat per a majors de 25 anys","author":"wp_admin","date":"12 febrer, 2019","format":false,"excerpt":"Aquest curs de preparaci\u00f3 va dirigit a persones que volen accedir a la Universitat i compleixen 25 anys l'any de la prova.A trav\u00e9s del curs de\u00a0Preparaci\u00f3 per a l'acc\u00e9s a la Universitat per a majors de 25 anys\u00a0l'alumne podr\u00e0 obtenir un material te\u00f2ric digital de cada mat\u00e8ria i unes activitats\u2026","rel":"","context":"Entrada similar","block_context":{"text":"Entrada similar","link":""},"img":{"alt_text":"","src":"https:\/\/i0.wp.com\/iedib.net\/wordpress\/wp-content\/uploads\/2019\/06\/batxillerat-8.png?resize=350%2C200&ssl=1","width":350,"height":200,"srcset":"https:\/\/i0.wp.com\/iedib.net\/wordpress\/wp-content\/uploads\/2019\/06\/batxillerat-8.png?resize=350%2C200&ssl=1 1x, https:\/\/i0.wp.com\/iedib.net\/wordpress\/wp-content\/uploads\/2019\/06\/batxillerat-8.png?resize=525%2C300&ssl=1 1.5x, https:\/\/i0.wp.com\/iedib.net\/wordpress\/wp-content\/uploads\/2019\/06\/batxillerat-8.png?resize=700%2C400&ssl=1 2x, https:\/\/i0.wp.com\/iedib.net\/wordpress\/wp-content\/uploads\/2019\/06\/batxillerat-8.png?resize=1050%2C600&ssl=1 3x"},"classes":[]}],"_links":{"self":[{"href":"https:\/\/iedib.net\/wordpress\/index.php?rest_route=\/wp\/v2\/pages\/41","targetHints":{"allow":["GET"]}}],"collection":[{"href":"https:\/\/iedib.net\/wordpress\/index.php?rest_route=\/wp\/v2\/pages"}],"about":[{"href":"https:\/\/iedib.net\/wordpress\/index.php?rest_route=\/wp\/v2\/types\/page"}],"author":[{"embeddable":true,"href":"https:\/\/iedib.net\/wordpress\/index.php?rest_route=\/wp\/v2\/users\/1"}],"replies":[{"embeddable":true,"href":"https:\/\/iedib.net\/wordpress\/index.php?rest_route=%2Fwp%2Fv2%2Fcomments&post=41"}],"version-history":[{"count":32,"href":"https:\/\/iedib.net\/wordpress\/index.php?rest_route=\/wp\/v2\/pages\/41\/revisions"}],"predecessor-version":[{"id":5230,"href":"https:\/\/iedib.net\/wordpress\/index.php?rest_route=\/wp\/v2\/pages\/41\/revisions\/5230"}],"wp:attachment":[{"href":"https:\/\/iedib.net\/wordpress\/index.php?rest_route=%2Fwp%2Fv2%2Fmedia&parent=41"}],"curies":[{"name":"wp","href":"https:\/\/api.w.org\/{rel}","templated":true}]}}