{"id":35,"date":"2018-04-05T09:00:21","date_gmt":"2018-04-05T09:00:21","guid":{"rendered":"https:\/\/iedib.wordpress.com\/?page_id=25"},"modified":"2025-04-09T12:37:16","modified_gmt":"2025-04-09T10:37:16","slug":"centres-col%c2%b7laboradors","status":"publish","type":"page","link":"https:\/\/iedib.net\/wordpress\/?page_id=35","title":{"rendered":"Centres col\u00b7laboradors"},"content":{"rendered":"<p style=\"text-align: justify;\">A la seu de l&#8217;IEDIB, situada al carrer de Salv\u00e0, 14, de Palma, es fan tasques de gesti\u00f3 de matr\u00edcula i d&#8217;assessorament presencial. A m\u00e9s, l&#8217;IEDIB compta amb el suport de centres col\u00b7laboradors repartits per tot el territori de les Illes Balears, on tamb\u00e9 es fan gestions\u00a0de matr\u00edcula i assessorament presencial , ex\u00e0mens i pr\u00e0ctiques d&#8217;FP.<\/p>\n<p>Tenim dos tipus de centres col\u00b7laboradors:<\/p>\n<ul>\n<li style=\"text-align: justify;\"><a href=\"https:\/\/iedib.net\/wordpress\/?page_id=1408\" target=\"_blank\" rel=\"noopener\"><strong>Centres col\u00b7laboradors de batxillerat,<\/strong><\/a> on es far\u00e0 assessorament presencial i de matr\u00edcula i on l&#8217;alumnat far\u00e0 els ex\u00e0mens.<\/li>\n<li style=\"text-align: justify;\"><strong><a href=\"https:\/\/iedib.net\/wordpress\/?page_id=1410\" target=\"_blank\" rel=\"noopener\">Centres col\u00b7laboradors d&#8217;FP<\/a>,<\/strong> on es far\u00e0 assessorament de matr\u00edcula, les pr\u00e0ctiques necess\u00e0ries i els ex\u00e0mens.<\/li>\n<li><a href=\"https:\/\/iedib.net\/wordpress\/?page_id=4981\"><strong>Els centres col\u00b7laboradors d&#8217;idiomes a dist\u00e0ncia<\/strong><\/a><strong>,<\/strong> s\u00f3n els centres on es faran els ex\u00e0mens presencials dels nivells de certificaci\u00f3 dels diferents idiomes.<\/li>\n<\/ul>\n","protected":false},"excerpt":{"rendered":"<p>A la seu de l&#8217;IEDIB, situada al carrer de Salv\u00e0, 14, de Palma, es fan tasques de gesti\u00f3 de matr\u00edcula i d&#8217;assessorament presencial. A m\u00e9s, l&#8217;IEDIB compta amb el suport &#8230;<\/p>\n","protected":false},"author":1,"featured_media":0,"parent":0,"menu_order":0,"comment_status":"closed","ping_status":"closed","template":"","meta":{"jetpack_post_was_ever_published":false,"footnotes":""},"class_list":["post-35","page","type-page","status-publish","hentry"],"jetpack_sharing_enabled":false,"jetpack_shortlink":"https:\/\/wp.me\/Pa5Owj-z","jetpack-related-posts":[{"id":1408,"url":"https:\/\/iedib.net\/wordpress\/?page_id=1408","url_meta":{"origin":35,"position":0},"title":"Centres col\u00b7laboradors de batxillerat","author":"wp_admin","date":"19 mar\u00e7, 2019","format":false,"excerpt":"A la seu de l\u2019IEDIB, situada al carrer de Salv\u00e0, 14, de Palma, es fan tasques de gesti\u00f3 de matr\u00edcula i d\u2019assessorament presencial. A m\u00e9s, l\u2019IEDIB compta amb el suport de centres col\u00b7laboradors repartits per tot el territori de les Illes Balears, on tamb\u00e9 es fan gestions de matr\u00edcula i\u2026","rel":"","context":"Entrada similar","block_context":{"text":"Entrada similar","link":""},"img":{"alt_text":"","src":"","width":0,"height":0},"classes":[]},{"id":1410,"url":"https:\/\/iedib.net\/wordpress\/?page_id=1410","url_meta":{"origin":35,"position":1},"title":"Centres col\u00b7laboradors d&#8217;FP","author":"wp_admin","date":"19 mar\u00e7, 2019","format":false,"excerpt":"El centre de refer\u00e8ncia per fer gestions de matr\u00edcula i rebre assessorament individualitzat \u00e9s l'IEDIB. A m\u00e9s,\u00a0tamb\u00e9 teniu els centres col\u00b7laboradors repartits per tot el territori de les Illes Balears, on tamb\u00e9 es fan ex\u00e0mens i pr\u00e0ctiques d\u2019FP pels alumnes d'Eivissa i Menorca. FP2 -centres col\u00b7laboradors de IEDIB","rel":"","context":"Entrada similar","block_context":{"text":"Entrada similar","link":""},"img":{"alt_text":"","src":"","width":0,"height":0},"classes":[]},{"id":1031,"url":"https:\/\/iedib.net\/wordpress\/?page_id=1031","url_meta":{"origin":35,"position":2},"title":"Preguntes freq\u00fcents(FAQs)","author":"wp_admin","date":"28 febrer, 2019","format":false,"excerpt":"Com s'estudia a l'IEDIB? + Els estudis a l\u2019IEDIB tenen una estructura formada per 8 unitats did\u00e0ctiques digitals. Dins pots trobar els apunts en format de llibre digital i les activitats online. Existeixen 3 tipus d\u2019activitats: d\u2019aprenentatge, avaluables i d\u2019ampliaci\u00f3. Les avaluables s\u00f3n les que compten per a la nota,\u2026","rel":"","context":"Entrada similar","block_context":{"text":"Entrada similar","link":""},"img":{"alt_text":"","src":"","width":0,"height":0},"classes":[]},{"id":4981,"url":"https:\/\/iedib.net\/wordpress\/?page_id=4981","url_meta":{"origin":35,"position":3},"title":"Centres col\u00b7laboradors d&#8217;estudis d&#8217;idiomes a dist\u00e0ncia (EOI-IEDIB)","author":"wp_admin","date":"5 febrer, 2025","format":false,"excerpt":"Els centres col\u00b7laboradors s\u00f3n els centres on es faran els ex\u00e0mens presencials dels nivells de certificaci\u00f3 dels diferents idiomes.","rel":"","context":"Entrada similar","block_context":{"text":"Entrada similar","link":""},"img":{"alt_text":"","src":"https:\/\/i0.wp.com\/iedib.net\/wordpress\/wp-content\/uploads\/2025\/02\/MALLORCA.png?resize=350%2C200&ssl=1","width":350,"height":200,"srcset":"https:\/\/i0.wp.com\/iedib.net\/wordpress\/wp-content\/uploads\/2025\/02\/MALLORCA.png?resize=350%2C200&ssl=1 1x, https:\/\/i0.wp.com\/iedib.net\/wordpress\/wp-content\/uploads\/2025\/02\/MALLORCA.png?resize=525%2C300&ssl=1 1.5x, https:\/\/i0.wp.com\/iedib.net\/wordpress\/wp-content\/uploads\/2025\/02\/MALLORCA.png?resize=700%2C400&ssl=1 2x, https:\/\/i0.wp.com\/iedib.net\/wordpress\/wp-content\/uploads\/2025\/02\/MALLORCA.png?resize=1050%2C600&ssl=1 3x, https:\/\/i0.wp.com\/iedib.net\/wordpress\/wp-content\/uploads\/2025\/02\/MALLORCA.png?resize=1400%2C800&ssl=1 4x"},"classes":[]},{"id":47,"url":"https:\/\/iedib.net\/wordpress\/?page_id=47","url_meta":{"origin":35,"position":4},"title":"Matr\u00edcula preparaci\u00f3 per a l&#8217;acc\u00e9s a la Universitat per a majors de 25 anys","author":"wp_admin","date":"5 abril, 2018","format":false,"excerpt":"Proc\u00e9s d'admissi\u00f3 i matr\u00edcula pel curs 2025-2026 de l\u20191 al 31 de juliol i de l\u20191 al 19 de setembre. Us aconsellam mirar la seg\u00fcent\u00a0guia de matr\u00edcula\u00a0o el\u00a0seg\u00fcent videotutorial\u00a0per saber com funciona el proc\u00e9s de matr\u00edcula en tres passes. Hi ha dos processos possibles: PROC\u00c9S D'AUTENTICACI\u00d3 AMB CLAU GESTIB O\u2026","rel":"","context":"Entrada similar","block_context":{"text":"Entrada similar","link":""},"img":{"alt_text":"","src":"https:\/\/i0.wp.com\/iedib.net\/wordpress\/wp-content\/uploads\/2019\/06\/batxillerat-3-1.png?resize=350%2C200&ssl=1","width":350,"height":200,"srcset":"https:\/\/i0.wp.com\/iedib.net\/wordpress\/wp-content\/uploads\/2019\/06\/batxillerat-3-1.png?resize=350%2C200&ssl=1 1x, https:\/\/i0.wp.com\/iedib.net\/wordpress\/wp-content\/uploads\/2019\/06\/batxillerat-3-1.png?resize=525%2C300&ssl=1 1.5x, https:\/\/i0.wp.com\/iedib.net\/wordpress\/wp-content\/uploads\/2019\/06\/batxillerat-3-1.png?resize=700%2C400&ssl=1 2x, https:\/\/i0.wp.com\/iedib.net\/wordpress\/wp-content\/uploads\/2019\/06\/batxillerat-3-1.png?resize=1050%2C600&ssl=1 3x"},"classes":[]},{"id":91,"url":"https:\/\/iedib.net\/wordpress\/?page_id=91","url_meta":{"origin":35,"position":5},"title":"Matr\u00edcula preparaci\u00f3 de selectivitat (PAU)","author":"wp_admin","date":"11 abril, 2018","format":false,"excerpt":"Proc\u00e9s d'admissi\u00f3 i matr\u00edcula pel curs 2025-2026 del 2 al 8 de febrer Us aconsellam mirar la seg\u00fcent guia de matr\u00edcula o el seg\u00fcent videotutorial per saber com funciona el proc\u00e9s de matr\u00edcula en tres passes. Hi ha dos processos possibles: PROC\u00c9S D'AUTENTICACI\u00d3 AMB CLAU GESTIB O SISTEMA CL@VE Aquest\u2026","rel":"","context":"Entrada similar","block_context":{"text":"Entrada similar","link":""},"img":{"alt_text":"","src":"https:\/\/i0.wp.com\/iedib.net\/wordpress\/wp-content\/uploads\/2019\/06\/batxillerat-3-1.png?resize=350%2C200&ssl=1","width":350,"height":200,"srcset":"https:\/\/i0.wp.com\/iedib.net\/wordpress\/wp-content\/uploads\/2019\/06\/batxillerat-3-1.png?resize=350%2C200&ssl=1 1x, https:\/\/i0.wp.com\/iedib.net\/wordpress\/wp-content\/uploads\/2019\/06\/batxillerat-3-1.png?resize=525%2C300&ssl=1 1.5x, https:\/\/i0.wp.com\/iedib.net\/wordpress\/wp-content\/uploads\/2019\/06\/batxillerat-3-1.png?resize=700%2C400&ssl=1 2x, https:\/\/i0.wp.com\/iedib.net\/wordpress\/wp-content\/uploads\/2019\/06\/batxillerat-3-1.png?resize=1050%2C600&ssl=1 3x"},"classes":[]}],"_links":{"self":[{"href":"https:\/\/iedib.net\/wordpress\/index.php?rest_route=\/wp\/v2\/pages\/35","targetHints":{"allow":["GET"]}}],"collection":[{"href":"https:\/\/iedib.net\/wordpress\/index.php?rest_route=\/wp\/v2\/pages"}],"about":[{"href":"https:\/\/iedib.net\/wordpress\/index.php?rest_route=\/wp\/v2\/types\/page"}],"author":[{"embeddable":true,"href":"https:\/\/iedib.net\/wordpress\/index.php?rest_route=\/wp\/v2\/users\/1"}],"replies":[{"embeddable":true,"href":"https:\/\/iedib.net\/wordpress\/index.php?rest_route=%2Fwp%2Fv2%2Fcomments&post=35"}],"version-history":[{"count":20,"href":"https:\/\/iedib.net\/wordpress\/index.php?rest_route=\/wp\/v2\/pages\/35\/revisions"}],"predecessor-version":[{"id":5008,"href":"https:\/\/iedib.net\/wordpress\/index.php?rest_route=\/wp\/v2\/pages\/35\/revisions\/5008"}],"wp:attachment":[{"href":"https:\/\/iedib.net\/wordpress\/index.php?rest_route=%2Fwp%2Fv2%2Fmedia&parent=35"}],"curies":[{"name":"wp","href":"https:\/\/api.w.org\/{rel}","templated":true}]}}