{"id":3234,"date":"2022-05-13T12:33:48","date_gmt":"2022-05-13T10:33:48","guid":{"rendered":"https:\/\/iedib.net\/wordpress\/?page_id=3234"},"modified":"2025-11-24T11:47:40","modified_gmt":"2025-11-24T10:47:40","slug":"matricula-curs-despecialitzacio-en-intelligencia-artificial-i-big-data","status":"publish","type":"page","link":"https:\/\/iedib.net\/wordpress\/?page_id=3234","title":{"rendered":"Matr\u00edcula curs d&#8217;especialitzaci\u00f3 en intel\u00b7lig\u00e8ncia artificial i dades massives"},"content":{"rendered":"\n<figure class=\"wp-block-image size-full\"><img data-recalc-dims=\"1\" loading=\"lazy\" decoding=\"async\" width=\"800\" height=\"120\" data-attachment-id=\"3277\" data-permalink=\"https:\/\/iedib.net\/wordpress\/?attachment_id=3277\" data-orig-file=\"https:\/\/i0.wp.com\/iedib.net\/wordpress\/wp-content\/uploads\/2022\/06\/Informatica-1-1.png?fit=1000%2C150&amp;ssl=1\" data-orig-size=\"1000,150\" data-comments-opened=\"0\" data-image-meta=\"{&quot;aperture&quot;:&quot;0&quot;,&quot;credit&quot;:&quot;&quot;,&quot;camera&quot;:&quot;&quot;,&quot;caption&quot;:&quot;&quot;,&quot;created_timestamp&quot;:&quot;0&quot;,&quot;copyright&quot;:&quot;&quot;,&quot;focal_length&quot;:&quot;0&quot;,&quot;iso&quot;:&quot;0&quot;,&quot;shutter_speed&quot;:&quot;0&quot;,&quot;title&quot;:&quot;&quot;,&quot;orientation&quot;:&quot;0&quot;}\" data-image-title=\"Informatica-1-1\" data-image-description=\"\" data-image-caption=\"\" data-large-file=\"https:\/\/i0.wp.com\/iedib.net\/wordpress\/wp-content\/uploads\/2022\/06\/Informatica-1-1.png?fit=800%2C120&amp;ssl=1\" src=\"https:\/\/i0.wp.com\/iedib.net\/wordpress\/wp-content\/uploads\/2022\/06\/Informatica-1-1.png?resize=800%2C120&#038;ssl=1\" alt=\"\" class=\"wp-image-3277\" srcset=\"https:\/\/i0.wp.com\/iedib.net\/wordpress\/wp-content\/uploads\/2022\/06\/Informatica-1-1.png?w=1000&amp;ssl=1 1000w, https:\/\/i0.wp.com\/iedib.net\/wordpress\/wp-content\/uploads\/2022\/06\/Informatica-1-1.png?resize=300%2C45&amp;ssl=1 300w, https:\/\/i0.wp.com\/iedib.net\/wordpress\/wp-content\/uploads\/2022\/06\/Informatica-1-1.png?resize=150%2C23&amp;ssl=1 150w, https:\/\/i0.wp.com\/iedib.net\/wordpress\/wp-content\/uploads\/2022\/06\/Informatica-1-1.png?resize=768%2C115&amp;ssl=1 768w\" sizes=\"auto, (max-width: 800px) 100vw, 800px\" \/><\/figure>\n\n\n\n<p><\/p>\n\n\n\n<p>La preinscripci\u00f3 i matr\u00edcula del curs d&#8217;especialitzaci\u00f3 es far\u00e0 tenint en compte els terminis publicats a la&nbsp;<a rel=\"noreferrer noopener\" href=\"https:\/\/www.caib.es\/sites\/fp\/ca\/informacia_procas_dadmissia_curs_distancia\/\" target=\"_blank\">web<\/a>&nbsp;de la direcci\u00f3 general d\u2019FP que regula tot el proc\u00e9s de la matr\u00edcula. A continuaci\u00f3 teniu un resum del calendari de tot el proc\u00e9s.<\/p>\n\n\n\n<p><strong>Calendari curs 25-26<\/strong><\/p>\n\n\n\n<div class=\"wp-block-columns is-layout-flex wp-container-core-columns-is-layout-9d6595d7 wp-block-columns-is-layout-flex\">\n<div class=\"wp-block-column is-layout-flow wp-block-column-is-layout-flow\" style=\"flex-basis:100%\">\n<div class=\"wp-block-columns is-layout-flex wp-container-core-columns-is-layout-9d6595d7 wp-block-columns-is-layout-flex\">\n<div class=\"wp-block-column is-layout-flow wp-block-column-is-layout-flow\" style=\"flex-basis:100%\">\n<div class=\"wp-block-columns is-layout-flex wp-container-core-columns-is-layout-9d6595d7 wp-block-columns-is-layout-flex\">\n<div class=\"wp-block-column is-layout-flow wp-block-column-is-layout-flow\" style=\"flex-basis:100%\">\n<figure class=\"wp-block-table is-style-stripes\"><table><tbody><tr><td><strong>Proc\u00e9s<\/strong><\/td><td><strong>Termini<\/strong><\/td><\/tr><tr><td class=\"has-text-align-left\" data-align=\"left\"><strong>Pas 1 (Presentaci\u00f3 de sol\u00b7licituds):&nbsp;<\/strong>hi ha dos processos possibles, presencial o telem\u00e0tic.&nbsp;<br><br><strong>&#8211; Proc\u00e9s presencial<\/strong>: <p>Enregistrar telem\u00e0ticament la sol\u00b7licitud i presentar-la  presencialment signada. Tamb\u00e9 s&#8217;ha de presentar tota la documentaci\u00f3 requerida de forma presencial si no s&#8217;ha adjuntat a la sol\u00b7licitud o no es pot comprovar autom\u00e0ticament.<\/p><strong><a href=\"https:\/\/www.caib.es\/sistrafront\/sistrafront\/protected\/init.do?language=ca&amp;modelo=EC0024SOAMA&amp;version=1&amp;codiProces=160&amp;cursAcademic=2025\" target=\"_blank\" rel=\"noreferrer noopener\">Acc\u00e9s a la sol\u00b7licitud<\/a><\/strong><br><br><a href=\"https:\/\/docs.google.com\/presentation\/d\/1NSmhKWo9ym1hhmd8TW9WV1ToItRDf-LcMJEr4isk11I\/edit?usp=sharing\" target=\"_blank\" rel=\"noreferrer noopener\">Guia de preinscripci\u00f3 presencial<br><\/a><br><strong>&#8211; Proc\u00e9s telem\u00e0tic<\/strong>&nbsp;(requereix clau Gestib o sistema Cl@ve) i no requereix aportar documentaci\u00f3 presencialment si es pot comprovar autom\u00e0ticament o si s&#8217;adjunta a aquesta.<br><br><strong><a href=\"https:\/\/www.caib.es\/sistrafront\/sistrafront\/protected\/init.do?language=ca&amp;modelo=EC0024SOAMR&amp;version=1&amp;codiProces=160&amp;cursAcademic=2025\" target=\"_blank\" rel=\"noreferrer noopener\">Acc\u00e9s a la sol\u00b7licitud<\/a><\/strong><br><br><a href=\"https:\/\/docs.google.com\/presentation\/d\/1pJ-kFb9R0iLnVWSOxgspSjzAoT6aErghsoWy7AccYNI\/edit?usp=sharing\" target=\"_blank\" rel=\"noreferrer noopener\">Guia de preinscripci\u00f3 telem\u00e0tica<\/a><\/td><td>28 d&#8217;agost al 3 de setembre<br><\/td><\/tr><tr><td><a href=\"https:\/\/iedib.net\/wordpress\/?p=3589\" target=\"_blank\" rel=\"noreferrer noopener\">Publicaci\u00f3 de llistes provisionals de persones admeses i reclamacions<\/a><\/td><td>9 a l&#8217;11 de setembre<\/td><\/tr><tr><td><a href=\"https:\/\/iedib.net\/wordpress\/?p=5417\" target=\"_blank\" rel=\"noreferrer noopener\">Publicaci\u00f3 de llistes definitives de persones admeses<\/a><\/td><td>17 de setembre<\/td><\/tr><tr><td><strong>Pas 2 (Matr\u00edcula):&nbsp;<\/strong>Proc\u00e9s telem\u00e0tic de<strong>&nbsp;confirmaci\u00f3&nbsp;<\/strong>dels m\u00f2duls admesos i aportaci\u00f3 volunt\u00e0ria:<br>(Transfer\u00e8ncia banc\u00e0ria de <strong>20\u202f\u20ac<\/strong>\/ IBAN:&nbsp;<strong>ES03 2100 0472 0102 0043 2806<\/strong>\/ Concepte: Nom i llinatges + CEIA)<br><a href=\"https:\/\/youtu.be\/xp04ydxpPdQ\" target=\"_blank\" rel=\"noreferrer noopener\">Videotutorial de com fer la matr\u00edcula.<\/a><\/td><td>17 i 18 de setembre<\/td><\/tr><tr><td class=\"has-text-align-left\" data-align=\"left\">Presentaci\u00f3 telem\u00e0tica per videoconfer\u00e8ncia. (Clicar l\u2019enlla\u00e7 el dia i l\u2019hora)<br><a href=\"https:\/\/meet.google.com\/uou-dmoz-eeu\" target=\"_blank\" rel=\"noreferrer noopener\">https:\/\/meet.google.com\/uou-dmoz-eeu<\/a><\/td><td>25 de setembre a les 18:00\u202fh<\/td><\/tr><tr><td class=\"has-text-align-left\" data-align=\"left\">Comen\u00e7ament del curs i enviament de contrasenyes de l\u2019aula virtual<\/td><td>30 de setembre<\/td><\/tr><tr><td>Adjudicaci\u00f3 de places vacants<\/td><td>Del 22 de setembre al 3 d&#8217;octubre<\/td><\/tr><\/tbody><\/table><\/figure>\n<\/div>\n<\/div>\n<\/div>\n<\/div>\n<\/div>\n<\/div>\n\n\n\n<h3 class=\"wp-block-heading\"><strong>Procediment<\/strong><\/h3>\n\n\n\n<p><strong>Pas 1 (preinscripci\u00f3 presencial o telem\u00e0tica)<\/strong>:&nbsp;<strong>Enregistrar la sol\u00b7licitud digital<\/strong> i presentar tota la&nbsp;<strong>documentaci\u00f3<\/strong>&nbsp;requerida<strong>.<\/strong><\/p>\n\n\n\n<p><strong>Assessorament\u00a0<\/strong>presencial i\/o telef\u00f2nic\/telem\u00e0tic a l\u2019IEDIB si escau de dilluns a divendres de 9.00 a 14.00\u202fh, i de dilluns a dimecres de 14.00 a 20.00 h (excepte juliol).<\/p>\n\n\n\n<p>L\u2019acc\u00e9s a la sol\u00b7licitud ser\u00e0 publicada en aquesta web en el moment corresponent. En aquesta sol\u00b7licitud s\u2019hauran d\u2019enregistrar les dades personals i fer una preselecci\u00f3 d\u2019estudis i m\u00f2duls. Hi ha dues modalitats per fer la preinscripci\u00f3, el proc\u00e9s presencial, en el que s\u2019ha de presentar el justificant de la sol\u00b7licitud signat junt amb tota la documentaci\u00f3 requerida i el telem\u00e0tic, el qual requereix tenir la contrasenya del Gestib o estar donat d\u2019alta al sistema Cl@ve.<\/p>\n\n\n\n<p>En cas de triar la&nbsp;<strong>modalitat presencial<\/strong>&nbsp;es presentar\u00e0 tota la documentaci\u00f3 requerida juntament amb la sol\u00b7licitud impresa a l\u2019IEDIB (Palma), pels alumnes que resideixen a&nbsp; Mallorca, o les respectives Delegacions Territorials d\u2019Educaci\u00f3 de Menorca o Eivissa en el cas dels alumnes de les altres illes. Una vegada revisada la documentaci\u00f3 a l\u2019IEDIB, es validar\u00e0 la sol\u00b7licitud si la documentaci\u00f3 aportada \u00e9s correcta.<\/p>\n\n\n\n<p>En el cas de triar la&nbsp;<strong>modalitat telem\u00e0tica<\/strong>&nbsp;la documentaci\u00f3 ser\u00e0 comprovada de forma autom\u00e0tica sempre que sigui possible, com titulacions d\u2019ESO, Batxiller, Grau Mitj\u00e0, Grau superior, Proves d\u2019acc\u00e9s a FP obtingudes a les Illes Balears en un centre p\u00fablic o concertat a partir del curs 2000\/01, o posterior al curs 2017\/18 en el cas de les proves d\u2019acc\u00e9s. En cas contrari s\u2019haur\u00e0 d&#8217;adjuntar a la sol\u00b7licitud o aportar presencialment.<\/p>\n\n\n\n<p><strong>Documentaci\u00f3 que s\u2019ha de presentar al centre de dilluns a divendres de 9.00 a 14.00\u202fh, i de dilluns a dimecres de 14.00 a 20.00 h (excepte juliol) juntament amb el justificant de la sol\u00b7licitud en el cas de triar la preinscripci\u00f3 presencial:<\/strong><\/p>\n\n\n\n<ul class=\"wp-block-list\">\n<li>Justificant impr\u00e8s en paper de la sol\u00b7licitud telem\u00e0tica<\/li>\n\n\n\n<li>Fotoc\u00f2pia Document oficial d\u2019identificaci\u00f3 (DNI o NIE)<\/li>\n\n\n\n<li>Documentaci\u00f3 que acrediti tenir els requisits per accedir al Curs si no es pot comprovar autom\u00e0ticament o no s&#8217;ha adjuntat a la sol\u00b7licitud.<\/li>\n<\/ul>\n\n\n\n<p><a href=\"https:\/\/iedib.net\/wordpress\/?page_id=3232\">Requisits per accedir  al curs d&#8217;especialitzaci\u00f3<\/a><\/p>\n\n\n\n<p><strong>Pas 2 (Matr\u00edcula digital)<\/strong>:&nbsp;<strong>Pagament i confirmaci\u00f3&nbsp;<\/strong>de la&nbsp;<strong>matr\u00edcula<\/strong>&nbsp;dels m\u00f2duls admesos (20 \u20ac). Una vegada publicada la llista definitiva d\u2019admesos a l\u2019apartat de novetats de la web de l\u2019IEDIB els alumnes admesos rebran un enlla\u00e7 al correu electr\u00f2nic a trav\u00e9s del qual podran entrar en una p\u00e0gina on confirmaran la matr\u00edcula dels m\u00f2duls en els quals estan admesos i adjuntaran el justificant de pagament. No s&#8217;ha de fer el pagament fins que no es publiqui la llista definitiva d&#8217;admesos. <\/p>\n\n\n\n<p><a rel=\"noreferrer noopener\" href=\"https:\/\/youtu.be\/xp04ydxpPdQ\" target=\"_blank\">Videotutorial de com fer la matr\u00edcula<\/a><\/p>\n\n\n\n<p>Fer el pagament a trav\u00e9s de transfer\u00e8ncia banc\u00e0ria.<br>(<strong>20\u202f\u20ac<\/strong>\/ IBAN:&nbsp;<strong>ES03 2100 0472 0102 0043 2806<\/strong>\/ Concepte: Nom i llinatges + CEIA)<\/p>\n\n\n\n<p><\/p>\n\n\n\n<p>En cas de tenir la<strong>&nbsp;reducci\u00f3 o l\u2019exempci\u00f3 de taxes<\/strong>&nbsp;en l\u2019aportaci\u00f3 per activitats escolars s\u2019ha de consultar el seg\u00fcent document i aportar la documentaci\u00f3 requerida:<a href=\"https:\/\/docs.google.com\/document\/d\/1GZZiK_L4PyXUQuIKrVoy5Bcrxhqw_Ng1jfxSuCamDFE\/edit?usp=sharing\">&nbsp;BONIFICACIONS<\/a><\/p>\n","protected":false},"excerpt":{"rendered":"<p>La preinscripci\u00f3 i matr\u00edcula del curs d&#8217;especialitzaci\u00f3 es far\u00e0 tenint en compte els terminis publicats a la&nbsp;web&nbsp;de la direcci\u00f3 general d\u2019FP que regula tot el proc\u00e9s de la matr\u00edcula. A &#8230;<\/p>\n","protected":false},"author":1,"featured_media":0,"parent":0,"menu_order":0,"comment_status":"closed","ping_status":"closed","template":"","meta":{"jetpack_post_was_ever_published":false,"footnotes":""},"class_list":["post-3234","page","type-page","status-publish","hentry"],"jetpack_sharing_enabled":true,"jetpack_shortlink":"https:\/\/wp.me\/Pa5Owj-Qa","jetpack-related-posts":[{"id":45,"url":"https:\/\/iedib.net\/wordpress\/?page_id=45","url_meta":{"origin":3234,"position":0},"title":"Matr\u00edcula programa xarxa","author":"wp_admin","date":"5 abril, 2018","format":false,"excerpt":"MATR\u00cdCULA D\u2019UNA MAT\u00c8RIA O M\u00c9S DE BATXILLERAT A DIST\u00c0NCIA PER ALUMNES D\u2019ALTRES CENTRES (PROGRAMA XARXA)El calendari del curs 2025-2026 \u00e9s el seg\u00fcent: L\u2019alumnat que vulgui cursar una mat\u00e8ria o m\u00e9s a dist\u00e0ncia, haur\u00e0 de formalitzar la matr\u00edcula presentant una sol\u00b7licitud al seu centre d\u2019origen\u00a0(en el qual est\u00e0 matriculat per a\u2026","rel":"","context":"Entrada similar","block_context":{"text":"Entrada similar","link":""},"img":{"alt_text":"","src":"https:\/\/i0.wp.com\/iedib.net\/wordpress\/wp-content\/uploads\/2019\/06\/batxillerat-1-1.png?resize=350%2C200&ssl=1","width":350,"height":200,"srcset":"https:\/\/i0.wp.com\/iedib.net\/wordpress\/wp-content\/uploads\/2019\/06\/batxillerat-1-1.png?resize=350%2C200&ssl=1 1x, https:\/\/i0.wp.com\/iedib.net\/wordpress\/wp-content\/uploads\/2019\/06\/batxillerat-1-1.png?resize=525%2C300&ssl=1 1.5x, https:\/\/i0.wp.com\/iedib.net\/wordpress\/wp-content\/uploads\/2019\/06\/batxillerat-1-1.png?resize=700%2C400&ssl=1 2x, https:\/\/i0.wp.com\/iedib.net\/wordpress\/wp-content\/uploads\/2019\/06\/batxillerat-1-1.png?resize=1050%2C600&ssl=1 3x"},"classes":[]},{"id":122,"url":"https:\/\/iedib.net\/wordpress\/?page_id=122","url_meta":{"origin":3234,"position":1},"title":"Matr\u00edcula de formaci\u00f3 professional","author":"wp_admin","date":"29 abril, 2018","format":false,"excerpt":"La preinscripci\u00f3 i matr\u00edcula dels cicles d'FP es far\u00e0 tenint en compte els terminis publicats a la web de la Direcci\u00f3 General d'FP que regula tot el proc\u00e9s de la matr\u00edcula als cicles formatius d'FP a dist\u00e0ncia. A continuaci\u00f3 teniu un resum del calendari de tot el proc\u00e9s i un\u2026","rel":"","context":"Entrada similar","block_context":{"text":"Entrada similar","link":""},"img":{"alt_text":"","src":"https:\/\/i0.wp.com\/iedib.net\/wordpress\/wp-content\/uploads\/2019\/06\/batxillerat-2-1.png?resize=350%2C200&ssl=1","width":350,"height":200,"srcset":"https:\/\/i0.wp.com\/iedib.net\/wordpress\/wp-content\/uploads\/2019\/06\/batxillerat-2-1.png?resize=350%2C200&ssl=1 1x, https:\/\/i0.wp.com\/iedib.net\/wordpress\/wp-content\/uploads\/2019\/06\/batxillerat-2-1.png?resize=525%2C300&ssl=1 1.5x, https:\/\/i0.wp.com\/iedib.net\/wordpress\/wp-content\/uploads\/2019\/06\/batxillerat-2-1.png?resize=700%2C400&ssl=1 2x, https:\/\/i0.wp.com\/iedib.net\/wordpress\/wp-content\/uploads\/2019\/06\/batxillerat-2-1.png?resize=1050%2C600&ssl=1 3x"},"classes":[]},{"id":59,"url":"https:\/\/iedib.net\/wordpress\/?page_id=59","url_meta":{"origin":3234,"position":2},"title":"Matr\u00edcula","author":"wp_admin","date":"5 abril, 2018","format":false,"excerpt":"Has de seleccionar la matr\u00edcula de l'estudi corresponent\u00a0si vols informaci\u00f3: Matr\u00edcula batxillerat Matr\u00edcula programa xarxa Matr\u00edcula preparaci\u00f3 PBAU (Selectivitat) Matr\u00edcula preparaci\u00f3 per a l'acc\u00e9s a la Universitat per a majors de 25 anys Matr\u00edcula formaci\u00f3 professional Matr\u00edcula EOI a dist\u00e0ncia (idiomes) Matr\u00edcula curs d'especialitzaci\u00f3 en intel\u00b7lig\u00e8ncia artificial i big data","rel":"","context":"Entrada similar","block_context":{"text":"Entrada similar","link":""},"img":{"alt_text":"","src":"","width":0,"height":0},"classes":[]},{"id":1440,"url":"https:\/\/iedib.net\/wordpress\/?page_id=1440","url_meta":{"origin":3234,"position":3},"title":"Matr\u00edcula EOI-IEDIB  (idiomes a dist\u00e0ncia)","author":"wp_admin","date":"28 mar\u00e7, 2019","format":false,"excerpt":"Calendari de matr\u00edcula curs 2025-2026 MATR\u00cdCULA CURS 25-26 de l'1-31 de juliol i de l'1-19 de setembre \u26a0\ufe0f AV\u00cdS: El proc\u00e9s de matr\u00edcula pels curs 2025-2026 ha finalitzat i est\u00e0 tancat. REQUISITS D'ACC\u00c9S DNI o NIE en vigor. Cal tenir 16 anys l'any de la matr\u00edcula.PAS 1 - NIVELLEl nivell\u2026","rel":"","context":"Entrada similar","block_context":{"text":"Entrada similar","link":""},"img":{"alt_text":"","src":"https:\/\/i0.wp.com\/iedib.net\/wordpress\/wp-content\/uploads\/2019\/06\/batxillerat-4-1.png?resize=350%2C200&ssl=1","width":350,"height":200,"srcset":"https:\/\/i0.wp.com\/iedib.net\/wordpress\/wp-content\/uploads\/2019\/06\/batxillerat-4-1.png?resize=350%2C200&ssl=1 1x, https:\/\/i0.wp.com\/iedib.net\/wordpress\/wp-content\/uploads\/2019\/06\/batxillerat-4-1.png?resize=525%2C300&ssl=1 1.5x, https:\/\/i0.wp.com\/iedib.net\/wordpress\/wp-content\/uploads\/2019\/06\/batxillerat-4-1.png?resize=700%2C400&ssl=1 2x, https:\/\/i0.wp.com\/iedib.net\/wordpress\/wp-content\/uploads\/2019\/06\/batxillerat-4-1.png?resize=1050%2C600&ssl=1 3x"},"classes":[]},{"id":42,"url":"https:\/\/iedib.net\/wordpress\/?page_id=42","url_meta":{"origin":3234,"position":4},"title":"Programa xarxa","author":"wp_admin","date":"5 abril, 2018","format":false,"excerpt":"FUNCIONS Permetre cursar mat\u00e8ries de batxillerat que no es cursen als centres d\u2019origen.Permetre cursar mat\u00e8ries que per raons organitzatives (hor\u00e0ries o altres) no es poden fer als centres d\u2019origen.Permetre cursar les mat\u00e8ries de primer quan un alumne de segon fa un canvi de modalitat. S\u2019ofereixen totes les mat\u00e8ries de totes\u2026","rel":"","context":"Entrada similar","block_context":{"text":"Entrada similar","link":""},"img":{"alt_text":"","src":"https:\/\/i0.wp.com\/iedib.net\/wordpress\/wp-content\/uploads\/2019\/06\/batxillerat-2.png?resize=350%2C200&ssl=1","width":350,"height":200,"srcset":"https:\/\/i0.wp.com\/iedib.net\/wordpress\/wp-content\/uploads\/2019\/06\/batxillerat-2.png?resize=350%2C200&ssl=1 1x, https:\/\/i0.wp.com\/iedib.net\/wordpress\/wp-content\/uploads\/2019\/06\/batxillerat-2.png?resize=525%2C300&ssl=1 1.5x, https:\/\/i0.wp.com\/iedib.net\/wordpress\/wp-content\/uploads\/2019\/06\/batxillerat-2.png?resize=700%2C400&ssl=1 2x, https:\/\/i0.wp.com\/iedib.net\/wordpress\/wp-content\/uploads\/2019\/06\/batxillerat-2.png?resize=1050%2C600&ssl=1 3x"},"classes":[]},{"id":47,"url":"https:\/\/iedib.net\/wordpress\/?page_id=47","url_meta":{"origin":3234,"position":5},"title":"Matr\u00edcula preparaci\u00f3 per a l&#8217;acc\u00e9s a la Universitat per a majors de 25 anys","author":"wp_admin","date":"5 abril, 2018","format":false,"excerpt":"Proc\u00e9s d'admissi\u00f3 i matr\u00edcula pel curs 2025-2026 de l\u20191 al 31 de juliol i de l\u20191 al 19 de setembre. Us aconsellam mirar la seg\u00fcent\u00a0guia de matr\u00edcula\u00a0o el\u00a0seg\u00fcent videotutorial\u00a0per saber com funciona el proc\u00e9s de matr\u00edcula en tres passes. Hi ha dos processos possibles: PROC\u00c9S D'AUTENTICACI\u00d3 AMB CLAU GESTIB O\u2026","rel":"","context":"Entrada similar","block_context":{"text":"Entrada similar","link":""},"img":{"alt_text":"","src":"https:\/\/i0.wp.com\/iedib.net\/wordpress\/wp-content\/uploads\/2019\/06\/batxillerat-3-1.png?resize=350%2C200&ssl=1","width":350,"height":200,"srcset":"https:\/\/i0.wp.com\/iedib.net\/wordpress\/wp-content\/uploads\/2019\/06\/batxillerat-3-1.png?resize=350%2C200&ssl=1 1x, https:\/\/i0.wp.com\/iedib.net\/wordpress\/wp-content\/uploads\/2019\/06\/batxillerat-3-1.png?resize=525%2C300&ssl=1 1.5x, https:\/\/i0.wp.com\/iedib.net\/wordpress\/wp-content\/uploads\/2019\/06\/batxillerat-3-1.png?resize=700%2C400&ssl=1 2x, https:\/\/i0.wp.com\/iedib.net\/wordpress\/wp-content\/uploads\/2019\/06\/batxillerat-3-1.png?resize=1050%2C600&ssl=1 3x"},"classes":[]}],"_links":{"self":[{"href":"https:\/\/iedib.net\/wordpress\/index.php?rest_route=\/wp\/v2\/pages\/3234","targetHints":{"allow":["GET"]}}],"collection":[{"href":"https:\/\/iedib.net\/wordpress\/index.php?rest_route=\/wp\/v2\/pages"}],"about":[{"href":"https:\/\/iedib.net\/wordpress\/index.php?rest_route=\/wp\/v2\/types\/page"}],"author":[{"embeddable":true,"href":"https:\/\/iedib.net\/wordpress\/index.php?rest_route=\/wp\/v2\/users\/1"}],"replies":[{"embeddable":true,"href":"https:\/\/iedib.net\/wordpress\/index.php?rest_route=%2Fwp%2Fv2%2Fcomments&post=3234"}],"version-history":[{"count":79,"href":"https:\/\/iedib.net\/wordpress\/index.php?rest_route=\/wp\/v2\/pages\/3234\/revisions"}],"predecessor-version":[{"id":5552,"href":"https:\/\/iedib.net\/wordpress\/index.php?rest_route=\/wp\/v2\/pages\/3234\/revisions\/5552"}],"wp:attachment":[{"href":"https:\/\/iedib.net\/wordpress\/index.php?rest_route=%2Fwp%2Fv2%2Fmedia&parent=3234"}],"curies":[{"name":"wp","href":"https:\/\/api.w.org\/{rel}","templated":true}]}}