{"id":3232,"date":"2022-05-13T12:23:26","date_gmt":"2022-05-13T10:23:26","guid":{"rendered":"https:\/\/iedib.net\/wordpress\/?page_id=3232"},"modified":"2024-09-20T10:37:06","modified_gmt":"2024-09-20T08:37:06","slug":"curs-despecialitzacio-en-intelligencia-artificial-i-big-data","status":"publish","type":"page","link":"https:\/\/iedib.net\/wordpress\/?page_id=3232","title":{"rendered":"Curs d&#8217;especialitzaci\u00f3 en intel\u00b7lig\u00e8ncia artificial i dades massives"},"content":{"rendered":"\n<figure class=\"wp-block-image size-full\"><img data-recalc-dims=\"1\" loading=\"lazy\" decoding=\"async\" width=\"800\" height=\"120\" data-attachment-id=\"3259\" data-permalink=\"https:\/\/iedib.net\/wordpress\/?attachment_id=3259\" data-orig-file=\"https:\/\/i0.wp.com\/iedib.net\/wordpress\/wp-content\/uploads\/2022\/05\/BID-DATA.png?fit=1000%2C150&amp;ssl=1\" data-orig-size=\"1000,150\" data-comments-opened=\"0\" data-image-meta=\"{&quot;aperture&quot;:&quot;0&quot;,&quot;credit&quot;:&quot;&quot;,&quot;camera&quot;:&quot;&quot;,&quot;caption&quot;:&quot;&quot;,&quot;created_timestamp&quot;:&quot;0&quot;,&quot;copyright&quot;:&quot;&quot;,&quot;focal_length&quot;:&quot;0&quot;,&quot;iso&quot;:&quot;0&quot;,&quot;shutter_speed&quot;:&quot;0&quot;,&quot;title&quot;:&quot;&quot;,&quot;orientation&quot;:&quot;0&quot;}\" data-image-title=\"BID-DATA\" data-image-description=\"\" data-image-caption=\"\" data-medium-file=\"https:\/\/i0.wp.com\/iedib.net\/wordpress\/wp-content\/uploads\/2022\/05\/BID-DATA.png?fit=300%2C45&amp;ssl=1\" data-large-file=\"https:\/\/i0.wp.com\/iedib.net\/wordpress\/wp-content\/uploads\/2022\/05\/BID-DATA.png?fit=800%2C120&amp;ssl=1\" src=\"https:\/\/i0.wp.com\/iedib.net\/wordpress\/wp-content\/uploads\/2022\/05\/BID-DATA.png?resize=800%2C120&#038;ssl=1\" alt=\"\" class=\"wp-image-3259\" srcset=\"https:\/\/i0.wp.com\/iedib.net\/wordpress\/wp-content\/uploads\/2022\/05\/BID-DATA.png?w=1000&amp;ssl=1 1000w, https:\/\/i0.wp.com\/iedib.net\/wordpress\/wp-content\/uploads\/2022\/05\/BID-DATA.png?resize=300%2C45&amp;ssl=1 300w, https:\/\/i0.wp.com\/iedib.net\/wordpress\/wp-content\/uploads\/2022\/05\/BID-DATA.png?resize=150%2C23&amp;ssl=1 150w, https:\/\/i0.wp.com\/iedib.net\/wordpress\/wp-content\/uploads\/2022\/05\/BID-DATA.png?resize=768%2C115&amp;ssl=1 768w\" sizes=\"auto, (max-width: 800px) 100vw, 800px\" \/><\/figure>\n\n\n\n<p><\/p>\n\n\n\n<h3 class=\"wp-block-heading\">Funcionament dels m\u00f2duls<\/h3>\n\n\n\n<p>A la cap\u00e7alera de l\u2019aula virtual trobam l\u2019apartat funcionament del m\u00f2dul on s\u2019explica com funciona cada m\u00f2dul. Tamb\u00e9, s\u2019hi troba tot el material per poder seguir el curs, els recursos en format digital (no hi ha llibres de text, ja que tot est\u00e0 a l\u2019aula virtual) i les activitats en l\u00ednia. L&#8217;avaluaci\u00f3 es basa en activitats en l\u00ednia que s&#8217;han de lliurar peri\u00f2dicament. No hi ha ex\u00e0mens presencials ni cap classe d&#8217;activitat que requereixi presencialitat.<\/p>\n\n\n\n<h3 class=\"wp-block-heading\">Oferta de m\u00f2duls<\/h3>\n\n\n\n<figure class=\"wp-block-table is-style-stripes\"><table><thead><tr><th>CODI<\/th><th class=\"has-text-align-left\" data-align=\"left\">M\u00f2duls professionals<\/th><th class=\"has-text-align-center\" data-align=\"center\">temps m\u00ednim de dedicaci\u00f3 setmanal<\/th><\/tr><\/thead><tbody><tr><td>5071<\/td><td class=\"has-text-align-left\" data-align=\"left\">Models d&#8217;intel\u00b7lig\u00e8ncia artificial <\/td><td class=\"has-text-align-center\" data-align=\"center\">4 h<\/td><\/tr><tr><td>5072<\/td><td class=\"has-text-align-left\" data-align=\"left\"> Sistemes d&#8217;aprenentatge autom\u00e0tic<\/td><td class=\"has-text-align-center\" data-align=\"center\">11 h<\/td><\/tr><tr><td>5073<\/td><td class=\"has-text-align-left\" data-align=\"left\"> Programaci\u00f3 d&#8217;intel\u00b7lig\u00e8ncia artificial<\/td><td class=\"has-text-align-center\" data-align=\"center\">11 h<\/td><\/tr><tr><td>5074<\/td><td class=\"has-text-align-left\" data-align=\"left\"> Sistemes de big data<\/td><td class=\"has-text-align-center\" data-align=\"center\">5 h<\/td><\/tr><tr><td>5075<\/td><td class=\"has-text-align-left\" data-align=\"left\">Big data aplicat<\/td><td class=\"has-text-align-center\" data-align=\"center\">5 h<\/td><\/tr><\/tbody><\/table><\/figure>\n\n\n\n<hr class=\"wp-block-separator has-alpha-channel-opacity\"\/>\n\n\n\n<h3 class=\"wp-block-heading\"><strong>Requisits d&#8217;acc\u00e9s<\/strong><\/h3>\n\n\n\n<ul class=\"wp-block-list\">\n<li>T\u00e8cnic superior en Administraci\u00f3 de sistemes inform\u00e0tics en xarxa.<\/li>\n\n\n\n<li>T\u00e8cnic superior en Desenvolupament d&#8217;aplicacions multiplataforma.<\/li>\n\n\n\n<li>T\u00e8cnic superior en Desenvolupament d&#8217;aplicacions web.<\/li>\n\n\n\n<li>T\u00e8cnic superior en Sistemes de telecomunicacions inform\u00e0tics.<\/li>\n\n\n\n<li>T\u00edtol de t\u00e8cnic superior en Mecatr\u00f2nica industrial.<\/li>\n\n\n\n<li>T\u00edtol de t\u00e8cnic superior en Automatitzaci\u00f3 i rob\u00f2tica industrial.<\/li>\n<\/ul>\n\n\n\n<hr class=\"wp-block-separator has-alpha-channel-opacity\"\/>\n\n\n\n<h3 class=\"wp-block-heading\"><strong>Requisits t\u00e8cnics<\/strong><\/h3>\n\n\n\n<p>\u00c9s&nbsp;<strong>responsabilitat de l\u2019alumnat<\/strong>&nbsp;adquirir i instal\u00b7lar al seu equip el programari necessari per cursar el cicle. \u00c9s important que l\u2019alumne sigui administrador de la m\u00e0quina i tengui permisos d\u2019instal\u00b7laci\u00f3 de tot el programari que especifiqui el professorat del m\u00f2dul. Aqu\u00ed tenim uns requisits m\u00ednims de la m\u00e0quina:<\/p>\n\n\n\n<ul class=\"wp-block-list\">\n<li><strong>Processador<\/strong>: Intel o compatible de 64 bits amb 8 fils (pot ser 4 cores amb 2 fils cadascun) amb suport per a virtualitzaci\u00f3. Els xips M1 o M2 d\u2019Apple necessiten un programari de pagament per ser compatibles amb aquest processador mitjan\u00e7ant virtualitzaci\u00f3.<\/li>\n\n\n\n<li><strong>Mem\u00f2ria RAM<\/strong>: 16 GB<\/li>\n\n\n\n<li><strong>Emmagatzematge<\/strong>: disc SSD d\u2019almenys 512 GB<\/li>\n\n\n\n<li><strong>Sistema operatiu<\/strong>: Linux o Microsoft Windows 10 o 11. MacOS pot necessitar un programari de pagament per poder virtualitzar aquests sistemes operatius. Amb altres sistemes operatius no es podran fer les tasques del curs.<\/li>\n<\/ul>\n\n\n\n<p>Per a la realitzaci\u00f3 d&#8217;algunes tasques pot ser recomanable la subscripci\u00f3 a algun servei de n\u00favol de pagament (s&#8217;informar\u00e0 pr\u00e8viament).<\/p>\n","protected":false},"excerpt":{"rendered":"<p>Funcionament dels m\u00f2duls A la cap\u00e7alera de l\u2019aula virtual trobam l\u2019apartat funcionament del m\u00f2dul on s\u2019explica com funciona cada m\u00f2dul. Tamb\u00e9, s\u2019hi troba tot el material per poder seguir el &#8230;<\/p>\n","protected":false},"author":1,"featured_media":0,"parent":0,"menu_order":0,"comment_status":"closed","ping_status":"closed","template":"","meta":{"jetpack_post_was_ever_published":false,"footnotes":""},"class_list":["post-3232","page","type-page","status-publish","hentry"],"jetpack_sharing_enabled":true,"jetpack_shortlink":"https:\/\/wp.me\/Pa5Owj-Q8","jetpack-related-posts":[{"id":3230,"url":"https:\/\/iedib.net\/wordpress\/?page_id=3230","url_meta":{"origin":3232,"position":0},"title":"CFGS Projectes d&#8217;edificacions","author":"wp_admin","date":"12 maig, 2022","format":false,"excerpt":"Fam\u00edlia professional: Edificaci\u00f3 i obra civil T\u00edtol que s\u2019obt\u00e9: Projectes d'edificaci\u00f3 (EOC31) Funcionament dels m\u00f2duls A la cap\u00e7alera de l\u2019aula virtual trobem l\u2019apartat funcionament del m\u00f2dul on s\u2019explica com funciona cada m\u00f2dul. Tamb\u00e9, s\u2019hi troba tot el material per poder seguir el curs, els recursos en format digital (no hi\u2026","rel":"","context":"Entrada similar","block_context":{"text":"Entrada similar","link":""},"img":{"alt_text":"","src":"https:\/\/i0.wp.com\/iedib.net\/wordpress\/wp-content\/uploads\/2022\/05\/GMS-edificacions.png?resize=350%2C200&ssl=1","width":350,"height":200,"srcset":"https:\/\/i0.wp.com\/iedib.net\/wordpress\/wp-content\/uploads\/2022\/05\/GMS-edificacions.png?resize=350%2C200&ssl=1 1x, https:\/\/i0.wp.com\/iedib.net\/wordpress\/wp-content\/uploads\/2022\/05\/GMS-edificacions.png?resize=525%2C300&ssl=1 1.5x, https:\/\/i0.wp.com\/iedib.net\/wordpress\/wp-content\/uploads\/2022\/05\/GMS-edificacions.png?resize=700%2C400&ssl=1 2x"},"classes":[]},{"id":4996,"url":"https:\/\/iedib.net\/wordpress\/?page_id=4996","url_meta":{"origin":3232,"position":1},"title":"CFGS d&#8217;integraci\u00f3 social (SSC33)","author":"wp_admin","date":"22 abril, 2025","format":false,"excerpt":"Funcionament dels m\u00f2duls A la cap\u00e7alera de l\u2019aula virtual trobem l\u2019apartat funcionament del m\u00f2dul on s\u2019explica com funciona cada m\u00f2dul. Tamb\u00e9, s\u2019hi troba tot el material per poder seguir el curs, els recursos en format digital (no hi ha llibres de text, ja que tot est\u00e0 a l\u2019aula virtual) i\u2026","rel":"","context":"Entrada similar","block_context":{"text":"Entrada similar","link":""},"img":{"alt_text":"","src":"https:\/\/i0.wp.com\/iedib.net\/wordpress\/wp-content\/uploads\/2025\/04\/unnamed.png?resize=350%2C200&ssl=1","width":350,"height":200,"srcset":"https:\/\/i0.wp.com\/iedib.net\/wordpress\/wp-content\/uploads\/2025\/04\/unnamed.png?resize=350%2C200&ssl=1 1x, https:\/\/i0.wp.com\/iedib.net\/wordpress\/wp-content\/uploads\/2025\/04\/unnamed.png?resize=525%2C300&ssl=1 1.5x, https:\/\/i0.wp.com\/iedib.net\/wordpress\/wp-content\/uploads\/2025\/04\/unnamed.png?resize=700%2C400&ssl=1 2x, https:\/\/i0.wp.com\/iedib.net\/wordpress\/wp-content\/uploads\/2025\/04\/unnamed.png?resize=1050%2C600&ssl=1 3x"},"classes":[]},{"id":119,"url":"https:\/\/iedib.net\/wordpress\/?page_id=119","url_meta":{"origin":3232,"position":2},"title":"CFGM atenci\u00f3 a persones en situaci\u00f3 de depend\u00e8ncia","author":"wp_admin","date":"29 abril, 2018","format":false,"excerpt":"Fam\u00edlia professional: Serveis socioculturals i a la comunitat (SSC) T\u00edtol que s\u2019obt\u00e9: T\u00e8cnic en Atenci\u00f3 a persones en situaci\u00f3 de depend\u00e8ncia (SSC21) Funcionament dels m\u00f2duls A la cap\u00e7alera de l\u2019aula virtual trobam l\u2019apartat funcionament del m\u00f2dul on s\u2019explica com funciona cada m\u00f2dul. Tamb\u00e9, s\u2019hi troba tot el material per poder\u2026","rel":"","context":"Entrada similar","block_context":{"text":"Entrada similar","link":""},"img":{"alt_text":"","src":"https:\/\/i0.wp.com\/iedib.net\/wordpress\/wp-content\/uploads\/2022\/05\/GM-Atencio%CC%81.png?resize=350%2C200&ssl=1","width":350,"height":200,"srcset":"https:\/\/i0.wp.com\/iedib.net\/wordpress\/wp-content\/uploads\/2022\/05\/GM-Atencio%CC%81.png?resize=350%2C200&ssl=1 1x, https:\/\/i0.wp.com\/iedib.net\/wordpress\/wp-content\/uploads\/2022\/05\/GM-Atencio%CC%81.png?resize=525%2C300&ssl=1 1.5x, https:\/\/i0.wp.com\/iedib.net\/wordpress\/wp-content\/uploads\/2022\/05\/GM-Atencio%CC%81.png?resize=700%2C400&ssl=1 2x"},"classes":[]},{"id":1350,"url":"https:\/\/iedib.net\/wordpress\/?page_id=1350","url_meta":{"origin":3232,"position":3},"title":"CFGM sistemes microinform\u00e0tics i xarxes","author":"wp_admin","date":"13 mar\u00e7, 2019","format":false,"excerpt":"Fam\u00edlia professional: Inform\u00e0tica i comunicacions (IFC) T\u00edtol que s\u2019obt\u00e9: T\u00e8cnic en sistemes microinform\u00e0tics i xarxes (IFC21) Funcionament dels m\u00f2duls A la cap\u00e7alera de l\u2019aula virtual trobam l\u2019apartat funcionament del m\u00f2dul on s\u2019explica com funciona cada m\u00f2dul. Tamb\u00e9, s\u2019hi troba tot el material per poder seguir el curs, els recursos en\u2026","rel":"","context":"Entrada similar","block_context":{"text":"Entrada similar","link":""},"img":{"alt_text":"","src":"https:\/\/i0.wp.com\/iedib.net\/wordpress\/wp-content\/uploads\/2025\/06\/Informatica-1.png?resize=350%2C200&ssl=1","width":350,"height":200,"srcset":"https:\/\/i0.wp.com\/iedib.net\/wordpress\/wp-content\/uploads\/2025\/06\/Informatica-1.png?resize=350%2C200&ssl=1 1x, https:\/\/i0.wp.com\/iedib.net\/wordpress\/wp-content\/uploads\/2025\/06\/Informatica-1.png?resize=525%2C300&ssl=1 1.5x, https:\/\/i0.wp.com\/iedib.net\/wordpress\/wp-content\/uploads\/2025\/06\/Informatica-1.png?resize=700%2C400&ssl=1 2x"},"classes":[]},{"id":1356,"url":"https:\/\/iedib.net\/wordpress\/?page_id=1356","url_meta":{"origin":3232,"position":4},"title":"CFGS  d\u2019administraci\u00f3 de sistemes inform\u00e0tics en xarxa","author":"wp_admin","date":"13 mar\u00e7, 2019","format":false,"excerpt":"Fam\u00edlia professional: Inform\u00e0tica i comunicacions T\u00edtol que s\u2019obt\u00e9: T\u00e8cnic superior en administraci\u00f3 de sistemes inform\u00e0tics en xarxa (IFC31) Funcionament dels m\u00f2duls A la cap\u00e7alera de l\u2019aula virtual trobam l\u2019apartat funcionament del m\u00f2dul on s\u2019explica com funciona cada m\u00f2dul. Tamb\u00e9, s\u2019hi troba tot el material per poder seguir el curs, els\u2026","rel":"","context":"Entrada similar","block_context":{"text":"Entrada similar","link":""},"img":{"alt_text":"","src":"https:\/\/i0.wp.com\/iedib.net\/wordpress\/wp-content\/uploads\/2022\/06\/Informatica-1-1.png?resize=350%2C200&ssl=1","width":350,"height":200,"srcset":"https:\/\/i0.wp.com\/iedib.net\/wordpress\/wp-content\/uploads\/2022\/06\/Informatica-1-1.png?resize=350%2C200&ssl=1 1x, https:\/\/i0.wp.com\/iedib.net\/wordpress\/wp-content\/uploads\/2022\/06\/Informatica-1-1.png?resize=525%2C300&ssl=1 1.5x, https:\/\/i0.wp.com\/iedib.net\/wordpress\/wp-content\/uploads\/2022\/06\/Informatica-1-1.png?resize=700%2C400&ssl=1 2x"},"classes":[]},{"id":3768,"url":"https:\/\/iedib.net\/wordpress\/?page_id=3768","url_meta":{"origin":3232,"position":5},"title":"CFGS Animacions 3D, jocs i entorns interactius","author":"wp_admin","date":"27 abril, 2023","format":false,"excerpt":"T\u00edtol que s\u2019obt\u00e9: T\u00e8cnic superior en Animacions 3D, jocs i entorns interactius (IMS31) Fam\u00edlia professional: Imatge i so Funcionament dels m\u00f2duls A la cap\u00e7alera de l\u2019aula virtual trobem l\u2019apartat funcionament del m\u00f2dul on s\u2019explica com funciona cada m\u00f2dul. Tamb\u00e9, s\u2019hi troba tot el material per poder seguir el curs, els\u2026","rel":"","context":"Entrada similar","block_context":{"text":"Entrada similar","link":""},"img":{"alt_text":"","src":"","width":0,"height":0},"classes":[]}],"_links":{"self":[{"href":"https:\/\/iedib.net\/wordpress\/index.php?rest_route=\/wp\/v2\/pages\/3232","targetHints":{"allow":["GET"]}}],"collection":[{"href":"https:\/\/iedib.net\/wordpress\/index.php?rest_route=\/wp\/v2\/pages"}],"about":[{"href":"https:\/\/iedib.net\/wordpress\/index.php?rest_route=\/wp\/v2\/types\/page"}],"author":[{"embeddable":true,"href":"https:\/\/iedib.net\/wordpress\/index.php?rest_route=\/wp\/v2\/users\/1"}],"replies":[{"embeddable":true,"href":"https:\/\/iedib.net\/wordpress\/index.php?rest_route=%2Fwp%2Fv2%2Fcomments&post=3232"}],"version-history":[{"count":11,"href":"https:\/\/iedib.net\/wordpress\/index.php?rest_route=\/wp\/v2\/pages\/3232\/revisions"}],"predecessor-version":[{"id":4819,"href":"https:\/\/iedib.net\/wordpress\/index.php?rest_route=\/wp\/v2\/pages\/3232\/revisions\/4819"}],"wp:attachment":[{"href":"https:\/\/iedib.net\/wordpress\/index.php?rest_route=%2Fwp%2Fv2%2Fmedia&parent=3232"}],"curies":[{"name":"wp","href":"https:\/\/api.w.org\/{rel}","templated":true}]}}