{"id":3230,"date":"2022-05-12T13:33:06","date_gmt":"2022-05-12T11:33:06","guid":{"rendered":"https:\/\/iedib.net\/wordpress\/?page_id=3230"},"modified":"2025-09-30T09:32:36","modified_gmt":"2025-09-30T07:32:36","slug":"cfgs-projectes-dedificacions","status":"publish","type":"page","link":"https:\/\/iedib.net\/wordpress\/?page_id=3230","title":{"rendered":"CFGS Projectes d&#8217;edificacions"},"content":{"rendered":"\n<figure class=\"wp-block-image size-full\"><img data-recalc-dims=\"1\" loading=\"lazy\" decoding=\"async\" width=\"800\" height=\"120\" data-attachment-id=\"3249\" data-permalink=\"https:\/\/iedib.net\/wordpress\/?attachment_id=3249\" data-orig-file=\"https:\/\/i0.wp.com\/iedib.net\/wordpress\/wp-content\/uploads\/2022\/05\/GMS-edificacions.png?fit=1000%2C150&amp;ssl=1\" data-orig-size=\"1000,150\" data-comments-opened=\"0\" data-image-meta=\"{&quot;aperture&quot;:&quot;0&quot;,&quot;credit&quot;:&quot;&quot;,&quot;camera&quot;:&quot;&quot;,&quot;caption&quot;:&quot;&quot;,&quot;created_timestamp&quot;:&quot;0&quot;,&quot;copyright&quot;:&quot;&quot;,&quot;focal_length&quot;:&quot;0&quot;,&quot;iso&quot;:&quot;0&quot;,&quot;shutter_speed&quot;:&quot;0&quot;,&quot;title&quot;:&quot;&quot;,&quot;orientation&quot;:&quot;0&quot;}\" data-image-title=\"GMS-edificacions\" data-image-description=\"\" data-image-caption=\"\" data-medium-file=\"https:\/\/i0.wp.com\/iedib.net\/wordpress\/wp-content\/uploads\/2022\/05\/GMS-edificacions.png?fit=300%2C45&amp;ssl=1\" data-large-file=\"https:\/\/i0.wp.com\/iedib.net\/wordpress\/wp-content\/uploads\/2022\/05\/GMS-edificacions.png?fit=800%2C120&amp;ssl=1\" src=\"https:\/\/i0.wp.com\/iedib.net\/wordpress\/wp-content\/uploads\/2022\/05\/GMS-edificacions.png?resize=800%2C120&#038;ssl=1\" alt=\"\" class=\"wp-image-3249\" srcset=\"https:\/\/i0.wp.com\/iedib.net\/wordpress\/wp-content\/uploads\/2022\/05\/GMS-edificacions.png?w=1000&amp;ssl=1 1000w, https:\/\/i0.wp.com\/iedib.net\/wordpress\/wp-content\/uploads\/2022\/05\/GMS-edificacions.png?resize=300%2C45&amp;ssl=1 300w, https:\/\/i0.wp.com\/iedib.net\/wordpress\/wp-content\/uploads\/2022\/05\/GMS-edificacions.png?resize=150%2C23&amp;ssl=1 150w, https:\/\/i0.wp.com\/iedib.net\/wordpress\/wp-content\/uploads\/2022\/05\/GMS-edificacions.png?resize=768%2C115&amp;ssl=1 768w\" sizes=\"auto, (max-width: 800px) 100vw, 800px\" \/><\/figure>\n\n\n\n<p class=\"has-text-align-center\"><strong>Fam\u00edlia professional: Edificaci\u00f3 i obra civil<\/strong><\/p>\n\n\n\n<h2 class=\"wp-block-heading has-text-align-center\"><strong>T\u00edtol que s\u2019obt\u00e9: Projectes d&#8217;edificaci\u00f3<\/strong> (EOC31)<\/h2>\n\n\n\n<h3 class=\"wp-block-heading\"><strong>Funcionament dels m\u00f2duls<\/strong><\/h3>\n\n\n\n<p>A la cap\u00e7alera de l\u2019aula virtual trobem l\u2019apartat funcionament del m\u00f2dul on s\u2019explica com funciona cada m\u00f2dul. Tamb\u00e9, s\u2019hi troba tot el material per poder seguir el curs, els recursos en format digital (no hi ha llibres de text, ja que tot est\u00e0 a l\u2019aula virtual) i les activitats en l\u00ednia. Hi ha un sol examen presencial al final de cada m\u00f2dul, que val el 45% de la nota final. Les activitats en l\u00ednia representen entre el 55% de la nota. Per aprovar el m\u00f2dul s\u2019han d\u2019obtenir una nota m\u00ednima de 5 de cada una de les parts.<\/p>\n\n\n\n<h3 class=\"wp-block-heading has-text-align-left has-medium-font-size\"><strong>Pferta formativa 2025-26<\/strong><\/h3>\n\n\n\n<div class=\"wp-block-columns is-layout-flex wp-container-core-columns-is-layout-9d6595d7 wp-block-columns-is-layout-flex\">\n<div class=\"wp-block-column is-layout-flow wp-block-column-is-layout-flow\" style=\"flex-basis:100%\">\n<figure class=\"wp-block-table is-style-stripes\"><table><thead><tr><th class=\"has-text-align-center\" data-align=\"center\"><strong>CUR<\/strong>S  <\/th><th><strong>M\u00d2DULS<\/strong><\/th><th class=\"has-text-align-center\" data-align=\"center\"><strong>HORES LECTIVES<\/strong><\/th><th class=\"has-text-align-center\" data-align=\"center\"><strong>INDICACIONS ADDICIONALS<\/strong><\/th><\/tr><\/thead><tbody><tr><td class=\"has-text-align-center\" data-align=\"center\">1<\/td><td>0562 Estructures de construcci\u00f3<\/td><td class=\"has-text-align-center\" data-align=\"center\">100<\/td><td class=\"has-text-align-center\" data-align=\"center\">Anual<\/td><\/tr><tr><td class=\"has-text-align-center\" data-align=\"center\">1<\/td><td>0563 Representacions de construcci\u00f3<\/td><td class=\"has-text-align-center\" data-align=\"center\">290<\/td><td class=\"has-text-align-center\" data-align=\"center\">Anual<\/td><\/tr><tr><td class=\"has-text-align-center\" data-align=\"center\">1<\/td><td>0565 Replantejaments de construcci\u00f3<\/td><td class=\"has-text-align-center\" data-align=\"center\">130<\/td><td class=\"has-text-align-center\" data-align=\"center\">Anual<\/td><\/tr><tr><td class=\"has-text-align-center\" data-align=\"center\">1<\/td><td>0567 Disseny i construcci\u00f3 d&#8217;edificis<\/td><td class=\"has-text-align-center\" data-align=\"center\">130<\/td><td class=\"has-text-align-center\" data-align=\"center\">Anual<\/td><\/tr><tr><td class=\"has-text-align-center\" data-align=\"center\">1<\/td><td>0568 Instal\u00b7lacions en edificacions<\/td><td class=\"has-text-align-center\" data-align=\"center\">130<\/td><td class=\"has-text-align-center\" data-align=\"center\">Anual<\/td><\/tr><tr><td class=\"has-text-align-center\" data-align=\"center\">1<\/td><td>1709 Itinerari personal per a l\u2019ocupabilitat I<\/td><td class=\"has-text-align-center\" data-align=\"center\">90<\/td><td class=\"has-text-align-center\" data-align=\"center\">1r QUADRIMESTRE<br>Convalidable amb FOL<\/td><\/tr><tr><td class=\"has-text-align-center\" data-align=\"center\">1<\/td><td>1665 Digitalitzaci\u00f3<\/td><td class=\"has-text-align-center\" data-align=\"center\">30<\/td><td class=\"has-text-align-center\" data-align=\"center\">2n QUADRIMESTRE<\/td><\/tr><tr><td class=\"has-text-align-center\" data-align=\"center\">2<\/td><td>0564 Mesuraments i valoracions de construcci\u00f3<\/td><td class=\"has-text-align-center\" data-align=\"center\">100<\/td><td class=\"has-text-align-center\" data-align=\"center\">Anual<\/td><\/tr><tr><td class=\"has-text-align-center\" data-align=\"center\">2<\/td><td>0566 Planificaci\u00f3 de construcci\u00f3<\/td><td class=\"has-text-align-center\" data-align=\"center\">100<\/td><td class=\"has-text-align-center\" data-align=\"center\">1r QUADRIMESTRE<\/td><\/tr><tr><td class=\"has-text-align-center\" data-align=\"center\">2<\/td><td>0569 Efici\u00e8ncia energ\u00e8tica en edificaci\u00f3<\/td><td class=\"has-text-align-center\" data-align=\"center\">60<\/td><td class=\"has-text-align-center\" data-align=\"center\">2n QUADRIMESTRE<\/td><\/tr><tr><td class=\"has-text-align-center\" data-align=\"center\">2<\/td><td>0570 Desenvolupament de projectes d&#8217;edificaci\u00f3 residencial<\/td><td class=\"has-text-align-center\" data-align=\"center\">230<\/td><td class=\"has-text-align-center\" data-align=\"center\">Anual<\/td><\/tr><tr><td class=\"has-text-align-center\" data-align=\"center\">2<\/td><td>0571 Desenvolupament de projectes d&#8217;edificaci\u00f3 no residencial <\/td><td class=\"has-text-align-center\" data-align=\"center\">160<\/td><td class=\"has-text-align-center\" data-align=\"center\">Anual<\/td><\/tr><tr><td class=\"has-text-align-center\" data-align=\"center\">2<\/td><td>1710 Itinerari personal per a l\u2019ocupabilitat II<\/td><td class=\"has-text-align-center\" data-align=\"center\">60 h<\/td><td class=\"has-text-align-center\" data-align=\"center\">2n QUADRIMESTRE<br>Convalidable amb Empresa i iniciativa emprenadora<\/td><\/tr><tr><td class=\"has-text-align-center\" data-align=\"center\">2<\/td><td>1708 Sostenibilitat<\/td><td class=\"has-text-align-center\" data-align=\"center\">30 h<\/td><td class=\"has-text-align-center\" data-align=\"center\">1r QUADRIMESTRE<\/td><\/tr><tr><td class=\"has-text-align-center\" data-align=\"center\">2<\/td><td>379 Angl\u00e8s professional<\/td><td class=\"has-text-align-center\" data-align=\"center\">120h<\/td><td class=\"has-text-align-center\" data-align=\"center\">2n QUADRIMESTRE<\/td><\/tr><tr><td class=\"has-text-align-center\" data-align=\"center\">2<\/td><td>M\u00f2dul optatiu a triar:<br>&#8211; Processos constructius&nbsp;en obra civil<br>&#8211; Catal\u00e0 b\u00e0sic<br>&#8211; Catal\u00e0 intermedi<br>&#8211; Alemany<\/td><td class=\"has-text-align-center\" data-align=\"center\">80h<\/td><td class=\"has-text-align-center\" data-align=\"center\">1r QUADRIMESTRE<\/td><\/tr><tr><td class=\"has-text-align-center\" data-align=\"center\">2<\/td><td>0379 Projecte intermodular<\/td><td class=\"has-text-align-center\" data-align=\"center\">50 h<\/td><td class=\"has-text-align-center\" data-align=\"center\">2n QUADRIMESTRE<br>Requisit: haver superat 900h<\/td><\/tr><tr><td class=\"has-text-align-center\" data-align=\"center\">3<\/td><td>0575 Formaci\u00f3 en centres de treball (FCT)<\/td><td class=\"has-text-align-center\" data-align=\"center\">400<\/td><td class=\"has-text-align-center\" data-align=\"center\">Presencial<\/td><\/tr><\/tbody><\/table><figcaption class=\"wp-element-caption\">La&nbsp;<a href=\"https:\/\/iedib.net\/wordpress\/?page_id=5015\" target=\"_blank\" rel=\"noreferrer noopener\">matr\u00edcula del m\u00f2dul FCT<\/a>&nbsp;s\u2019ha de realitzar a l\u2019IEDIB, ser\u00e0 el centre que les gestionar\u00e0.<\/figcaption><\/figure>\n\n\n\n<hr class=\"wp-block-separator has-alpha-channel-opacity\"\/>\n\n\n\n<h2 class=\"wp-block-heading\"><strong>Recomanacions per cursar m\u00f2duls de segon<\/strong><\/h2>\n\n\n\n<p>Per cursar els m\u00f2duls: <\/p>\n\n\n\n<ul class=\"wp-block-list\">\n<li>Desenvolupament de projectes d&#8217;edificaci\u00f3 no residencial<\/li>\n\n\n\n<li>Desenvolupament de projectes d&#8217;edificaci\u00f3 residencial<\/li>\n\n\n\n<li>Efici\u00e8ncia energ\u00e8tica en edificaci\u00f3<\/li>\n\n\n\n<li>Planificaci\u00f3 de construcci\u00f3<\/li>\n\n\n\n<li>Mesuraments i valoracions de construcci\u00f3<\/li>\n<\/ul>\n\n\n\n<p>Haver&nbsp;superat&nbsp;abans el m\u00f2dul:<\/p>\n\n\n\n<p>Estructures de construcci\u00f3<\/p>\n\n\n\n<hr class=\"wp-block-separator has-alpha-channel-opacity\"\/>\n\n\n\n<p><strong>De qu\u00e8 treballar\u00e0s?<\/strong><\/p>\n\n\n\n<ul class=\"wp-block-list\">\n<li>Delineant projectista d&#8217;edificaci\u00f3.<\/li>\n\n\n\n<li>Delineant d&#8217;edificaci\u00f3.<\/li>\n\n\n\n<li>Delineant d&#8217;instal\u00b7lacions.<\/li>\n\n\n\n<li>Maquetista de construcci\u00f3<\/li>\n\n\n\n<li>Ajudant de cap\/cap d&#8217;Oficina T\u00e8cnica.<\/li>\n\n\n\n<li>Ajudant de planificador\/planificadora.<\/li>\n\n\n\n<li>Ajudant de t\u00e8cnica\/t\u00e8cnic de Control de Costos.<\/li>\n\n\n\n<li>T\u00e8cnica\/t\u00e8cnic de control documental<\/li>\n\n\n\n<li>Especialista en replantejaments.<\/li>\n\n\n\n<li>Ajudant de processos de certificaci\u00f3 energ\u00e8tica d&#8217;edificis<\/li>\n\n\n\n<li>T\u00e8cnica \/ t\u00e8cnic d&#8217;efici\u00e8ncia energ\u00e8tica d&#8217;edificis<\/li>\n<\/ul>\n\n\n\n<p><strong>On treballar\u00e0s?<\/strong>&nbsp;&nbsp; Aquest professional exerceix la seva activitat com a personal assalariat o aut\u00f2nom en estudis d&#8217;arquitectura i enginyeria, delineaci\u00f3, consultories, promotores immobili\u00e0ries, empreses constructores i administracions p\u00fabliques. La seva activitat \u00e9s regulada.<\/p>\n\n\n\n<p><strong>Acc\u00e9s a estudis posteriors i altres formacions professionals:<\/strong><\/p>\n\n\n\n<ul class=\"wp-block-list\">\n<li>Un altre cicle formatiu d&#8217;FP de grau mitj\u00e0 o de grau superior amb la possibilitat d\u2019establir convalidacions de m\u00f2duls d\u2019acord amb la normativa vigent.<\/li>\n\n\n\n<li>El batxillerat en qualsevol de les seves modalitats.<\/li>\n\n\n\n<li>Certificats de professionalitat de nivell 1, 2 i 3.<\/li>\n<\/ul>\n<\/div>\n<\/div>\n","protected":false},"excerpt":{"rendered":"<p>Fam\u00edlia professional: Edificaci\u00f3 i obra civil T\u00edtol que s\u2019obt\u00e9: Projectes d&#8217;edificaci\u00f3 (EOC31) Funcionament dels m\u00f2duls A la cap\u00e7alera de l\u2019aula virtual trobem l\u2019apartat funcionament del m\u00f2dul on s\u2019explica com funciona &#8230;<\/p>\n","protected":false},"author":1,"featured_media":0,"parent":0,"menu_order":0,"comment_status":"closed","ping_status":"closed","template":"","meta":{"jetpack_post_was_ever_published":false,"footnotes":""},"class_list":["post-3230","page","type-page","status-publish","hentry"],"jetpack_sharing_enabled":true,"jetpack_shortlink":"https:\/\/wp.me\/Pa5Owj-Q6","jetpack-related-posts":[{"id":4996,"url":"https:\/\/iedib.net\/wordpress\/?page_id=4996","url_meta":{"origin":3230,"position":0},"title":"CFGS d&#8217;integraci\u00f3 social (SSC33)","author":"wp_admin","date":"22 abril, 2025","format":false,"excerpt":"Funcionament dels m\u00f2duls A la cap\u00e7alera de l\u2019aula virtual trobem l\u2019apartat funcionament del m\u00f2dul on s\u2019explica com funciona cada m\u00f2dul. Tamb\u00e9, s\u2019hi troba tot el material per poder seguir el curs, els recursos en format digital (no hi ha llibres de text, ja que tot est\u00e0 a l\u2019aula virtual) i\u2026","rel":"","context":"Entrada similar","block_context":{"text":"Entrada similar","link":""},"img":{"alt_text":"","src":"https:\/\/i0.wp.com\/iedib.net\/wordpress\/wp-content\/uploads\/2025\/04\/unnamed.png?resize=350%2C200&ssl=1","width":350,"height":200,"srcset":"https:\/\/i0.wp.com\/iedib.net\/wordpress\/wp-content\/uploads\/2025\/04\/unnamed.png?resize=350%2C200&ssl=1 1x, https:\/\/i0.wp.com\/iedib.net\/wordpress\/wp-content\/uploads\/2025\/04\/unnamed.png?resize=525%2C300&ssl=1 1.5x, https:\/\/i0.wp.com\/iedib.net\/wordpress\/wp-content\/uploads\/2025\/04\/unnamed.png?resize=700%2C400&ssl=1 2x, https:\/\/i0.wp.com\/iedib.net\/wordpress\/wp-content\/uploads\/2025\/04\/unnamed.png?resize=1050%2C600&ssl=1 3x"},"classes":[]},{"id":3232,"url":"https:\/\/iedib.net\/wordpress\/?page_id=3232","url_meta":{"origin":3230,"position":1},"title":"Curs d&#8217;especialitzaci\u00f3 en intel\u00b7lig\u00e8ncia artificial i dades massives","author":"wp_admin","date":"13 maig, 2022","format":false,"excerpt":"Funcionament dels m\u00f2duls A la cap\u00e7alera de l\u2019aula virtual trobam l\u2019apartat funcionament del m\u00f2dul on s\u2019explica com funciona cada m\u00f2dul. Tamb\u00e9, s\u2019hi troba tot el material per poder seguir el curs, els recursos en format digital (no hi ha llibres de text, ja que tot est\u00e0 a l\u2019aula virtual) i\u2026","rel":"","context":"Entrada similar","block_context":{"text":"Entrada similar","link":""},"img":{"alt_text":"","src":"https:\/\/i0.wp.com\/iedib.net\/wordpress\/wp-content\/uploads\/2022\/05\/BID-DATA.png?resize=350%2C200&ssl=1","width":350,"height":200,"srcset":"https:\/\/i0.wp.com\/iedib.net\/wordpress\/wp-content\/uploads\/2022\/05\/BID-DATA.png?resize=350%2C200&ssl=1 1x, https:\/\/i0.wp.com\/iedib.net\/wordpress\/wp-content\/uploads\/2022\/05\/BID-DATA.png?resize=525%2C300&ssl=1 1.5x, https:\/\/i0.wp.com\/iedib.net\/wordpress\/wp-content\/uploads\/2022\/05\/BID-DATA.png?resize=700%2C400&ssl=1 2x"},"classes":[]},{"id":119,"url":"https:\/\/iedib.net\/wordpress\/?page_id=119","url_meta":{"origin":3230,"position":2},"title":"CFGM atenci\u00f3 a persones en situaci\u00f3 de depend\u00e8ncia","author":"wp_admin","date":"29 abril, 2018","format":false,"excerpt":"Fam\u00edlia professional: Serveis socioculturals i a la comunitat (SSC) T\u00edtol que s\u2019obt\u00e9: T\u00e8cnic en Atenci\u00f3 a persones en situaci\u00f3 de depend\u00e8ncia (SSC21) Funcionament dels m\u00f2duls A la cap\u00e7alera de l\u2019aula virtual trobam l\u2019apartat funcionament del m\u00f2dul on s\u2019explica com funciona cada m\u00f2dul. Tamb\u00e9, s\u2019hi troba tot el material per poder\u2026","rel":"","context":"Entrada similar","block_context":{"text":"Entrada similar","link":""},"img":{"alt_text":"","src":"https:\/\/i0.wp.com\/iedib.net\/wordpress\/wp-content\/uploads\/2022\/05\/GM-Atencio%CC%81.png?resize=350%2C200&ssl=1","width":350,"height":200,"srcset":"https:\/\/i0.wp.com\/iedib.net\/wordpress\/wp-content\/uploads\/2022\/05\/GM-Atencio%CC%81.png?resize=350%2C200&ssl=1 1x, https:\/\/i0.wp.com\/iedib.net\/wordpress\/wp-content\/uploads\/2022\/05\/GM-Atencio%CC%81.png?resize=525%2C300&ssl=1 1.5x, https:\/\/i0.wp.com\/iedib.net\/wordpress\/wp-content\/uploads\/2022\/05\/GM-Atencio%CC%81.png?resize=700%2C400&ssl=1 2x"},"classes":[]},{"id":1350,"url":"https:\/\/iedib.net\/wordpress\/?page_id=1350","url_meta":{"origin":3230,"position":3},"title":"CFGM sistemes microinform\u00e0tics i xarxes","author":"wp_admin","date":"13 mar\u00e7, 2019","format":false,"excerpt":"Fam\u00edlia professional: Inform\u00e0tica i comunicacions (IFC) T\u00edtol que s\u2019obt\u00e9: T\u00e8cnic en sistemes microinform\u00e0tics i xarxes (IFC21) Funcionament dels m\u00f2duls A la cap\u00e7alera de l\u2019aula virtual trobam l\u2019apartat funcionament del m\u00f2dul on s\u2019explica com funciona cada m\u00f2dul. Tamb\u00e9, s\u2019hi troba tot el material per poder seguir el curs, els recursos en\u2026","rel":"","context":"Entrada similar","block_context":{"text":"Entrada similar","link":""},"img":{"alt_text":"","src":"https:\/\/i0.wp.com\/iedib.net\/wordpress\/wp-content\/uploads\/2025\/06\/Informatica-1.png?resize=350%2C200&ssl=1","width":350,"height":200,"srcset":"https:\/\/i0.wp.com\/iedib.net\/wordpress\/wp-content\/uploads\/2025\/06\/Informatica-1.png?resize=350%2C200&ssl=1 1x, https:\/\/i0.wp.com\/iedib.net\/wordpress\/wp-content\/uploads\/2025\/06\/Informatica-1.png?resize=525%2C300&ssl=1 1.5x, https:\/\/i0.wp.com\/iedib.net\/wordpress\/wp-content\/uploads\/2025\/06\/Informatica-1.png?resize=700%2C400&ssl=1 2x"},"classes":[]},{"id":1339,"url":"https:\/\/iedib.net\/wordpress\/?page_id=1339","url_meta":{"origin":3230,"position":4},"title":"Formaci\u00f3 professional","author":"wp_admin","date":"12 mar\u00e7, 2019","format":false,"excerpt":"Estudis d'FP que s'imparteixen a l'IEDIB CFGM d'atenci\u00f3 a persones en situaci\u00f3 de depend\u00e8ncia CFGM\u00a0d\u2019instal\u00b7lacions el\u00e8ctriques i autom\u00e0tiques CFGM d'emerg\u00e8ncies sanit\u00e0ries CFGM de sistemes microinform\u00e0tics i xarxes CFGS d'administraci\u00f3 de sistemes inform\u00e0tics en xarxa CFGS Projectes d'edificacions CFGS Animacions 3D, jocs i entorns interactius CFGS d'integraci\u00f3 social Requisits d'acc\u00e9s Requisits\u2026","rel":"","context":"Entrada similar","block_context":{"text":"Entrada similar","link":""},"img":{"alt_text":"","src":"https:\/\/i0.wp.com\/iedib.net\/wordpress\/wp-content\/uploads\/2019\/06\/batxillerat-3.png?resize=350%2C200&ssl=1","width":350,"height":200,"srcset":"https:\/\/i0.wp.com\/iedib.net\/wordpress\/wp-content\/uploads\/2019\/06\/batxillerat-3.png?resize=350%2C200&ssl=1 1x, https:\/\/i0.wp.com\/iedib.net\/wordpress\/wp-content\/uploads\/2019\/06\/batxillerat-3.png?resize=525%2C300&ssl=1 1.5x, https:\/\/i0.wp.com\/iedib.net\/wordpress\/wp-content\/uploads\/2019\/06\/batxillerat-3.png?resize=700%2C400&ssl=1 2x, https:\/\/i0.wp.com\/iedib.net\/wordpress\/wp-content\/uploads\/2019\/06\/batxillerat-3.png?resize=1050%2C600&ssl=1 3x"},"classes":[]},{"id":3768,"url":"https:\/\/iedib.net\/wordpress\/?page_id=3768","url_meta":{"origin":3230,"position":5},"title":"CFGS Animacions 3D, jocs i entorns interactius","author":"wp_admin","date":"27 abril, 2023","format":false,"excerpt":"T\u00edtol que s\u2019obt\u00e9: T\u00e8cnic superior en Animacions 3D, jocs i entorns interactius (IMS31) Fam\u00edlia professional: Imatge i so Funcionament dels m\u00f2duls A la cap\u00e7alera de l\u2019aula virtual trobem l\u2019apartat funcionament del m\u00f2dul on s\u2019explica com funciona cada m\u00f2dul. Tamb\u00e9, s\u2019hi troba tot el material per poder seguir el curs, els\u2026","rel":"","context":"Entrada similar","block_context":{"text":"Entrada similar","link":""},"img":{"alt_text":"","src":"","width":0,"height":0},"classes":[]}],"_links":{"self":[{"href":"https:\/\/iedib.net\/wordpress\/index.php?rest_route=\/wp\/v2\/pages\/3230","targetHints":{"allow":["GET"]}}],"collection":[{"href":"https:\/\/iedib.net\/wordpress\/index.php?rest_route=\/wp\/v2\/pages"}],"about":[{"href":"https:\/\/iedib.net\/wordpress\/index.php?rest_route=\/wp\/v2\/types\/page"}],"author":[{"embeddable":true,"href":"https:\/\/iedib.net\/wordpress\/index.php?rest_route=\/wp\/v2\/users\/1"}],"replies":[{"embeddable":true,"href":"https:\/\/iedib.net\/wordpress\/index.php?rest_route=%2Fwp%2Fv2%2Fcomments&post=3230"}],"version-history":[{"count":37,"href":"https:\/\/iedib.net\/wordpress\/index.php?rest_route=\/wp\/v2\/pages\/3230\/revisions"}],"predecessor-version":[{"id":5473,"href":"https:\/\/iedib.net\/wordpress\/index.php?rest_route=\/wp\/v2\/pages\/3230\/revisions\/5473"}],"wp:attachment":[{"href":"https:\/\/iedib.net\/wordpress\/index.php?rest_route=%2Fwp%2Fv2%2Fmedia&parent=3230"}],"curies":[{"name":"wp","href":"https:\/\/api.w.org\/{rel}","templated":true}]}}