{"id":3218,"date":"2022-03-31T13:15:34","date_gmt":"2022-03-31T11:15:34","guid":{"rendered":"https:\/\/iedib.net\/wordpress\/?page_id=3218"},"modified":"2025-03-14T08:26:25","modified_gmt":"2025-03-14T07:26:25","slug":"minicursos-en-obert","status":"publish","type":"page","link":"https:\/\/iedib.net\/wordpress\/?page_id=3218","title":{"rendered":"Minicursos en obert"},"content":{"rendered":"\n<figure class=\"wp-block-image size-large\"><img data-recalc-dims=\"1\" loading=\"lazy\" decoding=\"async\" width=\"800\" height=\"150\" data-attachment-id=\"3974\" data-permalink=\"https:\/\/iedib.net\/wordpress\/?attachment_id=3974\" data-orig-file=\"https:\/\/i0.wp.com\/iedib.net\/wordpress\/wp-content\/uploads\/2023\/07\/Copia-de-claustre.png?fit=1799%2C338&amp;ssl=1\" data-orig-size=\"1799,338\" data-comments-opened=\"0\" data-image-meta=\"{&quot;aperture&quot;:&quot;0&quot;,&quot;credit&quot;:&quot;&quot;,&quot;camera&quot;:&quot;&quot;,&quot;caption&quot;:&quot;&quot;,&quot;created_timestamp&quot;:&quot;0&quot;,&quot;copyright&quot;:&quot;&quot;,&quot;focal_length&quot;:&quot;0&quot;,&quot;iso&quot;:&quot;0&quot;,&quot;shutter_speed&quot;:&quot;0&quot;,&quot;title&quot;:&quot;&quot;,&quot;orientation&quot;:&quot;0&quot;}\" data-image-title=\"Copia-de-claustre\" data-image-description=\"\" data-image-caption=\"\" data-large-file=\"https:\/\/i0.wp.com\/iedib.net\/wordpress\/wp-content\/uploads\/2023\/07\/Copia-de-claustre.png?fit=800%2C150&amp;ssl=1\" src=\"https:\/\/i0.wp.com\/iedib.net\/wordpress\/wp-content\/uploads\/2023\/07\/Copia-de-claustre.png?resize=800%2C150&#038;ssl=1\" alt=\"\" class=\"wp-image-3974\" srcset=\"https:\/\/i0.wp.com\/iedib.net\/wordpress\/wp-content\/uploads\/2023\/07\/Copia-de-claustre.png?resize=1024%2C192&amp;ssl=1 1024w, https:\/\/i0.wp.com\/iedib.net\/wordpress\/wp-content\/uploads\/2023\/07\/Copia-de-claustre.png?resize=300%2C56&amp;ssl=1 300w, https:\/\/i0.wp.com\/iedib.net\/wordpress\/wp-content\/uploads\/2023\/07\/Copia-de-claustre.png?resize=150%2C28&amp;ssl=1 150w, https:\/\/i0.wp.com\/iedib.net\/wordpress\/wp-content\/uploads\/2023\/07\/Copia-de-claustre.png?resize=768%2C144&amp;ssl=1 768w, https:\/\/i0.wp.com\/iedib.net\/wordpress\/wp-content\/uploads\/2023\/07\/Copia-de-claustre.png?resize=1536%2C289&amp;ssl=1 1536w, https:\/\/i0.wp.com\/iedib.net\/wordpress\/wp-content\/uploads\/2023\/07\/Copia-de-claustre.png?w=1799&amp;ssl=1 1799w, https:\/\/i0.wp.com\/iedib.net\/wordpress\/wp-content\/uploads\/2023\/07\/Copia-de-claustre.png?w=1600&amp;ssl=1 1600w\" sizes=\"auto, (max-width: 800px) 100vw, 800px\" \/><figcaption class=\"wp-element-caption\">Complementa la teva formaci\u00f3 amb els minicursos en obert. Es tracta de cursos lliures i gratu\u00efts que han estat creats pel professorat de l&#8217;IEDIB.<\/figcaption><\/figure>\n\n\n\n<p class=\"has-text-align-left\">Amb els minicursos aprendr\u00e0s un tema en concret al teu ritme i de manera aut\u00f2noma. Aviat el nombre de temes a la teva disposici\u00f3 augmentar\u00e0. Sents curiositat per un tema o necessites aprofundir en algun aspecte? Si ets alumne de l&#8217;IEDIB, nom\u00e9s cal que accedeixis el minicurs que desitgis i cliquis sobre el bot\u00f3 d&#8217;automatr\u00edcula. En altre cas, sempre podr\u00e0s accedir-hi mitjan\u00e7ant l&#8217;usuari convidat amb la contrasenya <strong>iedib<\/strong>.<\/p>\n\n\n\n<p>Accedeix al <a rel=\"noreferrer noopener\" href=\"https:\/\/iedib.net\/avirtual\/course\/index.php?categoryid=17\" target=\"_blank\">seg\u00fcent enlla\u00e7<\/a> per entrar als minicursos, tens disponibles aquests dos cursos<a rel=\"noreferrer noopener\" href=\"https:\/\/iedib.net\/avirtual\/course\/index.php?categoryid=17\" target=\"_blank\">: <\/a><\/p>\n\n\n\n<p><a href=\"https:\/\/iedib.net\/avirtual\/course\/view.php?id=677\" target=\"_blank\" rel=\"noreferrer noopener\">Taller de nombres<\/a><\/p>\n\n\n\n<p><a href=\"https:\/\/iedib.net\/avirtual\/course\/index.php?categoryid=17\" target=\"_blank\" rel=\"noreferrer noopener\">Taller d&#8217;\u00e0lgebra<\/a>.<\/p>\n\n\n\n<p><a href=\"https:\/\/iedib.net\/avirtual\/course\/index.php?categoryid=17\" target=\"_blank\" rel=\"noreferrer noopener\">Taller de f\u00edsica i qu\u00edmica<\/a><\/p>\n\n\n\n<p><\/p>\n","protected":false},"excerpt":{"rendered":"<p>Amb els minicursos aprendr\u00e0s un tema en concret al teu ritme i de manera aut\u00f2noma. Aviat el nombre de temes a la teva disposici\u00f3 augmentar\u00e0. Sents curiositat per un tema &#8230;<\/p>\n","protected":false},"author":1,"featured_media":0,"parent":0,"menu_order":0,"comment_status":"closed","ping_status":"closed","template":"","meta":{"jetpack_post_was_ever_published":false,"footnotes":""},"class_list":["post-3218","page","type-page","status-publish","hentry"],"jetpack_sharing_enabled":true,"jetpack_shortlink":"https:\/\/wp.me\/Pa5Owj-PU","jetpack-related-posts":[{"id":3210,"url":"https:\/\/iedib.net\/wordpress\/?page_id=3210","url_meta":{"origin":3218,"position":0},"title":"Acc\u00e9s com a visitant a les aules virtuals","author":"wp_admin","date":"31 mar\u00e7, 2022","format":false,"excerpt":"Algunes aules virtuals de l'IEDIB permeten l'acc\u00e9s com a visitant, \u00e9s a dir, no fa falta estar matriculat com a estudiant. Amb l'acc\u00e9s com a visitant, pots accedir als llibres digitals i tots els seus continguts, per\u00f2 no podr\u00e0s fer activitats ni consultar al professor. La clau per accedir com\u2026","rel":"","context":"Entrada similar","block_context":{"text":"Entrada similar","link":""},"img":{"alt_text":"","src":"https:\/\/i0.wp.com\/iedib.net\/wordpress\/wp-content\/uploads\/2022\/03\/Copia-de-claustre-1.png?resize=350%2C200&ssl=1","width":350,"height":200,"srcset":"https:\/\/i0.wp.com\/iedib.net\/wordpress\/wp-content\/uploads\/2022\/03\/Copia-de-claustre-1.png?resize=350%2C200&ssl=1 1x, https:\/\/i0.wp.com\/iedib.net\/wordpress\/wp-content\/uploads\/2022\/03\/Copia-de-claustre-1.png?resize=525%2C300&ssl=1 1.5x, https:\/\/i0.wp.com\/iedib.net\/wordpress\/wp-content\/uploads\/2022\/03\/Copia-de-claustre-1.png?resize=700%2C400&ssl=1 2x, https:\/\/i0.wp.com\/iedib.net\/wordpress\/wp-content\/uploads\/2022\/03\/Copia-de-claustre-1.png?resize=1050%2C600&ssl=1 3x, https:\/\/i0.wp.com\/iedib.net\/wordpress\/wp-content\/uploads\/2022\/03\/Copia-de-claustre-1.png?resize=1400%2C800&ssl=1 4x"},"classes":[]},{"id":64,"url":"https:\/\/iedib.net\/wordpress\/?page_id=64","url_meta":{"origin":3218,"position":1},"title":"Aula virtual","author":"wp_admin","date":"5 abril, 2018","format":false,"excerpt":"Si ets alumne de l'IEDIB i vols accedir a l'aula virtual obre aquest enlla\u00e7 i introdueix les teves claus: Acc\u00e9s a l'aula virtual","rel":"","context":"Entrada similar","block_context":{"text":"Entrada similar","link":""},"img":{"alt_text":"","src":"https:\/\/i0.wp.com\/iedib.net\/wordpress\/wp-content\/uploads\/2021\/07\/claustre.png?resize=350%2C200&ssl=1","width":350,"height":200,"srcset":"https:\/\/i0.wp.com\/iedib.net\/wordpress\/wp-content\/uploads\/2021\/07\/claustre.png?resize=350%2C200&ssl=1 1x, https:\/\/i0.wp.com\/iedib.net\/wordpress\/wp-content\/uploads\/2021\/07\/claustre.png?resize=525%2C300&ssl=1 1.5x, https:\/\/i0.wp.com\/iedib.net\/wordpress\/wp-content\/uploads\/2021\/07\/claustre.png?resize=700%2C400&ssl=1 2x, https:\/\/i0.wp.com\/iedib.net\/wordpress\/wp-content\/uploads\/2021\/07\/claustre.png?resize=1050%2C600&ssl=1 3x, https:\/\/i0.wp.com\/iedib.net\/wordpress\/wp-content\/uploads\/2021\/07\/claustre.png?resize=1400%2C800&ssl=1 4x"},"classes":[]},{"id":3197,"url":"https:\/\/iedib.net\/wordpress\/?page_id=3197","url_meta":{"origin":3218,"position":2},"title":"Aula virtual de visitant","author":"wp_admin","date":"28 mar\u00e7, 2022","format":false,"excerpt":"No ets alumne de l'IEDIB i\u00a0vols provar\u00a0una aula? Per entrar una aula com a visitant has d\u2019obrir el seg\u00fcent\u00a0enlla\u00e7, triar una aula\u00a0i introduir la paraula\u00a0iedib\u00a0a l\u2019apartat\u00a0inicia la sessi\u00f3 com a visitant (Veure imatge inferior).\u00a0Algunes funcionalitats estan restringides pel fet d\u2019accedir com a visitant. Acc\u00e9s a l\u2019aula virtual\u00a0de visitant","rel":"","context":"Entrada similar","block_context":{"text":"Entrada similar","link":""},"img":{"alt_text":"","src":"https:\/\/i0.wp.com\/iedib.net\/wordpress\/wp-content\/uploads\/2024\/07\/Inicia-sessio-en-aquest-lloc-IEDIB.png?resize=350%2C200&ssl=1","width":350,"height":200},"classes":[]},{"id":1458,"url":"https:\/\/iedib.net\/wordpress\/?page_id=1458","url_meta":{"origin":3218,"position":3},"title":"Requisits acc\u00e9s cicle formatiu grau mitj\u00e0","author":"wp_admin","date":"31 mar\u00e7, 2019","format":false,"excerpt":"Per accedir als cicles formatius de grau mitj\u00e0, cal complir almenys un dels requisits seg\u00fcents: Tenir el t\u00edtol de graduat en Educaci\u00f3 Secund\u00e0ria Obligat\u00f2ria (ESO). Disposar del t\u00edtol de T\u00e8cnic b\u00e0sic o T\u00e8cnic. Haver superat una oferta formativa de grau C vinculada al cicle formatiu al qual es vol accedir.\u2026","rel":"","context":"Entrada similar","block_context":{"text":"Entrada similar","link":""},"img":{"alt_text":"","src":"","width":0,"height":0},"classes":[]},{"id":1339,"url":"https:\/\/iedib.net\/wordpress\/?page_id=1339","url_meta":{"origin":3218,"position":4},"title":"Formaci\u00f3 professional","author":"wp_admin","date":"12 mar\u00e7, 2019","format":false,"excerpt":"Estudis d'FP que s'imparteixen a l'IEDIB CFGM d'atenci\u00f3 a persones en situaci\u00f3 de depend\u00e8ncia CFGM\u00a0d\u2019instal\u00b7lacions el\u00e8ctriques i autom\u00e0tiques CFGM d'emerg\u00e8ncies sanit\u00e0ries CFGM de sistemes microinform\u00e0tics i xarxes CFGS d'administraci\u00f3 de sistemes inform\u00e0tics en xarxa CFGS Projectes d'edificacions CFGS Animacions 3D, jocs i entorns interactius CFGS d'integraci\u00f3 social Requisits d'acc\u00e9s Requisits\u2026","rel":"","context":"Entrada similar","block_context":{"text":"Entrada similar","link":""},"img":{"alt_text":"","src":"https:\/\/i0.wp.com\/iedib.net\/wordpress\/wp-content\/uploads\/2019\/06\/batxillerat-3.png?resize=350%2C200&ssl=1","width":350,"height":200,"srcset":"https:\/\/i0.wp.com\/iedib.net\/wordpress\/wp-content\/uploads\/2019\/06\/batxillerat-3.png?resize=350%2C200&ssl=1 1x, https:\/\/i0.wp.com\/iedib.net\/wordpress\/wp-content\/uploads\/2019\/06\/batxillerat-3.png?resize=525%2C300&ssl=1 1.5x, https:\/\/i0.wp.com\/iedib.net\/wordpress\/wp-content\/uploads\/2019\/06\/batxillerat-3.png?resize=700%2C400&ssl=1 2x, https:\/\/i0.wp.com\/iedib.net\/wordpress\/wp-content\/uploads\/2019\/06\/batxillerat-3.png?resize=1050%2C600&ssl=1 3x"},"classes":[]},{"id":1327,"url":"https:\/\/iedib.net\/wordpress\/?page_id=1327","url_meta":{"origin":3218,"position":5},"title":"EOI-IEDIB  (idiomes a dist\u00e0ncia)","author":"wp_admin","date":"28 mar\u00e7, 2019","format":false,"excerpt":"EOI-IEDIB \u00e9s l\u2019oferta educativa en l\u00ednia de les Escoles Oficials d\u2019Idiomes. RESUM INFORMATIU DELS ESTUDIS D'IDIOMES EN L\u00cdNIA ENSENYAMENT IDIOMESS\u00f3n uns ensenyaments oficials: idiomes de r\u00e8gim especial.La titulaci\u00f3 que s\u2019obt\u00e9 \u00e9s oficial i id\u00e8ntica a la que es podria obtenir en una Escola d\u2019Idiomes (EOI) presencial.L\u2019estructura, organitzaci\u00f3 i avaluaci\u00f3 \u00e9s\u2026","rel":"","context":"Entrada similar","block_context":{"text":"Entrada similar","link":""},"img":{"alt_text":"","src":"https:\/\/i0.wp.com\/iedib.net\/wordpress\/wp-content\/uploads\/2024\/05\/Capcalera-EOI.png?resize=350%2C200&ssl=1","width":350,"height":200,"srcset":"https:\/\/i0.wp.com\/iedib.net\/wordpress\/wp-content\/uploads\/2024\/05\/Capcalera-EOI.png?resize=350%2C200&ssl=1 1x, https:\/\/i0.wp.com\/iedib.net\/wordpress\/wp-content\/uploads\/2024\/05\/Capcalera-EOI.png?resize=525%2C300&ssl=1 1.5x, https:\/\/i0.wp.com\/iedib.net\/wordpress\/wp-content\/uploads\/2024\/05\/Capcalera-EOI.png?resize=700%2C400&ssl=1 2x, https:\/\/i0.wp.com\/iedib.net\/wordpress\/wp-content\/uploads\/2024\/05\/Capcalera-EOI.png?resize=1050%2C600&ssl=1 3x"},"classes":[]}],"_links":{"self":[{"href":"https:\/\/iedib.net\/wordpress\/index.php?rest_route=\/wp\/v2\/pages\/3218","targetHints":{"allow":["GET"]}}],"collection":[{"href":"https:\/\/iedib.net\/wordpress\/index.php?rest_route=\/wp\/v2\/pages"}],"about":[{"href":"https:\/\/iedib.net\/wordpress\/index.php?rest_route=\/wp\/v2\/types\/page"}],"author":[{"embeddable":true,"href":"https:\/\/iedib.net\/wordpress\/index.php?rest_route=\/wp\/v2\/users\/1"}],"replies":[{"embeddable":true,"href":"https:\/\/iedib.net\/wordpress\/index.php?rest_route=%2Fwp%2Fv2%2Fcomments&post=3218"}],"version-history":[{"count":7,"href":"https:\/\/iedib.net\/wordpress\/index.php?rest_route=\/wp\/v2\/pages\/3218\/revisions"}],"predecessor-version":[{"id":4995,"href":"https:\/\/iedib.net\/wordpress\/index.php?rest_route=\/wp\/v2\/pages\/3218\/revisions\/4995"}],"wp:attachment":[{"href":"https:\/\/iedib.net\/wordpress\/index.php?rest_route=%2Fwp%2Fv2%2Fmedia&parent=3218"}],"curies":[{"name":"wp","href":"https:\/\/api.w.org\/{rel}","templated":true}]}}