{"id":3210,"date":"2022-03-31T10:51:26","date_gmt":"2022-03-31T08:51:26","guid":{"rendered":"https:\/\/iedib.net\/wordpress\/?page_id=3210"},"modified":"2022-03-31T10:51:28","modified_gmt":"2022-03-31T08:51:28","slug":"acces-com-a-visitant-a-les-aules-virtuals","status":"publish","type":"page","link":"https:\/\/iedib.net\/wordpress\/?page_id=3210","title":{"rendered":"Acc\u00e9s com a visitant a les aules virtuals"},"content":{"rendered":"\n<figure class=\"wp-block-image size-large\"><img data-recalc-dims=\"1\" loading=\"lazy\" decoding=\"async\" width=\"800\" height=\"150\" data-attachment-id=\"3215\" data-permalink=\"https:\/\/iedib.net\/wordpress\/?attachment_id=3215\" data-orig-file=\"https:\/\/i0.wp.com\/iedib.net\/wordpress\/wp-content\/uploads\/2022\/03\/Copia-de-claustre-1.png?fit=1799%2C338&amp;ssl=1\" data-orig-size=\"1799,338\" data-comments-opened=\"0\" data-image-meta=\"{&quot;aperture&quot;:&quot;0&quot;,&quot;credit&quot;:&quot;&quot;,&quot;camera&quot;:&quot;&quot;,&quot;caption&quot;:&quot;&quot;,&quot;created_timestamp&quot;:&quot;0&quot;,&quot;copyright&quot;:&quot;&quot;,&quot;focal_length&quot;:&quot;0&quot;,&quot;iso&quot;:&quot;0&quot;,&quot;shutter_speed&quot;:&quot;0&quot;,&quot;title&quot;:&quot;&quot;,&quot;orientation&quot;:&quot;0&quot;}\" data-image-title=\"Copia-de-claustre-1\" data-image-description=\"\" data-image-caption=\"\" data-medium-file=\"https:\/\/i0.wp.com\/iedib.net\/wordpress\/wp-content\/uploads\/2022\/03\/Copia-de-claustre-1.png?fit=300%2C56&amp;ssl=1\" data-large-file=\"https:\/\/i0.wp.com\/iedib.net\/wordpress\/wp-content\/uploads\/2022\/03\/Copia-de-claustre-1.png?fit=800%2C150&amp;ssl=1\" src=\"https:\/\/i0.wp.com\/iedib.net\/wordpress\/wp-content\/uploads\/2022\/03\/Copia-de-claustre-1.png?resize=800%2C150&#038;ssl=1\" alt=\"\" class=\"wp-image-3215\" srcset=\"https:\/\/i0.wp.com\/iedib.net\/wordpress\/wp-content\/uploads\/2022\/03\/Copia-de-claustre-1.png?resize=1024%2C192&amp;ssl=1 1024w, https:\/\/i0.wp.com\/iedib.net\/wordpress\/wp-content\/uploads\/2022\/03\/Copia-de-claustre-1.png?resize=300%2C56&amp;ssl=1 300w, https:\/\/i0.wp.com\/iedib.net\/wordpress\/wp-content\/uploads\/2022\/03\/Copia-de-claustre-1.png?resize=150%2C28&amp;ssl=1 150w, https:\/\/i0.wp.com\/iedib.net\/wordpress\/wp-content\/uploads\/2022\/03\/Copia-de-claustre-1.png?resize=768%2C144&amp;ssl=1 768w, https:\/\/i0.wp.com\/iedib.net\/wordpress\/wp-content\/uploads\/2022\/03\/Copia-de-claustre-1.png?resize=1536%2C289&amp;ssl=1 1536w, https:\/\/i0.wp.com\/iedib.net\/wordpress\/wp-content\/uploads\/2022\/03\/Copia-de-claustre-1.png?w=1799&amp;ssl=1 1799w, https:\/\/i0.wp.com\/iedib.net\/wordpress\/wp-content\/uploads\/2022\/03\/Copia-de-claustre-1.png?w=1600&amp;ssl=1 1600w\" sizes=\"auto, (max-width: 800px) 100vw, 800px\" \/><figcaption>Algunes aules virtuals de l&#8217;IEDIB permeten l&#8217;acc\u00e9s com a visitant, \u00e9s a dir, no fa falta estar matriculat com a estudiant. Amb l&#8217;acc\u00e9s com a visitant, pots accedir als llibres digitals i tots els seus continguts, per\u00f2 no podr\u00e0s fer activitats ni consultar al professor. La clau per accedir com a visitant \u00e9s iedib. <\/figcaption><\/figure>\n\n\n\n<figure class=\"wp-block-image size-large\"><img data-recalc-dims=\"1\" loading=\"lazy\" decoding=\"async\" width=\"800\" height=\"419\" data-attachment-id=\"3216\" data-permalink=\"https:\/\/iedib.net\/wordpress\/?attachment_id=3216\" data-orig-file=\"https:\/\/i0.wp.com\/iedib.net\/wordpress\/wp-content\/uploads\/2022\/03\/Ara-pots-accedir-a-totes-les-nostres-aules-virtuals.png?fit=1200%2C628&amp;ssl=1\" data-orig-size=\"1200,628\" data-comments-opened=\"0\" data-image-meta=\"{&quot;aperture&quot;:&quot;0&quot;,&quot;credit&quot;:&quot;&quot;,&quot;camera&quot;:&quot;&quot;,&quot;caption&quot;:&quot;&quot;,&quot;created_timestamp&quot;:&quot;0&quot;,&quot;copyright&quot;:&quot;&quot;,&quot;focal_length&quot;:&quot;0&quot;,&quot;iso&quot;:&quot;0&quot;,&quot;shutter_speed&quot;:&quot;0&quot;,&quot;title&quot;:&quot;&quot;,&quot;orientation&quot;:&quot;0&quot;}\" data-image-title=\"Ara-pots-accedir-a-totes-les-nostres-aules-virtuals\" data-image-description=\"\" data-image-caption=\"\" data-medium-file=\"https:\/\/i0.wp.com\/iedib.net\/wordpress\/wp-content\/uploads\/2022\/03\/Ara-pots-accedir-a-totes-les-nostres-aules-virtuals.png?fit=300%2C157&amp;ssl=1\" data-large-file=\"https:\/\/i0.wp.com\/iedib.net\/wordpress\/wp-content\/uploads\/2022\/03\/Ara-pots-accedir-a-totes-les-nostres-aules-virtuals.png?fit=800%2C419&amp;ssl=1\" src=\"https:\/\/i0.wp.com\/iedib.net\/wordpress\/wp-content\/uploads\/2022\/03\/Ara-pots-accedir-a-totes-les-nostres-aules-virtuals.png?resize=800%2C419&#038;ssl=1\" alt=\"\" class=\"wp-image-3216\" srcset=\"https:\/\/i0.wp.com\/iedib.net\/wordpress\/wp-content\/uploads\/2022\/03\/Ara-pots-accedir-a-totes-les-nostres-aules-virtuals.png?resize=1024%2C536&amp;ssl=1 1024w, https:\/\/i0.wp.com\/iedib.net\/wordpress\/wp-content\/uploads\/2022\/03\/Ara-pots-accedir-a-totes-les-nostres-aules-virtuals.png?resize=300%2C157&amp;ssl=1 300w, https:\/\/i0.wp.com\/iedib.net\/wordpress\/wp-content\/uploads\/2022\/03\/Ara-pots-accedir-a-totes-les-nostres-aules-virtuals.png?resize=150%2C79&amp;ssl=1 150w, https:\/\/i0.wp.com\/iedib.net\/wordpress\/wp-content\/uploads\/2022\/03\/Ara-pots-accedir-a-totes-les-nostres-aules-virtuals.png?resize=768%2C402&amp;ssl=1 768w, https:\/\/i0.wp.com\/iedib.net\/wordpress\/wp-content\/uploads\/2022\/03\/Ara-pots-accedir-a-totes-les-nostres-aules-virtuals.png?w=1200&amp;ssl=1 1200w\" sizes=\"auto, (max-width: 800px) 100vw, 800px\" \/><\/figure>\n","protected":false},"excerpt":{"rendered":"","protected":false},"author":1,"featured_media":0,"parent":0,"menu_order":0,"comment_status":"closed","ping_status":"closed","template":"","meta":{"jetpack_post_was_ever_published":false,"footnotes":""},"class_list":["post-3210","page","type-page","status-publish","hentry"],"jetpack_sharing_enabled":true,"jetpack_shortlink":"https:\/\/wp.me\/Pa5Owj-PM","jetpack-related-posts":[{"id":3197,"url":"https:\/\/iedib.net\/wordpress\/?page_id=3197","url_meta":{"origin":3210,"position":0},"title":"Aula virtual de visitant","author":"wp_admin","date":"28 mar\u00e7, 2022","format":false,"excerpt":"No ets alumne de l'IEDIB i\u00a0vols provar\u00a0una aula? Per entrar una aula com a visitant has d\u2019obrir el seg\u00fcent\u00a0enlla\u00e7, triar una aula\u00a0i introduir la paraula\u00a0iedib\u00a0a l\u2019apartat\u00a0inicia la sessi\u00f3 com a visitant (Veure imatge inferior).\u00a0Algunes funcionalitats estan restringides pel fet d\u2019accedir com a visitant. Acc\u00e9s a l\u2019aula virtual\u00a0de visitant","rel":"","context":"Entrada similar","block_context":{"text":"Entrada similar","link":""},"img":{"alt_text":"","src":"https:\/\/i0.wp.com\/iedib.net\/wordpress\/wp-content\/uploads\/2024\/07\/Inicia-sessio-en-aquest-lloc-IEDIB.png?resize=350%2C200&ssl=1","width":350,"height":200},"classes":[]},{"id":64,"url":"https:\/\/iedib.net\/wordpress\/?page_id=64","url_meta":{"origin":3210,"position":1},"title":"Aula virtual","author":"wp_admin","date":"5 abril, 2018","format":false,"excerpt":"Si ets alumne de l'IEDIB i vols accedir a l'aula virtual obre aquest enlla\u00e7 i introdueix les teves claus: Acc\u00e9s a l'aula virtual","rel":"","context":"Entrada similar","block_context":{"text":"Entrada similar","link":""},"img":{"alt_text":"","src":"https:\/\/i0.wp.com\/iedib.net\/wordpress\/wp-content\/uploads\/2021\/07\/claustre.png?resize=350%2C200&ssl=1","width":350,"height":200,"srcset":"https:\/\/i0.wp.com\/iedib.net\/wordpress\/wp-content\/uploads\/2021\/07\/claustre.png?resize=350%2C200&ssl=1 1x, https:\/\/i0.wp.com\/iedib.net\/wordpress\/wp-content\/uploads\/2021\/07\/claustre.png?resize=525%2C300&ssl=1 1.5x, https:\/\/i0.wp.com\/iedib.net\/wordpress\/wp-content\/uploads\/2021\/07\/claustre.png?resize=700%2C400&ssl=1 2x, https:\/\/i0.wp.com\/iedib.net\/wordpress\/wp-content\/uploads\/2021\/07\/claustre.png?resize=1050%2C600&ssl=1 3x, https:\/\/i0.wp.com\/iedib.net\/wordpress\/wp-content\/uploads\/2021\/07\/claustre.png?resize=1400%2C800&ssl=1 4x"},"classes":[]},{"id":42,"url":"https:\/\/iedib.net\/wordpress\/?page_id=42","url_meta":{"origin":3210,"position":2},"title":"Programa xarxa","author":"wp_admin","date":"5 abril, 2018","format":false,"excerpt":"FUNCIONS Permetre cursar mat\u00e8ries de batxillerat que no es cursen als centres d\u2019origen.Permetre cursar mat\u00e8ries que per raons organitzatives (hor\u00e0ries o altres) no es poden fer als centres d\u2019origen.Permetre cursar les mat\u00e8ries de primer quan un alumne de segon fa un canvi de modalitat. S\u2019ofereixen totes les mat\u00e8ries de totes\u2026","rel":"","context":"Entrada similar","block_context":{"text":"Entrada similar","link":""},"img":{"alt_text":"","src":"https:\/\/i0.wp.com\/iedib.net\/wordpress\/wp-content\/uploads\/2019\/06\/batxillerat-2.png?resize=350%2C200&ssl=1","width":350,"height":200,"srcset":"https:\/\/i0.wp.com\/iedib.net\/wordpress\/wp-content\/uploads\/2019\/06\/batxillerat-2.png?resize=350%2C200&ssl=1 1x, https:\/\/i0.wp.com\/iedib.net\/wordpress\/wp-content\/uploads\/2019\/06\/batxillerat-2.png?resize=525%2C300&ssl=1 1.5x, https:\/\/i0.wp.com\/iedib.net\/wordpress\/wp-content\/uploads\/2019\/06\/batxillerat-2.png?resize=700%2C400&ssl=1 2x, https:\/\/i0.wp.com\/iedib.net\/wordpress\/wp-content\/uploads\/2019\/06\/batxillerat-2.png?resize=1050%2C600&ssl=1 3x"},"classes":[]},{"id":5835,"url":"https:\/\/iedib.net\/wordpress\/?page_id=5835","url_meta":{"origin":3210,"position":3},"title":"Causes de baixa d&#8217;ofici de la matr\u00edcula","author":"wp_admin","date":"18 febrer, 2026","format":false,"excerpt":"La formaci\u00f3 professional en modalitat virtual precisa d\u2019un acc\u00e9s continu a l\u2019aula virtual. El fet de no realitzar l\u2019esmentat acc\u00e9s pot ocasionar la baixa d\u2019ofici de la matr\u00edcula. Les circumst\u00e0ncies que ho permeten s\u00f3n: No accedir a l\u2019aula virtual durant els quinze dies naturals seg\u00fcents a l\u2019inici del curs escolar\u2026","rel":"","context":"Entrada similar","block_context":{"text":"Entrada similar","link":""},"img":{"alt_text":"","src":"","width":0,"height":0},"classes":[]},{"id":1339,"url":"https:\/\/iedib.net\/wordpress\/?page_id=1339","url_meta":{"origin":3210,"position":4},"title":"Formaci\u00f3 professional","author":"wp_admin","date":"12 mar\u00e7, 2019","format":false,"excerpt":"Estudis d'FP que s'imparteixen a l'IEDIB CFGM d'atenci\u00f3 a persones en situaci\u00f3 de depend\u00e8ncia CFGM\u00a0d\u2019instal\u00b7lacions el\u00e8ctriques i autom\u00e0tiques CFGM d'emerg\u00e8ncies sanit\u00e0ries CFGM de sistemes microinform\u00e0tics i xarxes CFGS d'administraci\u00f3 de sistemes inform\u00e0tics en xarxa CFGS Projectes d'edificacions CFGS Animacions 3D, jocs i entorns interactius CFGS d'integraci\u00f3 social Requisits d'acc\u00e9s Requisits\u2026","rel":"","context":"Entrada similar","block_context":{"text":"Entrada similar","link":""},"img":{"alt_text":"","src":"https:\/\/i0.wp.com\/iedib.net\/wordpress\/wp-content\/uploads\/2019\/06\/batxillerat-3.png?resize=350%2C200&ssl=1","width":350,"height":200,"srcset":"https:\/\/i0.wp.com\/iedib.net\/wordpress\/wp-content\/uploads\/2019\/06\/batxillerat-3.png?resize=350%2C200&ssl=1 1x, https:\/\/i0.wp.com\/iedib.net\/wordpress\/wp-content\/uploads\/2019\/06\/batxillerat-3.png?resize=525%2C300&ssl=1 1.5x, https:\/\/i0.wp.com\/iedib.net\/wordpress\/wp-content\/uploads\/2019\/06\/batxillerat-3.png?resize=700%2C400&ssl=1 2x, https:\/\/i0.wp.com\/iedib.net\/wordpress\/wp-content\/uploads\/2019\/06\/batxillerat-3.png?resize=1050%2C600&ssl=1 3x"},"classes":[]},{"id":41,"url":"https:\/\/iedib.net\/wordpress\/?page_id=41","url_meta":{"origin":3210,"position":5},"title":"Batxillerat","author":"wp_admin","date":"5 abril, 2018","format":false,"excerpt":"DESTINATARIS L\u2019educaci\u00f3 a dist\u00e0ncia est\u00e0 especialment dissenyada per a aquelles persones que, per les seves circumst\u00e0ncies personals, no poden acudir regularment a un centre educatiu. Va adre\u00e7ada a gent major d'edat, aquells que compleixen 18 anys l'any de la matr\u00edcula o a menors d'edat que tinguin circumst\u00e0ncies especials que no\u2026","rel":"","context":"Entrada similar","block_context":{"text":"Entrada similar","link":""},"img":{"alt_text":"","src":"https:\/\/i0.wp.com\/iedib.net\/wordpress\/wp-content\/uploads\/2019\/06\/batxillerat.png?resize=350%2C200&ssl=1","width":350,"height":200,"srcset":"https:\/\/i0.wp.com\/iedib.net\/wordpress\/wp-content\/uploads\/2019\/06\/batxillerat.png?resize=350%2C200&ssl=1 1x, https:\/\/i0.wp.com\/iedib.net\/wordpress\/wp-content\/uploads\/2019\/06\/batxillerat.png?resize=525%2C300&ssl=1 1.5x, https:\/\/i0.wp.com\/iedib.net\/wordpress\/wp-content\/uploads\/2019\/06\/batxillerat.png?resize=700%2C400&ssl=1 2x, https:\/\/i0.wp.com\/iedib.net\/wordpress\/wp-content\/uploads\/2019\/06\/batxillerat.png?resize=1050%2C600&ssl=1 3x"},"classes":[]}],"_links":{"self":[{"href":"https:\/\/iedib.net\/wordpress\/index.php?rest_route=\/wp\/v2\/pages\/3210","targetHints":{"allow":["GET"]}}],"collection":[{"href":"https:\/\/iedib.net\/wordpress\/index.php?rest_route=\/wp\/v2\/pages"}],"about":[{"href":"https:\/\/iedib.net\/wordpress\/index.php?rest_route=\/wp\/v2\/types\/page"}],"author":[{"embeddable":true,"href":"https:\/\/iedib.net\/wordpress\/index.php?rest_route=\/wp\/v2\/users\/1"}],"replies":[{"embeddable":true,"href":"https:\/\/iedib.net\/wordpress\/index.php?rest_route=%2Fwp%2Fv2%2Fcomments&post=3210"}],"version-history":[{"count":1,"href":"https:\/\/iedib.net\/wordpress\/index.php?rest_route=\/wp\/v2\/pages\/3210\/revisions"}],"predecessor-version":[{"id":3217,"href":"https:\/\/iedib.net\/wordpress\/index.php?rest_route=\/wp\/v2\/pages\/3210\/revisions\/3217"}],"wp:attachment":[{"href":"https:\/\/iedib.net\/wordpress\/index.php?rest_route=%2Fwp%2Fv2%2Fmedia&parent=3210"}],"curies":[{"name":"wp","href":"https:\/\/api.w.org\/{rel}","templated":true}]}}