{"id":3197,"date":"2022-03-28T13:40:13","date_gmt":"2022-03-28T11:40:13","guid":{"rendered":"https:\/\/iedib.net\/wordpress\/?page_id=3197"},"modified":"2025-10-02T15:33:40","modified_gmt":"2025-10-02T13:33:40","slug":"aula-virtual-de-prova","status":"publish","type":"page","link":"https:\/\/iedib.net\/wordpress\/?page_id=3197","title":{"rendered":"Aula virtual de visitant"},"content":{"rendered":"\n<figure class=\"wp-block-image size-large\"><img data-recalc-dims=\"1\" loading=\"lazy\" decoding=\"async\" width=\"800\" height=\"150\" data-attachment-id=\"3211\" data-permalink=\"https:\/\/iedib.net\/wordpress\/?attachment_id=3211\" data-orig-file=\"https:\/\/i0.wp.com\/iedib.net\/wordpress\/wp-content\/uploads\/2022\/03\/Copia-de-claustre.png?fit=1799%2C338&amp;ssl=1\" data-orig-size=\"1799,338\" data-comments-opened=\"0\" data-image-meta=\"{&quot;aperture&quot;:&quot;0&quot;,&quot;credit&quot;:&quot;&quot;,&quot;camera&quot;:&quot;&quot;,&quot;caption&quot;:&quot;&quot;,&quot;created_timestamp&quot;:&quot;0&quot;,&quot;copyright&quot;:&quot;&quot;,&quot;focal_length&quot;:&quot;0&quot;,&quot;iso&quot;:&quot;0&quot;,&quot;shutter_speed&quot;:&quot;0&quot;,&quot;title&quot;:&quot;&quot;,&quot;orientation&quot;:&quot;0&quot;}\" data-image-title=\"Copia-de-claustre\" data-image-description=\"\" data-image-caption=\"\" data-large-file=\"https:\/\/i0.wp.com\/iedib.net\/wordpress\/wp-content\/uploads\/2022\/03\/Copia-de-claustre.png?fit=800%2C150&amp;ssl=1\" src=\"https:\/\/i0.wp.com\/iedib.net\/wordpress\/wp-content\/uploads\/2022\/03\/Copia-de-claustre.png?resize=800%2C150&#038;ssl=1\" alt=\"\" class=\"wp-image-3211\" srcset=\"https:\/\/i0.wp.com\/iedib.net\/wordpress\/wp-content\/uploads\/2022\/03\/Copia-de-claustre.png?resize=1024%2C192&amp;ssl=1 1024w, https:\/\/i0.wp.com\/iedib.net\/wordpress\/wp-content\/uploads\/2022\/03\/Copia-de-claustre.png?resize=300%2C56&amp;ssl=1 300w, https:\/\/i0.wp.com\/iedib.net\/wordpress\/wp-content\/uploads\/2022\/03\/Copia-de-claustre.png?resize=150%2C28&amp;ssl=1 150w, https:\/\/i0.wp.com\/iedib.net\/wordpress\/wp-content\/uploads\/2022\/03\/Copia-de-claustre.png?resize=768%2C144&amp;ssl=1 768w, https:\/\/i0.wp.com\/iedib.net\/wordpress\/wp-content\/uploads\/2022\/03\/Copia-de-claustre.png?resize=1536%2C289&amp;ssl=1 1536w, https:\/\/i0.wp.com\/iedib.net\/wordpress\/wp-content\/uploads\/2022\/03\/Copia-de-claustre.png?w=1799&amp;ssl=1 1799w, https:\/\/i0.wp.com\/iedib.net\/wordpress\/wp-content\/uploads\/2022\/03\/Copia-de-claustre.png?w=1600&amp;ssl=1 1600w\" sizes=\"auto, (max-width: 800px) 100vw, 800px\" \/><\/figure>\n\n\n\n<p>No ets alumne de l&#8217;IEDIB i&nbsp;<strong>vols provar<\/strong>&nbsp;una aula?<\/p>\n\n\n\n<p>Per entrar una aula com a<strong> visitant<\/strong> has d\u2019obrir el seg\u00fcent\u00a0<a href=\"https:\/\/iedib.net\/avirtual\/?redirect=0\" target=\"_blank\" rel=\"noreferrer noopener\">enlla\u00e7<\/a>, triar una aula\u00a0i introduir la paraula\u00a0<strong>iedib<\/strong><em>\u00a0<\/em>a l\u2019apartat\u00a0<em>inicia la sessi\u00f3 com a visitant (Veure imatge inferior).\u00a0<\/em>Algunes funcionalitats estan restringides pel fet d\u2019accedir com a visitant.<\/p>\n\n\n\n<p class=\"has-text-align-center\"><a href=\"https:\/\/iedib.net\/avirtual\/?redirect=0\" target=\"_blank\" rel=\"noreferrer noopener\">Acc\u00e9s a l\u2019aula virtual\u00a0de visitant<\/a><\/p>\n\n\n<div class=\"wp-block-image\">\n<figure class=\"aligncenter size-full is-resized\"><img data-recalc-dims=\"1\" loading=\"lazy\" decoding=\"async\" width=\"397\" height=\"499\" data-attachment-id=\"4678\" data-permalink=\"https:\/\/iedib.net\/wordpress\/?attachment_id=4678\" data-orig-file=\"https:\/\/i0.wp.com\/iedib.net\/wordpress\/wp-content\/uploads\/2024\/07\/Inicia-sessio-en-aquest-lloc-IEDIB.png?fit=397%2C499&amp;ssl=1\" data-orig-size=\"397,499\" data-comments-opened=\"0\" data-image-meta=\"{&quot;aperture&quot;:&quot;0&quot;,&quot;credit&quot;:&quot;&quot;,&quot;camera&quot;:&quot;&quot;,&quot;caption&quot;:&quot;&quot;,&quot;created_timestamp&quot;:&quot;0&quot;,&quot;copyright&quot;:&quot;&quot;,&quot;focal_length&quot;:&quot;0&quot;,&quot;iso&quot;:&quot;0&quot;,&quot;shutter_speed&quot;:&quot;0&quot;,&quot;title&quot;:&quot;&quot;,&quot;orientation&quot;:&quot;0&quot;}\" data-image-title=\"Inicia-sessio-en-aquest-lloc-IEDIB\" data-image-description=\"\" data-image-caption=\"\" data-large-file=\"https:\/\/i0.wp.com\/iedib.net\/wordpress\/wp-content\/uploads\/2024\/07\/Inicia-sessio-en-aquest-lloc-IEDIB.png?fit=397%2C499&amp;ssl=1\" src=\"https:\/\/i0.wp.com\/iedib.net\/wordpress\/wp-content\/uploads\/2024\/07\/Inicia-sessio-en-aquest-lloc-IEDIB.png?resize=397%2C499&#038;ssl=1\" alt=\"\" class=\"wp-image-4678\" style=\"width:373px;height:418px\" srcset=\"https:\/\/i0.wp.com\/iedib.net\/wordpress\/wp-content\/uploads\/2024\/07\/Inicia-sessio-en-aquest-lloc-IEDIB.png?w=397&amp;ssl=1 397w, https:\/\/i0.wp.com\/iedib.net\/wordpress\/wp-content\/uploads\/2024\/07\/Inicia-sessio-en-aquest-lloc-IEDIB.png?resize=239%2C300&amp;ssl=1 239w, https:\/\/i0.wp.com\/iedib.net\/wordpress\/wp-content\/uploads\/2024\/07\/Inicia-sessio-en-aquest-lloc-IEDIB.png?resize=119%2C150&amp;ssl=1 119w\" sizes=\"auto, (max-width: 397px) 100vw, 397px\" \/><\/figure>\n<\/div>","protected":false},"excerpt":{"rendered":"<p>No ets alumne de l&#8217;IEDIB i&nbsp;vols provar&nbsp;una aula? Per entrar una aula com a visitant has d\u2019obrir el seg\u00fcent\u00a0enlla\u00e7, triar una aula\u00a0i introduir la paraula\u00a0iedib\u00a0a l\u2019apartat\u00a0inicia la sessi\u00f3 com a &#8230;<\/p>\n","protected":false},"author":1,"featured_media":0,"parent":0,"menu_order":0,"comment_status":"closed","ping_status":"closed","template":"","meta":{"footnotes":""},"class_list":["post-3197","page","type-page","status-publish","hentry"],"jetpack_sharing_enabled":true,"jetpack_shortlink":"https:\/\/wp.me\/Pa5Owj-Pz","jetpack-related-posts":[{"id":3210,"url":"https:\/\/iedib.net\/wordpress\/?page_id=3210","url_meta":{"origin":3197,"position":0},"title":"Acc\u00e9s com a visitant a les aules virtuals","author":"wp_admin","date":"31 mar\u00e7, 2022","format":false,"excerpt":"Algunes aules virtuals de l'IEDIB permeten l'acc\u00e9s com a visitant, \u00e9s a dir, no fa falta estar matriculat com a estudiant. Amb l'acc\u00e9s com a visitant, pots accedir als llibres digitals i tots els seus continguts, per\u00f2 no podr\u00e0s fer activitats ni consultar al professor. La clau per accedir com\u2026","rel":"","context":"Entrada similar","block_context":{"text":"Entrada similar","link":""},"img":{"alt_text":"","src":"https:\/\/i0.wp.com\/iedib.net\/wordpress\/wp-content\/uploads\/2022\/03\/Copia-de-claustre-1.png?resize=350%2C200&ssl=1","width":350,"height":200,"srcset":"https:\/\/i0.wp.com\/iedib.net\/wordpress\/wp-content\/uploads\/2022\/03\/Copia-de-claustre-1.png?resize=350%2C200&ssl=1 1x, https:\/\/i0.wp.com\/iedib.net\/wordpress\/wp-content\/uploads\/2022\/03\/Copia-de-claustre-1.png?resize=525%2C300&ssl=1 1.5x, https:\/\/i0.wp.com\/iedib.net\/wordpress\/wp-content\/uploads\/2022\/03\/Copia-de-claustre-1.png?resize=700%2C400&ssl=1 2x, https:\/\/i0.wp.com\/iedib.net\/wordpress\/wp-content\/uploads\/2022\/03\/Copia-de-claustre-1.png?resize=1050%2C600&ssl=1 3x, https:\/\/i0.wp.com\/iedib.net\/wordpress\/wp-content\/uploads\/2022\/03\/Copia-de-claustre-1.png?resize=1400%2C800&ssl=1 4x"},"classes":[]},{"id":42,"url":"https:\/\/iedib.net\/wordpress\/?page_id=42","url_meta":{"origin":3197,"position":1},"title":"Programa xarxa","author":"wp_admin","date":"5 abril, 2018","format":false,"excerpt":"FUNCIONS Permetre cursar mat\u00e8ries de batxillerat que no es cursen als centres d\u2019origen.Permetre cursar mat\u00e8ries que per raons organitzatives (hor\u00e0ries o altres) no es poden fer als centres d\u2019origen.Permetre cursar les mat\u00e8ries de primer quan un alumne de segon fa un canvi de modalitat. S\u2019ofereixen totes les mat\u00e8ries de totes\u2026","rel":"","context":"Entrada similar","block_context":{"text":"Entrada similar","link":""},"img":{"alt_text":"","src":"https:\/\/i0.wp.com\/iedib.net\/wordpress\/wp-content\/uploads\/2019\/06\/batxillerat-2.png?resize=350%2C200&ssl=1","width":350,"height":200,"srcset":"https:\/\/i0.wp.com\/iedib.net\/wordpress\/wp-content\/uploads\/2019\/06\/batxillerat-2.png?resize=350%2C200&ssl=1 1x, https:\/\/i0.wp.com\/iedib.net\/wordpress\/wp-content\/uploads\/2019\/06\/batxillerat-2.png?resize=525%2C300&ssl=1 1.5x, https:\/\/i0.wp.com\/iedib.net\/wordpress\/wp-content\/uploads\/2019\/06\/batxillerat-2.png?resize=700%2C400&ssl=1 2x, https:\/\/i0.wp.com\/iedib.net\/wordpress\/wp-content\/uploads\/2019\/06\/batxillerat-2.png?resize=1050%2C600&ssl=1 3x"},"classes":[]},{"id":64,"url":"https:\/\/iedib.net\/wordpress\/?page_id=64","url_meta":{"origin":3197,"position":2},"title":"Aula virtual","author":"wp_admin","date":"5 abril, 2018","format":false,"excerpt":"Si ets alumne de l'IEDIB i vols accedir a l'aula virtual obre aquest enlla\u00e7 i introdueix les teves claus: Acc\u00e9s a l'aula virtual","rel":"","context":"Entrada similar","block_context":{"text":"Entrada similar","link":""},"img":{"alt_text":"","src":"https:\/\/i0.wp.com\/iedib.net\/wordpress\/wp-content\/uploads\/2021\/07\/claustre.png?resize=350%2C200&ssl=1","width":350,"height":200,"srcset":"https:\/\/i0.wp.com\/iedib.net\/wordpress\/wp-content\/uploads\/2021\/07\/claustre.png?resize=350%2C200&ssl=1 1x, https:\/\/i0.wp.com\/iedib.net\/wordpress\/wp-content\/uploads\/2021\/07\/claustre.png?resize=525%2C300&ssl=1 1.5x, https:\/\/i0.wp.com\/iedib.net\/wordpress\/wp-content\/uploads\/2021\/07\/claustre.png?resize=700%2C400&ssl=1 2x, https:\/\/i0.wp.com\/iedib.net\/wordpress\/wp-content\/uploads\/2021\/07\/claustre.png?resize=1050%2C600&ssl=1 3x, https:\/\/i0.wp.com\/iedib.net\/wordpress\/wp-content\/uploads\/2021\/07\/claustre.png?resize=1400%2C800&ssl=1 4x"},"classes":[]},{"id":41,"url":"https:\/\/iedib.net\/wordpress\/?page_id=41","url_meta":{"origin":3197,"position":3},"title":"Batxillerat","author":"wp_admin","date":"5 abril, 2018","format":false,"excerpt":"DESTINATARIS L\u2019educaci\u00f3 a dist\u00e0ncia est\u00e0 especialment dissenyada per a aquelles persones que, per les seves circumst\u00e0ncies personals, no poden acudir regularment a un centre educatiu. Va adre\u00e7ada a gent major d'edat, aquells que compleixen 18 anys l'any de la matr\u00edcula o a menors d'edat que tinguin circumst\u00e0ncies especials que no\u2026","rel":"","context":"Entrada similar","block_context":{"text":"Entrada similar","link":""},"img":{"alt_text":"","src":"https:\/\/i0.wp.com\/iedib.net\/wordpress\/wp-content\/uploads\/2019\/06\/batxillerat.png?resize=350%2C200&ssl=1","width":350,"height":200,"srcset":"https:\/\/i0.wp.com\/iedib.net\/wordpress\/wp-content\/uploads\/2019\/06\/batxillerat.png?resize=350%2C200&ssl=1 1x, https:\/\/i0.wp.com\/iedib.net\/wordpress\/wp-content\/uploads\/2019\/06\/batxillerat.png?resize=525%2C300&ssl=1 1.5x, https:\/\/i0.wp.com\/iedib.net\/wordpress\/wp-content\/uploads\/2019\/06\/batxillerat.png?resize=700%2C400&ssl=1 2x, https:\/\/i0.wp.com\/iedib.net\/wordpress\/wp-content\/uploads\/2019\/06\/batxillerat.png?resize=1050%2C600&ssl=1 3x"},"classes":[]},{"id":45,"url":"https:\/\/iedib.net\/wordpress\/?page_id=45","url_meta":{"origin":3197,"position":4},"title":"Matr\u00edcula programa xarxa","author":"wp_admin","date":"5 abril, 2018","format":false,"excerpt":"MATR\u00cdCULA D\u2019UNA MAT\u00c8RIA O M\u00c9S DE BATXILLERAT A DIST\u00c0NCIA PER ALUMNES D\u2019ALTRES CENTRES (PROGRAMA XARXA)El calendari del curs 2026-2027 \u00e9s el seg\u00fcent: L\u2019alumnat que vulgui cursar una mat\u00e8ria o m\u00e9s a dist\u00e0ncia, haur\u00e0 de formalitzar la matr\u00edcula presentant una sol\u00b7licitud al seu centre d\u2019origen\u00a0(en el qual est\u00e0 matriculat per a\u2026","rel":"","context":"Entrada similar","block_context":{"text":"Entrada similar","link":""},"img":{"alt_text":"","src":"https:\/\/i0.wp.com\/iedib.net\/wordpress\/wp-content\/uploads\/2019\/06\/batxillerat-1-1.png?resize=350%2C200&ssl=1","width":350,"height":200,"srcset":"https:\/\/i0.wp.com\/iedib.net\/wordpress\/wp-content\/uploads\/2019\/06\/batxillerat-1-1.png?resize=350%2C200&ssl=1 1x, https:\/\/i0.wp.com\/iedib.net\/wordpress\/wp-content\/uploads\/2019\/06\/batxillerat-1-1.png?resize=525%2C300&ssl=1 1.5x, https:\/\/i0.wp.com\/iedib.net\/wordpress\/wp-content\/uploads\/2019\/06\/batxillerat-1-1.png?resize=700%2C400&ssl=1 2x, https:\/\/i0.wp.com\/iedib.net\/wordpress\/wp-content\/uploads\/2019\/06\/batxillerat-1-1.png?resize=1050%2C600&ssl=1 3x"},"classes":[]},{"id":5925,"url":"https:\/\/iedib.net\/wordpress\/?page_id=5925","url_meta":{"origin":3197,"position":5},"title":"Certificats professionals","author":"wp_admin","date":"29 abril, 2026","format":false,"excerpt":"Funcionament L'IEDIB oferta el m\u00f2dul 1782 de Prevenci\u00f3 de riscos laborals. Aquest m\u00f2dul formatiu forma part dels certificats professionals (graus C) L\u2019ensenyament a dist\u00e0ncia et permet estudiar amb flexibilitat, per\u00f2 requereix const\u00e0ncia i organitzaci\u00f3. El curs es desenvolupa a trav\u00e9s de\u00a0l\u2019aula virtual\u00a0i combina activitats d\u2019aprenentatge amb avaluaci\u00f3. Com s\u2019organitza el\u2026","rel":"","context":"Entrada similar","block_context":{"text":"Entrada similar","link":""},"img":{"alt_text":"","src":"https:\/\/i0.wp.com\/iedib.net\/wordpress\/wp-content\/uploads\/2026\/05\/Formacio-Professional-Graus-C-Certificats-professionals-05-14-2026_06_37_PM-1024x85.png?resize=350%2C200&ssl=1","width":350,"height":200,"srcset":"https:\/\/i0.wp.com\/iedib.net\/wordpress\/wp-content\/uploads\/2026\/05\/Formacio-Professional-Graus-C-Certificats-professionals-05-14-2026_06_37_PM-1024x85.png?resize=350%2C200&ssl=1 1x, https:\/\/i0.wp.com\/iedib.net\/wordpress\/wp-content\/uploads\/2026\/05\/Formacio-Professional-Graus-C-Certificats-professionals-05-14-2026_06_37_PM-1024x85.png?resize=525%2C300&ssl=1 1.5x, https:\/\/i0.wp.com\/iedib.net\/wordpress\/wp-content\/uploads\/2026\/05\/Formacio-Professional-Graus-C-Certificats-professionals-05-14-2026_06_37_PM-1024x85.png?resize=700%2C400&ssl=1 2x"},"classes":[]}],"_links":{"self":[{"href":"https:\/\/iedib.net\/wordpress\/index.php?rest_route=\/wp\/v2\/pages\/3197","targetHints":{"allow":["GET"]}}],"collection":[{"href":"https:\/\/iedib.net\/wordpress\/index.php?rest_route=\/wp\/v2\/pages"}],"about":[{"href":"https:\/\/iedib.net\/wordpress\/index.php?rest_route=\/wp\/v2\/types\/page"}],"author":[{"embeddable":true,"href":"https:\/\/iedib.net\/wordpress\/index.php?rest_route=\/wp\/v2\/users\/1"}],"replies":[{"embeddable":true,"href":"https:\/\/iedib.net\/wordpress\/index.php?rest_route=%2Fwp%2Fv2%2Fcomments&post=3197"}],"version-history":[{"count":12,"href":"https:\/\/iedib.net\/wordpress\/index.php?rest_route=\/wp\/v2\/pages\/3197\/revisions"}],"predecessor-version":[{"id":5483,"href":"https:\/\/iedib.net\/wordpress\/index.php?rest_route=\/wp\/v2\/pages\/3197\/revisions\/5483"}],"wp:attachment":[{"href":"https:\/\/iedib.net\/wordpress\/index.php?rest_route=%2Fwp%2Fv2%2Fmedia&parent=3197"}],"curies":[{"name":"wp","href":"https:\/\/api.w.org\/{rel}","templated":true}]}}