{"id":30,"date":"2018-04-05T08:26:00","date_gmt":"2018-04-05T08:26:00","guid":{"rendered":"https:\/\/iedib.wordpress.com\/?page_id=3"},"modified":"2018-07-17T13:40:40","modified_gmt":"2018-07-17T13:40:40","slug":"contacto","status":"publish","type":"page","link":"https:\/\/iedib.net\/wordpress\/?page_id=30","title":{"rendered":"Contacte"},"content":{"rendered":"<p>Selecciona l&#8217;opci\u00f3 <a href=\"https:\/\/iedib.net\/wordpress\/?page_id=334\" target=\"_blank\" rel=\"noopener\">coordinador<\/a> o professorat.<\/p>\n<p>&nbsp;<\/p>\n<p>&nbsp;<\/p>\n<p>&nbsp;<\/p>\n","protected":false},"excerpt":{"rendered":"<p>Selecciona l&#8217;opci\u00f3 coordinador o professorat. &nbsp; &nbsp; &nbsp;<\/p>\n","protected":false},"author":1,"featured_media":0,"parent":0,"menu_order":2,"comment_status":"closed","ping_status":"closed","template":"","meta":{"jetpack_post_was_ever_published":false,"footnotes":""},"class_list":["post-30","page","type-page","status-publish","hentry"],"jetpack_sharing_enabled":false,"jetpack_shortlink":"https:\/\/wp.me\/Pa5Owj-u","jetpack-related-posts":[{"id":334,"url":"https:\/\/iedib.net\/wordpress\/?page_id=334","url_meta":{"origin":30,"position":0},"title":"Contacte","author":"wp_admin","date":"18 juny, 2018","format":false,"excerpt":"Horari, direcci\u00f3 i dades de contacte De dilluns a divendres, de 9-14\u202fh De dilluns a dimecres, de 15-20 h Juliol, de 9-14\u202fh; agost tancat Carrer de Salv\u00e0, 14. Palma. (07013) Tel\u00e8fon de contacte: 971170650 Correu de contacte: info@iedib.net","rel":"","context":"Entrada similar","block_context":{"text":"Entrada similar","link":""},"img":{"alt_text":"pexels-photo-263564.jpeg","src":"https:\/\/i0.wp.com\/iedib.net\/wordpress\/wp-content\/uploads\/2018\/06\/pexels-photo-263564.jpeg?resize=350%2C200&ssl=1","width":350,"height":200,"srcset":"https:\/\/i0.wp.com\/iedib.net\/wordpress\/wp-content\/uploads\/2018\/06\/pexels-photo-263564.jpeg?resize=350%2C200&ssl=1 1x, https:\/\/i0.wp.com\/iedib.net\/wordpress\/wp-content\/uploads\/2018\/06\/pexels-photo-263564.jpeg?resize=525%2C300&ssl=1 1.5x, https:\/\/i0.wp.com\/iedib.net\/wordpress\/wp-content\/uploads\/2018\/06\/pexels-photo-263564.jpeg?resize=700%2C400&ssl=1 2x, https:\/\/i0.wp.com\/iedib.net\/wordpress\/wp-content\/uploads\/2018\/06\/pexels-photo-263564.jpeg?resize=1050%2C600&ssl=1 3x, https:\/\/i0.wp.com\/iedib.net\/wordpress\/wp-content\/uploads\/2018\/06\/pexels-photo-263564.jpeg?resize=1400%2C800&ssl=1 4x"},"classes":[]},{"id":1031,"url":"https:\/\/iedib.net\/wordpress\/?page_id=1031","url_meta":{"origin":30,"position":1},"title":"Preguntes freq\u00fcents(FAQs)","author":"wp_admin","date":"28 febrer, 2019","format":false,"excerpt":"Com s'estudia a l'IEDIB? + Els estudis a l\u2019IEDIB tenen una estructura formada per 8 unitats did\u00e0ctiques digitals. Dins pots trobar els apunts en format de llibre digital i les activitats online. Existeixen 3 tipus d\u2019activitats: d\u2019aprenentatge, avaluables i d\u2019ampliaci\u00f3. Les avaluables s\u00f3n les que compten per a la nota,\u2026","rel":"","context":"Entrada similar","block_context":{"text":"Entrada similar","link":""},"img":{"alt_text":"","src":"","width":0,"height":0},"classes":[]},{"id":879,"url":"https:\/\/iedib.net\/wordpress\/?page_id=879","url_meta":{"origin":30,"position":2},"title":"Preparaci\u00f3 per a l&#8217;acc\u00e9s a la Universitat per a majors de 25 anys","author":"wp_admin","date":"12 febrer, 2019","format":false,"excerpt":"Aquest curs de preparaci\u00f3 va dirigit a persones que volen accedir a la Universitat i compleixen 25 anys l'any de la prova.A trav\u00e9s del curs de\u00a0Preparaci\u00f3 per a l'acc\u00e9s a la Universitat per a majors de 25 anys\u00a0l'alumne podr\u00e0 obtenir un material te\u00f2ric digital de cada mat\u00e8ria i unes activitats\u2026","rel":"","context":"Entrada similar","block_context":{"text":"Entrada similar","link":""},"img":{"alt_text":"","src":"https:\/\/i0.wp.com\/iedib.net\/wordpress\/wp-content\/uploads\/2019\/06\/batxillerat-8.png?resize=350%2C200&ssl=1","width":350,"height":200,"srcset":"https:\/\/i0.wp.com\/iedib.net\/wordpress\/wp-content\/uploads\/2019\/06\/batxillerat-8.png?resize=350%2C200&ssl=1 1x, https:\/\/i0.wp.com\/iedib.net\/wordpress\/wp-content\/uploads\/2019\/06\/batxillerat-8.png?resize=525%2C300&ssl=1 1.5x, https:\/\/i0.wp.com\/iedib.net\/wordpress\/wp-content\/uploads\/2019\/06\/batxillerat-8.png?resize=700%2C400&ssl=1 2x, https:\/\/i0.wp.com\/iedib.net\/wordpress\/wp-content\/uploads\/2019\/06\/batxillerat-8.png?resize=1050%2C600&ssl=1 3x"},"classes":[]},{"id":3340,"url":"https:\/\/iedib.net\/wordpress\/?page_id=3340","url_meta":{"origin":30,"position":3},"title":"Modalitat arts","author":"wp_admin","date":"22 juny, 2022","format":false,"excerpt":"mat\u00e8riaSEGON cursTroncals (totes)Llengua castellana i literatura IIAngl\u00e8s IIHist\u00f2ria d\u2019EspanyaFonaments d\u2019art IILlengua catalana i literatura IITroncals d\u2019opci\u00f3 (triar-ne 2)Arts esc\u00e8niques.Cultura audiovisual IIDissenyEspec\u00edfiques d\u2019opci\u00f3 (triar-ne 2)Hist\u00f2ria de la filosofiaOpt.Franc\u00e8s IIAlemany IIDibuix art\u00edstic IIImatge i soT\u00e8cniques d\u2019expressi\u00f3 graficopl\u00e0stiquesAn\u00e0lisi musical IIHist\u00f2ria de la m\u00fasica i la dansaTecnologies de la informaci\u00f3 i la comunicaci\u00f3 IIReligi\u00f3\u2026","rel":"","context":"Entrada similar","block_context":{"text":"Entrada similar","link":""},"img":{"alt_text":"","src":"","width":0,"height":0},"classes":[]},{"id":59,"url":"https:\/\/iedib.net\/wordpress\/?page_id=59","url_meta":{"origin":30,"position":4},"title":"Matr\u00edcula","author":"wp_admin","date":"5 abril, 2018","format":false,"excerpt":"Has de seleccionar la matr\u00edcula de l'estudi corresponent\u00a0si vols informaci\u00f3: Matr\u00edcula batxillerat Matr\u00edcula programa xarxa Matr\u00edcula preparaci\u00f3 PBAU (Selectivitat) Matr\u00edcula preparaci\u00f3 per a l'acc\u00e9s a la Universitat per a majors de 25 anys Matr\u00edcula formaci\u00f3 professional Matr\u00edcula EOI a dist\u00e0ncia (idiomes) Matr\u00edcula curs d'especialitzaci\u00f3 en intel\u00b7lig\u00e8ncia artificial i big data","rel":"","context":"Entrada similar","block_context":{"text":"Entrada similar","link":""},"img":{"alt_text":"","src":"","width":0,"height":0},"classes":[]},{"id":1408,"url":"https:\/\/iedib.net\/wordpress\/?page_id=1408","url_meta":{"origin":30,"position":5},"title":"Centres col\u00b7laboradors de batxillerat","author":"wp_admin","date":"19 mar\u00e7, 2019","format":false,"excerpt":"A la seu de l\u2019IEDIB, situada al carrer de Salv\u00e0, 14, de Palma, es fan tasques de gesti\u00f3 de matr\u00edcula i d\u2019assessorament presencial. A m\u00e9s, l\u2019IEDIB compta amb el suport de centres col\u00b7laboradors repartits per tot el territori de les Illes Balears, on tamb\u00e9 es fan gestions de matr\u00edcula i\u2026","rel":"","context":"Entrada similar","block_context":{"text":"Entrada similar","link":""},"img":{"alt_text":"","src":"","width":0,"height":0},"classes":[]}],"_links":{"self":[{"href":"https:\/\/iedib.net\/wordpress\/index.php?rest_route=\/wp\/v2\/pages\/30","targetHints":{"allow":["GET"]}}],"collection":[{"href":"https:\/\/iedib.net\/wordpress\/index.php?rest_route=\/wp\/v2\/pages"}],"about":[{"href":"https:\/\/iedib.net\/wordpress\/index.php?rest_route=\/wp\/v2\/types\/page"}],"author":[{"embeddable":true,"href":"https:\/\/iedib.net\/wordpress\/index.php?rest_route=\/wp\/v2\/users\/1"}],"replies":[{"embeddable":true,"href":"https:\/\/iedib.net\/wordpress\/index.php?rest_route=%2Fwp%2Fv2%2Fcomments&post=30"}],"version-history":[{"count":1,"href":"https:\/\/iedib.net\/wordpress\/index.php?rest_route=\/wp\/v2\/pages\/30\/revisions"}],"predecessor-version":[{"id":537,"href":"https:\/\/iedib.net\/wordpress\/index.php?rest_route=\/wp\/v2\/pages\/30\/revisions\/537"}],"wp:attachment":[{"href":"https:\/\/iedib.net\/wordpress\/index.php?rest_route=%2Fwp%2Fv2%2Fmedia&parent=30"}],"curies":[{"name":"wp","href":"https:\/\/api.w.org\/{rel}","templated":true}]}}