{"id":211,"date":"2018-06-08T14:55:48","date_gmt":"2018-06-08T14:55:48","guid":{"rendered":"https:\/\/iedib.wordpress.com\/?page_id=211"},"modified":"2025-06-30T12:11:53","modified_gmt":"2025-06-30T10:11:53","slug":"materies-modalitat-arts","status":"publish","type":"page","link":"https:\/\/iedib.net\/wordpress\/?page_id=211","title":{"rendered":"Mat\u00e8ries modalitat arts pl\u00e0stiques, imatge i disseny"},"content":{"rendered":"\n<figure class=\"wp-block-table is-style-stripes\"><table class=\"has-fixed-layout\"><thead><tr><th class=\"has-text-align-left\" data-align=\"left\">mat\u00e8ria<\/th><th class=\"has-text-align-left\" data-align=\"left\">primer curs<\/th><\/tr><\/thead><tbody><tr><td class=\"has-text-align-left\" data-align=\"left\"><strong>Comunes (totes)<\/strong><\/td><td class=\"has-text-align-left\" data-align=\"left\">Educaci\u00f3 f\u00edsica<br>Filosofia<br>Llengua castellana i literatura I<br>Llengua catalana i literatura I<br>Llengua estrangera I<br>Treball de recerca de batxillerat I<strong> * (nom\u00e9s per alumnes que ja l&#8217;han cursada i no l&#8217;han superada)<\/strong>.<\/td><\/tr><tr><td class=\"has-text-align-left\" data-align=\"left\"><strong>Modalitat (3 mat\u00e8ries)<\/strong><\/td><td class=\"has-text-align-left\" data-align=\"left\"><strong>Dibuix art\u00edstic I<\/strong>\u00a0(obligat\u00f2ria)<br><br><strong>Dues mat\u00e8ries entre:<\/strong><br>Cultura audiovisual<br>Projectes art\u00edstics<br>Volum<br>Dibuix t\u00e8cnic aplicat a les arts pl\u00e0stiques i al disseny I.<\/td><\/tr><tr><td class=\"has-text-align-left\" data-align=\"left\"><strong>Optatives (elegir 1 mat\u00e8ria)<\/strong><\/td><td class=\"has-text-align-left\" data-align=\"left\">Hist\u00f2ria i cultura de les Illes Balears<br>Programaci\u00f3 i tractament de dades I<br>Segona llengua estrangera I (Franc\u00e8s o alemany)<br>T\u00e8cniques experimentals<br>Treball d&#8217;Investigaci\u00f3, An\u00e0lisi i Creativitat<br>Uni\u00f3 Europea<br>Qualsevol mat\u00e8ria de modalitat de primer curs<br>Religi\u00f3 I (sense efectes acad\u00e8mics)<\/td><\/tr><\/tbody><\/table><\/figure>\n\n\n\n<figure class=\"wp-block-table is-style-stripes\"><table class=\"has-fixed-layout\"><thead><tr><th class=\"has-text-align-left\" data-align=\"left\">mat\u00e8ria<\/th><th class=\"has-text-align-left\" data-align=\"left\">segon curs<\/th><\/tr><\/thead><tbody><tr><td class=\"has-text-align-left\" data-align=\"left\"><strong>Comunes (totes)<\/strong><\/td><td class=\"has-text-align-left\" data-align=\"left\">Llengua castellana i literatura II<br>Angl\u00e8s II<br>Hist\u00f2ria d\u2019Espanya<br>Hist\u00f2ria de la filosofia<br>Llengua catalana i literatura II<br>Treball de recerca de batxillerat II *<strong> (nom\u00e9s per alumnes que han cursat la de primer anteriorment).<\/strong><\/td><\/tr><tr><td class=\"has-text-align-left\" data-align=\"left\"><strong>Modalitat (3 mat\u00e8ries)<\/strong><\/td><td class=\"has-text-align-left\" data-align=\"left\"><strong>Dibuix art\u00edstic II<\/strong>\u00a0(obligat\u00f2ria)<br><br><strong>Dues mat\u00e8ries entre:<\/strong><br>Disseny<br>T\u00e8cniques d&#8217;expressi\u00f3 graficopl\u00e0stiques<br>Fonaments art\u00edstics<br>Dibuix t\u00e8cnic aplicat a les arts pl\u00e0stiques i al disseny II.<\/td><\/tr><tr><td class=\"has-text-align-left\" data-align=\"left\"><strong>Optatives (elegir 1 mat\u00e8ria)<\/strong><\/td><td class=\"has-text-align-left\" data-align=\"left\">Segona llengua estrangera II (Franc\u00e8s o alemany)<br>Psicologia<br>Programaci\u00f3 i tractament de dades II<br>Ampliaci\u00f3 de matem\u00e0tiques<br>Activitat F\u00edsica, Oci i Salut<br>Projecte Empresarial<br>Qualsevol mat\u00e8ria de modalitat<br>Religi\u00f3 2 (sense efectes acad\u00e8mics)<\/td><\/tr><\/tbody><\/table><\/figure>\n\n\n\n<p><\/p>\n","protected":false},"excerpt":{"rendered":"<p>mat\u00e8ria primer curs Comunes (totes) Educaci\u00f3 f\u00edsicaFilosofiaLlengua castellana i literatura ILlengua catalana i literatura ILlengua estrangera ITreball de recerca de batxillerat I * (nom\u00e9s per alumnes que ja l&#8217;han cursada &#8230;<\/p>\n","protected":false},"author":1,"featured_media":0,"parent":0,"menu_order":0,"comment_status":"closed","ping_status":"closed","template":"","meta":{"jetpack_post_was_ever_published":false,"footnotes":""},"class_list":["post-211","page","type-page","status-publish","hentry"],"jetpack_sharing_enabled":true,"jetpack_shortlink":"https:\/\/wp.me\/Pa5Owj-3p","jetpack-related-posts":[{"id":3133,"url":"https:\/\/iedib.net\/wordpress\/?page_id=3133","url_meta":{"origin":211,"position":0},"title":"Mat\u00e8ries modalitat arts pl\u00e0stiques, imatge i disseny","author":"wp_admin","date":"17 febrer, 2022","format":false,"excerpt":"Mat\u00e8riesPrimer cursComunes (totes)Educaci\u00f3 f\u00edsicaFilosofiaLlengua castellana i literatura ILlengua catalana i literatura ILlengua estrangera ITreball de recerca de batxillerat IModalitat (elegir 3 mat\u00e8ries)Dibuix art\u00edstic I (obligat\u00f2ria)Dues mat\u00e8ries entre:Cultura audiovisualProjectes art\u00edsticsVolum Dibuix t\u00e8cnic aplicat a les arts pl\u00e0stiques i al dissenyOptatives (elegir 1 mat\u00e8ria)Hist\u00f2ria i cultura de les Illes BalearsProgramaci\u00f3 i tractament\u2026","rel":"","context":"Entrada similar","block_context":{"text":"Entrada similar","link":""},"img":{"alt_text":"","src":"","width":0,"height":0},"classes":[]},{"id":216,"url":"https:\/\/iedib.net\/wordpress\/?page_id=216","url_meta":{"origin":211,"position":1},"title":"Mat\u00e8ries Oferides a la PBAU","author":"wp_admin","date":"8 juny, 2018","format":false,"excerpt":"L'IEDIB oferta totes les mat\u00e8ries possibles que poden convocar-se a la PBAU. tipusMat\u00e8riesComunesLlengua castellana i literatura IIAngl\u00e8s IIHist\u00f2ria d\u2019EspanyaHist\u00f2ria de la filosofiaLlengua catalana i literatura IIModalitatMatem\u00e0tiques II (obligat\u00f2ria)Qu\u00edmicaBiologiaF\u00edsicaGeologia i ci\u00e8ncies ambientalsDibuix t\u00e8cnic IITecnologia i enginyeria IILlat\u00ed IIMatem\u00e0tiques aplicades CCSS IIEmpresa i disseny de models de negociGrec IIGeografiaHist\u00f2ria de l\u2019artDibuix art\u00edstic\u2026","rel":"","context":"Entrada similar","block_context":{"text":"Entrada similar","link":""},"img":{"alt_text":"","src":"","width":0,"height":0},"classes":[]},{"id":200,"url":"https:\/\/iedib.net\/wordpress\/?page_id=200","url_meta":{"origin":211,"position":2},"title":"Requisits de mat\u00e8ries de segon vinculades a primer","author":"wp_admin","date":"21 maig, 2018","format":false,"excerpt":"Mat\u00e8ries de segon que requereixen haver cursat mat\u00e8ries de primer Mat\u00e8ries de segonMat\u00e8ries de primerAn\u00e0lisi musical IIAn\u00e0lisi Musical IBiologiaBiologia, Geologia i Ci\u00e8ncies AmbientalsArts esc\u00e8niques IIArts esc\u00e8niques IGeologiaBiologia, Geologia i Ci\u00e8ncies AmbientalsDibuix Art\u00edstic IIDibuix Art\u00edstic IDibuix T\u00e8cnic IIDibuix T\u00e8cnic IDibuix T\u00e8cnic Aplicat a les Arts Pl\u00e0stiques i al Disseny IIDibuix T\u00e8cnic\u2026","rel":"","context":"Entrada similar","block_context":{"text":"Entrada similar","link":""},"img":{"alt_text":"","src":"","width":0,"height":0},"classes":[]},{"id":190,"url":"https:\/\/iedib.net\/wordpress\/?page_id=190","url_meta":{"origin":211,"position":3},"title":"Llistat de mat\u00e8ries ofertades en xarxa","author":"wp_admin","date":"15 maig, 2018","format":false,"excerpt":"MAT\u00c8RIES OFERTADES AL PROGRAMA XARXA (totes les recollides a la LOMQUE) PRIMER DE BATXILLERAT (*per ordre alfab\u00e8tic) An\u00e0lisi musical I Arts esc\u00e8niques I Biologia, geologia i ci\u00e8ncies ambientals Cor i t\u00e8cnica vocal I Cultura audiovisual Dibuix art\u00edstic I Dibuix t\u00e8cnic I Dibuix t\u00e8cnic aplicat a les arts pl\u00e0stiques i al\u2026","rel":"","context":"Entrada similar","block_context":{"text":"Entrada similar","link":""},"img":{"alt_text":"","src":"","width":0,"height":0},"classes":[]},{"id":882,"url":"https:\/\/iedib.net\/wordpress\/?page_id=882","url_meta":{"origin":211,"position":4},"title":"Mat\u00e8ries ofertades a la preparaci\u00f3 de la prova lliure de batxillerat","author":"wp_admin","date":"12 febrer, 2019","format":false,"excerpt":"A l'IEDIB s'ofereixen totes les mat\u00e8ries necess\u00e0ries per obtenir el t\u00edtol de batxillerat a trav\u00e9s de la prova lliure. Per obtenir el t\u00edtol de batxillerat a trav\u00e9s d'aquesta via l'alumnat ha de superar 5 mat\u00e8ries comunes i dues d'opci\u00f3 vinculades a les diferents modalitats de batxillerat. A continuaci\u00f3 tens una\u2026","rel":"","context":"Entrada similar","block_context":{"text":"Entrada similar","link":""},"img":{"alt_text":"","src":"","width":0,"height":0},"classes":[]},{"id":209,"url":"https:\/\/iedib.net\/wordpress\/?page_id=209","url_meta":{"origin":211,"position":5},"title":"Mat\u00e8ries modalitat d&#8217;humanitats i ci\u00e8ncies socials","author":"wp_admin","date":"8 juny, 2018","format":false,"excerpt":"mat\u00e8riesprimer cursComunes (totes)Educaci\u00f3 f\u00edsicaFilosofiaLlengua castellana i literatura ILlengua catalana i literatura ILlengua estrangera ITreball de recerca de batxillerat I * (nom\u00e9s per alumnes que ja l\u2019han cursada i no l\u2019han superada).Modalitat (3 mat\u00e8ries)Una mat\u00e8ria entre:Llat\u00ed I\/Matem\u00e0tiques aplicades CCSS IDues mat\u00e8ries entre:EconomiaGrec IHist\u00f2ria del m\u00f3n contemporaniLiteratura universalMatem\u00e0tiques aplicades a les CCSS\u2026","rel":"","context":"Entrada similar","block_context":{"text":"Entrada similar","link":""},"img":{"alt_text":"","src":"","width":0,"height":0},"classes":[]}],"_links":{"self":[{"href":"https:\/\/iedib.net\/wordpress\/index.php?rest_route=\/wp\/v2\/pages\/211","targetHints":{"allow":["GET"]}}],"collection":[{"href":"https:\/\/iedib.net\/wordpress\/index.php?rest_route=\/wp\/v2\/pages"}],"about":[{"href":"https:\/\/iedib.net\/wordpress\/index.php?rest_route=\/wp\/v2\/types\/page"}],"author":[{"embeddable":true,"href":"https:\/\/iedib.net\/wordpress\/index.php?rest_route=\/wp\/v2\/users\/1"}],"replies":[{"embeddable":true,"href":"https:\/\/iedib.net\/wordpress\/index.php?rest_route=%2Fwp%2Fv2%2Fcomments&post=211"}],"version-history":[{"count":12,"href":"https:\/\/iedib.net\/wordpress\/index.php?rest_route=\/wp\/v2\/pages\/211\/revisions"}],"predecessor-version":[{"id":5236,"href":"https:\/\/iedib.net\/wordpress\/index.php?rest_route=\/wp\/v2\/pages\/211\/revisions\/5236"}],"wp:attachment":[{"href":"https:\/\/iedib.net\/wordpress\/index.php?rest_route=%2Fwp%2Fv2%2Fmedia&parent=211"}],"curies":[{"name":"wp","href":"https:\/\/api.w.org\/{rel}","templated":true}]}}