{"id":209,"date":"2018-06-08T14:54:31","date_gmt":"2018-06-08T14:54:31","guid":{"rendered":"https:\/\/iedib.wordpress.com\/?page_id=209"},"modified":"2025-06-30T12:15:26","modified_gmt":"2025-06-30T10:15:26","slug":"materies-modalitat-dhumanitats","status":"publish","type":"page","link":"https:\/\/iedib.net\/wordpress\/?page_id=209","title":{"rendered":"Mat\u00e8ries modalitat d&#8217;humanitats i ci\u00e8ncies socials"},"content":{"rendered":"\n<figure class=\"wp-block-table is-style-stripes\"><table class=\"has-fixed-layout\"><thead><tr><th class=\"has-text-align-left\" data-align=\"left\">mat\u00e8ries<\/th><th class=\"has-text-align-left\" data-align=\"left\">primer curs<\/th><\/tr><\/thead><tbody><tr><td class=\"has-text-align-left\" data-align=\"left\"><strong>Comunes (totes)<\/strong><\/td><td class=\"has-text-align-left\" data-align=\"left\">Educaci\u00f3 f\u00edsica<br>Filosofia<br>Llengua castellana i literatura I<br>Llengua catalana i literatura I<br>Llengua estrangera I<br>Treball de recerca de batxillerat I <strong>* (nom\u00e9s per alumnes que ja l\u2019han cursada i no l\u2019han superada)<\/strong>.<\/td><\/tr><tr><td class=\"has-text-align-left\" data-align=\"left\"><strong>Modalitat (3 mat\u00e8ries)<\/strong><\/td><td class=\"has-text-align-left\" data-align=\"left\"><strong>Una mat\u00e8ria entre:<\/strong><br>Llat\u00ed I\/Matem\u00e0tiques aplicades CCSS I<br><br><strong>Dues mat\u00e8ries entre<\/strong>:<br>Economia<br>Grec I<br>Hist\u00f2ria del m\u00f3n contemporani<br>Literatura universal<br>Matem\u00e0tiques aplicades a les CCSS I<br>Llat\u00ed I<\/td><\/tr><tr><td class=\"has-text-align-left\" data-align=\"left\"><strong>Optatives (elegir 1 mat\u00e8ria)<\/strong><\/td><td class=\"has-text-align-left\" data-align=\"left\">Hist\u00f2ria i cultura de les Illes Balears<br>Programaci\u00f3 i tractament de dades I<br>Segona llengua estrangera I (Franc\u00e8s o alemany)<br>T\u00e8cniques experimentals<br>Treball d\u2019Investigaci\u00f3, An\u00e0lisi i Creativitat<br>Uni\u00f3 Europea<br>Qualsevol mat\u00e8ria de modalitat<br>Religi\u00f3 I (sense efectes acad\u00e8mics)<\/td><\/tr><\/tbody><\/table><\/figure>\n\n\n\n<figure class=\"wp-block-table is-style-stripes\"><table class=\"has-fixed-layout\"><thead><tr><th class=\"has-text-align-left\" data-align=\"left\">mat\u00e8ries<\/th><th class=\"has-text-align-left\" data-align=\"left\">segon curs<\/th><\/tr><\/thead><tbody><tr><td class=\"has-text-align-left\" data-align=\"left\"><strong>Comunes (totes)<\/strong><\/td><td class=\"has-text-align-left\" data-align=\"left\">Llengua castellana i literatura II \u00a0 <br>Angl\u00e8s II <br>Hist\u00f2ria d\u2019Espanya<br>Hist\u00f2ria de la filosofia <br>Llengua catalana i literatura II<br>Treball de recerca de batxillerat II*<strong>\u00a0(nom\u00e9s per alumnes que han cursat la de primer anteriorment).<\/strong><\/td><\/tr><tr><td class=\"has-text-align-left\" data-align=\"left\"><strong>Modalitat (3 mat\u00e8ries)<\/strong><\/td><td class=\"has-text-align-left\" data-align=\"left\"><strong>Una mat\u00e8ria entre:<\/strong><br>Llat\u00ed II\/Matem\u00e0tiques aplicades CCSS II<br><br><strong>Dues mat\u00e8ries entre<\/strong>:<br>Empresa i disseny de models de negoci<br>Grec II<br>Geografia<br>Hist\u00f2ria de l&#8217;art<br>Matem\u00e0tiques aplicades a les CCSS II<br>Llat\u00ed II<\/td><\/tr><tr><td class=\"has-text-align-left\" data-align=\"left\"><strong>Optatives (elegir 1 mat\u00e8ria)<\/strong><\/td><td class=\"has-text-align-left\" data-align=\"left\">Segona llengua estrangera II (Franc\u00e8s o alemany)<br>Psicologia<br>Programaci\u00f3 i tractament de dades II<br>Ampliaci\u00f3 de matem\u00e0tiques<br>Activitat F\u00edsica, Oci i Salut<br>Projecte Empresarial<br>Qualsevol mat\u00e8ria de modalitat<br>Religi\u00f3 2 (sense efectes acad\u00e8mics)<\/td><\/tr><\/tbody><\/table><\/figure>\n\n\n\n<div class=\"wp-block-columns is-layout-flex wp-container-core-columns-is-layout-9d6595d7 wp-block-columns-is-layout-flex\">\n<div class=\"wp-block-column is-layout-flow wp-block-column-is-layout-flow\" style=\"flex-basis:100%\"><\/div>\n<\/div>\n","protected":false},"excerpt":{"rendered":"<p>mat\u00e8ries primer curs Comunes (totes) Educaci\u00f3 f\u00edsicaFilosofiaLlengua castellana i literatura ILlengua catalana i literatura ILlengua estrangera ITreball de recerca de batxillerat I * (nom\u00e9s per alumnes que ja l\u2019han cursada &#8230;<\/p>\n","protected":false},"author":1,"featured_media":0,"parent":0,"menu_order":0,"comment_status":"closed","ping_status":"closed","template":"","meta":{"jetpack_post_was_ever_published":false,"footnotes":""},"class_list":["post-209","page","type-page","status-publish","hentry"],"jetpack_sharing_enabled":true,"jetpack_shortlink":"https:\/\/wp.me\/Pa5Owj-3n","jetpack-related-posts":[{"id":211,"url":"https:\/\/iedib.net\/wordpress\/?page_id=211","url_meta":{"origin":209,"position":0},"title":"Mat\u00e8ries modalitat arts pl\u00e0stiques, imatge i disseny","author":"wp_admin","date":"8 juny, 2018","format":false,"excerpt":"mat\u00e8riaprimer cursComunes (totes)Educaci\u00f3 f\u00edsicaFilosofiaLlengua castellana i literatura ILlengua catalana i literatura ILlengua estrangera ITreball de recerca de batxillerat I * (nom\u00e9s per alumnes que ja l'han cursada i no l'han superada).Modalitat (3 mat\u00e8ries)Dibuix art\u00edstic I\u00a0(obligat\u00f2ria)Dues mat\u00e8ries entre:Cultura audiovisualProjectes art\u00edsticsVolumDibuix t\u00e8cnic aplicat a les arts pl\u00e0stiques i al disseny I.Optatives (elegir\u2026","rel":"","context":"Entrada similar","block_context":{"text":"Entrada similar","link":""},"img":{"alt_text":"","src":"","width":0,"height":0},"classes":[]},{"id":3133,"url":"https:\/\/iedib.net\/wordpress\/?page_id=3133","url_meta":{"origin":209,"position":1},"title":"Mat\u00e8ries modalitat arts pl\u00e0stiques, imatge i disseny","author":"wp_admin","date":"17 febrer, 2022","format":false,"excerpt":"Mat\u00e8riesPrimer cursComunes (totes)Educaci\u00f3 f\u00edsicaFilosofiaLlengua castellana i literatura ILlengua catalana i literatura ILlengua estrangera ITreball de recerca de batxillerat IModalitat (elegir 3 mat\u00e8ries)Dibuix art\u00edstic I (obligat\u00f2ria)Dues mat\u00e8ries entre:Cultura audiovisualProjectes art\u00edsticsVolum Dibuix t\u00e8cnic aplicat a les arts pl\u00e0stiques i al dissenyOptatives (elegir 1 mat\u00e8ria)Hist\u00f2ria i cultura de les Illes BalearsProgramaci\u00f3 i tractament\u2026","rel":"","context":"Entrada similar","block_context":{"text":"Entrada similar","link":""},"img":{"alt_text":"","src":"","width":0,"height":0},"classes":[]},{"id":207,"url":"https:\/\/iedib.net\/wordpress\/?page_id=207","url_meta":{"origin":209,"position":2},"title":"Mat\u00e8ries modalitat ci\u00e8ncies","author":"wp_admin","date":"8 juny, 2018","format":false,"excerpt":"Mat\u00e8riesPrimer cursComunes (totes)Educaci\u00f3 f\u00edsicaFilosofiaLlengua castellana i literatura ILlengua catalana i literatura ILlengua estrangera ITreball de recerca de batxillerat I * (nom\u00e9s per alumnes que ja l\u2019han cursada i no l\u2019han superada).Modalitat (3 mat\u00e8ries)Matem\u00e0tiques I (obligat\u00f2ria)Dues mat\u00e8ries entre:Dibuix t\u00e8cnic I Biologia, geologia i ci\u00e8ncies ambientalsF\u00edsica i qu\u00edmicaTecnologia i enginyeria IOptatives (elegir\u2026","rel":"","context":"Entrada similar","block_context":{"text":"Entrada similar","link":""},"img":{"alt_text":"","src":"","width":0,"height":0},"classes":[]},{"id":216,"url":"https:\/\/iedib.net\/wordpress\/?page_id=216","url_meta":{"origin":209,"position":3},"title":"Mat\u00e8ries Oferides a la PBAU","author":"wp_admin","date":"8 juny, 2018","format":false,"excerpt":"L'IEDIB oferta totes les mat\u00e8ries possibles que poden convocar-se a la PBAU. tipusMat\u00e8riesComunesLlengua castellana i literatura IIAngl\u00e8s IIHist\u00f2ria d\u2019EspanyaHist\u00f2ria de la filosofiaLlengua catalana i literatura IIModalitatMatem\u00e0tiques II (obligat\u00f2ria)Qu\u00edmicaBiologiaF\u00edsicaGeologia i ci\u00e8ncies ambientalsDibuix t\u00e8cnic IITecnologia i enginyeria IILlat\u00ed IIMatem\u00e0tiques aplicades CCSS IIEmpresa i disseny de models de negociGrec IIGeografiaHist\u00f2ria de l\u2019artDibuix art\u00edstic\u2026","rel":"","context":"Entrada similar","block_context":{"text":"Entrada similar","link":""},"img":{"alt_text":"","src":"","width":0,"height":0},"classes":[]},{"id":882,"url":"https:\/\/iedib.net\/wordpress\/?page_id=882","url_meta":{"origin":209,"position":4},"title":"Mat\u00e8ries ofertades a la preparaci\u00f3 de la prova lliure de batxillerat","author":"wp_admin","date":"12 febrer, 2019","format":false,"excerpt":"A l'IEDIB s'ofereixen totes les mat\u00e8ries necess\u00e0ries per obtenir el t\u00edtol de batxillerat a trav\u00e9s de la prova lliure. Per obtenir el t\u00edtol de batxillerat a trav\u00e9s d'aquesta via l'alumnat ha de superar 5 mat\u00e8ries comunes i dues d'opci\u00f3 vinculades a les diferents modalitats de batxillerat. A continuaci\u00f3 tens una\u2026","rel":"","context":"Entrada similar","block_context":{"text":"Entrada similar","link":""},"img":{"alt_text":"","src":"","width":0,"height":0},"classes":[]},{"id":3170,"url":"https:\/\/iedib.net\/wordpress\/?page_id=3170","url_meta":{"origin":209,"position":5},"title":"Mat\u00e8ries modalitat general","author":"wp_admin","date":"2 mar\u00e7, 2022","format":false,"excerpt":"mat\u00e8riesprimer cursComunes (totes)Educaci\u00f3 f\u00edsicaFilosofiaLlengua castellana i literatura ILlengua catalana i literatura ILlengua estrangera ITreball de recerca de batxillerat I* (nom\u00e9s per alumnes que ja l\u2019han cursada i no l\u2019han superada).Modalitat (elegir 3 mat\u00e8ries)Matem\u00e0tiques generals\u00a0(obligat\u00f2ria)Dues mat\u00e8ries entre:Economia, emprenedoria i activitat empresarial i i una mat\u00e8ria de modalitat de primer de qualsevol\u2026","rel":"","context":"Entrada similar","block_context":{"text":"Entrada similar","link":""},"img":{"alt_text":"","src":"","width":0,"height":0},"classes":[]}],"_links":{"self":[{"href":"https:\/\/iedib.net\/wordpress\/index.php?rest_route=\/wp\/v2\/pages\/209","targetHints":{"allow":["GET"]}}],"collection":[{"href":"https:\/\/iedib.net\/wordpress\/index.php?rest_route=\/wp\/v2\/pages"}],"about":[{"href":"https:\/\/iedib.net\/wordpress\/index.php?rest_route=\/wp\/v2\/types\/page"}],"author":[{"embeddable":true,"href":"https:\/\/iedib.net\/wordpress\/index.php?rest_route=\/wp\/v2\/users\/1"}],"replies":[{"embeddable":true,"href":"https:\/\/iedib.net\/wordpress\/index.php?rest_route=%2Fwp%2Fv2%2Fcomments&post=209"}],"version-history":[{"count":8,"href":"https:\/\/iedib.net\/wordpress\/index.php?rest_route=\/wp\/v2\/pages\/209\/revisions"}],"predecessor-version":[{"id":5240,"href":"https:\/\/iedib.net\/wordpress\/index.php?rest_route=\/wp\/v2\/pages\/209\/revisions\/5240"}],"wp:attachment":[{"href":"https:\/\/iedib.net\/wordpress\/index.php?rest_route=%2Fwp%2Fv2%2Fmedia&parent=209"}],"curies":[{"name":"wp","href":"https:\/\/api.w.org\/{rel}","templated":true}]}}