{"id":2025,"date":"2019-10-09T06:41:07","date_gmt":"2019-10-09T06:41:07","guid":{"rendered":"https:\/\/iedib.net\/wordpress\/?page_id=2025"},"modified":"2019-10-16T07:30:45","modified_gmt":"2019-10-16T07:30:45","slug":"matricula-fp-fora-de-termini","status":"publish","type":"page","link":"https:\/\/iedib.net\/wordpress\/?page_id=2025","title":{"rendered":"Matr\u00edcula FP fora de termini"},"content":{"rendered":"\n<figure class=\"wp-block-image\"><img loading=\"lazy\" decoding=\"async\" width=\"1191\" height=\"293\" data-attachment-id=\"2053\" data-permalink=\"https:\/\/iedib.net\/wordpress\/?attachment_id=2053\" data-orig-file=\"https:\/\/i0.wp.com\/iedib.net\/wordpress\/wp-content\/uploads\/2019\/09\/batxillerat.png?fit=1191%2C293&amp;ssl=1\" data-orig-size=\"1191,293\" data-comments-opened=\"0\" data-image-meta=\"{&quot;aperture&quot;:&quot;0&quot;,&quot;credit&quot;:&quot;&quot;,&quot;camera&quot;:&quot;&quot;,&quot;caption&quot;:&quot;&quot;,&quot;created_timestamp&quot;:&quot;0&quot;,&quot;copyright&quot;:&quot;&quot;,&quot;focal_length&quot;:&quot;0&quot;,&quot;iso&quot;:&quot;0&quot;,&quot;shutter_speed&quot;:&quot;0&quot;,&quot;title&quot;:&quot;&quot;,&quot;orientation&quot;:&quot;0&quot;}\" data-image-title=\"batxillerat\" data-image-description=\"\" data-image-caption=\"\" data-medium-file=\"https:\/\/i0.wp.com\/iedib.net\/wordpress\/wp-content\/uploads\/2019\/09\/batxillerat.png?fit=300%2C74&amp;ssl=1\" data-large-file=\"https:\/\/i0.wp.com\/iedib.net\/wordpress\/wp-content\/uploads\/2019\/09\/batxillerat.png?fit=800%2C197&amp;ssl=1\" src=\"https:\/\/i1.wp.com\/iedib.net\/wordpress\/wp-content\/uploads\/2019\/09\/batxillerat.png?fit=800%2C197&amp;ssl=1\" alt=\"\" class=\"wp-image-2053\" srcset=\"https:\/\/i0.wp.com\/iedib.net\/wordpress\/wp-content\/uploads\/2019\/09\/batxillerat.png?w=1191&amp;ssl=1 1191w, https:\/\/i0.wp.com\/iedib.net\/wordpress\/wp-content\/uploads\/2019\/09\/batxillerat.png?resize=300%2C74&amp;ssl=1 300w, https:\/\/i0.wp.com\/iedib.net\/wordpress\/wp-content\/uploads\/2019\/09\/batxillerat.png?resize=768%2C189&amp;ssl=1 768w, https:\/\/i0.wp.com\/iedib.net\/wordpress\/wp-content\/uploads\/2019\/09\/batxillerat.png?resize=1024%2C252&amp;ssl=1 1024w\" sizes=\"auto, (max-width: 800px) 100vw, 800px\" \/><\/figure>\n\n\n\n<p>A partir de dia 9 d\u2019octubre i fins el 16 d&#8217;octubre,  mitjan\u00e7ant trucada telef\u00f2nica\/mail es comen\u00e7aran a adjudicar places de FP vacants per als ensenyaments a dist\u00e0ncia fora de termini. <\/p>\n\n\n\n<p>En primer terme s&#8217;oferiran les vacants als sol\u00b7licitants que han apareixen a la llista d&#8217;admesos per ordre de baremaci\u00f3 seguint els seg\u00fcents  criteris: <\/p>\n\n\n\n<ol class=\"wp-block-list\"><li> Alumnes matriculats que no han obtingut pla\u00e7a en tots els m\u00f2duls sol\u00b7licitats, sempre que no es passin del l\u00edmit d\u2019hores.<\/li><li> Sol\u00b7licitants que no han obtingut pla\u00e7a a cap m\u00f2dul.<\/li><\/ol>\n\n\n\n<p style=\"text-align:justify\">Posteriorment, del 16 al 23 d&#8217;octubre, una vegada acabat el procediment anterior, sempre que hagi vacants, s&#8217;oferiran aquestes places a gent que no hagi presentat la sol\u00b7licitud dins el termini. Les vacants disponibles per aquest darrer procediment es penjaran al document al seg\u00fcent enlla\u00e7.<\/p>\n\n\n\n<p style=\"text-align:center\"><a href=\"https:\/\/sites.google.com\/iedib.net\/placesvacantsfp-iedib\/inici\"><strong>Vacants disponibles a dia 16 d&#8217;octubre<\/strong><\/a><\/p>\n\n\n\n<p><strong>*Del CFGM t\u00e8cnic d&#8217;emerg\u00e8ncies i CFGS sistemes inform\u00e0tics en xarxa no queden vacants<\/strong><\/p>\n\n\n\n<p> Per aix\u00f2 s&#8217;habilitar\u00e0 una <strong><a href=\"https:\/\/www.caib.es\/sistrafront\/sistrafront\/protected\/init.do?language=ca&amp;modelo=EC0024SOAM&amp;version=1&amp;codiProces=54&amp;cursAcademic=2019\">sol\u00b7licitud telem\u00e0tica<\/a><\/strong><a href=\"https:\/\/www.caib.es\/sistrafront\/sistrafront\/protected\/init.do?language=ca&amp;modelo=EC0024SOAM&amp;version=1&amp;codiProces=55&amp;cursAcademic=2019\"> <\/a>junt amb una relaci\u00f3 de vacants disponibles per cicle. No s&#8217;admetran sol\u00b7licituds amb m\u00f2duls sense vacants disponibles. Aquests sol\u00b7licitants hauran d&#8217;aportar la seg\u00fcent documentaci\u00f3 <em><strong>que s&#8217;haur\u00e0 d&#8217;adjuntar a la sol\u00b7licitud impresa<\/strong><\/em><strong>:<\/strong><\/p>\n\n\n\n<ol class=\"wp-block-list\"><li> Sol\u00b7licitud impresa<\/li><li> Fotoc\u00f2pia del DNI o del NIE en vigor.<\/li><li> Certificat de resid\u00e8ncia en vigor en qu\u00e8 hi consti el domicili a les Illes Balears. <\/li><li>Documentaci\u00f3 que acrediti estar en possessi\u00f3 d\u2019alg\u00fa dels requisits per accedir a un cicle formatiu de grau mitj\u00e0 o superior, segons el cas <\/li><\/ol>\n\n\n\n<p> Aquestes sol\u00b7licituds no es baremaran sin\u00f3 que es tramitaran per estricte ordre cronol\u00f2gic de presentaci\u00f3. Per tant no es publicar\u00e0 cap llista d\u2019admesos. L&#8217;horari de presentaci\u00f3 d&#8217;aquesta documentaci\u00f3 ser\u00e0 de 10 a 13h.<\/p>\n\n\n\n<p>Lloc de presentaci\u00f3: IEDIB o delegacions territorials. No s&#8217;admetran sol\u00b7licituds enviades per correu electr\u00f2nic.<\/p>\n\n\n\n<p>Tota sol\u00b7licitud, documentaci\u00f3 o pagament que arribi m\u00e9s tard de dia  29 d&#8217;octubre ser\u00e0 descartat<\/p>\n\n\n\n<p>  <\/p>\n","protected":false},"excerpt":{"rendered":"<p>A partir de dia 9 d\u2019octubre i fins el 16 d&#8217;octubre, mitjan\u00e7ant trucada telef\u00f2nica\/mail es comen\u00e7aran a adjudicar places de FP vacants per als ensenyaments a dist\u00e0ncia fora de termini. &#8230;<\/p>\n","protected":false},"author":1,"featured_media":0,"parent":0,"menu_order":0,"comment_status":"closed","ping_status":"closed","template":"","meta":{"jetpack_post_was_ever_published":false,"footnotes":""},"class_list":["post-2025","page","type-page","status-publish","hentry"],"jetpack_sharing_enabled":true,"jetpack_shortlink":"https:\/\/wp.me\/Pa5Owj-wF","jetpack-related-posts":[{"id":122,"url":"https:\/\/iedib.net\/wordpress\/?page_id=122","url_meta":{"origin":2025,"position":0},"title":"Matr\u00edcula de formaci\u00f3 professional","author":"wp_admin","date":"29 abril, 2018","format":false,"excerpt":"La preinscripci\u00f3 i matr\u00edcula dels cicles d'FP es far\u00e0 tenint en compte els terminis publicats a la web de la Direcci\u00f3 General d'FP que regula tot el proc\u00e9s de la matr\u00edcula als cicles formatius d'FP a dist\u00e0ncia. A continuaci\u00f3 teniu un resum del calendari de tot el proc\u00e9s i un\u2026","rel":"","context":"Entrada similar","block_context":{"text":"Entrada similar","link":""},"img":{"alt_text":"","src":"https:\/\/i0.wp.com\/iedib.net\/wordpress\/wp-content\/uploads\/2019\/06\/batxillerat-2-1.png?resize=350%2C200&ssl=1","width":350,"height":200,"srcset":"https:\/\/i0.wp.com\/iedib.net\/wordpress\/wp-content\/uploads\/2019\/06\/batxillerat-2-1.png?resize=350%2C200&ssl=1 1x, https:\/\/i0.wp.com\/iedib.net\/wordpress\/wp-content\/uploads\/2019\/06\/batxillerat-2-1.png?resize=525%2C300&ssl=1 1.5x, https:\/\/i0.wp.com\/iedib.net\/wordpress\/wp-content\/uploads\/2019\/06\/batxillerat-2-1.png?resize=700%2C400&ssl=1 2x, https:\/\/i0.wp.com\/iedib.net\/wordpress\/wp-content\/uploads\/2019\/06\/batxillerat-2-1.png?resize=1050%2C600&ssl=1 3x"},"classes":[]},{"id":3234,"url":"https:\/\/iedib.net\/wordpress\/?page_id=3234","url_meta":{"origin":2025,"position":1},"title":"Matr\u00edcula curs d&#8217;especialitzaci\u00f3 en intel\u00b7lig\u00e8ncia artificial i dades massives","author":"wp_admin","date":"13 maig, 2022","format":false,"excerpt":"La preinscripci\u00f3 i matr\u00edcula del curs d'especialitzaci\u00f3 es far\u00e0 tenint en compte els terminis publicats a la\u00a0web\u00a0de la direcci\u00f3 general d\u2019FP que regula tot el proc\u00e9s de la matr\u00edcula. A continuaci\u00f3 teniu un resum del calendari de tot el proc\u00e9s. Calendari curs 25-26 Proc\u00e9sTerminiPas 1 (Presentaci\u00f3 de sol\u00b7licituds):\u00a0hi ha dos\u2026","rel":"","context":"Entrada similar","block_context":{"text":"Entrada similar","link":""},"img":{"alt_text":"","src":"https:\/\/i0.wp.com\/iedib.net\/wordpress\/wp-content\/uploads\/2022\/06\/Informatica-1-1.png?resize=350%2C200&ssl=1","width":350,"height":200,"srcset":"https:\/\/i0.wp.com\/iedib.net\/wordpress\/wp-content\/uploads\/2022\/06\/Informatica-1-1.png?resize=350%2C200&ssl=1 1x, https:\/\/i0.wp.com\/iedib.net\/wordpress\/wp-content\/uploads\/2022\/06\/Informatica-1-1.png?resize=525%2C300&ssl=1 1.5x, https:\/\/i0.wp.com\/iedib.net\/wordpress\/wp-content\/uploads\/2022\/06\/Informatica-1-1.png?resize=700%2C400&ssl=1 2x"},"classes":[]},{"id":34,"url":"https:\/\/iedib.net\/wordpress\/?page_id=34","url_meta":{"origin":2025,"position":2},"title":"Secretaria","author":"wp_admin","date":"5 abril, 2018","format":false,"excerpt":"HORARI DE SECRETARIA L'horari d'atenci\u00f3 al p\u00fablic de la Secretaria de la seu central de l'IEDIB \u00e9s el seg\u00fcent: De dilluns a divendres de 9 a 14 h, i de dilluns a dimecres de 15 a 20 h. INFORMACI\u00d3 I FORMULARIS Us presentem un recull de formularis i informaci\u00f3 que\u2026","rel":"","context":"Entrada similar","block_context":{"text":"Entrada similar","link":""},"img":{"alt_text":"","src":"https:\/\/i0.wp.com\/iedib.net\/wordpress\/wp-content\/uploads\/2020\/07\/Copia-de-batxillerat-3.png?resize=350%2C200&ssl=1","width":350,"height":200,"srcset":"https:\/\/i0.wp.com\/iedib.net\/wordpress\/wp-content\/uploads\/2020\/07\/Copia-de-batxillerat-3.png?resize=350%2C200&ssl=1 1x, https:\/\/i0.wp.com\/iedib.net\/wordpress\/wp-content\/uploads\/2020\/07\/Copia-de-batxillerat-3.png?resize=525%2C300&ssl=1 1.5x, https:\/\/i0.wp.com\/iedib.net\/wordpress\/wp-content\/uploads\/2020\/07\/Copia-de-batxillerat-3.png?resize=700%2C400&ssl=1 2x"},"classes":[]},{"id":4888,"url":"https:\/\/iedib.net\/wordpress\/?page_id=4888","url_meta":{"origin":2025,"position":3},"title":"Convalidacions","author":"wp_admin","date":"4 octubre, 2024","format":false,"excerpt":"Convalidaci\u00f3 de m\u00f2duls d\u2019FP a partir d\u2019altres estudis Aquell alumnat que hagi cursat altres estudis (cicles formatius, estudis universitaris, certificats de professionalitat) i consideri que hi ha m\u00f2duls dels estudis dels quals est\u00e0 matriculat que s\u00f3n susceptibles de convalidaci\u00f3, pot tramitar la\u00a0sol\u00b7licitud de convalidaci\u00f3. Procediment La sol\u00b7licitud s\u2019ha de presentar\u2026","rel":"","context":"Entrada similar","block_context":{"text":"Entrada similar","link":""},"img":{"alt_text":"","src":"","width":0,"height":0},"classes":[]},{"id":5561,"url":"https:\/\/iedib.net\/wordpress\/?page_id=5561","url_meta":{"origin":2025,"position":4},"title":"SECRETARIA","author":"Oficines","date":"19 desembre, 2025","format":false,"excerpt":"HORARI D'ATENCI\u00d3 AL P\u00daBLIC De dilluns a divendres, de 9 a 14 h. \/ De dilluns a dimecres, de 15 a 20 h. Juliol, de 9 a 14 h. Agost, tancat De forma presencial - C\/ de Salv\u00e0, 14 - 07013 Palma Per tel\u00e8fon - 971170650 Per mail - info@iedib.net\u2026","rel":"","context":"Entrada similar","block_context":{"text":"Entrada similar","link":""},"img":{"alt_text":"","src":"https:\/\/i0.wp.com\/iedib.net\/wordpress\/wp-content\/uploads\/2020\/07\/Copia-de-batxillerat-3.png?resize=350%2C200&ssl=1","width":350,"height":200,"srcset":"https:\/\/i0.wp.com\/iedib.net\/wordpress\/wp-content\/uploads\/2020\/07\/Copia-de-batxillerat-3.png?resize=350%2C200&ssl=1 1x, https:\/\/i0.wp.com\/iedib.net\/wordpress\/wp-content\/uploads\/2020\/07\/Copia-de-batxillerat-3.png?resize=525%2C300&ssl=1 1.5x, https:\/\/i0.wp.com\/iedib.net\/wordpress\/wp-content\/uploads\/2020\/07\/Copia-de-batxillerat-3.png?resize=700%2C400&ssl=1 2x"},"classes":[]},{"id":45,"url":"https:\/\/iedib.net\/wordpress\/?page_id=45","url_meta":{"origin":2025,"position":5},"title":"Matr\u00edcula programa xarxa","author":"wp_admin","date":"5 abril, 2018","format":false,"excerpt":"MATR\u00cdCULA D\u2019UNA MAT\u00c8RIA O M\u00c9S DE BATXILLERAT A DIST\u00c0NCIA PER ALUMNES D\u2019ALTRES CENTRES (PROGRAMA XARXA)El calendari del curs 2025-2026 \u00e9s el seg\u00fcent: L\u2019alumnat que vulgui cursar una mat\u00e8ria o m\u00e9s a dist\u00e0ncia, haur\u00e0 de formalitzar la matr\u00edcula presentant una sol\u00b7licitud al seu centre d\u2019origen\u00a0(en el qual est\u00e0 matriculat per a\u2026","rel":"","context":"Entrada similar","block_context":{"text":"Entrada similar","link":""},"img":{"alt_text":"","src":"https:\/\/i0.wp.com\/iedib.net\/wordpress\/wp-content\/uploads\/2019\/06\/batxillerat-1-1.png?resize=350%2C200&ssl=1","width":350,"height":200,"srcset":"https:\/\/i0.wp.com\/iedib.net\/wordpress\/wp-content\/uploads\/2019\/06\/batxillerat-1-1.png?resize=350%2C200&ssl=1 1x, https:\/\/i0.wp.com\/iedib.net\/wordpress\/wp-content\/uploads\/2019\/06\/batxillerat-1-1.png?resize=525%2C300&ssl=1 1.5x, https:\/\/i0.wp.com\/iedib.net\/wordpress\/wp-content\/uploads\/2019\/06\/batxillerat-1-1.png?resize=700%2C400&ssl=1 2x, https:\/\/i0.wp.com\/iedib.net\/wordpress\/wp-content\/uploads\/2019\/06\/batxillerat-1-1.png?resize=1050%2C600&ssl=1 3x"},"classes":[]}],"_links":{"self":[{"href":"https:\/\/iedib.net\/wordpress\/index.php?rest_route=\/wp\/v2\/pages\/2025","targetHints":{"allow":["GET"]}}],"collection":[{"href":"https:\/\/iedib.net\/wordpress\/index.php?rest_route=\/wp\/v2\/pages"}],"about":[{"href":"https:\/\/iedib.net\/wordpress\/index.php?rest_route=\/wp\/v2\/types\/page"}],"author":[{"embeddable":true,"href":"https:\/\/iedib.net\/wordpress\/index.php?rest_route=\/wp\/v2\/users\/1"}],"replies":[{"embeddable":true,"href":"https:\/\/iedib.net\/wordpress\/index.php?rest_route=%2Fwp%2Fv2%2Fcomments&post=2025"}],"version-history":[{"count":14,"href":"https:\/\/iedib.net\/wordpress\/index.php?rest_route=\/wp\/v2\/pages\/2025\/revisions"}],"predecessor-version":[{"id":2107,"href":"https:\/\/iedib.net\/wordpress\/index.php?rest_route=\/wp\/v2\/pages\/2025\/revisions\/2107"}],"wp:attachment":[{"href":"https:\/\/iedib.net\/wordpress\/index.php?rest_route=%2Fwp%2Fv2%2Fmedia&parent=2025"}],"curies":[{"name":"wp","href":"https:\/\/api.w.org\/{rel}","templated":true}]}}