{"id":200,"date":"2018-05-21T09:57:41","date_gmt":"2018-05-21T09:57:41","guid":{"rendered":"https:\/\/iedib.wordpress.com\/?page_id=200"},"modified":"2025-09-26T10:32:56","modified_gmt":"2025-09-26T08:32:56","slug":"requisits-de-materies-de-segon-vinculades-a-primer","status":"publish","type":"page","link":"https:\/\/iedib.net\/wordpress\/?page_id=200","title":{"rendered":"Requisits de mat\u00e8ries de segon vinculades a primer"},"content":{"rendered":"\n<p>Mat\u00e8ries de segon que requereixen haver cursat mat\u00e8ries de primer<\/p>\n\n\n\n<figure class=\"wp-block-table is-style-stripes\"><table><tbody><tr><td><strong>Mat\u00e8ries de segon<\/strong><\/td><td><strong>Mat\u00e8ries de primer<\/strong><\/td><\/tr><tr><td>An\u00e0lisi musical II<\/td><td>An\u00e0lisi Musical I<\/td><\/tr><tr><td>Biologia<\/td><td>Biologia, Geologia i Ci\u00e8ncies Ambientals<\/td><\/tr><tr><td>Arts esc\u00e8niques II<\/td><td>Arts esc\u00e8niques I<\/td><\/tr><tr><td>Geologia<\/td><td>Biologia, Geologia i Ci\u00e8ncies Ambientals<\/td><\/tr><tr><td>Dibuix Art\u00edstic II<\/td><td>Dibuix Art\u00edstic I<\/td><\/tr><tr><td>Dibuix T\u00e8cnic II<\/td><td>Dibuix T\u00e8cnic I<\/td><\/tr><tr><td>Dibuix T\u00e8cnic Aplicat a les Arts Pl\u00e0stiques i al Disseny II<\/td><td>Dibuix T\u00e8cnic Aplicat a les Arts Pl\u00e0stiques i al Disseny II<\/td><\/tr><tr><td>F\u00edsica<\/td><td>F\u00edsica i Qu\u00edmica<\/td><\/tr><tr><td>Qu\u00edmica<\/td><td>F\u00edsica i Qu\u00edmica<\/td><\/tr><tr><td>Grec II<\/td><td>Grec I<\/td><\/tr><tr><td>Llat\u00ed II<\/td><td>Llat\u00ed I<\/td><\/tr><tr><td>Llengua Castellana i Literatura II<\/td><td>Llengua Castellana i Literatura I<\/td><\/tr><tr><td>Llengua Catalana i Literatura II<\/td><td>Llengua Catalana i Literatura I<\/td><\/tr><tr><td>Llengua Estrangera II<\/td><td>Llengua Estrangera I<\/td><\/tr><tr><td>Matem\u00e0tiques II<\/td><td>Matem\u00e0tiques I<\/td><\/tr><tr><td>Matem\u00e0tiques aplicades a les Ci\u00e8ncies Socials II<\/td><td>Matem\u00e0tiques aplicades a les Ci\u00e8ncies Socials I o Matem\u00e0tiques I<\/td><\/tr><tr><td>Programaci\u00f3 i Tractament de Dades II<\/td><td>Programaci\u00f3 i Tractament de Dades I<\/td><\/tr><tr><td>Tecnologia i Enginyeria II<\/td><td>Tecnologia i Enginyeria I<\/td><\/tr><tr><td>Treball de recerca de batxillerat II<\/td><td>Treball de recerca de batxillerat I<\/td><\/tr><\/tbody><\/table><figcaption class=\"wp-element-caption\"><strong>Altres requisits:<\/strong><\/figcaption><\/figure>\n\n\n\n<p>Per cursar Programaci\u00f3 i tractament de dades I i II, tenir ordinador amb Windows\/Linux<\/p>\n","protected":false},"excerpt":{"rendered":"<p>Mat\u00e8ries de segon que requereixen haver cursat mat\u00e8ries de primer Mat\u00e8ries de segon Mat\u00e8ries de primer An\u00e0lisi musical II An\u00e0lisi Musical I Biologia Biologia, Geologia i Ci\u00e8ncies Ambientals Arts esc\u00e8niques &#8230;<\/p>\n","protected":false},"author":1,"featured_media":0,"parent":0,"menu_order":0,"comment_status":"closed","ping_status":"closed","template":"","meta":{"jetpack_post_was_ever_published":false,"footnotes":""},"class_list":["post-200","page","type-page","status-publish","hentry"],"jetpack_sharing_enabled":false,"jetpack_shortlink":"https:\/\/wp.me\/Pa5Owj-3e","jetpack-related-posts":[{"id":190,"url":"https:\/\/iedib.net\/wordpress\/?page_id=190","url_meta":{"origin":200,"position":0},"title":"Llistat de mat\u00e8ries ofertades en xarxa","author":"wp_admin","date":"15 maig, 2018","format":false,"excerpt":"MAT\u00c8RIES OFERTADES AL PROGRAMA XARXA (totes les recollides a la LOMQUE) PRIMER DE BATXILLERAT (*per ordre alfab\u00e8tic) An\u00e0lisi musical I Arts esc\u00e8niques I Biologia, geologia i ci\u00e8ncies ambientals Cor i t\u00e8cnica vocal I Cultura audiovisual Dibuix art\u00edstic I Dibuix t\u00e8cnic I Dibuix t\u00e8cnic aplicat a les arts pl\u00e0stiques i al\u2026","rel":"","context":"Entrada similar","block_context":{"text":"Entrada similar","link":""},"img":{"alt_text":"","src":"","width":0,"height":0},"classes":[]},{"id":216,"url":"https:\/\/iedib.net\/wordpress\/?page_id=216","url_meta":{"origin":200,"position":1},"title":"Mat\u00e8ries Oferides a la PBAU","author":"wp_admin","date":"8 juny, 2018","format":false,"excerpt":"L'IEDIB oferta totes les mat\u00e8ries possibles que poden convocar-se a la PBAU. tipusMat\u00e8riesComunesLlengua castellana i literatura IIAngl\u00e8s IIHist\u00f2ria d\u2019EspanyaHist\u00f2ria de la filosofiaLlengua catalana i literatura IIModalitatMatem\u00e0tiques II (obligat\u00f2ria)Qu\u00edmicaBiologiaF\u00edsicaGeologia i ci\u00e8ncies ambientalsDibuix t\u00e8cnic IITecnologia i enginyeria IILlat\u00ed IIMatem\u00e0tiques aplicades CCSS IIEmpresa i disseny de models de negociGrec IIGeografiaHist\u00f2ria de l\u2019artDibuix art\u00edstic\u2026","rel":"","context":"Entrada similar","block_context":{"text":"Entrada similar","link":""},"img":{"alt_text":"","src":"","width":0,"height":0},"classes":[]},{"id":211,"url":"https:\/\/iedib.net\/wordpress\/?page_id=211","url_meta":{"origin":200,"position":2},"title":"Mat\u00e8ries modalitat arts pl\u00e0stiques, imatge i disseny","author":"wp_admin","date":"8 juny, 2018","format":false,"excerpt":"mat\u00e8riaprimer cursComunes (totes)Educaci\u00f3 f\u00edsicaFilosofiaLlengua castellana i literatura ILlengua catalana i literatura ILlengua estrangera ITreball de recerca de batxillerat I * (nom\u00e9s per alumnes que ja l'han cursada i no l'han superada).Modalitat (3 mat\u00e8ries)Dibuix art\u00edstic I\u00a0(obligat\u00f2ria)Dues mat\u00e8ries entre:Cultura audiovisualProjectes art\u00edsticsVolumDibuix t\u00e8cnic aplicat a les arts pl\u00e0stiques i al disseny I.Optatives (elegir\u2026","rel":"","context":"Entrada similar","block_context":{"text":"Entrada similar","link":""},"img":{"alt_text":"","src":"","width":0,"height":0},"classes":[]},{"id":3133,"url":"https:\/\/iedib.net\/wordpress\/?page_id=3133","url_meta":{"origin":200,"position":3},"title":"Mat\u00e8ries modalitat arts pl\u00e0stiques, imatge i disseny","author":"wp_admin","date":"17 febrer, 2022","format":false,"excerpt":"Mat\u00e8riesPrimer cursComunes (totes)Educaci\u00f3 f\u00edsicaFilosofiaLlengua castellana i literatura ILlengua catalana i literatura ILlengua estrangera ITreball de recerca de batxillerat IModalitat (elegir 3 mat\u00e8ries)Dibuix art\u00edstic I (obligat\u00f2ria)Dues mat\u00e8ries entre:Cultura audiovisualProjectes art\u00edsticsVolum Dibuix t\u00e8cnic aplicat a les arts pl\u00e0stiques i al dissenyOptatives (elegir 1 mat\u00e8ria)Hist\u00f2ria i cultura de les Illes BalearsProgramaci\u00f3 i tractament\u2026","rel":"","context":"Entrada similar","block_context":{"text":"Entrada similar","link":""},"img":{"alt_text":"","src":"","width":0,"height":0},"classes":[]},{"id":882,"url":"https:\/\/iedib.net\/wordpress\/?page_id=882","url_meta":{"origin":200,"position":4},"title":"Mat\u00e8ries ofertades a la preparaci\u00f3 de la prova lliure de batxillerat","author":"wp_admin","date":"12 febrer, 2019","format":false,"excerpt":"A l'IEDIB s'ofereixen totes les mat\u00e8ries necess\u00e0ries per obtenir el t\u00edtol de batxillerat a trav\u00e9s de la prova lliure. Per obtenir el t\u00edtol de batxillerat a trav\u00e9s d'aquesta via l'alumnat ha de superar 5 mat\u00e8ries comunes i dues d'opci\u00f3 vinculades a les diferents modalitats de batxillerat. A continuaci\u00f3 tens una\u2026","rel":"","context":"Entrada similar","block_context":{"text":"Entrada similar","link":""},"img":{"alt_text":"","src":"","width":0,"height":0},"classes":[]},{"id":3126,"url":"https:\/\/iedib.net\/wordpress\/?page_id=3126","url_meta":{"origin":200,"position":5},"title":"Mat\u00e8ries modalitat m\u00fasica i arts esc\u00e8niques","author":"wp_admin","date":"17 febrer, 2022","format":false,"excerpt":"Mat\u00e8riesPrimer cursComunes (totes)Educaci\u00f3 f\u00edsicaFilosofiaLlengua castellana i literatura ILlengua catalana i literatura ILlengua estrangera ITreball de recerca de batxillerat I* (nom\u00e9s per alumnes que ja l\u2019han cursada i no l\u2019han superada).Modalitat (elegir 3 mat\u00e8ries)Una mat\u00e8ria entre:An\u00e0lisi musical IArts esc\u00e8niques IDues mat\u00e8ries entre:An\u00e0lisi musical IArts esc\u00e8niques ICor i t\u00e8cnica vocal ICultura audiovisualLlenguatge\u2026","rel":"","context":"Entrada similar","block_context":{"text":"Entrada similar","link":""},"img":{"alt_text":"","src":"","width":0,"height":0},"classes":[]}],"_links":{"self":[{"href":"https:\/\/iedib.net\/wordpress\/index.php?rest_route=\/wp\/v2\/pages\/200","targetHints":{"allow":["GET"]}}],"collection":[{"href":"https:\/\/iedib.net\/wordpress\/index.php?rest_route=\/wp\/v2\/pages"}],"about":[{"href":"https:\/\/iedib.net\/wordpress\/index.php?rest_route=\/wp\/v2\/types\/page"}],"author":[{"embeddable":true,"href":"https:\/\/iedib.net\/wordpress\/index.php?rest_route=\/wp\/v2\/users\/1"}],"replies":[{"embeddable":true,"href":"https:\/\/iedib.net\/wordpress\/index.php?rest_route=%2Fwp%2Fv2%2Fcomments&post=200"}],"version-history":[{"count":7,"href":"https:\/\/iedib.net\/wordpress\/index.php?rest_route=\/wp\/v2\/pages\/200\/revisions"}],"predecessor-version":[{"id":5455,"href":"https:\/\/iedib.net\/wordpress\/index.php?rest_route=\/wp\/v2\/pages\/200\/revisions\/5455"}],"wp:attachment":[{"href":"https:\/\/iedib.net\/wordpress\/index.php?rest_route=%2Fwp%2Fv2%2Fmedia&parent=200"}],"curies":[{"name":"wp","href":"https:\/\/api.w.org\/{rel}","templated":true}]}}