{"id":1410,"date":"2019-03-19T18:06:10","date_gmt":"2019-03-19T18:06:10","guid":{"rendered":"https:\/\/iedib.net\/wordpress\/?page_id=1410"},"modified":"2024-10-02T13:40:44","modified_gmt":"2024-10-02T11:40:44","slug":"centres-collaboradors-de-fp","status":"publish","type":"page","link":"https:\/\/iedib.net\/wordpress\/?page_id=1410","title":{"rendered":"Centres col\u00b7laboradors d&#8217;FP"},"content":{"rendered":"\n<p class=\"has-text-align-justify justify-text\">El centre de refer\u00e8ncia per fer gestions de matr\u00edcula i rebre assessorament individualitzat \u00e9s l&#8217;IEDIB. A m\u00e9s,&nbsp;tamb\u00e9 teniu els centres col\u00b7laboradors repartits per tot el territori de les Illes Balears, on tamb\u00e9 es fan ex\u00e0mens i pr\u00e0ctiques d\u2019FP pels alumnes d&#8217;Eivissa i Menorca.<\/p>\n\n\n\n<div style=\"position: relative; width: 100%; height: 0; padding-top: 141.4286%;\n padding-bottom: 48px; box-shadow: 0 2px 8px 0 rgba(63,69,81,0.16); margin-top: 1.6em; margin-bottom: 0.9em; overflow: hidden;\n border-radius: 8px; will-change: transform;\">\n  <iframe loading=\"lazy\" style=\"position: absolute; width: 100%; height: 100%; top: 0; left: 0; border: none; padding: 0;margin: 0;\"\n    src=\"https:&#x2F;&#x2F;www.canva.com&#x2F;design&#x2F;DAFD3YpONtA&#x2F;view?embed\" allowfullscreen=\"allowfullscreen\" allow=\"fullscreen\">\n  <\/iframe>\n<\/div>\n<a href=\"https:&#x2F;&#x2F;www.canva.com&#x2F;design&#x2F;DAFD3YpONtA&#x2F;view?utm_content=DAFD3YpONtA&amp;utm_campaign=designshare&amp;utm_medium=embeds&amp;utm_source=link\" target=\"_blank\" rel=\"noopener\">\n\n\n\n<div style=\"position: relative; width: 100%; height: 0; padding-top: 141.4286%;\n padding-bottom: 0; box-shadow: 0 2px 8px 0 rgba(63,69,81,0.16); margin-top: 1.6em; margin-bottom: 0.9em; overflow: hidden;\n border-radius: 8px; will-change: transform;\">\n  <iframe loading=\"lazy\" style=\"position: absolute; width: 100%; height: 100%; top: 0; left: 0; border: none; padding: 0;margin: 0;\"\n    src=\"https:\/\/www.canva.com\/design\/DAFD2YxHJcM\/view?embed\" allowfullscreen=\"allowfullscreen\" allow=\"fullscreen\">\n  <\/iframe>\n<\/div>\n<a href=\"https:&#x2F;&#x2F;www.canva.com&#x2F;design&#x2F;DAFD2YxHJcM&#x2F;view?utm_content=DAFD2YxHJcM&amp;utm_campaign=designshare&amp;utm_medium=embeds&amp;utm_source=link\" target=\"_blank\" rel=\"noopener\">FP2 -centres col\u00b7laboradors<\/a> de IEDIB\n","protected":false},"excerpt":{"rendered":"<p>El centre de refer\u00e8ncia per fer gestions de matr\u00edcula i rebre assessorament individualitzat \u00e9s l&#8217;IEDIB. A m\u00e9s,&nbsp;tamb\u00e9 teniu els centres col\u00b7laboradors repartits per tot el territori de les Illes Balears, &#8230;<\/p>\n","protected":false},"author":1,"featured_media":0,"parent":0,"menu_order":0,"comment_status":"closed","ping_status":"closed","template":"","meta":{"footnotes":""},"class_list":["post-1410","page","type-page","status-publish","hentry"],"jetpack_sharing_enabled":true,"jetpack_shortlink":"https:\/\/wp.me\/Pa5Owj-mK","jetpack-related-posts":[{"id":35,"url":"https:\/\/iedib.net\/wordpress\/?page_id=35","url_meta":{"origin":1410,"position":0},"title":"Centres col\u00b7laboradors","author":"wp_admin","date":"5 abril, 2018","format":false,"excerpt":"A la seu de l'IEDIB, situada al carrer de Salv\u00e0, 14, de Palma, es fan tasques de gesti\u00f3 de matr\u00edcula i d'assessorament presencial. A m\u00e9s, l'IEDIB compta amb el suport de centres col\u00b7laboradors repartits per tot el territori de les Illes Balears, on tamb\u00e9 es fan gestions\u00a0de matr\u00edcula i assessorament\u2026","rel":"","context":"Entrada similar","block_context":{"text":"Entrada similar","link":""},"img":{"alt_text":"","src":"","width":0,"height":0},"classes":[]},{"id":1408,"url":"https:\/\/iedib.net\/wordpress\/?page_id=1408","url_meta":{"origin":1410,"position":1},"title":"Centres col\u00b7laboradors de batxillerat","author":"wp_admin","date":"19 mar\u00e7, 2019","format":false,"excerpt":"A la seu de l\u2019IEDIB, situada al carrer de Salv\u00e0, 14, de Palma, es fan tasques de gesti\u00f3 de matr\u00edcula i d\u2019assessorament presencial. A m\u00e9s, l\u2019IEDIB compta amb el suport de centres col\u00b7laboradors repartits per tot el territori de les Illes Balears, on tamb\u00e9 es fan gestions de matr\u00edcula i\u2026","rel":"","context":"Entrada similar","block_context":{"text":"Entrada similar","link":""},"img":{"alt_text":"","src":"","width":0,"height":0},"classes":[]},{"id":1031,"url":"https:\/\/iedib.net\/wordpress\/?page_id=1031","url_meta":{"origin":1410,"position":2},"title":"Preguntes freq\u00fcents(FAQs)","author":"wp_admin","date":"28 febrer, 2019","format":false,"excerpt":"Com s'estudia a l'IEDIB? + Els estudis a l\u2019IEDIB tenen una estructura formada per 8 unitats did\u00e0ctiques digitals. Dins pots trobar els apunts en format de llibre digital i les activitats online. Existeixen 3 tipus d\u2019activitats: d\u2019aprenentatge, avaluables i d\u2019ampliaci\u00f3. Les avaluables s\u00f3n les que compten per a la nota,\u2026","rel":"","context":"Entrada similar","block_context":{"text":"Entrada similar","link":""},"img":{"alt_text":"","src":"","width":0,"height":0},"classes":[]},{"id":4981,"url":"https:\/\/iedib.net\/wordpress\/?page_id=4981","url_meta":{"origin":1410,"position":3},"title":"Centres col\u00b7laboradors d&#8217;estudis d&#8217;idiomes a dist\u00e0ncia (EOI-IEDIB)","author":"wp_admin","date":"5 febrer, 2025","format":false,"excerpt":"Els centres col\u00b7laboradors s\u00f3n els centres on es faran els ex\u00e0mens presencials dels nivells de certificaci\u00f3 dels diferents idiomes.","rel":"","context":"Entrada similar","block_context":{"text":"Entrada similar","link":""},"img":{"alt_text":"","src":"https:\/\/i0.wp.com\/iedib.net\/wordpress\/wp-content\/uploads\/2025\/02\/MALLORCA.png?resize=350%2C200&ssl=1","width":350,"height":200,"srcset":"https:\/\/i0.wp.com\/iedib.net\/wordpress\/wp-content\/uploads\/2025\/02\/MALLORCA.png?resize=350%2C200&ssl=1 1x, https:\/\/i0.wp.com\/iedib.net\/wordpress\/wp-content\/uploads\/2025\/02\/MALLORCA.png?resize=525%2C300&ssl=1 1.5x, https:\/\/i0.wp.com\/iedib.net\/wordpress\/wp-content\/uploads\/2025\/02\/MALLORCA.png?resize=700%2C400&ssl=1 2x, https:\/\/i0.wp.com\/iedib.net\/wordpress\/wp-content\/uploads\/2025\/02\/MALLORCA.png?resize=1050%2C600&ssl=1 3x, https:\/\/i0.wp.com\/iedib.net\/wordpress\/wp-content\/uploads\/2025\/02\/MALLORCA.png?resize=1400%2C800&ssl=1 4x"},"classes":[]},{"id":1339,"url":"https:\/\/iedib.net\/wordpress\/?page_id=1339","url_meta":{"origin":1410,"position":4},"title":"Formaci\u00f3 professional","author":"wp_admin","date":"12 mar\u00e7, 2019","format":false,"excerpt":"Estudis d'FP que s'imparteixen a l'IEDIB CFGM d'atenci\u00f3 a persones en situaci\u00f3 de depend\u00e8ncia CFGM\u00a0d\u2019instal\u00b7lacions el\u00e8ctriques i autom\u00e0tiques CFGM d'emerg\u00e8ncies sanit\u00e0ries CFGM de sistemes microinform\u00e0tics i xarxes CFGS d'administraci\u00f3 de sistemes inform\u00e0tics en xarxa CFGS Projectes d'edificacions CFGS Animacions 3D, jocs i entorns interactius CFGS d'integraci\u00f3 social Curs d'especialitzaci\u00f3 en\u2026","rel":"","context":"Entrada similar","block_context":{"text":"Entrada similar","link":""},"img":{"alt_text":"","src":"https:\/\/i0.wp.com\/iedib.net\/wordpress\/wp-content\/uploads\/2019\/06\/batxillerat-3.png?resize=350%2C200&ssl=1","width":350,"height":200,"srcset":"https:\/\/i0.wp.com\/iedib.net\/wordpress\/wp-content\/uploads\/2019\/06\/batxillerat-3.png?resize=350%2C200&ssl=1 1x, https:\/\/i0.wp.com\/iedib.net\/wordpress\/wp-content\/uploads\/2019\/06\/batxillerat-3.png?resize=525%2C300&ssl=1 1.5x, https:\/\/i0.wp.com\/iedib.net\/wordpress\/wp-content\/uploads\/2019\/06\/batxillerat-3.png?resize=700%2C400&ssl=1 2x, https:\/\/i0.wp.com\/iedib.net\/wordpress\/wp-content\/uploads\/2019\/06\/batxillerat-3.png?resize=1050%2C600&ssl=1 3x"},"classes":[]},{"id":42,"url":"https:\/\/iedib.net\/wordpress\/?page_id=42","url_meta":{"origin":1410,"position":5},"title":"Programa xarxa","author":"wp_admin","date":"5 abril, 2018","format":false,"excerpt":"FUNCIONS Permetre cursar mat\u00e8ries de batxillerat que no es cursen als centres d\u2019origen.Permetre cursar mat\u00e8ries que per raons organitzatives (hor\u00e0ries o altres) no es poden fer als centres d\u2019origen.Permetre cursar les mat\u00e8ries de primer quan un alumne de segon fa un canvi de modalitat. S\u2019ofereixen totes les mat\u00e8ries de totes\u2026","rel":"","context":"Entrada similar","block_context":{"text":"Entrada similar","link":""},"img":{"alt_text":"","src":"https:\/\/i0.wp.com\/iedib.net\/wordpress\/wp-content\/uploads\/2019\/06\/batxillerat-2.png?resize=350%2C200&ssl=1","width":350,"height":200,"srcset":"https:\/\/i0.wp.com\/iedib.net\/wordpress\/wp-content\/uploads\/2019\/06\/batxillerat-2.png?resize=350%2C200&ssl=1 1x, https:\/\/i0.wp.com\/iedib.net\/wordpress\/wp-content\/uploads\/2019\/06\/batxillerat-2.png?resize=525%2C300&ssl=1 1.5x, https:\/\/i0.wp.com\/iedib.net\/wordpress\/wp-content\/uploads\/2019\/06\/batxillerat-2.png?resize=700%2C400&ssl=1 2x, https:\/\/i0.wp.com\/iedib.net\/wordpress\/wp-content\/uploads\/2019\/06\/batxillerat-2.png?resize=1050%2C600&ssl=1 3x"},"classes":[]}],"_links":{"self":[{"href":"https:\/\/iedib.net\/wordpress\/index.php?rest_route=\/wp\/v2\/pages\/1410","targetHints":{"allow":["GET"]}}],"collection":[{"href":"https:\/\/iedib.net\/wordpress\/index.php?rest_route=\/wp\/v2\/pages"}],"about":[{"href":"https:\/\/iedib.net\/wordpress\/index.php?rest_route=\/wp\/v2\/types\/page"}],"author":[{"embeddable":true,"href":"https:\/\/iedib.net\/wordpress\/index.php?rest_route=\/wp\/v2\/users\/1"}],"replies":[{"embeddable":true,"href":"https:\/\/iedib.net\/wordpress\/index.php?rest_route=%2Fwp%2Fv2%2Fcomments&post=1410"}],"version-history":[{"count":18,"href":"https:\/\/iedib.net\/wordpress\/index.php?rest_route=\/wp\/v2\/pages\/1410\/revisions"}],"predecessor-version":[{"id":4881,"href":"https:\/\/iedib.net\/wordpress\/index.php?rest_route=\/wp\/v2\/pages\/1410\/revisions\/4881"}],"wp:attachment":[{"href":"https:\/\/iedib.net\/wordpress\/index.php?rest_route=%2Fwp%2Fv2%2Fmedia&parent=1410"}],"curies":[{"name":"wp","href":"https:\/\/api.w.org\/{rel}","templated":true}]}}