{"id":1408,"date":"2019-03-19T18:04:48","date_gmt":"2019-03-19T18:04:48","guid":{"rendered":"https:\/\/iedib.net\/wordpress\/?page_id=1408"},"modified":"2025-08-31T09:03:12","modified_gmt":"2025-08-31T07:03:12","slug":"centres-collaboradors-de-batxillerat","status":"publish","type":"page","link":"https:\/\/iedib.net\/wordpress\/?page_id=1408","title":{"rendered":"Centres col\u00b7laboradors de batxillerat"},"content":{"rendered":"\n<p class=\"has-text-align-justify\">A la seu de l\u2019IEDIB, situada al carrer de Salv\u00e0, 14, de Palma, es fan tasques de gesti\u00f3 de matr\u00edcula i d\u2019assessorament presencial. A m\u00e9s, l\u2019IEDIB compta amb el suport de centres col\u00b7laboradors repartits per tot el territori de les Illes Balears, on tamb\u00e9 es fan gestions de matr\u00edcula i assessorament presencial&nbsp; i ex\u00e0mens.<\/p>\n\n\n\n<p><strong>PER ACUDIR A UN CENTRE COL\u00b7LABORADOR \u00c9S IMPRESCINDIBLE DEMANAR CITA PR\u00c8VIA AL CORREU ELECTR\u00d2NIC DE CADA COORDINADOR.<\/strong><\/p>\n\n\n\n<div style=\"position: relative; width: 100%; height: 0; padding-top: 141.4286%;\n padding-bottom: 48px; box-shadow: 0 2px 8px 0 rgba(63,69,81,0.16); margin-top: 1.6em; margin-bottom: 0.9em; overflow: hidden;\n border-radius: 8px; will-change: transform;\">\n  <iframe loading=\"lazy\" style=\"position: absolute; width: 100%; height: 100%; top: 0; left: 0; border: none; padding: 0;margin: 0;\"\n    src=\"https:&#x2F;&#x2F;www.canva.com&#x2F;design&#x2F;DAFD3bUiHKI&#x2F;view?embed\" allowfullscreen=\"allowfullscreen\" allow=\"fullscreen\">\n  <\/iframe>\n<\/div>\n<a href=\"https:&#x2F;&#x2F;www.canva.com&#x2F;design&#x2F;DAFD3bUiHKI&#x2F;view?utm_content=DAFD3bUiHKI&amp;utm_campaign=designshare&amp;utm_medium=embeds&amp;utm_source=link\" target=\"_blank\" rel=\"noopener\">\n\n\n\n<div style=\"position: relative; width: 100%; height: 0; padding-top: 141.4286%;\n padding-bottom: 0; box-shadow: 0 2px 8px 0 rgba(63,69,81,0.16); margin-top: 1.6em; margin-bottom: 0.9em; overflow: hidden;\n border-radius: 8px; will-change: transform;\">\n  <iframe loading=\"lazy\" style=\"position: absolute; width: 100%; height: 100%; top: 0; left: 0; border: none; padding: 0;margin: 0;\"\n    src=\"https:\/\/www.canva.com\/design\/DAGYIUbvPXM\/6cwuXxUZj8nKnIRYUBz4XQ\/view?embed\" allowfullscreen=\"allowfullscreen\" allow=\"fullscreen\">\n  <\/iframe>\n<\/div>\n<a href=\"https:&#x2F;&#x2F;www.canva.com&#x2F;design&#x2F;DAGYIUbvPXM&#x2F;6cwuXxUZj8nKnIRYUBz4XQ&#x2F;view?utm_content=DAGYIUbvPXM&amp;utm_campaign=designshare&amp;utm_medium=embeds&amp;utm_source=link\" target=\"_blank\" rel=\"noopener\">Copia de bat 2 centres col\u00b7laboradors<\/a> de Mike Rigo Binimelis\n","protected":false},"excerpt":{"rendered":"<p>A la seu de l\u2019IEDIB, situada al carrer de Salv\u00e0, 14, de Palma, es fan tasques de gesti\u00f3 de matr\u00edcula i d\u2019assessorament presencial. A m\u00e9s, l\u2019IEDIB compta amb el suport &#8230;<\/p>\n","protected":false},"author":1,"featured_media":0,"parent":0,"menu_order":0,"comment_status":"closed","ping_status":"closed","template":"","meta":{"footnotes":""},"class_list":["post-1408","page","type-page","status-publish","hentry"],"jetpack_sharing_enabled":true,"jetpack_shortlink":"https:\/\/wp.me\/Pa5Owj-mI","jetpack-related-posts":[{"id":35,"url":"https:\/\/iedib.net\/wordpress\/?page_id=35","url_meta":{"origin":1408,"position":0},"title":"Centres col\u00b7laboradors","author":"wp_admin","date":"5 abril, 2018","format":false,"excerpt":"A la seu de l'IEDIB, situada al carrer de Salv\u00e0, 14, de Palma, es fan tasques de gesti\u00f3 de matr\u00edcula i d'assessorament presencial. A m\u00e9s, l'IEDIB compta amb el suport de centres col\u00b7laboradors repartits per tot el territori de les Illes Balears, on tamb\u00e9 es fan gestions\u00a0de matr\u00edcula i assessorament\u2026","rel":"","context":"Entrada similar","block_context":{"text":"Entrada similar","link":""},"img":{"alt_text":"","src":"","width":0,"height":0},"classes":[]},{"id":1410,"url":"https:\/\/iedib.net\/wordpress\/?page_id=1410","url_meta":{"origin":1408,"position":1},"title":"Centres col\u00b7laboradors d&#8217;FP","author":"wp_admin","date":"19 mar\u00e7, 2019","format":false,"excerpt":"El centre de refer\u00e8ncia per fer gestions de matr\u00edcula i rebre assessorament individualitzat \u00e9s l'IEDIB. A m\u00e9s,\u00a0tamb\u00e9 teniu els centres col\u00b7laboradors repartits per tot el territori de les Illes Balears, on tamb\u00e9 es fan ex\u00e0mens i pr\u00e0ctiques d\u2019FP pels alumnes d'Eivissa i Menorca. FP2 -centres col\u00b7laboradors de IEDIB","rel":"","context":"Entrada similar","block_context":{"text":"Entrada similar","link":""},"img":{"alt_text":"","src":"","width":0,"height":0},"classes":[]},{"id":1031,"url":"https:\/\/iedib.net\/wordpress\/?page_id=1031","url_meta":{"origin":1408,"position":2},"title":"Preguntes freq\u00fcents(FAQs)","author":"wp_admin","date":"28 febrer, 2019","format":false,"excerpt":"Com s'estudia a l'IEDIB? + Els estudis a l\u2019IEDIB tenen una estructura formada per 8 unitats did\u00e0ctiques digitals. Dins pots trobar els apunts en format de llibre digital i les activitats online. Existeixen 3 tipus d\u2019activitats: d\u2019aprenentatge, avaluables i d\u2019ampliaci\u00f3. Les avaluables s\u00f3n les que compten per a la nota,\u2026","rel":"","context":"Entrada similar","block_context":{"text":"Entrada similar","link":""},"img":{"alt_text":"","src":"","width":0,"height":0},"classes":[]},{"id":4981,"url":"https:\/\/iedib.net\/wordpress\/?page_id=4981","url_meta":{"origin":1408,"position":3},"title":"Centres col\u00b7laboradors d&#8217;estudis d&#8217;idiomes a dist\u00e0ncia (EOI-IEDIB)","author":"wp_admin","date":"5 febrer, 2025","format":false,"excerpt":"Els centres col\u00b7laboradors s\u00f3n els centres on es faran els ex\u00e0mens presencials dels nivells de certificaci\u00f3 dels diferents idiomes.","rel":"","context":"Entrada similar","block_context":{"text":"Entrada similar","link":""},"img":{"alt_text":"","src":"https:\/\/i0.wp.com\/iedib.net\/wordpress\/wp-content\/uploads\/2025\/02\/MALLORCA.png?resize=350%2C200&ssl=1","width":350,"height":200,"srcset":"https:\/\/i0.wp.com\/iedib.net\/wordpress\/wp-content\/uploads\/2025\/02\/MALLORCA.png?resize=350%2C200&ssl=1 1x, https:\/\/i0.wp.com\/iedib.net\/wordpress\/wp-content\/uploads\/2025\/02\/MALLORCA.png?resize=525%2C300&ssl=1 1.5x, https:\/\/i0.wp.com\/iedib.net\/wordpress\/wp-content\/uploads\/2025\/02\/MALLORCA.png?resize=700%2C400&ssl=1 2x, https:\/\/i0.wp.com\/iedib.net\/wordpress\/wp-content\/uploads\/2025\/02\/MALLORCA.png?resize=1050%2C600&ssl=1 3x, https:\/\/i0.wp.com\/iedib.net\/wordpress\/wp-content\/uploads\/2025\/02\/MALLORCA.png?resize=1400%2C800&ssl=1 4x"},"classes":[]},{"id":47,"url":"https:\/\/iedib.net\/wordpress\/?page_id=47","url_meta":{"origin":1408,"position":4},"title":"Matr\u00edcula preparaci\u00f3 per a l&#8217;acc\u00e9s a la Universitat per a majors de 25 anys","author":"wp_admin","date":"5 abril, 2018","format":false,"excerpt":"Proc\u00e9s d'admissi\u00f3 i matr\u00edcula pel curs 2025-2026 de l\u20191 al 31 de juliol i de l\u20191 al 19 de setembre. Us aconsellam mirar la seg\u00fcent\u00a0guia de matr\u00edcula\u00a0o el\u00a0seg\u00fcent videotutorial\u00a0per saber com funciona el proc\u00e9s de matr\u00edcula en tres passes. Hi ha dos processos possibles: PROC\u00c9S D'AUTENTICACI\u00d3 AMB CLAU GESTIB O\u2026","rel":"","context":"Entrada similar","block_context":{"text":"Entrada similar","link":""},"img":{"alt_text":"","src":"https:\/\/i0.wp.com\/iedib.net\/wordpress\/wp-content\/uploads\/2019\/06\/batxillerat-3-1.png?resize=350%2C200&ssl=1","width":350,"height":200,"srcset":"https:\/\/i0.wp.com\/iedib.net\/wordpress\/wp-content\/uploads\/2019\/06\/batxillerat-3-1.png?resize=350%2C200&ssl=1 1x, https:\/\/i0.wp.com\/iedib.net\/wordpress\/wp-content\/uploads\/2019\/06\/batxillerat-3-1.png?resize=525%2C300&ssl=1 1.5x, https:\/\/i0.wp.com\/iedib.net\/wordpress\/wp-content\/uploads\/2019\/06\/batxillerat-3-1.png?resize=700%2C400&ssl=1 2x, https:\/\/i0.wp.com\/iedib.net\/wordpress\/wp-content\/uploads\/2019\/06\/batxillerat-3-1.png?resize=1050%2C600&ssl=1 3x"},"classes":[]},{"id":91,"url":"https:\/\/iedib.net\/wordpress\/?page_id=91","url_meta":{"origin":1408,"position":5},"title":"Matr\u00edcula preparaci\u00f3 de selectivitat (PAU)","author":"wp_admin","date":"11 abril, 2018","format":false,"excerpt":"Proc\u00e9s d'admissi\u00f3 i matr\u00edcula pel curs 2025-2026 del 2 al 8 de febrer Us aconsellam mirar la seg\u00fcent guia de matr\u00edcula o el seg\u00fcent videotutorial per saber com funciona el proc\u00e9s de matr\u00edcula en tres passes. Hi ha dos processos possibles: PROC\u00c9S D'AUTENTICACI\u00d3 AMB CLAU GESTIB O SISTEMA CL@VE Aquest\u2026","rel":"","context":"Entrada similar","block_context":{"text":"Entrada similar","link":""},"img":{"alt_text":"","src":"https:\/\/i0.wp.com\/iedib.net\/wordpress\/wp-content\/uploads\/2019\/06\/batxillerat-3-1.png?resize=350%2C200&ssl=1","width":350,"height":200,"srcset":"https:\/\/i0.wp.com\/iedib.net\/wordpress\/wp-content\/uploads\/2019\/06\/batxillerat-3-1.png?resize=350%2C200&ssl=1 1x, https:\/\/i0.wp.com\/iedib.net\/wordpress\/wp-content\/uploads\/2019\/06\/batxillerat-3-1.png?resize=525%2C300&ssl=1 1.5x, https:\/\/i0.wp.com\/iedib.net\/wordpress\/wp-content\/uploads\/2019\/06\/batxillerat-3-1.png?resize=700%2C400&ssl=1 2x, https:\/\/i0.wp.com\/iedib.net\/wordpress\/wp-content\/uploads\/2019\/06\/batxillerat-3-1.png?resize=1050%2C600&ssl=1 3x"},"classes":[]}],"_links":{"self":[{"href":"https:\/\/iedib.net\/wordpress\/index.php?rest_route=\/wp\/v2\/pages\/1408","targetHints":{"allow":["GET"]}}],"collection":[{"href":"https:\/\/iedib.net\/wordpress\/index.php?rest_route=\/wp\/v2\/pages"}],"about":[{"href":"https:\/\/iedib.net\/wordpress\/index.php?rest_route=\/wp\/v2\/types\/page"}],"author":[{"embeddable":true,"href":"https:\/\/iedib.net\/wordpress\/index.php?rest_route=\/wp\/v2\/users\/1"}],"replies":[{"embeddable":true,"href":"https:\/\/iedib.net\/wordpress\/index.php?rest_route=%2Fwp%2Fv2%2Fcomments&post=1408"}],"version-history":[{"count":31,"href":"https:\/\/iedib.net\/wordpress\/index.php?rest_route=\/wp\/v2\/pages\/1408\/revisions"}],"predecessor-version":[{"id":5314,"href":"https:\/\/iedib.net\/wordpress\/index.php?rest_route=\/wp\/v2\/pages\/1408\/revisions\/5314"}],"wp:attachment":[{"href":"https:\/\/iedib.net\/wordpress\/index.php?rest_route=%2Fwp%2Fv2%2Fmedia&parent=1408"}],"curies":[{"name":"wp","href":"https:\/\/api.w.org\/{rel}","templated":true}]}}