{"id":122,"date":"2018-04-29T17:54:22","date_gmt":"2018-04-29T17:54:22","guid":{"rendered":"https:\/\/iedib.wordpress.com\/?page_id=122"},"modified":"2026-02-19T11:18:17","modified_gmt":"2026-02-19T10:18:17","slug":"matricula-cicle-formatiu-grau-mitja-atencio-a-persones-en-situacio-de-dependencia","status":"publish","type":"page","link":"https:\/\/iedib.net\/wordpress\/?page_id=122","title":{"rendered":"Matr\u00edcula de formaci\u00f3 professional"},"content":{"rendered":"<div class=\"wp-block-image\">\n<figure class=\"aligncenter\"><a href=\"https:\/\/iedib.net\/wordpress\/?attachment_id=1697\" rel=\"attachment wp-att-1697\"><img data-recalc-dims=\"1\" loading=\"lazy\" decoding=\"async\" width=\"800\" height=\"200\" data-attachment-id=\"1697\" data-permalink=\"https:\/\/iedib.net\/wordpress\/?attachment_id=1697\" data-orig-file=\"https:\/\/i0.wp.com\/iedib.net\/wordpress\/wp-content\/uploads\/2019\/06\/batxillerat-2-1.png?fit=1200%2C300&amp;ssl=1\" data-orig-size=\"1200,300\" data-comments-opened=\"0\" data-image-meta=\"{&quot;aperture&quot;:&quot;0&quot;,&quot;credit&quot;:&quot;&quot;,&quot;camera&quot;:&quot;&quot;,&quot;caption&quot;:&quot;&quot;,&quot;created_timestamp&quot;:&quot;0&quot;,&quot;copyright&quot;:&quot;&quot;,&quot;focal_length&quot;:&quot;0&quot;,&quot;iso&quot;:&quot;0&quot;,&quot;shutter_speed&quot;:&quot;0&quot;,&quot;title&quot;:&quot;&quot;,&quot;orientation&quot;:&quot;0&quot;}\" data-image-title=\"batxillerat (2)\" data-image-description=\"\" data-image-caption=\"\" data-large-file=\"https:\/\/i0.wp.com\/iedib.net\/wordpress\/wp-content\/uploads\/2019\/06\/batxillerat-2-1.png?fit=800%2C200&amp;ssl=1\" src=\"https:\/\/i0.wp.com\/iedib.net\/wordpress\/wp-content\/uploads\/2019\/06\/batxillerat-2-1.png?resize=800%2C200&#038;ssl=1\" alt=\"\" class=\"wp-image-1697\" srcset=\"https:\/\/i0.wp.com\/iedib.net\/wordpress\/wp-content\/uploads\/2019\/06\/batxillerat-2-1.png?w=1200&amp;ssl=1 1200w, https:\/\/i0.wp.com\/iedib.net\/wordpress\/wp-content\/uploads\/2019\/06\/batxillerat-2-1.png?resize=300%2C75&amp;ssl=1 300w, https:\/\/i0.wp.com\/iedib.net\/wordpress\/wp-content\/uploads\/2019\/06\/batxillerat-2-1.png?resize=768%2C192&amp;ssl=1 768w, https:\/\/i0.wp.com\/iedib.net\/wordpress\/wp-content\/uploads\/2019\/06\/batxillerat-2-1.png?resize=1024%2C256&amp;ssl=1 1024w\" sizes=\"auto, (max-width: 800px) 100vw, 800px\" \/><\/a><\/figure>\n<\/div>\n\n\n<p><\/p>\n\n\n\n<p class=\"has-text-align-left\">La preinscripci\u00f3 i matr\u00edcula dels cicles d&#8217;FP es far\u00e0 tenint en compte els terminis publicats a la web de la Direcci\u00f3 General d&#8217;FP que regula tot el proc\u00e9s de la matr\u00edcula als cicles formatius d&#8217;FP a dist\u00e0ncia. A continuaci\u00f3 teniu un resum del calendari de tot el proc\u00e9s i un <a href=\"https:\/\/youtu.be\/Hiq-wv6V3Ls?si=37kEXX9SiWgz5W_W\" target=\"_blank\" rel=\"noreferrer noopener\">videotutorial<\/a> que resumeix tot el proc\u00e9s.<\/p>\n\n\n\n<div class=\"wp-block-c4l-attention c4l-attention\"><div class=\"c4l-attention-content\"><p>Durant el curs 25-26 s&#8217;implantar\u00e0 un nou sistema a FP, pots obtenir m\u00e9s informaci\u00f3 consultant <a href=\"https:\/\/iedib.net\/wordpress\/?page_id=4464\" target=\"_blank\" rel=\"noreferrer noopener\">aquesta p\u00e0gina<\/a><\/p><\/div><\/div>\n\n\n\n<h3 class=\"wp-block-heading\">Calendari 25-26<\/h3>\n\n\n\n<div class=\"wp-block-columns is-layout-flex wp-container-core-columns-is-layout-9d6595d7 wp-block-columns-is-layout-flex\">\n<div class=\"wp-block-column is-layout-flow wp-block-column-is-layout-flow\" style=\"flex-basis:100%\">\n<div class=\"wp-block-columns is-layout-flex wp-container-core-columns-is-layout-9d6595d7 wp-block-columns-is-layout-flex\">\n<div class=\"wp-block-column is-layout-flow wp-block-column-is-layout-flow\" style=\"flex-basis:100%\">\n<div class=\"wp-block-group\"><div class=\"wp-block-group__inner-container is-layout-constrained wp-block-group-is-layout-constrained\">\n<figure class=\"wp-block-table is-style-stripes\">\n<table>\n<tbody>\n<tr>\n<td><b>Proc\u00e9s<\/b><\/td>\n<td><b>Termini<\/b><\/td>\n<\/tr>\n<tr>\n<td><b>FASE A (Preinscripci\u00f3): <\/b>hi ha dos processos possibles, presencial o telem\u00e0tic.\n<p><strong>\u2014 Proc\u00e9s presencial<\/strong><\/p>\n<p>Enregistrar telem\u00e0ticament la sol\u00b7licitud i presentar el justificant signat presencialment. S\u2019haur\u00e0 d\u2019aportar documentaci\u00f3 presencialment als casos concretats a la mateixa sol\u00b7licitud i sempre que no s\u2019hagi adjuntat a la sol\u00b7licitud telem\u00e0tica.<\/p>\n<p><a href=\"https:\/\/www.caib.es\/sistrafront\/sistrafront\/protected\/init.do?language=ca&amp;modelo=EC0024SOAMA&amp;version=1&amp;codiProces=65&amp;cursAcademic=2025\" target=\"_blank\" rel=\"noreferrer noopener\">Sol\u00b7licitud de cicles grau mitj\u00e0<\/a><br \/><a href=\"https:\/\/www.caib.es\/sistrafront\/sistrafront\/protected\/init.do?language=ca&amp;modelo=EC0024SOAMA&amp;version=1&amp;codiProces=64&amp;cursAcademic=2025\" target=\"_blank\" rel=\"noreferrer noopener\">Sol\u00b7licitud de cicles grau superior<\/a><br \/><a href=\"https:\/\/www.caib.es\/sistrafront\/sistrafront\/protected\/init.do?language=ca&amp;modelo=EC0024SOAMA&amp;version=1&amp;codiProces=165&amp;cursAcademic=2025\" target=\"_blank\" rel=\"noreferrer noopener\">Sol\u00b7licitud per mat\u00e8ries optatives transversals (catal\u00e0 o alemany) de cicles de grau mitj\u00e0<br \/><\/a><a href=\"https:\/\/www.caib.es\/sistrafront\/sistrafront\/protected\/init.do?language=ca&amp;modelo=EC0024SOAMA&amp;version=1&amp;codiProces=164&amp;cursAcademic=2025\" target=\"_blank\" rel=\"noreferrer noopener\">Sol\u00b7licitud per mat\u00e8ries optatives transversals (catal\u00e0 o alemany) de cicles de grau superior<br \/><\/a><\/p>\n<p><a href=\"https:\/\/docs.google.com\/presentation\/d\/1NSmhKWo9ym1hhmd8TW9WV1ToItRDf-LcMJEr4isk11I\/edit?usp=sharing\" target=\"_blank\" rel=\"noopener noreferrer\">Guia de preinscripci\u00f3 presencial<\/a><\/p>\n<p><strong style=\"font-size: revert; font-family: inherit; background-color: transparent;\">\u2014 Proc\u00e9s telem\u00e0tic (requereix clau GestIB o sistema <a href=\"https:\/\/clave.gob.es\/clave\" target=\"_blank\" rel=\"noopener\">Cl@ve<\/a>): <\/strong><span style=\"font-size: revert; font-family: inherit; font-weight: inherit; background-color: transparent;\">Enregistrar telem\u00e0ticament la sol\u00b7licitud. <\/span>S\u2019haur\u00e0 d\u2019aportar documentaci\u00f3 presencialment als casos concretats a la mateixa sol\u00b7licitud i sempre que no s\u2019hagi adjuntat a la sol\u00b7licitud telem\u00e0tica.<\/p>\n<p><a href=\"https:\/\/www.caib.es\/sistrafront\/sistrafront\/protected\/init.do?language=ca&amp;modelo=EC0024SOAMR&amp;version=1&amp;codiProces=65&amp;cursAcademic=2025\" target=\"_blank\" rel=\"noreferrer noopener\">Sol\u00b7licitud de cicles grau mitj\u00e0<\/a><br \/><a href=\"https:\/\/www.caib.es\/sistrafront\/sistrafront\/protected\/init.do?language=ca&amp;modelo=EC0024SOAMR&amp;version=1&amp;codiProces=64&amp;cursAcademic=2025\" target=\"_blank\" rel=\"noreferrer noopener\">Sol\u00b7licitud de cicles grau superior<br \/><\/a><a href=\"https:\/\/www.caib.es\/sistrafront\/sistrafront\/protected\/init.do?language=ca&amp;modelo=EC0024SOAMR&amp;version=1&amp;codiProces=165&amp;cursAcademic=2025\" target=\"_blank\" rel=\"noreferrer noopener\">Sol\u00b7licitud per mat\u00e8ries optatives transversals (catal\u00e0 o alemany) de cicles de grau mitj\u00e0<br \/><\/a><a href=\"https:\/\/www.caib.es\/sistrafront\/sistrafront\/protected\/init.do?language=ca&amp;modelo=EC0024SOAMR&amp;version=1&amp;codiProces=164&amp;cursAcademic=2025\" target=\"_blank\" rel=\"noreferrer noopener\">Sol\u00b7licitud per mat\u00e8ries optatives transversals (catal\u00e0 o alemany) de cicles de grau superior<br \/><\/a><br \/><a href=\"https:\/\/docs.google.com\/presentation\/d\/1pJ-kFb9R0iLnVWSOxgspSjzAoT6aErghsoWy7AccYNI\/edit?usp=sharing\" target=\"_blank\" rel=\"noreferrer noopener\">Guia de preinscripci\u00f3 telem\u00e0tica<\/a><\/p>\n<\/td>\n<td>Del 29 d&#8217;agost al 12 de setembre.<\/td>\n<\/tr>\n<tr>\n<td><a href=\"https:\/\/iedib.net\/wordpress\/?p=3429\" target=\"_blank\" rel=\"noreferrer noopener\">Publicaci\u00f3 de llistes provisionals d&#8217;alumnes amb prioritat d&#8217;elecci\u00f3<\/a><\/td>\n<td>8 de setembre<\/td>\n<\/tr>\n<tr>\n<td><a href=\"https:\/\/iedib.net\/wordpress\/?p=2508\" target=\"_blank\" rel=\"noreferrer noopener\">Publicaci\u00f3 de llistes definitives d&#8217;alumnes amb prioritat d&#8217;elecci\u00f3<\/a><\/td>\n<td>13 de setembre<\/td>\n<\/tr>\n<tr>\n<td><strong><a href=\"https:\/\/iedib.net\/wordpress\/?p=2523\" target=\"_blank\" rel=\"noreferrer noopener\">Publicacions de llistes provisionals de persones admeses<\/a><\/strong><\/td>\n<td>18 de setembre<\/td>\n<\/tr>\n<tr>\n<td><a href=\"https:\/\/iedib.net\/wordpress\/?p=2523\">Per\u00edode de reclamacions.<\/a><\/td>\n<td>18 al 22 de<br \/>setembre<\/td>\n<\/tr>\n<tr>\n<td><a href=\"https:\/\/iedib.net\/wordpress\/?p=5456\" target=\"_blank\" rel=\"noopener\"><strong>Publicaci\u00f3 de llistes definitives de persones admeses <\/strong><\/a>\n<p><a href=\"https:\/\/iedib.net\/wordpress\/?page_id=1778\">Publicaci\u00f3 calendaris de pr\u00e0ctiques presencials obligat\u00f2ries per cicles <\/a><\/p>\n<p>(Pendent d&#8217;actualitzar al curs 25-26)<\/p>\n<\/td>\n<td>29 de setembre<\/td>\n<\/tr>\n<tr>\n<td><strong>FASE B (Matr\u00edcula): Pagament<\/strong> i proc\u00e9s telem\u00e0tic de<strong> confirmaci\u00f3 <\/strong>dels m\u00f2duls admesos.\n<p><a href=\"https:\/\/youtu.be\/xp04ydxpPdQ\" target=\"_blank\" rel=\"noopener\">Videotutorial de com fer la matr\u00edcula<\/a><\/p>\n<\/td>\n<td>Del 29 de setembre a l&#8217;1 d&#8217;octubre<\/td>\n<\/tr>\n<tr>\n<td>\n<p><a href=\"https:\/\/view.genial.ly\/6509463b1f4518001104ff4e\" target=\"_blank\" rel=\"noreferrer noopener\">Presentaci\u00f3 telem\u00e0tica<\/a> per videoconfer\u00e8ncia. (CFGM Emerg\u00e8ncies i CFGM d&#8217;atenci\u00f3 a la depend\u00e8ncia)<br \/><a href=\"https:\/\/meet.google.com\/ufj-azzc-imt\" target=\"_blank\" rel=\"noreferrer noopener\">https:\/\/meet.google.com\/ufj-azzc-imt<\/a><\/p>\n<p>Presentaci\u00f3 telem\u00e0tica per videoconfer\u00e8ncia del CFGS d&#8217;integraci\u00f3 social<\/p>\n<p><a href=\"https:\/\/meet.google.com\/vkp-zmex-uju\" target=\"_blank\" rel=\"noopener\">https:\/\/meet.google.com\/vkp-zmex-uju<\/a><\/p>\n<\/td>\n<td>2 d&#8217;octubre, a les 18.00\u202fh<\/td>\n<\/tr>\n<tr>\n<td>Presentaci\u00f3 telem\u00e0tica per videoconfer\u00e8ncia. (inform\u00e0tica grau mitj\u00e0, superior i Animacions 3D)<br \/><a href=\"https:\/\/meet.google.com\/cfg-pbws-igy\" target=\"_blank\" rel=\"noreferrer noopener\">https:\/\/meet.google.com\/cfg-pbws-igy<\/a><\/td>\n<td>2 d\u2019octubre, a les 18.00\u202fh<\/td>\n<\/tr>\n<tr>\n<td><a href=\"https:\/\/view.genial.ly\/651c35c3256f3c00116a10c2\" target=\"_blank\" rel=\"noreferrer noopener\">Presentaci\u00f3 telem\u00e0tica<\/a> per videoconfer\u00e8ncia (edificacions i electricitat)<br \/><a href=\"https:\/\/meet.google.com\/pia-suya-yiu\" target=\"_blank\" rel=\"noreferrer noopener\">https:\/\/meet.google.com\/pia-suya-yiu<\/a><\/td>\n<td>2 d\u2019octubre, a les 18.00\u202fh<\/td>\n<\/tr>\n<tr>\n<td>Comen\u00e7ament del curs i enviament de contrasenyes de l&#8217;aula virtual<\/td>\n<td>6 d&#8217;octubre<\/td>\n<\/tr>\n<tr>\n<td>Adjudicaci\u00f3 i matr\u00edcula de les places que restin vacants<\/td>\n<td>Fins dia 31 d&#8217;octubre<\/td>\n<\/tr>\n<\/tbody>\n<\/table>\n<\/figure>\n<\/div><\/div>\n<\/div>\n<\/div>\n\n\n\n<p><strong>PROCEDIMENT PER FER LA PREINSCRIPCI\u00d3 (Fase A)<\/strong><\/p>\n<\/div>\n<\/div>\n\n\n\n<p class=\"has-text-align-left\"><strong>Enregistrar la sol\u00b7licitud digital<\/strong> i presentar tota la <strong>documentaci\u00f3<\/strong> requerida en cas que sigui necessari.<\/p>\n\n\n\n<p class=\"has-text-align-left\">Abans d&#8217;enregistrar la sol\u00b7licitud <strong>comprova tots els requisits d\u2019acc\u00e9s i assessora\u2019t b\u00e9 de les mat\u00e8ries de les quals et vulguis matricular.<\/strong>&nbsp;Tens tota la informaci\u00f3 sobre formaci\u00f3 professional a la secci\u00f3&nbsp;<a href=\"https:\/\/iedib.net\/wordpress\/?page_id=1339\" target=\"_blank\" rel=\"noreferrer noopener\">Formaci\u00f3 Professional<\/a>. Tamb\u00e9 pots demanar informaci\u00f3 a l\u2019IEDIB per correu (<a href=\"mailto:info@iedib.net\" target=\"_blank\" rel=\"noreferrer noopener\">info@iedib.net<\/a>), tel\u00e8fon (971170650) o presencialment. L\u2019assessorament presencial o telef\u00f2nic es pot fer de 9.00 a 14.00\u202fh, i de dilluns a dimecres de 14.00 a 20.00 h (excepte juliol)<\/p>\n\n\n\n<p class=\"has-text-align-left\">L\u2019acc\u00e9s a la sol\u00b7licitud ser\u00e0 publicada en aquesta web en el moment corresponent. En aquesta sol\u00b7licitud s\u2019hauran d\u2019enregistrar les dades personals i fer una preselecci\u00f3 d\u2019estudis i m\u00f2duls. Hi ha dues modalitats per fer la preinscripci\u00f3:<\/p>\n\n\n\n<ul class=\"wp-block-list\">\n<li><strong>Proc\u00e9s presencial<\/strong>, en el que s\u2019ha de presentar el justificant de la sol\u00b7licitud signat a la Secretaria de l\u2019IEDIB (Palma), de 9.00 a 14.00\u202fh, i de dilluns a dimecres de 14.00 a 20.00 h (excepte juliol), pels alumnes que resideixen a Mallorca, o les respectives Delegacions Territorials d\u2019Educaci\u00f3 de Menorca o Eivissa en el cas dels alumnes de les altres illes.<\/li>\n<\/ul>\n\n\n\n<ul class=\"wp-block-list\">\n<li><strong>Proc\u00e9s telem\u00e0tic<\/strong>, el qual requereix tenir la contrasenya del Gestib o estar donat d\u2019alta al sistema <a href=\"https:\/\/clave.gob.es\/clave_Home\/clave.html\">Cl@ve<\/a>.<\/li>\n<\/ul>\n\n\n\n<p><\/p>\n\n\n\n<p><strong>Documentaci\u00f3 que s\u2019ha d\u2019adjuntar a la sol\u00b7licitud o presentar al centre:<\/strong><\/p>\n\n\n\n<ul class=\"wp-block-list\">\n<li>Justificant impr\u00e8s en paper de la sol\u00b7licitud telem\u00e0tica en cas de fer el proc\u00e9s presencial<\/li>\n\n\n\n<li>Fotoc\u00f2pia Document oficial d\u2019identificaci\u00f3 (DNI o NIE)&nbsp;<\/li>\n\n\n\n<li>Documentaci\u00f3 que acrediti tenir els requisits per accedir al cicle. No ser\u00e0 necessari si es pot comprovar autom\u00e0ticament. (De forma autom\u00e0tica es comprovar\u00e0, sempre que sigui possible, les titulacions d\u2019ESO, Batxiller, Grau Mitj\u00e0, Grau superior, Proves d\u2019acc\u00e9s a FP obtingudes a les Illes Balears en un centre p\u00fablic o concertat a partir del curs 2000\/01, o posterior al curs 2017\/18 en el cas de les proves d\u2019acc\u00e9s).<\/li>\n<\/ul>\n\n\n\n<p>Una vegada revisada la documentaci\u00f3 a l\u2019IEDIB, es validar\u00e0 la sol\u00b7licitud si la documentaci\u00f3 aportada \u00e9s correcta.<\/p>\n\n\n\n<p><\/p>\n\n\n\n<p><strong>PROCEDIMENT PER FER LA MATR\u00cdCULA EN CAS DE TENIR PLA\u00c7A (Fase B)<\/strong><\/p>\n\n\n\n<p><strong>Pagament i confirmaci\u00f3 telem\u00e0tica<\/strong> de la matr\u00edcula dels m\u00f2duls admesos.<\/p>\n\n\n\n<p>Una vegada publicada la llista definitiva d\u2019admesos a l\u2019apartat de novetats de la web de l\u2019IEDIB els alumnes admesos rebran un enlla\u00e7 al correu electr\u00f2nic a trav\u00e9s del qual podran entrar en una p\u00e0gina on s\u2019ha de confirmar la matr\u00edcula dels m\u00f2duls en els quals estan admesos. Tamb\u00e9 s\u2019adjuntar\u00e0 el justificant de pagament. No heu de fer el pagament fins que no es publiqui la llista definitiva d\u2019admesos.<\/p>\n\n\n\n<p>Per fer el pagament s\u00f3n necess\u00e0ries les seg\u00fcents dades:<\/p>\n\n\n\n<ol class=\"wp-block-list\">\n<li>N\u00famero de compte (IBAN): <strong>ES03 2100 0472 0102 0043 2806<\/strong><\/li>\n\n\n\n<li>La quantitat a ingressar \u00e9s (aportaci\u00f3 volunt\u00e0ria): \n<ul class=\"wp-block-list\">\n<li>1 mat\u00e8ria (10 euros)<\/li>\n\n\n\n<li>2 o m\u00e9s mat\u00e8ries (20 euros)<\/li>\n<\/ul>\n<\/li>\n\n\n\n<li>Concepte: Nom i llinatges + CFGM o CFGS segons sigui Cicle Formatiu de Grau Mitj\u00e0 o Grau Superior.<\/li>\n<\/ol>\n\n\n\n<p>En cas de tenir <strong>reducci\u00f3 o l\u2019exempci\u00f3 de taxes<\/strong> de l&#8217;aportaci\u00f3 per activitats escolars s\u2019ha de consultar el seg\u00fcent document i aportar la documentaci\u00f3 requerida:<a href=\"https:\/\/docs.google.com\/document\/d\/1GZZiK_L4PyXUQuIKrVoy5Bcrxhqw_Ng1jfxSuCamDFE\/edit?usp=sharing\">&nbsp;BONIFICACIONS<\/a><\/p>\n","protected":false},"excerpt":{"rendered":"<p>La preinscripci\u00f3 i matr\u00edcula dels cicles d&#8217;FP es far\u00e0 tenint en compte els terminis publicats a la web de la Direcci\u00f3 General d&#8217;FP que regula tot el proc\u00e9s de la &#8230;<\/p>\n","protected":false},"author":1,"featured_media":0,"parent":0,"menu_order":0,"comment_status":"closed","ping_status":"closed","template":"","meta":{"jetpack_post_was_ever_published":false,"footnotes":""},"class_list":["post-122","page","type-page","status-publish","hentry"],"jetpack_sharing_enabled":false,"jetpack_shortlink":"https:\/\/wp.me\/Pa5Owj-1Y","jetpack-related-posts":[{"id":3234,"url":"https:\/\/iedib.net\/wordpress\/?page_id=3234","url_meta":{"origin":122,"position":0},"title":"Matr\u00edcula curs d&#8217;especialitzaci\u00f3 en intel\u00b7lig\u00e8ncia artificial i dades massives","author":"wp_admin","date":"13 maig, 2022","format":false,"excerpt":"La preinscripci\u00f3 i matr\u00edcula del curs d'especialitzaci\u00f3 es far\u00e0 tenint en compte els terminis publicats a la\u00a0web\u00a0de la direcci\u00f3 general d\u2019FP que regula tot el proc\u00e9s de la matr\u00edcula. A continuaci\u00f3 teniu un resum del calendari de tot el proc\u00e9s. Calendari curs 25-26 Proc\u00e9sTerminiPas 1 (Presentaci\u00f3 de sol\u00b7licituds):\u00a0hi ha dos\u2026","rel":"","context":"Entrada similar","block_context":{"text":"Entrada similar","link":""},"img":{"alt_text":"","src":"https:\/\/i0.wp.com\/iedib.net\/wordpress\/wp-content\/uploads\/2022\/06\/Informatica-1-1.png?resize=350%2C200&ssl=1","width":350,"height":200,"srcset":"https:\/\/i0.wp.com\/iedib.net\/wordpress\/wp-content\/uploads\/2022\/06\/Informatica-1-1.png?resize=350%2C200&ssl=1 1x, https:\/\/i0.wp.com\/iedib.net\/wordpress\/wp-content\/uploads\/2022\/06\/Informatica-1-1.png?resize=525%2C300&ssl=1 1.5x, https:\/\/i0.wp.com\/iedib.net\/wordpress\/wp-content\/uploads\/2022\/06\/Informatica-1-1.png?resize=700%2C400&ssl=1 2x"},"classes":[]},{"id":2025,"url":"https:\/\/iedib.net\/wordpress\/?page_id=2025","url_meta":{"origin":122,"position":1},"title":"Matr\u00edcula FP fora de termini","author":"wp_admin","date":"9 octubre, 2019","format":false,"excerpt":"A partir de dia 9 d\u2019octubre i fins el 16 d'octubre, mitjan\u00e7ant trucada telef\u00f2nica\/mail es comen\u00e7aran a adjudicar places de FP vacants per als ensenyaments a dist\u00e0ncia fora de termini. En primer terme s'oferiran les vacants als sol\u00b7licitants que han apareixen a la llista d'admesos per ordre de baremaci\u00f3 seguint\u2026","rel":"","context":"Entrada similar","block_context":{"text":"Entrada similar","link":""},"img":{"alt_text":"","src":"https:\/\/i0.wp.com\/iedib.net\/wordpress\/wp-content\/uploads\/2019\/09\/batxillerat.png?resize=350%2C200&ssl=1","width":350,"height":200,"srcset":"https:\/\/i0.wp.com\/iedib.net\/wordpress\/wp-content\/uploads\/2019\/09\/batxillerat.png?resize=350%2C200&ssl=1 1x, https:\/\/i0.wp.com\/iedib.net\/wordpress\/wp-content\/uploads\/2019\/09\/batxillerat.png?resize=525%2C300&ssl=1 1.5x, https:\/\/i0.wp.com\/iedib.net\/wordpress\/wp-content\/uploads\/2019\/09\/batxillerat.png?resize=700%2C400&ssl=1 2x, https:\/\/i0.wp.com\/iedib.net\/wordpress\/wp-content\/uploads\/2019\/09\/batxillerat.png?resize=1050%2C600&ssl=1 3x"},"classes":[]},{"id":1339,"url":"https:\/\/iedib.net\/wordpress\/?page_id=1339","url_meta":{"origin":122,"position":2},"title":"Formaci\u00f3 professional","author":"wp_admin","date":"12 mar\u00e7, 2019","format":false,"excerpt":"Estudis d'FP que s'imparteixen a l'IEDIB CFGM d'atenci\u00f3 a persones en situaci\u00f3 de depend\u00e8ncia CFGM\u00a0d\u2019instal\u00b7lacions el\u00e8ctriques i autom\u00e0tiques CFGM d'emerg\u00e8ncies sanit\u00e0ries CFGM de sistemes microinform\u00e0tics i xarxes CFGS d'administraci\u00f3 de sistemes inform\u00e0tics en xarxa CFGS Projectes d'edificacions CFGS Animacions 3D, jocs i entorns interactius CFGS d'integraci\u00f3 social Requisits d'acc\u00e9s Requisits\u2026","rel":"","context":"Entrada similar","block_context":{"text":"Entrada similar","link":""},"img":{"alt_text":"","src":"https:\/\/i0.wp.com\/iedib.net\/wordpress\/wp-content\/uploads\/2019\/06\/batxillerat-3.png?resize=350%2C200&ssl=1","width":350,"height":200,"srcset":"https:\/\/i0.wp.com\/iedib.net\/wordpress\/wp-content\/uploads\/2019\/06\/batxillerat-3.png?resize=350%2C200&ssl=1 1x, https:\/\/i0.wp.com\/iedib.net\/wordpress\/wp-content\/uploads\/2019\/06\/batxillerat-3.png?resize=525%2C300&ssl=1 1.5x, https:\/\/i0.wp.com\/iedib.net\/wordpress\/wp-content\/uploads\/2019\/06\/batxillerat-3.png?resize=700%2C400&ssl=1 2x, https:\/\/i0.wp.com\/iedib.net\/wordpress\/wp-content\/uploads\/2019\/06\/batxillerat-3.png?resize=1050%2C600&ssl=1 3x"},"classes":[]},{"id":91,"url":"https:\/\/iedib.net\/wordpress\/?page_id=91","url_meta":{"origin":122,"position":3},"title":"Matr\u00edcula preparaci\u00f3 de selectivitat (PAU)","author":"wp_admin","date":"11 abril, 2018","format":false,"excerpt":"Proc\u00e9s d'admissi\u00f3 i matr\u00edcula pel curs 2025-2026 del 2 al 8 de febrer Us aconsellam mirar la seg\u00fcent guia de matr\u00edcula o el seg\u00fcent videotutorial per saber com funciona el proc\u00e9s de matr\u00edcula en tres passes. Hi ha dos processos possibles: PROC\u00c9S D'AUTENTICACI\u00d3 AMB CLAU GESTIB O SISTEMA CL@VE Aquest\u2026","rel":"","context":"Entrada similar","block_context":{"text":"Entrada similar","link":""},"img":{"alt_text":"","src":"https:\/\/i0.wp.com\/iedib.net\/wordpress\/wp-content\/uploads\/2019\/06\/batxillerat-3-1.png?resize=350%2C200&ssl=1","width":350,"height":200,"srcset":"https:\/\/i0.wp.com\/iedib.net\/wordpress\/wp-content\/uploads\/2019\/06\/batxillerat-3-1.png?resize=350%2C200&ssl=1 1x, https:\/\/i0.wp.com\/iedib.net\/wordpress\/wp-content\/uploads\/2019\/06\/batxillerat-3-1.png?resize=525%2C300&ssl=1 1.5x, https:\/\/i0.wp.com\/iedib.net\/wordpress\/wp-content\/uploads\/2019\/06\/batxillerat-3-1.png?resize=700%2C400&ssl=1 2x, https:\/\/i0.wp.com\/iedib.net\/wordpress\/wp-content\/uploads\/2019\/06\/batxillerat-3-1.png?resize=1050%2C600&ssl=1 3x"},"classes":[]},{"id":1410,"url":"https:\/\/iedib.net\/wordpress\/?page_id=1410","url_meta":{"origin":122,"position":4},"title":"Centres col\u00b7laboradors d&#8217;FP","author":"wp_admin","date":"19 mar\u00e7, 2019","format":false,"excerpt":"El centre de refer\u00e8ncia per fer gestions de matr\u00edcula i rebre assessorament individualitzat \u00e9s l'IEDIB. A m\u00e9s,\u00a0tamb\u00e9 teniu els centres col\u00b7laboradors repartits per tot el territori de les Illes Balears, on tamb\u00e9 es fan ex\u00e0mens i pr\u00e0ctiques d\u2019FP pels alumnes d'Eivissa i Menorca. FP2 -centres col\u00b7laboradors de IEDIB","rel":"","context":"Entrada similar","block_context":{"text":"Entrada similar","link":""},"img":{"alt_text":"","src":"","width":0,"height":0},"classes":[]},{"id":47,"url":"https:\/\/iedib.net\/wordpress\/?page_id=47","url_meta":{"origin":122,"position":5},"title":"Matr\u00edcula preparaci\u00f3 per a l&#8217;acc\u00e9s a la Universitat per a majors de 25 anys","author":"wp_admin","date":"5 abril, 2018","format":false,"excerpt":"Proc\u00e9s d'admissi\u00f3 i matr\u00edcula pel curs 2025-2026 de l\u20191 al 31 de juliol i de l\u20191 al 19 de setembre. Us aconsellam mirar la seg\u00fcent\u00a0guia de matr\u00edcula\u00a0o el\u00a0seg\u00fcent videotutorial\u00a0per saber com funciona el proc\u00e9s de matr\u00edcula en tres passes. Hi ha dos processos possibles: PROC\u00c9S D'AUTENTICACI\u00d3 AMB CLAU GESTIB O\u2026","rel":"","context":"Entrada similar","block_context":{"text":"Entrada similar","link":""},"img":{"alt_text":"","src":"https:\/\/i0.wp.com\/iedib.net\/wordpress\/wp-content\/uploads\/2019\/06\/batxillerat-3-1.png?resize=350%2C200&ssl=1","width":350,"height":200,"srcset":"https:\/\/i0.wp.com\/iedib.net\/wordpress\/wp-content\/uploads\/2019\/06\/batxillerat-3-1.png?resize=350%2C200&ssl=1 1x, https:\/\/i0.wp.com\/iedib.net\/wordpress\/wp-content\/uploads\/2019\/06\/batxillerat-3-1.png?resize=525%2C300&ssl=1 1.5x, https:\/\/i0.wp.com\/iedib.net\/wordpress\/wp-content\/uploads\/2019\/06\/batxillerat-3-1.png?resize=700%2C400&ssl=1 2x, https:\/\/i0.wp.com\/iedib.net\/wordpress\/wp-content\/uploads\/2019\/06\/batxillerat-3-1.png?resize=1050%2C600&ssl=1 3x"},"classes":[]}],"_links":{"self":[{"href":"https:\/\/iedib.net\/wordpress\/index.php?rest_route=\/wp\/v2\/pages\/122","targetHints":{"allow":["GET"]}}],"collection":[{"href":"https:\/\/iedib.net\/wordpress\/index.php?rest_route=\/wp\/v2\/pages"}],"about":[{"href":"https:\/\/iedib.net\/wordpress\/index.php?rest_route=\/wp\/v2\/types\/page"}],"author":[{"embeddable":true,"href":"https:\/\/iedib.net\/wordpress\/index.php?rest_route=\/wp\/v2\/users\/1"}],"replies":[{"embeddable":true,"href":"https:\/\/iedib.net\/wordpress\/index.php?rest_route=%2Fwp%2Fv2%2Fcomments&post=122"}],"version-history":[{"count":189,"href":"https:\/\/iedib.net\/wordpress\/index.php?rest_route=\/wp\/v2\/pages\/122\/revisions"}],"predecessor-version":[{"id":5852,"href":"https:\/\/iedib.net\/wordpress\/index.php?rest_route=\/wp\/v2\/pages\/122\/revisions\/5852"}],"wp:attachment":[{"href":"https:\/\/iedib.net\/wordpress\/index.php?rest_route=%2Fwp%2Fv2%2Fmedia&parent=122"}],"curies":[{"name":"wp","href":"https:\/\/api.w.org\/{rel}","templated":true}]}}