{"id":119,"date":"2018-04-29T17:51:43","date_gmt":"2018-04-29T17:51:43","guid":{"rendered":"https:\/\/iedib.wordpress.com\/?page_id=119"},"modified":"2026-04-01T18:00:42","modified_gmt":"2026-04-01T16:00:42","slug":"cicle-formatiu-grau-mitja-atencio-a-persones-en-situacio-de-dependencia","status":"publish","type":"page","link":"https:\/\/iedib.net\/wordpress\/?page_id=119","title":{"rendered":"CFGM atenci\u00f3 a persones en situaci\u00f3 de depend\u00e8ncia"},"content":{"rendered":"<div class=\"wp-block-image\">\n<figure class=\"aligncenter size-full\"><img data-recalc-dims=\"1\" loading=\"lazy\" decoding=\"async\" width=\"800\" height=\"120\" data-attachment-id=\"3247\" data-permalink=\"https:\/\/iedib.net\/wordpress\/?attachment_id=3247\" data-orig-file=\"https:\/\/i0.wp.com\/iedib.net\/wordpress\/wp-content\/uploads\/2022\/05\/GM-Atencio%CC%81.png?fit=1000%2C150&amp;ssl=1\" data-orig-size=\"1000,150\" data-comments-opened=\"0\" data-image-meta=\"{&quot;aperture&quot;:&quot;0&quot;,&quot;credit&quot;:&quot;&quot;,&quot;camera&quot;:&quot;&quot;,&quot;caption&quot;:&quot;&quot;,&quot;created_timestamp&quot;:&quot;0&quot;,&quot;copyright&quot;:&quot;&quot;,&quot;focal_length&quot;:&quot;0&quot;,&quot;iso&quot;:&quot;0&quot;,&quot;shutter_speed&quot;:&quot;0&quot;,&quot;title&quot;:&quot;&quot;,&quot;orientation&quot;:&quot;0&quot;}\" data-image-title=\"GM-Atencio\u0301\" data-image-description=\"\" data-image-caption=\"\" data-large-file=\"https:\/\/i0.wp.com\/iedib.net\/wordpress\/wp-content\/uploads\/2022\/05\/GM-Atencio%CC%81.png?fit=800%2C120&amp;ssl=1\" src=\"https:\/\/i0.wp.com\/iedib.net\/wordpress\/wp-content\/uploads\/2022\/05\/GM-Atencio%CC%81.png?resize=800%2C120&#038;ssl=1\" alt=\"\" class=\"wp-image-3247\" srcset=\"https:\/\/i0.wp.com\/iedib.net\/wordpress\/wp-content\/uploads\/2022\/05\/GM-Atencio%CC%81.png?w=1000&amp;ssl=1 1000w, https:\/\/i0.wp.com\/iedib.net\/wordpress\/wp-content\/uploads\/2022\/05\/GM-Atencio%CC%81.png?resize=300%2C45&amp;ssl=1 300w, https:\/\/i0.wp.com\/iedib.net\/wordpress\/wp-content\/uploads\/2022\/05\/GM-Atencio%CC%81.png?resize=150%2C23&amp;ssl=1 150w, https:\/\/i0.wp.com\/iedib.net\/wordpress\/wp-content\/uploads\/2022\/05\/GM-Atencio%CC%81.png?resize=768%2C115&amp;ssl=1 768w\" sizes=\"auto, (max-width: 800px) 100vw, 800px\" \/><\/figure>\n<\/div>\n\n\n<p class=\"has-text-align-center\"><strong>Fam\u00edlia professional: Serveis socioculturals i a la comunitat (SSC)<\/strong><\/p>\n\n\n\n<h2 class=\"wp-block-heading has-text-align-center\"><strong>T\u00edtol que s\u2019obt\u00e9: T\u00e8cnic en Atenci\u00f3 a persones en situaci\u00f3 de depend\u00e8ncia (SSC21)<\/strong> <\/h2>\n\n\n\n<hr class=\"wp-block-separator has-alpha-channel-opacity\"\/>\n\n\n\n<h3 class=\"wp-block-heading\">Funcionament dels m\u00f2duls<\/h3>\n\n\n\n<p>A la cap\u00e7alera de l\u2019aula virtual trobam l\u2019apartat funcionament del m\u00f2dul on s\u2019explica com funciona cada m\u00f2dul. Tamb\u00e9, s\u2019hi troba tot el material per poder seguir el curs, els recursos en format digital (no hi ha llibres de text, ja que tot est\u00e0 a l\u2019aula virtual) i les activitats en l\u00ednia. Hi ha un sol examen presencial al final de cada m\u00f2dul, que val entre el 40-45% de la nota final. Les activitats en l\u00ednia i, les pr\u00e0ctiques presencials obligat\u00f2ries que hi ha en alguns m\u00f2duls, representen entre el 55-60% de la nota. Per aprovar el m\u00f2dul s&#8217;han d&#8217;obtenir una nota m\u00ednima de 5 de cada una de les parts.<\/p>\n\n\n\n<hr class=\"wp-block-separator has-alpha-channel-opacity\"\/>\n\n\n\n<h3 class=\"wp-block-heading\">Oferta formativa 2025-26<\/h3>\n\n\n\n<div style=\"max-width: 750px; margin: 2rem auto; font-family: Arial, sans-serif; color: #333;\">\n\n  <!-- Introducci\u00f3 -->\n  <div style=\"margin-bottom: 1rem; padding: 0.9rem 1rem; background: #f5f7fa; border-left: 4px solid #1d4f91; border-radius: 6px;\">\n    <h3 style=\"margin: 0 0 0.4rem 0; color: #1d4f91; font-size: 1.25rem;\">Itinerari formatiu<\/h3>\n    <p style=\"margin: 0; font-size: 0.95rem;\">\n      Els m\u00f2duls s\u2019organitzen per curs. Els colors indiquen si s\u00f3n anuals o quadrimestrals.\n    <\/p>\n\n    <div style=\"margin-top: 0.7rem; display: flex; gap: 0.4rem; flex-wrap: wrap;\">\n      <span style=\"padding: 0.25rem 0.6rem; border-radius: 999px; background: #e8f1fb; color: #1d4f91; font-weight: 600; font-size: 0.82rem;\">ANUAL<\/span>\n      <span style=\"padding: 0.25rem 0.6rem; border-radius: 999px; background: #fff4db; color: #9a6700; font-weight: 600; font-size: 0.82rem;\">1r quadrimestre<\/span>\n      <span style=\"padding: 0.25rem 0.6rem; border-radius: 999px; background: #e8f7e8; color: #256c2f; font-weight: 600; font-size: 0.82rem;\">2n quadrimestre<\/span>\n    <\/div>\n  <\/div>\n\n  <!-- Taula -->\n  <div style=\"overflow-x: auto; border: 1px solid #d9e1ea; border-radius: 6px; box-shadow: 0 2px 6px rgba(0,0,0,0.05); background: #fff;\">\n    <table style=\"width: 100%; border-collapse: collapse; font-size: 0.9rem;\">\n\n      <thead>\n        <tr style=\"background: #1d4f91; color: #fff;\">\n          <th style=\"padding: 0.7rem; text-align: left; border: 1px solid #d9e1ea;\">M\u00f2dul<\/th>\n          <th style=\"padding: 0.7rem; text-align: center; border: 1px solid #d9e1ea;\">Hores<\/th>\n          <th style=\"padding: 0.7rem; text-align: center; border: 1px solid #d9e1ea;\">Setmanals<\/th>\n          <th style=\"padding: 0.7rem; text-align: center; border: 1px solid #d9e1ea;\">Tipus<\/th>\n          <th style=\"padding: 0.7rem; text-align: left; border: 1px solid #d9e1ea;\">Observacions<\/th>\n        <\/tr>\n      <\/thead>\n\n      <tbody>\n\n        <!-- 1r curs -->\n        <tr>\n          <td colspan=\"5\" style=\"padding: 0.75rem 1rem; background: #ffffff; color: #1d4f91; font-weight: 700; border: 1px solid #d9e1ea; text-align:center;\">\n            &#8211; 1r curs &#8211;\n          <\/td>\n        <\/tr>\n\n        <tr style=\"background:#edf5fd;\">\n          <td style=\"padding:0.65rem;\"><strong>0210<\/strong> Organitzaci\u00f3 de l\u2019atenci\u00f3 a les persones en situaci\u00f3 de depend\u00e8ncia<\/td>\n          <td style=\"text-align:center;\">100 h<\/td>\n          <td style=\"text-align:center;\">3 h<\/td>\n          <td style=\"text-align:center;\"><span style=\"background:#e8f1fb; padding:0.2rem 0.5rem; border-radius:999px; font-size:0.8rem;\">ANUAL<\/span><\/td>\n          <td><\/td>\n        <\/tr>\n\n        <tr style=\"background:#edf5fd;\">\n          <td style=\"padding:0.65rem;\"><strong>0212<\/strong> Caracter\u00edstiques i necessitats de les persones en situaci\u00f3 de depend\u00e8ncia<\/td>\n          <td style=\"text-align:center;\">130 h<\/td>\n          <td style=\"text-align:center;\">4 h<\/td>\n          <td style=\"text-align:center;\"><span style=\"background:#e8f1fb; padding:0.2rem 0.5rem; border-radius:999px; font-size:0.8rem;\">ANUAL<\/span><\/td>\n          <td><\/td>\n        <\/tr>\n\n        <tr style=\"background:#edf5fd;\">\n          <td style=\"padding:0.65rem;\"><strong>0213<\/strong> Atenci\u00f3 i suport psicosocial<\/td>\n          <td style=\"text-align:center;\">230 h<\/td>\n          <td style=\"text-align:center;\">7 h<\/td>\n          <td style=\"text-align:center;\"><span style=\"background:#e8f1fb; padding:0.2rem 0.5rem; border-radius:999px; font-size:0.8rem;\">ANUAL<\/span><\/td>\n          <td><\/td>\n        <\/tr>\n\n        <tr style=\"background:#edf5fd;\">\n          <td style=\"padding:0.65rem;\"><strong>0215<\/strong> Suport domiciliari<\/td>\n          <td style=\"text-align:center;\">230 h<\/td>\n          <td style=\"text-align:center;\">7 h<\/td>\n          <td style=\"text-align:center;\"><span style=\"background:#e8f1fb; padding:0.2rem 0.5rem; border-radius:999px; font-size:0.8rem;\">ANUAL<\/span><\/td>\n          <td>35 h de pr\u00e0ctiques<\/td>\n        <\/tr>\n\n        <tr style=\"background:#edf5fd;\">\n          <td style=\"padding:0.65rem;\"><strong>0217<\/strong> Atenci\u00f3 higi\u00e8nica<\/td>\n          <td style=\"text-align:center;\">100 h<\/td>\n          <td style=\"text-align:center;\">3 h<\/td>\n          <td style=\"text-align:center;\"><span style=\"background:#e8f1fb; padding:0.2rem 0.5rem; border-radius:999px; font-size:0.8rem;\">ANUAL<\/span><\/td>\n          <td>10 h de pr\u00e0ctiques<\/td>\n        <\/tr>\n\n        <tr style=\"background:#fffaf0;\">\n          <td style=\"padding:0.65rem;\"><strong>1709<\/strong> Itinerari personal per a l&#8217;ocupabilitat I<\/td>\n          <td style=\"text-align:center;\">90 h<\/td>\n          <td style=\"text-align:center;\">3 h<\/td>\n          <td style=\"text-align:center;\"><span style=\"background:#fff4db; padding:0.2rem 0.5rem; border-radius:999px; font-size:0.8rem;\">1Q<\/span><\/td>\n          <td>Convalidable amb FOL<\/td>\n        <\/tr>\n\n        <tr style=\"background:#f1fbf1;\">\n          <td style=\"padding:0.65rem;\"><strong>0020<\/strong> Primers auxilis<\/td>\n          <td style=\"text-align:center;\">70 h<\/td>\n          <td style=\"text-align:center;\">4 h<\/td>\n          <td style=\"text-align:center;\"><span style=\"background:#e8f7e8; padding:0.2rem 0.5rem; border-radius:999px; font-size:0.8rem;\">2Q<\/span><\/td>\n          <td>9 h de pr\u00e0ctiques<\/td>\n        <\/tr>\n\n        <tr style=\"background:#f1fbf1;\">\n          <td style=\"padding:0.65rem;\"><strong>1664<\/strong> Digitalitzaci\u00f3<\/td>\n          <td style=\"text-align:center;\">30 h<\/td>\n          <td style=\"text-align:center;\">1 h<\/td>\n          <td style=\"text-align:center;\"><span style=\"background:#e8f7e8; padding:0.2rem 0.5rem; border-radius:999px; font-size:0.8rem;\">2Q<\/span><\/td>\n          <td><\/td>\n        <\/tr>\n\n        <!-- 2n curs -->\n        <tr>\n          <td colspan=\"5\" style=\"padding: 0.75rem 1rem; background: #ffffff; color: #1d4f91; font-weight: 700; border: 1px solid #d9e1ea; text-align:center;\">\n            &#8211; 2n curs &#8211;\n          <\/td>\n        <\/tr>\n\n        <tr style=\"background:#edf5fd;\">\n          <td style=\"padding:0.65rem;\"><strong>0211<\/strong> Destreses socials<\/td>\n          <td style=\"text-align:center;\">170 h<\/td>\n          <td style=\"text-align:center;\">5 h<\/td>\n          <td style=\"text-align:center;\"><span style=\"background:#e8f1fb; padding:0.2rem 0.5rem; border-radius:999px; font-size:0.8rem;\">ANUAL<\/span><\/td>\n          <td><\/td>\n        <\/tr>\n\n        <tr style=\"background:#edf5fd;\">\n          <td style=\"padding:0.65rem;\"><strong>0214<\/strong> Suport a la comunicaci\u00f3<\/td>\n          <td style=\"text-align:center;\">130 h<\/td>\n          <td style=\"text-align:center;\">4 h<\/td>\n          <td style=\"text-align:center;\"><span style=\"background:#e8f1fb; padding:0.2rem 0.5rem; border-radius:999px; font-size:0.8rem;\">ANUAL<\/span><\/td>\n          <td>15 h de pr\u00e0ctiques<\/td>\n        <\/tr>\n\n        <tr style=\"background:#edf5fd;\">\n          <td style=\"padding:0.65rem;\"><strong>0216<\/strong> Atenci\u00f3 sanit\u00e0ria<\/td>\n          <td style=\"text-align:center;\">280 h<\/td>\n          <td style=\"text-align:center;\">8 h<\/td>\n          <td style=\"text-align:center;\"><span style=\"background:#e8f1fb; padding:0.2rem 0.5rem; border-radius:999px; font-size:0.8rem;\">ANUAL<\/span><\/td>\n          <td>30 h de pr\u00e0ctiques<br>Es recomana haver superat\u00a0abans el m\u00f2dul Atenci\u00f3 higi\u00e8nica<\/td>\n        <\/tr>\n\n        <tr style=\"background:#fffaf0;\">\n          <td style=\"padding:0.65rem;\"><strong>0831<\/strong> Teleassist\u00e8ncia<\/td>\n          <td style=\"text-align:center;\">100 h<\/td>\n          <td style=\"text-align:center;\">6 h<\/td>\n          <td style=\"text-align:center;\"><span style=\"background:#fff4db; padding:0.2rem 0.5rem; border-radius:999px; font-size:0.8rem;\">1Q<\/span><\/td>\n          <td>10 h de pr\u00e0ctiques<\/td>\n        <\/tr>\n\n        <tr style=\"background:#fffaf0;\">\n          <td style=\"padding:0.65rem;\"><strong>1708<\/strong> Sostenibilitat<\/td>\n          <td style=\"text-align:center;\">30 h<\/td>\n          <td style=\"text-align:center;\">1 h<\/td>\n          <td style=\"text-align:center;\"><span style=\"background:#fff4db; padding:0.2rem 0.5rem; border-radius:999px; font-size:0.8rem;\">1Q<\/span><\/td>\n          <td><\/td>\n        <\/tr>\n\n        <tr style=\"background:#fffaf0;\">\n          <td style=\"padding:0.65rem;\"><strong>0156<\/strong> Angl\u00e8s professional<\/td>\n          <td style=\"text-align:center;\">120 h<\/td>\n          <td style=\"text-align:center;\">7 h<\/td>\n          <td style=\"text-align:center;\"><span style=\"background:#fff4db; padding:0.2rem 0.5rem; border-radius:999px; font-size:0.8rem;\">1Q<\/span><\/td>\n          <td><\/td>\n        <\/tr>\n\n        <tr style=\"background:#fffaf0;\">\n          <td style=\"padding:0.65rem;\"><strong>Optatiu<\/strong><br>Promoci\u00f3 del benestar \/ Catal\u00e0 b\u00e0sic \/ Catal\u00e0 intermedi \/ Alemany<\/td>\n          <td style=\"text-align:center;\">80 h<\/td>\n          <td style=\"text-align:center;\">4 h<\/td>\n          <td style=\"text-align:center;\"><span style=\"background:#fff4db; padding:0.2rem 0.5rem; border-radius:999px; font-size:0.8rem;\">1Q<\/span><\/td>\n          <td><\/td>\n        <\/tr>\n\n        <tr style=\"background:#f1fbf1;\">\n          <td style=\"padding:0.65rem;\"><strong>1710<\/strong> Itinerari personal per a l\u2019ocupabilitat II<\/td>\n          <td style=\"text-align:center;\">60 h<\/td>\n          <td style=\"text-align:center;\">3 h<\/td>\n          <td style=\"text-align:center;\"><span style=\"background:#e8f7e8; padding:0.2rem 0.5rem; border-radius:999px; font-size:0.8rem;\">2Q<\/span><\/td>\n          <td>Convalidable amb Empresa i iniciativa emprenadora<\/td>\n        <\/tr>\n\n        <tr style=\"background:#f1fbf1;\">\n          <td style=\"padding:0.65rem;\"><strong>1713<\/strong> Projecte intermodular<\/td>\n          <td style=\"text-align:center;\">50 h<\/td>\n          <td style=\"text-align:center;\">3 h<\/td>\n          <td style=\"text-align:center;\"><span style=\"background:#e8f7e8; padding:0.2rem 0.5rem; border-radius:999px; font-size:0.8rem;\">2Q<\/span><\/td>\n          <td>Requisit: haver superat 900 h<\/td>\n        <\/tr>\n\n        <!-- 3r curs -->\n        <tr>\n          <td colspan=\"5\" style=\"padding: 0.75rem 1rem; background: #ffffff; color: #1d4f91; font-weight: 700; border: 1px solid #d9e1ea; text-align:center;\">\n            &#8211; 3r curs &#8211;\n          <\/td>\n        <\/tr>\n\n        <tr>\n          <td style=\"padding:0.65rem;\">FEMPO<\/td>\n          <td style=\"text-align:center;\">500 h<\/td>\n          <td style=\"text-align:center;\">\u2014<\/td>\n          <td style=\"text-align:center;\"><span style=\"background:#eee; padding:0.2rem 0.5rem; border-radius:999px; font-size:0.8rem;\">Presencial<\/span><\/td>\n          <td>Requisit: haver superat la resta de m\u00f2duls<\/td>\n        <\/tr>\n\n      <\/tbody>\n    <\/table>\n  <\/div>\n\n<\/div>\n\n\n\n<ul class=\"wp-block-list\">\n<li>Les pr\u00e0ctiques presencials obligat\u00f2ries es faran al CIFP Son Llebre (Palma),&nbsp;IES Algarb (Eivissa) i a l&#8217;IES Cap de Llevant (Menorca).<\/li>\n<\/ul>\n\n\n\n<hr class=\"wp-block-separator has-alpha-channel-opacity\"\/>\n\n\n\n<p><strong>De qu\u00e8 treballar\u00e0s?<\/strong><\/p>\n\n\n\n<ul class=\"wp-block-list\">\n<li>Cuidador\/a de persones en situaci\u00f3 de depend\u00e8ncia a institucions i\/o domicili.<\/li>\n\n\n\n<li>Governant i subgovernant de persones en situaci\u00f3 de depend\u00e8ncia a institucions.<\/li>\n\n\n\n<li>Auxiliar responsable de planta en les institucions residencials.<\/li>\n\n\n\n<li>Auxiliar d\u2019ajuda a domicili.<\/li>\n\n\n\n<li>Assistent d\u2019atenci\u00f3 domicili\u00e0ria i\/o treballador\/a familiar.<\/li>\n\n\n\n<li>Auxiliar d\u2019educaci\u00f3 especial.<\/li>\n\n\n\n<li>Assistent personal.<\/li>\n\n\n\n<li>Teleoperador\/a de teleassist\u00e8ncia.<\/li>\n<\/ul>\n\n\n\n<p><strong>On treballar\u00e0s?<\/strong>\n&nbsp;\nAmb aquest t\u00edtol pots exercir la teva activitat professional en el sector de serveis a les persones: assistencials, psicosocials i de suport a la gesti\u00f3 dom\u00e8stica.\n<\/p>\n\n\n\n<p><strong>Acc\u00e9s a estudis posteriors i altres formacions professionals:<\/strong><\/p>\n\n\n\n<ul class=\"wp-block-list\">\n<li>Un altre cicle formatiu d&#8217;FP de grau mitj\u00e0 o de grau superior amb la possibilitat d\u2019establir convalidacions de m\u00f2duls d\u2019acord amb la normativa vigent.<\/li>\n\n\n\n<li>El batxillerat en qualsevol de les seves modalitats.<\/li>\n\n\n\n<li>Certificats de professionalitat de nivell 1, 2 i 3.<\/li>\n<\/ul>\n","protected":false},"excerpt":{"rendered":"<p>Fam\u00edlia professional: Serveis socioculturals i a la comunitat (SSC) T\u00edtol que s\u2019obt\u00e9: T\u00e8cnic en Atenci\u00f3 a persones en situaci\u00f3 de depend\u00e8ncia (SSC21) Funcionament dels m\u00f2duls A la cap\u00e7alera de l\u2019aula &#8230;<\/p>\n","protected":false},"author":1,"featured_media":0,"parent":0,"menu_order":0,"comment_status":"closed","ping_status":"closed","template":"","meta":{"jetpack_post_was_ever_published":false,"footnotes":""},"class_list":["post-119","page","type-page","status-publish","hentry"],"jetpack_sharing_enabled":false,"jetpack_shortlink":"https:\/\/wp.me\/Pa5Owj-1V","jetpack-related-posts":[{"id":4996,"url":"https:\/\/iedib.net\/wordpress\/?page_id=4996","url_meta":{"origin":119,"position":0},"title":"CFGS d&#8217;integraci\u00f3 social (SSC33)","author":"wp_admin","date":"22 abril, 2025","format":false,"excerpt":"Funcionament dels m\u00f2duls A la cap\u00e7alera de l\u2019aula virtual trobem l\u2019apartat funcionament del m\u00f2dul on s\u2019explica com funciona cada m\u00f2dul. Tamb\u00e9, s\u2019hi troba tot el material per poder seguir el curs, els recursos en format digital (no hi ha llibres de text, ja que tot est\u00e0 a l\u2019aula virtual) i\u2026","rel":"","context":"Entrada similar","block_context":{"text":"Entrada similar","link":""},"img":{"alt_text":"","src":"https:\/\/i0.wp.com\/iedib.net\/wordpress\/wp-content\/uploads\/2025\/04\/unnamed.png?resize=350%2C200&ssl=1","width":350,"height":200,"srcset":"https:\/\/i0.wp.com\/iedib.net\/wordpress\/wp-content\/uploads\/2025\/04\/unnamed.png?resize=350%2C200&ssl=1 1x, https:\/\/i0.wp.com\/iedib.net\/wordpress\/wp-content\/uploads\/2025\/04\/unnamed.png?resize=525%2C300&ssl=1 1.5x, https:\/\/i0.wp.com\/iedib.net\/wordpress\/wp-content\/uploads\/2025\/04\/unnamed.png?resize=700%2C400&ssl=1 2x, https:\/\/i0.wp.com\/iedib.net\/wordpress\/wp-content\/uploads\/2025\/04\/unnamed.png?resize=1050%2C600&ssl=1 3x"},"classes":[]},{"id":1353,"url":"https:\/\/iedib.net\/wordpress\/?page_id=1353","url_meta":{"origin":119,"position":1},"title":"CFGM d&#8217;emerg\u00e8ncies sanit\u00e0ries (SAN21)","author":"wp_admin","date":"13 mar\u00e7, 2019","format":false,"excerpt":"Funcionament dels m\u00f2dulsA la cap\u00e7alera de l\u2019aula virtual trobam l\u2019apartat funcionament del m\u00f2dul on s\u2019explica com funciona cada m\u00f2dul. Tamb\u00e9, s\u2019hi troba tot el material per poder seguir el curs, els recursos en format digital (no hi ha llibres de text, ja que tot est\u00e0 a l\u2019aula virtual) i les\u2026","rel":"","context":"Entrada similar","block_context":{"text":"Entrada similar","link":""},"img":{"alt_text":"","src":"https:\/\/i0.wp.com\/iedib.net\/wordpress\/wp-content\/uploads\/2022\/05\/Copia-de-GM-emerge%CC%80ncies-1.png?resize=350%2C200&ssl=1","width":350,"height":200,"srcset":"https:\/\/i0.wp.com\/iedib.net\/wordpress\/wp-content\/uploads\/2022\/05\/Copia-de-GM-emerge%CC%80ncies-1.png?resize=350%2C200&ssl=1 1x, https:\/\/i0.wp.com\/iedib.net\/wordpress\/wp-content\/uploads\/2022\/05\/Copia-de-GM-emerge%CC%80ncies-1.png?resize=525%2C300&ssl=1 1.5x, https:\/\/i0.wp.com\/iedib.net\/wordpress\/wp-content\/uploads\/2022\/05\/Copia-de-GM-emerge%CC%80ncies-1.png?resize=700%2C400&ssl=1 2x"},"classes":[]},{"id":1339,"url":"https:\/\/iedib.net\/wordpress\/?page_id=1339","url_meta":{"origin":119,"position":2},"title":"Formaci\u00f3 professional","author":"wp_admin","date":"12 mar\u00e7, 2019","format":false,"excerpt":"Estudis d'FP que s'imparteixen a l'IEDIB CFGM d'atenci\u00f3 a persones en situaci\u00f3 de depend\u00e8ncia CFGM\u00a0d\u2019instal\u00b7lacions el\u00e8ctriques i autom\u00e0tiques CFGM d'emerg\u00e8ncies sanit\u00e0ries CFGM de sistemes microinform\u00e0tics i xarxes CFGS d'administraci\u00f3 de sistemes inform\u00e0tics en xarxa CFGS Projectes d'edificacions CFGS Animacions 3D, jocs i entorns interactius CFGS d'integraci\u00f3 social Requisits d'acc\u00e9s Requisits\u2026","rel":"","context":"Entrada similar","block_context":{"text":"Entrada similar","link":""},"img":{"alt_text":"","src":"https:\/\/i0.wp.com\/iedib.net\/wordpress\/wp-content\/uploads\/2019\/06\/batxillerat-3.png?resize=350%2C200&ssl=1","width":350,"height":200,"srcset":"https:\/\/i0.wp.com\/iedib.net\/wordpress\/wp-content\/uploads\/2019\/06\/batxillerat-3.png?resize=350%2C200&ssl=1 1x, https:\/\/i0.wp.com\/iedib.net\/wordpress\/wp-content\/uploads\/2019\/06\/batxillerat-3.png?resize=525%2C300&ssl=1 1.5x, https:\/\/i0.wp.com\/iedib.net\/wordpress\/wp-content\/uploads\/2019\/06\/batxillerat-3.png?resize=700%2C400&ssl=1 2x, https:\/\/i0.wp.com\/iedib.net\/wordpress\/wp-content\/uploads\/2019\/06\/batxillerat-3.png?resize=1050%2C600&ssl=1 3x"},"classes":[]},{"id":1778,"url":"https:\/\/iedib.net\/wordpress\/?page_id=1778","url_meta":{"origin":119,"position":3},"title":"Calendaris de pr\u00e0ctiques obligat\u00f2ries per cicles i m\u00f2duls","author":"wp_admin","date":"12 juliol, 2019","format":false,"excerpt":"Recordau que l'assist\u00e8ncia a les pr\u00e0ctiques \u00e9s obligat\u00f2ria, essent necessari assistir, com a m\u00ednim, a un 75% de les activitats formatives. L'avaluaci\u00f3 positiva de les pr\u00e0ctiques \u00e9s un requisit per poder superar el m\u00f2dul corresponent. Llista de cicles formatius i m\u00f2duls amb pr\u00e0ctiques: CFGM d\u2019atenci\u00f3 a persones en situaci\u00f3 de\u2026","rel":"","context":"Entrada similar","block_context":{"text":"Entrada similar","link":""},"img":{"alt_text":"","src":"","width":0,"height":0},"classes":[]},{"id":3230,"url":"https:\/\/iedib.net\/wordpress\/?page_id=3230","url_meta":{"origin":119,"position":4},"title":"CFGS Projectes d&#8217;edificacions","author":"wp_admin","date":"12 maig, 2022","format":false,"excerpt":"Fam\u00edlia professional: Edificaci\u00f3 i obra civil T\u00edtol que s\u2019obt\u00e9: Projectes d'edificaci\u00f3 (EOC31) Funcionament dels m\u00f2duls A la cap\u00e7alera de l\u2019aula virtual trobem l\u2019apartat funcionament del m\u00f2dul on s\u2019explica com funciona cada m\u00f2dul. Tamb\u00e9, s\u2019hi troba tot el material per poder seguir el curs, els recursos en format digital (no hi\u2026","rel":"","context":"Entrada similar","block_context":{"text":"Entrada similar","link":""},"img":{"alt_text":"","src":"https:\/\/i0.wp.com\/iedib.net\/wordpress\/wp-content\/uploads\/2022\/05\/GMS-edificacions.png?resize=350%2C200&ssl=1","width":350,"height":200,"srcset":"https:\/\/i0.wp.com\/iedib.net\/wordpress\/wp-content\/uploads\/2022\/05\/GMS-edificacions.png?resize=350%2C200&ssl=1 1x, https:\/\/i0.wp.com\/iedib.net\/wordpress\/wp-content\/uploads\/2022\/05\/GMS-edificacions.png?resize=525%2C300&ssl=1 1.5x, https:\/\/i0.wp.com\/iedib.net\/wordpress\/wp-content\/uploads\/2022\/05\/GMS-edificacions.png?resize=700%2C400&ssl=1 2x"},"classes":[]},{"id":3232,"url":"https:\/\/iedib.net\/wordpress\/?page_id=3232","url_meta":{"origin":119,"position":5},"title":"Curs d&#8217;especialitzaci\u00f3 en intel\u00b7lig\u00e8ncia artificial i dades massives","author":"wp_admin","date":"13 maig, 2022","format":false,"excerpt":"Funcionament dels m\u00f2duls A la cap\u00e7alera de l\u2019aula virtual trobam l\u2019apartat funcionament del m\u00f2dul on s\u2019explica com funciona cada m\u00f2dul. Tamb\u00e9, s\u2019hi troba tot el material per poder seguir el curs, els recursos en format digital (no hi ha llibres de text, ja que tot est\u00e0 a l\u2019aula virtual) i\u2026","rel":"","context":"Entrada similar","block_context":{"text":"Entrada similar","link":""},"img":{"alt_text":"","src":"https:\/\/i0.wp.com\/iedib.net\/wordpress\/wp-content\/uploads\/2022\/05\/BID-DATA.png?resize=350%2C200&ssl=1","width":350,"height":200,"srcset":"https:\/\/i0.wp.com\/iedib.net\/wordpress\/wp-content\/uploads\/2022\/05\/BID-DATA.png?resize=350%2C200&ssl=1 1x, https:\/\/i0.wp.com\/iedib.net\/wordpress\/wp-content\/uploads\/2022\/05\/BID-DATA.png?resize=525%2C300&ssl=1 1.5x, https:\/\/i0.wp.com\/iedib.net\/wordpress\/wp-content\/uploads\/2022\/05\/BID-DATA.png?resize=700%2C400&ssl=1 2x"},"classes":[]}],"_links":{"self":[{"href":"https:\/\/iedib.net\/wordpress\/index.php?rest_route=\/wp\/v2\/pages\/119","targetHints":{"allow":["GET"]}}],"collection":[{"href":"https:\/\/iedib.net\/wordpress\/index.php?rest_route=\/wp\/v2\/pages"}],"about":[{"href":"https:\/\/iedib.net\/wordpress\/index.php?rest_route=\/wp\/v2\/types\/page"}],"author":[{"embeddable":true,"href":"https:\/\/iedib.net\/wordpress\/index.php?rest_route=\/wp\/v2\/users\/1"}],"replies":[{"embeddable":true,"href":"https:\/\/iedib.net\/wordpress\/index.php?rest_route=%2Fwp%2Fv2%2Fcomments&post=119"}],"version-history":[{"count":61,"href":"https:\/\/iedib.net\/wordpress\/index.php?rest_route=\/wp\/v2\/pages\/119\/revisions"}],"predecessor-version":[{"id":5915,"href":"https:\/\/iedib.net\/wordpress\/index.php?rest_route=\/wp\/v2\/pages\/119\/revisions\/5915"}],"wp:attachment":[{"href":"https:\/\/iedib.net\/wordpress\/index.php?rest_route=%2Fwp%2Fv2%2Fmedia&parent=119"}],"curies":[{"name":"wp","href":"https:\/\/api.w.org\/{rel}","templated":true}]}}