{"id":110,"date":"2018-04-12T17:39:08","date_gmt":"2018-04-12T17:39:08","guid":{"rendered":"https:\/\/iedib.wordpress.com\/?page_id=110"},"modified":"2018-07-30T08:45:58","modified_gmt":"2018-07-30T08:45:58","slug":"estudis","status":"publish","type":"page","link":"https:\/\/iedib.net\/wordpress\/?page_id=110","title":{"rendered":"Estudis"},"content":{"rendered":"<h2 style=\"text-align:center;\">Clica al desplegable del men\u00fa estudis per obtenir la informaci\u00f3 que necessites<\/h2>\n<p><img data-recalc-dims=\"1\" loading=\"lazy\" decoding=\"async\" data-attachment-id=\"258\" data-permalink=\"https:\/\/iedib.net\/wordpress\/?attachment_id=258\" data-orig-file=\"https:\/\/i0.wp.com\/iedib.net\/wordpress\/wp-content\/uploads\/2018\/06\/thought-2123970_1280.jpg?fit=1280%2C889&amp;ssl=1\" data-orig-size=\"1280,889\" data-comments-opened=\"0\" data-image-meta=\"{&quot;aperture&quot;:&quot;2.8&quot;,&quot;credit&quot;:&quot;&quot;,&quot;camera&quot;:&quot;ILCE-5000&quot;,&quot;caption&quot;:&quot;&quot;,&quot;created_timestamp&quot;:&quot;0&quot;,&quot;copyright&quot;:&quot;&quot;,&quot;focal_length&quot;:&quot;50&quot;,&quot;iso&quot;:&quot;100&quot;,&quot;shutter_speed&quot;:&quot;0.02&quot;,&quot;title&quot;:&quot;&quot;,&quot;orientation&quot;:&quot;0&quot;}\" data-image-title=\"thought-2123970_1280\" data-image-description=\"\" data-image-caption=\"\" data-large-file=\"https:\/\/i0.wp.com\/iedib.net\/wordpress\/wp-content\/uploads\/2018\/06\/thought-2123970_1280.jpg?fit=800%2C555&amp;ssl=1\" class=\"alignnone size-full wp-image-258\" src=\"https:\/\/i0.wp.com\/iedib.net\/wordpress\/wp-content\/uploads\/2018\/06\/thought-2123970_1280.jpg?resize=800%2C556&#038;ssl=1\" alt=\"thought-2123970_1280.jpg\" width=\"800\" height=\"556\" srcset=\"https:\/\/i0.wp.com\/iedib.net\/wordpress\/wp-content\/uploads\/2018\/06\/thought-2123970_1280.jpg?w=1280&amp;ssl=1 1280w, https:\/\/i0.wp.com\/iedib.net\/wordpress\/wp-content\/uploads\/2018\/06\/thought-2123970_1280.jpg?resize=300%2C208&amp;ssl=1 300w, https:\/\/i0.wp.com\/iedib.net\/wordpress\/wp-content\/uploads\/2018\/06\/thought-2123970_1280.jpg?resize=768%2C533&amp;ssl=1 768w, https:\/\/i0.wp.com\/iedib.net\/wordpress\/wp-content\/uploads\/2018\/06\/thought-2123970_1280.jpg?resize=1024%2C711&amp;ssl=1 1024w, https:\/\/i0.wp.com\/iedib.net\/wordpress\/wp-content\/uploads\/2018\/06\/thought-2123970_1280.jpg?resize=676%2C470&amp;ssl=1 676w\" sizes=\"auto, (max-width: 800px) 100vw, 800px\" \/><\/p>\n<p style=\"text-align:center;\">font: pixabay. Llic\u00e8ncia oberta Creative Commons<\/p>\n","protected":false},"excerpt":{"rendered":"<p>Clica al desplegable del men\u00fa estudis per obtenir la informaci\u00f3 que necessites font: pixabay. Llic\u00e8ncia oberta Creative Commons<\/p>\n","protected":false},"author":1,"featured_media":0,"parent":0,"menu_order":0,"comment_status":"closed","ping_status":"closed","template":"","meta":{"footnotes":""},"class_list":["post-110","page","type-page","status-publish","hentry"],"jetpack_sharing_enabled":false,"jetpack_shortlink":"https:\/\/wp.me\/Pa5Owj-1M","jetpack-related-posts":[{"id":1031,"url":"https:\/\/iedib.net\/wordpress\/?page_id=1031","url_meta":{"origin":110,"position":0},"title":"Preguntes freq\u00fcents(FAQs)","author":"wp_admin","date":"28 febrer, 2019","format":false,"excerpt":"Com s'estudia a l'IEDIB? + Els estudis a l\u2019IEDIB tenen una estructura formada per 8 unitats did\u00e0ctiques digitals. Dins pots trobar els apunts en format de llibre digital i les activitats online. Existeixen 3 tipus d\u2019activitats: d\u2019aprenentatge, avaluables i d\u2019ampliaci\u00f3. Les avaluables s\u00f3n les que compten per a la nota,\u2026","rel":"","context":"Entrada similar","block_context":{"text":"Entrada similar","link":""},"img":{"alt_text":"","src":"","width":0,"height":0},"classes":[]},{"id":36,"url":"https:\/\/iedib.net\/wordpress\/?page_id=36","url_meta":{"origin":110,"position":1},"title":"Matr\u00edcula batxillerat","author":"wp_admin","date":"5 abril, 2018","format":false,"excerpt":"Proc\u00e9s d'admissi\u00f3 i matr\u00edcula pel curs 2025-2026 de l'1 al 31 de juliol i de l'1 al 19 de setembre. Us aconsellam mirar la seg\u00fcent guia de matr\u00edcula o el seg\u00fcent videotutorial per saber com funciona el proc\u00e9s de matr\u00edcula en tres passes. Hi ha dos processos possibles: PROC\u00c9S D'AUTENTICACI\u00d3\u2026","rel":"","context":"Entrada similar","block_context":{"text":"Entrada similar","link":""},"img":{"alt_text":"","src":"https:\/\/i0.wp.com\/iedib.net\/wordpress\/wp-content\/uploads\/2019\/06\/batxillerat-7.png?resize=350%2C200&ssl=1","width":350,"height":200,"srcset":"https:\/\/i0.wp.com\/iedib.net\/wordpress\/wp-content\/uploads\/2019\/06\/batxillerat-7.png?resize=350%2C200&ssl=1 1x, https:\/\/i0.wp.com\/iedib.net\/wordpress\/wp-content\/uploads\/2019\/06\/batxillerat-7.png?resize=525%2C300&ssl=1 1.5x, https:\/\/i0.wp.com\/iedib.net\/wordpress\/wp-content\/uploads\/2019\/06\/batxillerat-7.png?resize=700%2C400&ssl=1 2x, https:\/\/i0.wp.com\/iedib.net\/wordpress\/wp-content\/uploads\/2019\/06\/batxillerat-7.png?resize=1050%2C600&ssl=1 3x"},"classes":[]},{"id":1327,"url":"https:\/\/iedib.net\/wordpress\/?page_id=1327","url_meta":{"origin":110,"position":2},"title":"EOI-IEDIB  (idiomes a dist\u00e0ncia)","author":"wp_admin","date":"28 mar\u00e7, 2019","format":false,"excerpt":"EOI-IEDIB \u00e9s l\u2019oferta educativa en l\u00ednia de les Escoles Oficials d\u2019Idiomes. RESUM INFORMATIU DELS ESTUDIS D'IDIOMES EN L\u00cdNIA ENSENYAMENT IDIOMESS\u00f3n uns ensenyaments oficials: idiomes de r\u00e8gim especial.La titulaci\u00f3 que s\u2019obt\u00e9 \u00e9s oficial i id\u00e8ntica a la que es podria obtenir en una Escola d\u2019Idiomes (EOI) presencial.L\u2019estructura, organitzaci\u00f3 i avaluaci\u00f3 \u00e9s\u2026","rel":"","context":"Entrada similar","block_context":{"text":"Entrada similar","link":""},"img":{"alt_text":"","src":"https:\/\/i0.wp.com\/iedib.net\/wordpress\/wp-content\/uploads\/2024\/05\/Capcalera-EOI.png?resize=350%2C200&ssl=1","width":350,"height":200,"srcset":"https:\/\/i0.wp.com\/iedib.net\/wordpress\/wp-content\/uploads\/2024\/05\/Capcalera-EOI.png?resize=350%2C200&ssl=1 1x, https:\/\/i0.wp.com\/iedib.net\/wordpress\/wp-content\/uploads\/2024\/05\/Capcalera-EOI.png?resize=525%2C300&ssl=1 1.5x, https:\/\/i0.wp.com\/iedib.net\/wordpress\/wp-content\/uploads\/2024\/05\/Capcalera-EOI.png?resize=700%2C400&ssl=1 2x, https:\/\/i0.wp.com\/iedib.net\/wordpress\/wp-content\/uploads\/2024\/05\/Capcalera-EOI.png?resize=1050%2C600&ssl=1 3x"},"classes":[]},{"id":47,"url":"https:\/\/iedib.net\/wordpress\/?page_id=47","url_meta":{"origin":110,"position":3},"title":"Matr\u00edcula preparaci\u00f3 per a l&#8217;acc\u00e9s a la Universitat per a majors de 25 anys","author":"wp_admin","date":"5 abril, 2018","format":false,"excerpt":"Proc\u00e9s d'admissi\u00f3 i matr\u00edcula pel curs 2025-2026 de l\u20191 al 31 de juliol i de l\u20191 al 19 de setembre. Us aconsellam mirar la seg\u00fcent\u00a0guia de matr\u00edcula\u00a0o el\u00a0seg\u00fcent videotutorial\u00a0per saber com funciona el proc\u00e9s de matr\u00edcula en tres passes. Hi ha dos processos possibles: PROC\u00c9S D'AUTENTICACI\u00d3 AMB CLAU GESTIB O\u2026","rel":"","context":"Entrada similar","block_context":{"text":"Entrada similar","link":""},"img":{"alt_text":"","src":"https:\/\/i0.wp.com\/iedib.net\/wordpress\/wp-content\/uploads\/2019\/06\/batxillerat-3-1.png?resize=350%2C200&ssl=1","width":350,"height":200,"srcset":"https:\/\/i0.wp.com\/iedib.net\/wordpress\/wp-content\/uploads\/2019\/06\/batxillerat-3-1.png?resize=350%2C200&ssl=1 1x, https:\/\/i0.wp.com\/iedib.net\/wordpress\/wp-content\/uploads\/2019\/06\/batxillerat-3-1.png?resize=525%2C300&ssl=1 1.5x, https:\/\/i0.wp.com\/iedib.net\/wordpress\/wp-content\/uploads\/2019\/06\/batxillerat-3-1.png?resize=700%2C400&ssl=1 2x, https:\/\/i0.wp.com\/iedib.net\/wordpress\/wp-content\/uploads\/2019\/06\/batxillerat-3-1.png?resize=1050%2C600&ssl=1 3x"},"classes":[]},{"id":91,"url":"https:\/\/iedib.net\/wordpress\/?page_id=91","url_meta":{"origin":110,"position":4},"title":"Matr\u00edcula preparaci\u00f3 de selectivitat (PAU)","author":"wp_admin","date":"11 abril, 2018","format":false,"excerpt":"Proc\u00e9s d'admissi\u00f3 i matr\u00edcula pel curs 2025-2026 del 2 al 8 de febrer Us aconsellam mirar la seg\u00fcent guia de matr\u00edcula o el seg\u00fcent videotutorial per saber com funciona el proc\u00e9s de matr\u00edcula en tres passes. Hi ha dos processos possibles: PROC\u00c9S D'AUTENTICACI\u00d3 AMB CLAU GESTIB O SISTEMA CL@VE Aquest\u2026","rel":"","context":"Entrada similar","block_context":{"text":"Entrada similar","link":""},"img":{"alt_text":"","src":"https:\/\/i0.wp.com\/iedib.net\/wordpress\/wp-content\/uploads\/2019\/06\/batxillerat-3-1.png?resize=350%2C200&ssl=1","width":350,"height":200,"srcset":"https:\/\/i0.wp.com\/iedib.net\/wordpress\/wp-content\/uploads\/2019\/06\/batxillerat-3-1.png?resize=350%2C200&ssl=1 1x, https:\/\/i0.wp.com\/iedib.net\/wordpress\/wp-content\/uploads\/2019\/06\/batxillerat-3-1.png?resize=525%2C300&ssl=1 1.5x, https:\/\/i0.wp.com\/iedib.net\/wordpress\/wp-content\/uploads\/2019\/06\/batxillerat-3-1.png?resize=700%2C400&ssl=1 2x, https:\/\/i0.wp.com\/iedib.net\/wordpress\/wp-content\/uploads\/2019\/06\/batxillerat-3-1.png?resize=1050%2C600&ssl=1 3x"},"classes":[]},{"id":3768,"url":"https:\/\/iedib.net\/wordpress\/?page_id=3768","url_meta":{"origin":110,"position":5},"title":"CFGS Animacions 3D, jocs i entorns interactius","author":"wp_admin","date":"27 abril, 2023","format":false,"excerpt":"T\u00edtol que s\u2019obt\u00e9: T\u00e8cnic superior en Animacions 3D, jocs i entorns interactius (IMS31) Fam\u00edlia professional: Imatge i so Funcionament dels m\u00f2duls A la cap\u00e7alera de l\u2019aula virtual trobem l\u2019apartat funcionament del m\u00f2dul on s\u2019explica com funciona cada m\u00f2dul. Tamb\u00e9, s\u2019hi troba tot el material per poder seguir el curs, els\u2026","rel":"","context":"Entrada similar","block_context":{"text":"Entrada similar","link":""},"img":{"alt_text":"","src":"","width":0,"height":0},"classes":[]}],"_links":{"self":[{"href":"https:\/\/iedib.net\/wordpress\/index.php?rest_route=\/wp\/v2\/pages\/110","targetHints":{"allow":["GET"]}}],"collection":[{"href":"https:\/\/iedib.net\/wordpress\/index.php?rest_route=\/wp\/v2\/pages"}],"about":[{"href":"https:\/\/iedib.net\/wordpress\/index.php?rest_route=\/wp\/v2\/types\/page"}],"author":[{"embeddable":true,"href":"https:\/\/iedib.net\/wordpress\/index.php?rest_route=\/wp\/v2\/users\/1"}],"replies":[{"embeddable":true,"href":"https:\/\/iedib.net\/wordpress\/index.php?rest_route=%2Fwp%2Fv2%2Fcomments&post=110"}],"version-history":[{"count":1,"href":"https:\/\/iedib.net\/wordpress\/index.php?rest_route=\/wp\/v2\/pages\/110\/revisions"}],"predecessor-version":[{"id":621,"href":"https:\/\/iedib.net\/wordpress\/index.php?rest_route=\/wp\/v2\/pages\/110\/revisions\/621"}],"wp:attachment":[{"href":"https:\/\/iedib.net\/wordpress\/index.php?rest_route=%2Fwp%2Fv2%2Fmedia&parent=110"}],"curies":[{"name":"wp","href":"https:\/\/api.w.org\/{rel}","templated":true}]}}