{"id":1031,"date":"2019-02-28T06:33:31","date_gmt":"2019-02-28T06:33:31","guid":{"rendered":"https:\/\/iedib.net\/wordpress\/?page_id=1031"},"modified":"2025-01-03T11:58:11","modified_gmt":"2025-01-03T10:58:11","slug":"prova","status":"publish","type":"page","link":"https:\/\/iedib.net\/wordpress\/?page_id=1031","title":{"rendered":"Preguntes freq\u00fcents(FAQs)"},"content":{"rendered":"\n<p>\n<button class=\"btn btn-primary btn-sm btn-block\" type=\"button\" data-toggle=\"collapse\" data-target=\"#collapseExample\" aria-expanded=\"false\" aria-controls=\"collapseExample\">\n  Com s&#8217;estudia a l&#8217;IEDIB? +  \n  <\/button>\n<\/p>\n<div class=\"collapse\" id=\"collapseExample\">\n  <div class=\"card card-body\">\n   <p align=\"justify\">Els estudis a l\u2019IEDIB tenen una estructura formada per 8 unitats did\u00e0ctiques digitals. Dins pots trobar els apunts en format de llibre digital i les activitats online. Existeixen 3 tipus d\u2019activitats: d\u2019aprenentatge, avaluables i d\u2019ampliaci\u00f3. Les avaluables s\u00f3n les que compten per a la nota, a trav\u00e9s d\u2019elles s\u2019obt\u00e9 un percentatge de la nota final. La resta s\u2019obt\u00e9 dels ex\u00e0mens.<\/p>\n  <\/div>\n<\/div>\n<p>\n<button class=\"btn btn-primary btn-sm btn-block\" data-toggle=\"collapse\" data-target=\"#collapseExample1\" aria-expanded=\"false\" aria-controls=\"collapseExample1\">\n    Amb quin idioma estan els materials? +\n  <\/button>\n<\/p>\n<div class=\"collapse\" id=\"collapseExample1\">\n  <div class=\"card card-body\">\n    <p align=\"justify\">Els materials de la web i de l\u2019aula virtual estan en format digital i poden ser tradu\u00efts, majorit\u00e0riament, a qualsevol idioma de forma autom\u00e0tica configurant el navegador. L\u2019alumne pot emprar qualsevol de les dues lleng\u00fces oficials, tant per adre\u00e7ar-se al professorat o als altres alumnes dins els f\u00f2rums, com per redactar les activitats requerides i els ex\u00e0mens. El professorat tamb\u00e9 gaudeix de la mateixa llibertat de tria de llengua. En qualsevol cas, es pot consultar el projecte ling\u00fc\u00edstic publicat a la web per saber l&#8217;idioma de refer\u00e8ncia de cada mat\u00e8ria <a href=\"https:\/\/iedib.net\/wordpress\/?page_id=2268\">documents de centre<\/a> d&#8217;aquesta web.<\/p>\n  <\/div>\n<\/div>\n<p>\n<button class=\"btn btn-primary btn-sm btn-block\" data-toggle=\"collapse\" data-target=\"#collapseExample3\" aria-expanded=\"false\" aria-controls=\"collapseExample3\">\n    Es pot imprimir el llibre digital? +\n  <\/button>\n<\/p>\n<div class=\"collapse\" id=\"collapseExample3\">\n  <div class=\"card card-body\">\n   <p align=\"justify\">S\u00ed, el llibre digital t\u00e9 una opci\u00f3 que et permet imprimir tot el llibre o un cap\u00edtol en concret.<\/p>\n  <\/div>\n<\/div>\n<p>\n<button class=\"btn btn-primary btn-sm btn-block\" data-toggle=\"collapse\" data-target=\"#collapseExample4\" aria-expanded=\"false\" aria-controls=\"collapseExample4\">\n    He de comprar llibres de text? +\n  <\/button>\n<\/p>\n<div class=\"collapse\" id=\"collapseExample4\">\n  <div class=\"card card-body\">\n   <p align=\"justify\">No, totes les mat\u00e8ries tenen els continguts en llibre digital.<\/p>\n  <\/div>\n<\/div>\n<p>\n<button class=\"btn btn-primary btn-sm btn-block\" data-toggle=\"collapse\" data-target=\"#collapseExample5\" aria-expanded=\"false\" aria-controls=\"collapseExample5\">\n    Quan \u00e9s la matr\u00edcula del proper curs? +\n  <\/button>\n<\/p>\n<div class=\"collapse\" id=\"collapseExample5\">\n  <div class=\"card card-body\">\n   <p align=\"justify\">Trobar\u00e0s tota la informaci\u00f3 de matr\u00edcula al men\u00fa matr\u00edcula d\u2019aquesta web. A m\u00e9s a m\u00e9s, en iniciar-se un per\u00edode de matr\u00edcula s\u2019hi publica una not\u00edcia avisant del calendari.<\/p>\n  <\/div>\n<\/div>\n<p>\n<button class=\"btn btn-primary btn-sm btn-block\" data-toggle=\"collapse\" data-target=\"#collapseExample6\" aria-expanded=\"false\" aria-controls=\"collapseExample6\">\n    Quantes hores cal dedicar a l&#8217;estudi? +\n  <\/button>\n<\/p>\n<div class=\"collapse\" id=\"collapseExample6\">\n  <div class=\"card card-body\">\n   <p align=\"justify\">L\u2019organitzaci\u00f3 dels ensenyaments a dist\u00e0ncia \u00e9s molt flexible i permet que cadasc\u00fa adapti l\u2019horari a les seves possibilitats. Per\u00f2 estudiar a dist\u00e0ncia vol dir estudiar i aix\u00f2 requereix temps. Cada m\u00f2dul o assignatura t\u00e9 associada una durada en hores d\u2019estudi i cal reservar-se aquest temps per poder estudiar en condicions d\u2019\u00e8xit.<\/p>\n  <\/div>\n<\/div>\n<p>\n<button class=\"btn btn-primary btn-sm btn-block\" data-toggle=\"collapse\" data-target=\"#collapseExample8\" aria-expanded=\"false\" aria-controls=\"collapseExample8\">\n    Els estudis s\u00f3n completament virtuals? +\n  <\/button>\n<\/p>\n<div class=\"collapse\" id=\"collapseExample8\">\n  <div class=\"card card-body\">\n   <p align=\"justify\">Els estudis a l\u2019IEDIB s\u00f3n completament a dist\u00e0ncia, les \u00faniques activitats presencials s\u00f3n els ex\u00e0mens, en el cas de batxillerat i FP, i, en alguns m\u00f2duls d&#8217;FP, les pr\u00e0ctiques.<\/p>\n  <\/div>\n<\/div>\n<p>\n<button class=\"btn btn-primary btn-sm btn-block\" data-toggle=\"collapse\" data-target=\"#collapseExample9\" aria-expanded=\"false\" aria-controls=\"collapseExample9\">\n    On es realitzen els ex\u00e0mens? +\n  <\/button>\n<\/p>\n<div class=\"collapse\" id=\"collapseExample9\">\n  <div class=\"card card-body\">\n   <p align=\"justify\">Es realitzen presencialment a qualsevol dels centres col\u00b7laboradors distribu\u00efts per totes les Illes, que pots consultar al men\u00fa centres col\u00b7laboradors. Els ex\u00e0mens dels nivell A1 i B2.1 d\u2019idiomes s\u00f3n telem\u00e0tics.<\/p>\n  <\/div>\n<\/div>\n<p>\n<button class=\"btn btn-primary btn-sm btn-block\" data-toggle=\"collapse\" data-target=\"#collapseExample10\" aria-expanded=\"false\" aria-controls=\"collapseExample10\">\n    Quin tipus d&#8217;assessorament tindr\u00e9? +\n  <\/button>\n<\/p>\n<div class=\"collapse\" id=\"collapseExample10\">\n  <div class=\"card card-body\">\n   <p align=\"justify\">A la web trobar\u00e0s la informaci\u00f3 sobre els estudis oferts, com realitzar la matr\u00edcula, convalidacions&#8230; Si, aix\u00ed i tot, tens dubtes, pots contactar amb l&#8217;IEDIB a trav\u00e9s dels canals de comunicaci\u00f3 publicats i tindr\u00e0s un assessorament personalitzat. Una vegada matriculat, a trav\u00e9s de l\u2019aula de tutoria podr\u00e0s fer consultes en f\u00f2rums oberts, videoconfer\u00e8ncia o comunicar-te amb el tutor mitjan\u00e7ant el correu intern o tel\u00e8fon.<\/p>\n  <\/div>\n<\/div>\n<p>\n<button class=\"btn btn-primary btn-sm btn-block\" data-toggle=\"collapse\" data-target=\"#collapseExample12\" aria-expanded=\"false\" aria-controls=\"collapseExample12\">\n    Quins coneixements inform\u00e0tics calen? +\n  <\/button>\n<\/p>\n<div class=\"collapse\" id=\"collapseExample12\">\n  <div class=\"card card-body\">\n   <p align=\"justify\">Cal tenir els coneixements b\u00e0sics que permeten usar un editor de texts, navegar per internet i utilitzar el correu electr\u00f2nic.<\/p>\n  <\/div>\n<\/div>\n<p>\n<button class=\"btn btn-primary btn-sm btn-block\" data-toggle=\"collapse\" data-target=\"#collapseExample14\" aria-expanded=\"false\" aria-controls=\"collapseExample14\">\n    Qu\u00e8 necessito per estudiar a dist\u00e0ncia? +\n  <\/button>\n<\/p>\n<div class=\"collapse\" id=\"collapseExample14\">\n  <div class=\"card card-body\">\n   <p align=\"justify\">Cal tenir un ordinador amb connexi\u00f3 a internet i una webcam. Alguns estudis poden tenir requisits addicionals que estaran publicats a la web<\/p>\n  <\/div>\n<\/div>\n<p>\n<button class=\"btn btn-primary btn-sm btn-block\" data-toggle=\"collapse\" data-target=\"#collapseExample15\" aria-expanded=\"false\" aria-controls=\"collapseExample15\">\n    Quin \u00e9s el l\u00edmit de convocat\u00f2ries? +\n  <\/button>\n<\/p>\n<div class=\"collapse\" id=\"collapseExample15\">\n  <div class=\"card card-body\">\n   <p align=\"justify\">En el batxillerat a dist\u00e0ncia i proves de preparaci\u00f3 no hi ha limitaci\u00f3 de convocat\u00f2ries mentre que a FP i idiomes s\u00f3n quatre.<\/p>\n  <\/div>\n<\/div>\n","protected":false},"excerpt":{"rendered":"<p>Com s&#8217;estudia a l&#8217;IEDIB? + Els estudis a l\u2019IEDIB tenen una estructura formada per 8 unitats did\u00e0ctiques digitals. Dins pots trobar els apunts en format de llibre digital i les &#8230;<\/p>\n","protected":false},"author":1,"featured_media":0,"parent":0,"menu_order":0,"comment_status":"closed","ping_status":"closed","template":"","meta":{"footnotes":""},"class_list":["post-1031","page","type-page","status-publish","hentry"],"jetpack_sharing_enabled":true,"jetpack_shortlink":"https:\/\/wp.me\/Pa5Owj-gD","jetpack-related-posts":[{"id":3230,"url":"https:\/\/iedib.net\/wordpress\/?page_id=3230","url_meta":{"origin":1031,"position":0},"title":"CFGS Projectes d&#8217;edificacions","author":"wp_admin","date":"12 maig, 2022","format":false,"excerpt":"Fam\u00edlia professional: Edificaci\u00f3 i obra civil T\u00edtol que s\u2019obt\u00e9: Projectes d'edificaci\u00f3 (EOC31) Funcionament dels m\u00f2duls A la cap\u00e7alera de l\u2019aula virtual trobem l\u2019apartat funcionament del m\u00f2dul on s\u2019explica com funciona cada m\u00f2dul. Tamb\u00e9, s\u2019hi troba tot el material per poder seguir el curs, els recursos en format digital (no hi\u2026","rel":"","context":"Entrada similar","block_context":{"text":"Entrada similar","link":""},"img":{"alt_text":"","src":"https:\/\/i0.wp.com\/iedib.net\/wordpress\/wp-content\/uploads\/2022\/05\/GMS-edificacions.png?resize=350%2C200&ssl=1","width":350,"height":200,"srcset":"https:\/\/i0.wp.com\/iedib.net\/wordpress\/wp-content\/uploads\/2022\/05\/GMS-edificacions.png?resize=350%2C200&ssl=1 1x, https:\/\/i0.wp.com\/iedib.net\/wordpress\/wp-content\/uploads\/2022\/05\/GMS-edificacions.png?resize=525%2C300&ssl=1 1.5x, https:\/\/i0.wp.com\/iedib.net\/wordpress\/wp-content\/uploads\/2022\/05\/GMS-edificacions.png?resize=700%2C400&ssl=1 2x"},"classes":[]},{"id":119,"url":"https:\/\/iedib.net\/wordpress\/?page_id=119","url_meta":{"origin":1031,"position":1},"title":"CFGM atenci\u00f3 a persones en situaci\u00f3 de depend\u00e8ncia","author":"wp_admin","date":"29 abril, 2018","format":false,"excerpt":"Fam\u00edlia professional: Serveis socioculturals i a la comunitat (SSC) T\u00edtol que s\u2019obt\u00e9: T\u00e8cnic en Atenci\u00f3 a persones en situaci\u00f3 de depend\u00e8ncia (SSC21) Funcionament dels m\u00f2duls A la cap\u00e7alera de l\u2019aula virtual trobam l\u2019apartat funcionament del m\u00f2dul on s\u2019explica com funciona cada m\u00f2dul. Tamb\u00e9, s\u2019hi troba tot el material per poder\u2026","rel":"","context":"Entrada similar","block_context":{"text":"Entrada similar","link":""},"img":{"alt_text":"","src":"https:\/\/i0.wp.com\/iedib.net\/wordpress\/wp-content\/uploads\/2022\/05\/GM-Atencio%CC%81.png?resize=350%2C200&ssl=1","width":350,"height":200,"srcset":"https:\/\/i0.wp.com\/iedib.net\/wordpress\/wp-content\/uploads\/2022\/05\/GM-Atencio%CC%81.png?resize=350%2C200&ssl=1 1x, https:\/\/i0.wp.com\/iedib.net\/wordpress\/wp-content\/uploads\/2022\/05\/GM-Atencio%CC%81.png?resize=525%2C300&ssl=1 1.5x, https:\/\/i0.wp.com\/iedib.net\/wordpress\/wp-content\/uploads\/2022\/05\/GM-Atencio%CC%81.png?resize=700%2C400&ssl=1 2x"},"classes":[]},{"id":1343,"url":"https:\/\/iedib.net\/wordpress\/?page_id=1343","url_meta":{"origin":1031,"position":2},"title":"CFGM d\u2019instal\u00b7lacions el\u00e8ctriques i autom\u00e0tiques","author":"wp_admin","date":"12 mar\u00e7, 2019","format":false,"excerpt":"Fam\u00edlia professional: Electricitat i electr\u00f2nica (ELE) \u00a0T\u00edtol que s\u2019obt\u00e9: T\u00e8cnic\u00a0 d'instal\u00b7lacions el\u00e8ctriques i autom\u00e0tiques (ELE21) A la cap\u00e7alera de l\u2019aula virtual trobam l\u2019apartat funcionament del m\u00f2dul on s\u2019explica com funciona cada m\u00f2dul. Tamb\u00e9, s\u2019hi troba tot el material per poder seguir el curs, els recursos en format digital (no hi\u2026","rel":"","context":"Entrada similar","block_context":{"text":"Entrada similar","link":""},"img":{"alt_text":"","src":"https:\/\/i0.wp.com\/iedib.net\/wordpress\/wp-content\/uploads\/2022\/05\/ELECTRICITAT.png?resize=350%2C200&ssl=1","width":350,"height":200,"srcset":"https:\/\/i0.wp.com\/iedib.net\/wordpress\/wp-content\/uploads\/2022\/05\/ELECTRICITAT.png?resize=350%2C200&ssl=1 1x, https:\/\/i0.wp.com\/iedib.net\/wordpress\/wp-content\/uploads\/2022\/05\/ELECTRICITAT.png?resize=525%2C300&ssl=1 1.5x, https:\/\/i0.wp.com\/iedib.net\/wordpress\/wp-content\/uploads\/2022\/05\/ELECTRICITAT.png?resize=700%2C400&ssl=1 2x"},"classes":[]},{"id":1350,"url":"https:\/\/iedib.net\/wordpress\/?page_id=1350","url_meta":{"origin":1031,"position":3},"title":"CFGM sistemes microinform\u00e0tics i xarxes","author":"wp_admin","date":"13 mar\u00e7, 2019","format":false,"excerpt":"Fam\u00edlia professional: Inform\u00e0tica i comunicacions (IFC) T\u00edtol que s\u2019obt\u00e9: T\u00e8cnic en sistemes microinform\u00e0tics i xarxes (IFC21) Funcionament dels m\u00f2duls A la cap\u00e7alera de l\u2019aula virtual trobam l\u2019apartat funcionament del m\u00f2dul on s\u2019explica com funciona cada m\u00f2dul. Tamb\u00e9, s\u2019hi troba tot el material per poder seguir el curs, els recursos en\u2026","rel":"","context":"Entrada similar","block_context":{"text":"Entrada similar","link":""},"img":{"alt_text":"","src":"https:\/\/i0.wp.com\/iedib.net\/wordpress\/wp-content\/uploads\/2025\/06\/Informatica-1.png?resize=350%2C200&ssl=1","width":350,"height":200,"srcset":"https:\/\/i0.wp.com\/iedib.net\/wordpress\/wp-content\/uploads\/2025\/06\/Informatica-1.png?resize=350%2C200&ssl=1 1x, https:\/\/i0.wp.com\/iedib.net\/wordpress\/wp-content\/uploads\/2025\/06\/Informatica-1.png?resize=525%2C300&ssl=1 1.5x, https:\/\/i0.wp.com\/iedib.net\/wordpress\/wp-content\/uploads\/2025\/06\/Informatica-1.png?resize=700%2C400&ssl=1 2x"},"classes":[]},{"id":1356,"url":"https:\/\/iedib.net\/wordpress\/?page_id=1356","url_meta":{"origin":1031,"position":4},"title":"CFGS  d\u2019administraci\u00f3 de sistemes inform\u00e0tics en xarxa","author":"wp_admin","date":"13 mar\u00e7, 2019","format":false,"excerpt":"Fam\u00edlia professional: Inform\u00e0tica i comunicacions T\u00edtol que s\u2019obt\u00e9: T\u00e8cnic superior en administraci\u00f3 de sistemes inform\u00e0tics en xarxa (IFC31) Funcionament dels m\u00f2duls A la cap\u00e7alera de l\u2019aula virtual trobam l\u2019apartat funcionament del m\u00f2dul on s\u2019explica com funciona cada m\u00f2dul. Tamb\u00e9, s\u2019hi troba tot el material per poder seguir el curs, els\u2026","rel":"","context":"Entrada similar","block_context":{"text":"Entrada similar","link":""},"img":{"alt_text":"","src":"https:\/\/i0.wp.com\/iedib.net\/wordpress\/wp-content\/uploads\/2022\/06\/Informatica-1-1.png?resize=350%2C200&ssl=1","width":350,"height":200,"srcset":"https:\/\/i0.wp.com\/iedib.net\/wordpress\/wp-content\/uploads\/2022\/06\/Informatica-1-1.png?resize=350%2C200&ssl=1 1x, https:\/\/i0.wp.com\/iedib.net\/wordpress\/wp-content\/uploads\/2022\/06\/Informatica-1-1.png?resize=525%2C300&ssl=1 1.5x, https:\/\/i0.wp.com\/iedib.net\/wordpress\/wp-content\/uploads\/2022\/06\/Informatica-1-1.png?resize=700%2C400&ssl=1 2x"},"classes":[]},{"id":3768,"url":"https:\/\/iedib.net\/wordpress\/?page_id=3768","url_meta":{"origin":1031,"position":5},"title":"CFGS Animacions 3D, jocs i entorns interactius","author":"wp_admin","date":"27 abril, 2023","format":false,"excerpt":"T\u00edtol que s\u2019obt\u00e9: T\u00e8cnic superior en Animacions 3D, jocs i entorns interactius (IMS31) Fam\u00edlia professional: Imatge i so Funcionament dels m\u00f2duls A la cap\u00e7alera de l\u2019aula virtual trobem l\u2019apartat funcionament del m\u00f2dul on s\u2019explica com funciona cada m\u00f2dul. Tamb\u00e9, s\u2019hi troba tot el material per poder seguir el curs, els\u2026","rel":"","context":"Entrada similar","block_context":{"text":"Entrada similar","link":""},"img":{"alt_text":"","src":"","width":0,"height":0},"classes":[]}],"_links":{"self":[{"href":"https:\/\/iedib.net\/wordpress\/index.php?rest_route=\/wp\/v2\/pages\/1031","targetHints":{"allow":["GET"]}}],"collection":[{"href":"https:\/\/iedib.net\/wordpress\/index.php?rest_route=\/wp\/v2\/pages"}],"about":[{"href":"https:\/\/iedib.net\/wordpress\/index.php?rest_route=\/wp\/v2\/types\/page"}],"author":[{"embeddable":true,"href":"https:\/\/iedib.net\/wordpress\/index.php?rest_route=\/wp\/v2\/users\/1"}],"replies":[{"embeddable":true,"href":"https:\/\/iedib.net\/wordpress\/index.php?rest_route=%2Fwp%2Fv2%2Fcomments&post=1031"}],"version-history":[{"count":86,"href":"https:\/\/iedib.net\/wordpress\/index.php?rest_route=\/wp\/v2\/pages\/1031\/revisions"}],"predecessor-version":[{"id":4946,"href":"https:\/\/iedib.net\/wordpress\/index.php?rest_route=\/wp\/v2\/pages\/1031\/revisions\/4946"}],"wp:attachment":[{"href":"https:\/\/iedib.net\/wordpress\/index.php?rest_route=%2Fwp%2Fv2%2Fmedia&parent=1031"}],"curies":[{"name":"wp","href":"https:\/\/api.w.org\/{rel}","templated":true}]}}